{"id":5536,"date":"2022-02-23T11:30:42","date_gmt":"2022-02-23T11:30:42","guid":{"rendered":"https:\/\/mundo.seashell.pt\/?post_type=product&#038;p=5536"},"modified":"2022-02-23T11:30:43","modified_gmt":"2022-02-23T11:30:43","slug":"rolo-industrial-liso-2fl-joker-2rolosx400mt","status":"publish","type":"product","link":"https:\/\/mundo.seashell.pt\/?product=rolo-industrial-liso-2fl-joker-2rolosx400mt","title":{"rendered":"Rolo Industrial Liso 2Fl Joker"},"content":{"rendered":"<p>Os Rolos Industriais s\u00e3o ideais para os profissionais de qualquer atividade que requer altos n\u00edveis de resist\u00eancia e absor\u00e7\u00e3o. Estes rolos s\u00e3o os melhores parceiros na otimiza\u00e7\u00e3o e realiza\u00e7\u00e3o de tarefas espec\u00edficas.&nbsp;<\/p>\n<p>Caracter\u00edsticas:<\/p>\n<ul>\n<li>Folha Dupla<\/li>\n<li>Cor: Branco<\/li>\n<li>Comprimento: 400 mtrs<\/li>\n<li>Qualidade: RH Celulose Virgem<\/li>\n<li>Dimens\u00e3o rolo: Largura: 24.5 cm \/ \u00d8 30 cm<\/li>\n<\/ul>\n<p>Embalagem: <strong>2 Rolos x 400 mtrs<\/strong><\/p><\/p>\n","protected":false},"excerpt":{"rendered":"<p>Os Rolos Industriais s\u00e3o ideais para os profissionais de qualquer atividade que requer altos n\u00edveis de resist\u00eancia e absor\u00e7\u00e3o. Estes rolos s\u00e3o os melhores parceiros na otimiza\u00e7\u00e3o e realiza\u00e7\u00e3o de<\/p>\n","protected":false},"featured_media":5537,"template":"","meta":{"spay_email":""},"product_cat":[15],"product_tag":[],"class_list":{"0":"post-5536","1":"product","2":"type-product","3":"status-publish","4":"has-post-thumbnail","6":"product_cat-sem-categoria","8":"first","9":"instock","10":"taxable","11":"shipping-taxable","12":"purchasable","13":"product-type-simple"},"acf":[],"jetpack-related-posts":[{"id":5538,"url":"https:\/\/mundo.seashell.pt\/?product=rolo-industrial-air-laid-tnt-1fl-joker-2rolosx110mt","url_meta":{"origin":5536,"position":0},"title":"Rolo Industrial Air Laid TNT 1Fl Joker (2 Rolos)","date":"Fevereiro 23, 2022","format":false,"excerpt":"Industrial Air Laid","rel":"","context":"Similar post","img":{"alt_text":"","src":"https:\/\/i0.wp.com\/mundo.seashell.pt\/wp-content\/uploads\/2022\/02\/joker_air_laid.jpg?resize=350%2C200&ssl=1","width":350,"height":200},"classes":[]},{"id":5532,"url":"https:\/\/mundo.seashell.pt\/?product=rolo-zeta-eco-joker-azul-6rx90mt","url_meta":{"origin":5536,"position":1},"title":"Rolo Zeta Eco Joker Azul","date":"Fevereiro 23, 2022","format":false,"excerpt":"Rolo Zeta\/Mecha\/Chamin\u00e9","rel":"","context":"Similar post","img":{"alt_text":"","src":"https:\/\/i0.wp.com\/mundo.seashell.pt\/wp-content\/uploads\/2022\/02\/joker_azul__zeta.jpg?resize=350%2C200&ssl=1","width":350,"height":200},"classes":[]},{"id":5534,"url":"https:\/\/mundo.seashell.pt\/?product=rolo-mini-zeta-pasta-liso-2fl-joker-12rx56mt","url_meta":{"origin":5536,"position":2},"title":"Rolo Mini Zeta Joker Pasta Liso (12 Rolos)","date":"Fevereiro 23, 2022","format":false,"excerpt":"Rolo Mini Zeta\/Mecha\/Chamin\u00e9","rel":"","context":"Similar post","img":{"alt_text":"","src":"https:\/\/i0.wp.com\/mundo.seashell.pt\/wp-content\/uploads\/2022\/02\/joker_mini_zeta_12.jpg?resize=350%2C200&ssl=1","width":350,"height":200},"classes":[]},{"id":5530,"url":"https:\/\/mundo.seashell.pt\/?product=rolo-zeta-joker-gold-l-6rx90mt","url_meta":{"origin":5536,"position":3},"title":"Rolo Zeta Joker Gold L+ (6Rx90Mt)","date":"Fevereiro 23, 2022","format":false,"excerpt":"Rolo Zeta\/Mecha\/Chamin\u00e9","rel":"","context":"Similar post","img":{"alt_text":"","src":"https:\/\/i0.wp.com\/mundo.seashell.pt\/wp-content\/uploads\/2022\/02\/joker_autocortante_gold_.jpg?resize=350%2C200&ssl=1","width":350,"height":200},"classes":[]},{"id":5560,"url":"https:\/\/mundo.seashell.pt\/?product=saco-lixo-fecho-facil-preto","url_meta":{"origin":5536,"position":4},"title":"Sacos de Lixo com Fecho F\u00e1cil &#8211; Pretos","date":"Fevereiro 23, 2022","format":false,"excerpt":"Rolos de sacos de lixo dom\u00e9stico com fecho f\u00e1cil para uma maior comodidade.","rel":"","context":"Similar post","img":{"alt_text":"","src":"https:\/\/i0.wp.com\/mundo.seashell.pt\/wp-content\/uploads\/2022\/02\/sacos-rolo-lixo-fecho-facil_PhotoRoom_20210509_175208.jpg?resize=350%2C200&ssl=1","width":350,"height":200},"classes":[]},{"id":5540,"url":"https:\/\/mundo.seashell.pt\/?product=rolo-auto-corte-gold-joker-6rolosx100mt","url_meta":{"origin":5536,"position":5},"title":"Rolo Auto Corte Gold+ Joker (6 Rolos)","date":"Fevereiro 23, 2022","format":false,"excerpt":"Rolo Autocortante","rel":"","context":"Similar post","img":{"alt_text":"","src":"https:\/\/i0.wp.com\/mundo.seashell.pt\/wp-content\/uploads\/2022\/02\/joker_autocortante_gold_-1.jpg?resize=350%2C200&ssl=1","width":350,"height":200},"classes":[]}],"_links":{"self":[{"href":"https:\/\/mundo.seashell.pt\/index.php?rest_route=\/wp\/v2\/product\/5536","targetHints":{"allow":["GET"]}}],"collection":[{"href":"https:\/\/mundo.seashell.pt\/index.php?rest_route=\/wp\/v2\/product"}],"about":[{"href":"https:\/\/mundo.seashell.pt\/index.php?rest_route=\/wp\/v2\/types\/product"}],"wp:featuredmedia":[{"embeddable":true,"href":"https:\/\/mundo.seashell.pt\/index.php?rest_route=\/wp\/v2\/media\/5537"}],"wp:attachment":[{"href":"https:\/\/mundo.seashell.pt\/index.php?rest_route=%2Fwp%2Fv2%2Fmedia&parent=5536"}],"wp:term":[{"taxonomy":"product_cat","embeddable":true,"href":"https:\/\/mundo.seashell.pt\/index.php?rest_route=%2Fwp%2Fv2%2Fproduct_cat&post=5536"},{"taxonomy":"product_tag","embeddable":true,"href":"https:\/\/mundo.seashell.pt\/index.php?rest_route=%2Fwp%2Fv2%2Fproduct_tag&post=5536"}],"curies":[{"name":"wp","href":"https:\/\/api.w.org\/{rel}","templated":true}]}}