{"id":5528,"date":"2022-02-23T11:30:32","date_gmt":"2022-02-23T11:30:32","guid":{"rendered":"https:\/\/mundo.seashell.pt\/?post_type=product&#038;p=5528"},"modified":"2022-02-23T11:30:35","modified_gmt":"2022-02-23T11:30:35","slug":"rolo-marquesa-renovagreen-600-2fl-4rlx110mt","status":"publish","type":"product","link":"https:\/\/mundo.seashell.pt\/?product=rolo-marquesa-renovagreen-600-2fl-4rlx110mt","title":{"rendered":"Rolo Marquesa Renova Green Folha Dupla (4 Rolos x 110m)"},"content":{"rendered":"<p>Produto certificado com o R\u00f3tulo Ecol\u00f3gico da Uni\u00e3o Europeia.<\/p>\n<p>Os rolos de marquesa Renovagreen asseguram uma primeira barreira protetora contra contamina\u00e7\u00f5es enquanto proporcionam duplo conforto na utiliza\u00e7\u00e3o. Adequado para cl\u00ednicas, consult\u00f3rios, sal\u00f5es de beleza, spas e centros de sa\u00fade e bem-estar.<\/p>\n<p>&#8211; Papel branco<br \/>&#8211; Largura do rolo: 600mm<br \/>&#8211; Comprimento do servi\u00e7o: 200mm<br \/>&#8211; Di\u00e2metro do rolo: 170mm<br \/>&#8211; 4 rolos de 110 metros<br \/>&#8211; Servi\u00e7os com picotado<br \/>&#8211; 550 servi\u00e7os por rolo<\/p>\n","protected":false},"excerpt":{"rendered":"<p>Os rolos de marquesa Renovagreen asseguram uma primeira barreira protetora contra contamina\u00e7\u00f5es enquanto proporcionam duplo conforto na utiliza\u00e7\u00e3o. Adequado para cl\u00ednicas, consult\u00f3rios, sal\u00f5es de beleza, spas e centros de sa\u00fade e bem-estar.<\/p>\n","protected":false},"featured_media":5529,"template":"","meta":{"spay_email":""},"product_cat":[15],"product_tag":[],"class_list":{"0":"post-5528","1":"product","2":"type-product","3":"status-publish","4":"has-post-thumbnail","6":"product_cat-sem-categoria","8":"first","9":"instock","10":"taxable","11":"shipping-taxable","12":"purchasable","13":"product-type-simple"},"acf":[],"jetpack-related-posts":[{"id":5512,"url":"https:\/\/mundo.seashell.pt\/?product=papel-higienico-jumbo-renovagreen-2fl-12rx180mtrs","url_meta":{"origin":5528,"position":0},"title":"Papel Higi\u00e9nico Jumbo Maxi Renova Green Folha Dupla (12 Rolos x 180m)","date":"Fevereiro 23, 2022","format":false,"excerpt":"O Papel Higi\u00e9nico Renova Green Jumbo possui uma sensa\u00e7\u00e3o extra suave, proporcionando um cuidado delicado e m\u00e1ximo conforto.","rel":"","context":"Similar post","img":{"alt_text":"","src":"https:\/\/i0.wp.com\/mundo.seashell.pt\/wp-content\/uploads\/2022\/02\/200045770_________Pap_Hig_Jumbo_Renovagreen_180m_2fl_12r_PhotoRoom_20210411_161534.jpg?resize=350%2C200&ssl=1","width":350,"height":200},"classes":[]},{"id":5526,"url":"https:\/\/mundo.seashell.pt\/?product=rolo-auto-corte-renovagreen-210-2fl-6rolosx120mt","url_meta":{"origin":5528,"position":1},"title":"Rolo Auto-Corte Renova Green Folha Dupla (6 Rolos x 120m)","date":"Fevereiro 23, 2022","format":false,"excerpt":"Os rolos Renovagreen s\u00e3o indicados para dispensadores de corte autom\u00e1tico, ideais para casas de banho com muito movimento. Economize tempo e reduza o desperd\u00edcio.","rel":"","context":"Similar post","img":{"alt_text":"","src":"https:\/\/i0.wp.com\/mundo.seashell.pt\/wp-content\/uploads\/2022\/02\/200068895_________T_Mao_Renovagreen_210_120m_2F_6r_br_CA_PhotoRoom_20210411_161400.jpg?resize=350%2C200&ssl=1","width":350,"height":200},"classes":[]},{"id":5514,"url":"https:\/\/mundo.seashell.pt\/?product=papel-hig-renovagreen-175-domestico-163mt-2fl-96rolos","url_meta":{"origin":5528,"position":2},"title":"Papel Higi\u00e9nico Folha Dupla 16m Renova Green (24 rolos)","date":"Fevereiro 23, 2022","format":false,"excerpt":"Papel tissue branco com certificado com o R\u00f3tulo Ecol\u00f3gico da Uni\u00e3o Europeia.","rel":"","context":"Similar post","img":{"alt_text":"","src":"https:\/\/i0.wp.com\/mundo.seashell.pt\/wp-content\/uploads\/2022\/02\/goods_02_436158_PhotoRoom_20210413_163347.jpg?resize=350%2C200&ssl=1","width":350,"height":200},"classes":[]},{"id":5524,"url":"https:\/\/mundo.seashell.pt\/?product=rolo-industrialmultiusos-azul-2fl-renovagreen-225-2rlx450mt","url_meta":{"origin":5528,"position":3},"title":"Rolo Industrial Azul Renova Green Folha Dupla (2 Rolos x 450m)","date":"Fevereiro 23, 2022","format":false,"excerpt":"Papel suave e resistente com grande capacidade de absor\u00e7\u00e3o. Rolo multiuso para uso profissional.","rel":"","context":"Similar post","img":{"alt_text":"","src":"https:\/\/i0.wp.com\/mundo.seashell.pt\/wp-content\/uploads\/2022\/02\/PhotoRoom_20210324_161831.jpg?resize=350%2C200&ssl=1","width":350,"height":200},"classes":[]},{"id":5522,"url":"https:\/\/mundo.seashell.pt\/?product=rolo-industrial-multiusos-2fl-renovagreen-225-2rlx350mt","url_meta":{"origin":5528,"position":4},"title":"Rolo Industrial Renova Green Folha Dupla (2 Rolos x 350m)","date":"Fevereiro 23, 2022","format":false,"excerpt":"Papel suave e resistente com grande capacidade de absor\u00e7\u00e3o. Rolo multiuso, fabricado a partir de fibras que j\u00e1 gozaram uma vida anterior, ideal para uso profissional.","rel":"","context":"Similar post","img":{"alt_text":"","src":"https:\/\/i0.wp.com\/mundo.seashell.pt\/wp-content\/uploads\/2022\/02\/200046896_________Rolos_Mult__Renovagreen_225_350m_2F_2r_PhotoRoom_20210411_161413.jpg?resize=350%2C200&ssl=1","width":350,"height":200},"classes":[]},{"id":5510,"url":"https:\/\/mundo.seashell.pt\/?product=papel-hig-jumbo-renovagreen-2fl-12rx90mtrs","url_meta":{"origin":5528,"position":5},"title":"Papel Higi\u00e9nico Jumbo Renova Green Folha Dupla (12 Rolos x 90m)","date":"Fevereiro 23, 2022","format":false,"excerpt":"Este papel higi\u00e9nico apresenta-se com diferentes suportes f\u00e1ceis de instalar, especialmente concebidos para se integrarem em qualquer tipo de decora\u00e7\u00e3o.","rel":"","context":"Similar post","img":{"alt_text":"","src":"https:\/\/i0.wp.com\/mundo.seashell.pt\/wp-content\/uploads\/2022\/02\/0002077_renovagreen-jumbo-90m_600x600_PhotoRoom_20210411_161404.jpg?resize=350%2C200&ssl=1","width":350,"height":200},"classes":[]}],"_links":{"self":[{"href":"https:\/\/mundo.seashell.pt\/index.php?rest_route=\/wp\/v2\/product\/5528","targetHints":{"allow":["GET"]}}],"collection":[{"href":"https:\/\/mundo.seashell.pt\/index.php?rest_route=\/wp\/v2\/product"}],"about":[{"href":"https:\/\/mundo.seashell.pt\/index.php?rest_route=\/wp\/v2\/types\/product"}],"wp:featuredmedia":[{"embeddable":true,"href":"https:\/\/mundo.seashell.pt\/index.php?rest_route=\/wp\/v2\/media\/5529"}],"wp:attachment":[{"href":"https:\/\/mundo.seashell.pt\/index.php?rest_route=%2Fwp%2Fv2%2Fmedia&parent=5528"}],"wp:term":[{"taxonomy":"product_cat","embeddable":true,"href":"https:\/\/mundo.seashell.pt\/index.php?rest_route=%2Fwp%2Fv2%2Fproduct_cat&post=5528"},{"taxonomy":"product_tag","embeddable":true,"href":"https:\/\/mundo.seashell.pt\/index.php?rest_route=%2Fwp%2Fv2%2Fproduct_tag&post=5528"}],"curies":[{"name":"wp","href":"https:\/\/api.w.org\/{rel}","templated":true}]}}