{"id":5526,"date":"2022-02-23T11:30:26","date_gmt":"2022-02-23T11:30:26","guid":{"rendered":"https:\/\/mundo.seashell.pt\/?post_type=product&#038;p=5526"},"modified":"2022-02-23T11:30:32","modified_gmt":"2022-02-23T11:30:32","slug":"rolo-auto-corte-renovagreen-210-2fl-6rolosx120mt","status":"publish","type":"product","link":"https:\/\/mundo.seashell.pt\/?product=rolo-auto-corte-renovagreen-210-2fl-6rolosx120mt","title":{"rendered":"Rolo Auto-Corte Renova Green Folha Dupla (6 Rolos x 120m)"},"content":{"rendered":"<p>Papel suave e resistente com grande capacidade de absor\u00e7\u00e3o. <\/p>\n<p>Os rolos Renovagreen s\u00e3o indicados para dispensadores de corte autom\u00e1tico, ideais para casas de banho com muito movimento. Economize tempo e reduza o desperd\u00edcio.<\/p>\n<p>&#8211; Papel Branco<br \/>&#8211; Diam. do rolo: 175mm<br \/>&#8211; Tamanho do rolo: 210mmx120m <br \/>&#8211; 6 rolos por pack&nbsp;<\/p>\n","protected":false},"excerpt":{"rendered":"<p>Os rolos Renovagreen s\u00e3o indicados para dispensadores de corte autom\u00e1tico, ideais para casas de banho com muito movimento. Economize tempo e reduza o desperd\u00edcio.<\/p>\n","protected":false},"featured_media":5527,"template":"","meta":{"spay_email":""},"product_cat":[15],"product_tag":[],"class_list":{"0":"post-5526","1":"product","2":"type-product","3":"status-publish","4":"has-post-thumbnail","6":"product_cat-sem-categoria","8":"first","9":"instock","10":"taxable","11":"shipping-taxable","12":"purchasable","13":"product-type-simple"},"acf":[],"jetpack-related-posts":[{"id":6163,"url":"https:\/\/mundo.seashell.pt\/?product=dispensador-wrapmaster-vileda","url_meta":{"origin":5526,"position":0},"title":"Dispensador Wrapmaster Vileda","date":"Fevereiro 23, 2022","format":false,"excerpt":"Dispensador WrapMaster O Wrapmaster \u00e9 um sistema dispensador profissional de folha de alum\u00ednio e pel\u00edcula de filme\u00a0ideal para a prote\u00e7\u00e3o e conserva\u00e7\u00e3o de alimentos perec\u00edveis. \u00c9 f\u00e1cil e r\u00e1pido de usar em qualquer parte: cantinas, cozinhas, catering. O Wrapmaster oferece benef\u00edcios at\u00e9 35% atrav\u00e9s da redu\u00e7\u00e3o de desperd\u00edcios e um\u2026","rel":"","context":"Similar post","img":{"alt_text":"","src":"https:\/\/i0.wp.com\/mundo.seashell.pt\/wp-content\/uploads\/2022\/02\/Wrapmaster-portrait_PhotoRoom_20210418_122809.jpg?resize=350%2C200&ssl=1","width":350,"height":200},"classes":[]},{"id":6201,"url":"https:\/\/mundo.seashell.pt\/?product=pano-seca-mais-vileda-em-rolo","url_meta":{"origin":5526,"position":1},"title":"Pano Seca Mais &#8211; Vileda (em rolo)","date":"Fevereiro 23, 2022","format":false,"excerpt":"SecaPlus Pano sempre pronto. Quick'n Dry economiza tempo devido ao seu r\u00e1pido prepara\u00e7\u00e3o, f\u00e1cil enxaguar e drenar, e pela capacidade de absor\u00e7\u00e3o extra. Escolha Quik'n Dry para um limpeza molhada r\u00e1pida, sem esfor\u00e7o e sem fibras. Sempre pronto para usar. Use o pano uma vez e descarte-o, ou lave-o novamente\u2026","rel":"","context":"Similar post","img":{"alt_text":"","src":"https:\/\/i0.wp.com\/mundo.seashell.pt\/wp-content\/uploads\/2022\/02\/01-wiping-02-sponge-cloths-02-quick-n-dry-quick-n-dry-roll-detail-580x435_PhotoRoom_20210418_123342.jpg?resize=350%2C200&ssl=1","width":350,"height":200},"classes":[]},{"id":5528,"url":"https:\/\/mundo.seashell.pt\/?product=rolo-marquesa-renovagreen-600-2fl-4rlx110mt","url_meta":{"origin":5526,"position":2},"title":"Rolo Marquesa Renova Green Folha Dupla (4 Rolos x 110m)","date":"Fevereiro 23, 2022","format":false,"excerpt":"Os rolos de marquesa Renovagreen asseguram uma primeira barreira protetora contra contamina\u00e7\u00f5es enquanto proporcionam duplo conforto na utiliza\u00e7\u00e3o. Adequado para cl\u00ednicas, consult\u00f3rios, sal\u00f5es de beleza, spas e centros de sa\u00fade e bem-estar.","rel":"","context":"Similar post","img":{"alt_text":"","src":"https:\/\/i0.wp.com\/mundo.seashell.pt\/wp-content\/uploads\/2022\/02\/200000180_________R._Marquesa_600_110m_1fl_4rls_PhotoRoom_20210411_161411.jpg?resize=350%2C200&ssl=1","width":350,"height":200},"classes":[]},{"id":6143,"url":"https:\/\/mundo.seashell.pt\/?product=dispensador-de-papel-em-mecha-elegance-abs","url_meta":{"origin":5526,"position":3},"title":"Dispensador de Papel em Mecha Elegance ABS","date":"Fevereiro 23, 2022","format":false,"excerpt":"O dispensador de mecha da linha Elegance, fabricado em ABS, torna-o um dispensador de mecha compacto e robusto com caracter\u00edsticas antivandalismo. Apresenta um design vers\u00e1til e intemporal que se adapta a qualquer espa\u00e7o. Ideal para instala\u00e7\u00f5es sanit\u00e1rias e cozinhas com muito movimento.","rel":"","context":"Similar post","img":{"alt_text":"","src":"https:\/\/i0.wp.com\/mundo.seashell.pt\/wp-content\/uploads\/2022\/02\/dispensador-papel-mecha-losdi-CP0521B_PhotoRoom_20210411_120733.jpg?resize=350%2C200&ssl=1","width":350,"height":200},"classes":[]},{"id":6145,"url":"https:\/\/mundo.seashell.pt\/?product=dispensador-de-papel-em-mecha-com-estrangulador-elegance-abs","url_meta":{"origin":5526,"position":4},"title":"Dispensador de Papel em Mecha com Estrangulador Elegance ABS","date":"Fevereiro 23, 2022","format":false,"excerpt":"O dispensador de mecha da linha Elegance, fabricado em ABS, torna-o um dispensador de mecha compacto e robusto com caracter\u00edsticas antivandalismo. Apresenta um design vers\u00e1til e intemporal que se adapta a qualquer espa\u00e7o. Ideal para instala\u00e7\u00f5es sanit\u00e1rias e cozinhas com muito movimento.","rel":"","context":"Similar post","img":{"alt_text":"","src":"https:\/\/i0.wp.com\/mundo.seashell.pt\/wp-content\/uploads\/2022\/02\/dispensador-de-papel-mecha-abs-color-blanco_5585635_xl_PhotoRoom_20210411_121003.jpg?resize=350%2C200&ssl=1","width":350,"height":200},"classes":[]},{"id":5520,"url":"https:\/\/mundo.seashell.pt\/?product=toalha-mao-barril-zeta-renovagreen-2fl-6rx96mt","url_meta":{"origin":5526,"position":5},"title":"Toalha de M\u00e3o Barril \/ Zeta Renova Green Folha Dupla (6 Rolos x 96m)","date":"Fevereiro 23, 2022","format":false,"excerpt":"Toalha de m\u00e3os Zeta \/ Barril para sistema de extrac\u00e7\u00e3o central \/ desenrolamento vertical","rel":"","context":"Similar post","img":{"alt_text":"","src":"https:\/\/i0.wp.com\/mundo.seashell.pt\/wp-content\/uploads\/2022\/02\/toalha_de_ma_o_renova_6x96m.jpg?resize=350%2C200&ssl=1","width":350,"height":200},"classes":[]}],"_links":{"self":[{"href":"https:\/\/mundo.seashell.pt\/index.php?rest_route=\/wp\/v2\/product\/5526","targetHints":{"allow":["GET"]}}],"collection":[{"href":"https:\/\/mundo.seashell.pt\/index.php?rest_route=\/wp\/v2\/product"}],"about":[{"href":"https:\/\/mundo.seashell.pt\/index.php?rest_route=\/wp\/v2\/types\/product"}],"wp:featuredmedia":[{"embeddable":true,"href":"https:\/\/mundo.seashell.pt\/index.php?rest_route=\/wp\/v2\/media\/5527"}],"wp:attachment":[{"href":"https:\/\/mundo.seashell.pt\/index.php?rest_route=%2Fwp%2Fv2%2Fmedia&parent=5526"}],"wp:term":[{"taxonomy":"product_cat","embeddable":true,"href":"https:\/\/mundo.seashell.pt\/index.php?rest_route=%2Fwp%2Fv2%2Fproduct_cat&post=5526"},{"taxonomy":"product_tag","embeddable":true,"href":"https:\/\/mundo.seashell.pt\/index.php?rest_route=%2Fwp%2Fv2%2Fproduct_tag&post=5526"}],"curies":[{"name":"wp","href":"https:\/\/api.w.org\/{rel}","templated":true}]}}