{"id":5524,"date":"2022-02-23T11:30:23","date_gmt":"2022-02-23T11:30:23","guid":{"rendered":"https:\/\/mundo.seashell.pt\/?post_type=product&#038;p=5524"},"modified":"2022-02-23T11:30:26","modified_gmt":"2022-02-23T11:30:26","slug":"rolo-industrialmultiusos-azul-2fl-renovagreen-225-2rlx450mt","status":"publish","type":"product","link":"https:\/\/mundo.seashell.pt\/?product=rolo-industrialmultiusos-azul-2fl-renovagreen-225-2rlx450mt","title":{"rendered":"Rolo Industrial Azul Renova Green Folha Dupla (2 Rolos x 450m)"},"content":{"rendered":"<p>Papel suave e resistente com grande capacidade de absor\u00e7\u00e3o.<\/p>\n<p>Rolo multiuso para uso profissional.<\/p>\n<p>&#8211; Papel azul<br \/>&#8211; 2250 servi\u00e7os picotados<br \/>&#8211; Comprimento: 450m<br \/>&#8211; Di\u00e2metro interior:70 mm<br \/>&#8211; Di\u00e2metro do rolo: 330 mm<br \/>&#8211; Folha: 200x225mm<br \/>&#8211; 2 rolos por pack<\/p>\n","protected":false},"excerpt":{"rendered":"<p>Papel suave e resistente com grande capacidade de absor\u00e7\u00e3o.  Rolo multiuso para uso profissional.<\/p>\n","protected":false},"featured_media":5525,"template":"","meta":{"spay_email":""},"product_cat":[15],"product_tag":[],"class_list":{"0":"post-5524","1":"product","2":"type-product","3":"status-publish","4":"has-post-thumbnail","6":"product_cat-sem-categoria","8":"first","9":"instock","10":"taxable","11":"shipping-taxable","12":"purchasable","13":"product-type-simple"},"acf":[],"jetpack-related-posts":[{"id":5522,"url":"https:\/\/mundo.seashell.pt\/?product=rolo-industrial-multiusos-2fl-renovagreen-225-2rlx350mt","url_meta":{"origin":5524,"position":0},"title":"Rolo Industrial Renova Green Folha Dupla (2 Rolos x 350m)","date":"Fevereiro 23, 2022","format":false,"excerpt":"Papel suave e resistente com grande capacidade de absor\u00e7\u00e3o. Rolo multiuso, fabricado a partir de fibras que j\u00e1 gozaram uma vida anterior, ideal para uso profissional.","rel":"","context":"Similar post","img":{"alt_text":"","src":"https:\/\/i0.wp.com\/mundo.seashell.pt\/wp-content\/uploads\/2022\/02\/200046896_________Rolos_Mult__Renovagreen_225_350m_2F_2r_PhotoRoom_20210411_161413.jpg?resize=350%2C200&ssl=1","width":350,"height":200},"classes":[]},{"id":6137,"url":"https:\/\/mundo.seashell.pt\/?product=dispensador-de-papel-higienico-jumbo-elegance","url_meta":{"origin":5524,"position":1},"title":"Dispensador de Papel Higi\u00e9nico Jumbo Elegance","date":"Fevereiro 23, 2022","format":false,"excerpt":"O dispensador de papel higi\u00e9nico de tamanho jumbo acomoda rolos de papel de at\u00e9 210 mm de largura por 220 mm de di\u00e2metro, com uma c\u00e2nula de di\u00e2metro m\u00e1ximo de 45 mm.","rel":"","context":"Similar post","img":{"alt_text":"","src":"https:\/\/i0.wp.com\/mundo.seashell.pt\/wp-content\/uploads\/2022\/02\/dispensador-de-papel-higienico-abs-blanco_5571168_xxl_PhotoRoom_20210411_121024.jpg?resize=350%2C200&ssl=1","width":350,"height":200},"classes":[]},{"id":6139,"url":"https:\/\/mundo.seashell.pt\/?product=dispensador-de-papel-higienico-maxi-jumbo-elegance","url_meta":{"origin":5524,"position":2},"title":"Dispensador de Papel Higi\u00e9nico Maxi Jumbo Elegance","date":"Fevereiro 23, 2022","format":false,"excerpt":"O distribuidor de papel higi\u00e9nico de tamanho maxi jumbo pode conter rolos de papel de at\u00e9 110 mm de largura por 270 mm de di\u00e2metro, com uma c\u00e2nula de di\u00e2metro m\u00e1ximo de 56 mm.","rel":"","context":"Similar post","img":{"alt_text":"","src":"https:\/\/i0.wp.com\/mundo.seashell.pt\/wp-content\/uploads\/2022\/02\/dispensador-de-papel-higienico-maxi-jumbo-abs-color-blanco_5571173_xl_PhotoRoom_20210411_120848.jpg?resize=350%2C200&ssl=1","width":350,"height":200},"classes":[]},{"id":5526,"url":"https:\/\/mundo.seashell.pt\/?product=rolo-auto-corte-renovagreen-210-2fl-6rolosx120mt","url_meta":{"origin":5524,"position":3},"title":"Rolo Auto-Corte Renova Green Folha Dupla (6 Rolos x 120m)","date":"Fevereiro 23, 2022","format":false,"excerpt":"Os rolos Renovagreen s\u00e3o indicados para dispensadores de corte autom\u00e1tico, ideais para casas de banho com muito movimento. Economize tempo e reduza o desperd\u00edcio.","rel":"","context":"Similar post","img":{"alt_text":"","src":"https:\/\/i0.wp.com\/mundo.seashell.pt\/wp-content\/uploads\/2022\/02\/200068895_________T_Mao_Renovagreen_210_120m_2F_6r_br_CA_PhotoRoom_20210411_161400.jpg?resize=350%2C200&ssl=1","width":350,"height":200},"classes":[]},{"id":6115,"url":"https:\/\/mundo.seashell.pt\/?product=dispensador-de-papel-higienico-jumbo","url_meta":{"origin":5524,"position":4},"title":"Dispensador de Papel Higi\u00e9nico Jumbo Eco-Luxe","date":"Fevereiro 23, 2022","format":false,"excerpt":"O dispensador de papel higi\u00e9nico de tamanho jumbo acomoda rolos de papel de at\u00e9 210 mm de largura por 220 mm de di\u00e2metro, com uma c\u00e2nula de di\u00e2metro m\u00e1ximo de 45 mm.","rel":"","context":"Similar post","img":{"alt_text":"","src":"https:\/\/i0.wp.com\/mundo.seashell.pt\/wp-content\/uploads\/2022\/02\/dispensador-de-papel-higienico-jumbo-abs-eco-luxe-blanco_9312221_xxl_PhotoRoom_20210411_120744.jpg?resize=350%2C200&ssl=1","width":350,"height":200},"classes":[]},{"id":6117,"url":"https:\/\/mundo.seashell.pt\/?product=dispensador-de-papel-higienico-maxi-jumbo","url_meta":{"origin":5524,"position":5},"title":"Dispensador de Papel Higi\u00e9nico Maxi Jumbo Eco-Luxe","date":"Fevereiro 23, 2022","format":false,"excerpt":"O distribuidor de papel higi\u00eanico de tamanho maxi jumbo pode conter rolos de papel de at\u00e9 110 mm de largura por 270 mm de di\u00e2metro, com uma c\u00e2nula de di\u00e2metro m\u00e1ximo de 56 mm.","rel":"","context":"Similar post","img":{"alt_text":"","src":"https:\/\/i0.wp.com\/mundo.seashell.pt\/wp-content\/uploads\/2022\/02\/dispensador-de-papel-higienico-jumbo-abs-eco-luxe-blanco_9312221_xxl_PhotoRoom_20210411_120744-1.jpg?resize=350%2C200&ssl=1","width":350,"height":200},"classes":[]}],"_links":{"self":[{"href":"https:\/\/mundo.seashell.pt\/index.php?rest_route=\/wp\/v2\/product\/5524","targetHints":{"allow":["GET"]}}],"collection":[{"href":"https:\/\/mundo.seashell.pt\/index.php?rest_route=\/wp\/v2\/product"}],"about":[{"href":"https:\/\/mundo.seashell.pt\/index.php?rest_route=\/wp\/v2\/types\/product"}],"wp:featuredmedia":[{"embeddable":true,"href":"https:\/\/mundo.seashell.pt\/index.php?rest_route=\/wp\/v2\/media\/5525"}],"wp:attachment":[{"href":"https:\/\/mundo.seashell.pt\/index.php?rest_route=%2Fwp%2Fv2%2Fmedia&parent=5524"}],"wp:term":[{"taxonomy":"product_cat","embeddable":true,"href":"https:\/\/mundo.seashell.pt\/index.php?rest_route=%2Fwp%2Fv2%2Fproduct_cat&post=5524"},{"taxonomy":"product_tag","embeddable":true,"href":"https:\/\/mundo.seashell.pt\/index.php?rest_route=%2Fwp%2Fv2%2Fproduct_tag&post=5524"}],"curies":[{"name":"wp","href":"https:\/\/api.w.org\/{rel}","templated":true}]}}