{"id":5522,"date":"2022-02-23T11:30:21","date_gmt":"2022-02-23T11:30:21","guid":{"rendered":"https:\/\/mundo.seashell.pt\/?post_type=product&#038;p=5522"},"modified":"2022-02-23T11:30:23","modified_gmt":"2022-02-23T11:30:23","slug":"rolo-industrial-multiusos-2fl-renovagreen-225-2rlx350mt","status":"publish","type":"product","link":"https:\/\/mundo.seashell.pt\/?product=rolo-industrial-multiusos-2fl-renovagreen-225-2rlx350mt","title":{"rendered":"Rolo Industrial Renova Green Folha Dupla (2 Rolos x 350m)"},"content":{"rendered":"<p>Papel suave e resistente com grande capacidade de absor\u00e7\u00e3o.<\/p>\n<p>Rolo multiuso, fabricado a partir de fibras que j\u00e1 gozaram uma vida anterior, ideal para uso profissional.<\/p>\n<p>&#8211; Papel Branco<br \/>&#8211; 1750 servi\u00e7os picotados<br \/>&#8211; Comprimento: 350m<br \/>&#8211; Di\u00e2metro interior: 70mm<br \/>&#8211; Di\u00e2metro do rolo: 330mm<br \/>&#8211; Folha: 200x225mm<br \/>&#8211; 2 rolos por pack<\/p>\n<ul><\/ul>\n","protected":false},"excerpt":{"rendered":"<p>Papel suave e resistente com grande capacidade de absor\u00e7\u00e3o.  Rolo multiuso, fabricado a partir de fibras que j\u00e1 gozaram uma vida anterior, ideal para uso profissional.<\/p>\n","protected":false},"featured_media":5523,"template":"","meta":{"spay_email":""},"product_cat":[15],"product_tag":[],"class_list":{"0":"post-5522","1":"product","2":"type-product","3":"status-publish","4":"has-post-thumbnail","6":"product_cat-sem-categoria","8":"first","9":"instock","10":"taxable","11":"shipping-taxable","12":"purchasable","13":"product-type-simple"},"acf":[],"jetpack-related-posts":[{"id":5524,"url":"https:\/\/mundo.seashell.pt\/?product=rolo-industrialmultiusos-azul-2fl-renovagreen-225-2rlx450mt","url_meta":{"origin":5522,"position":0},"title":"Rolo Industrial Azul Renova Green Folha Dupla (2 Rolos x 450m)","date":"Fevereiro 23, 2022","format":false,"excerpt":"Papel suave e resistente com grande capacidade de absor\u00e7\u00e3o. Rolo multiuso para uso profissional.","rel":"","context":"Similar post","img":{"alt_text":"","src":"https:\/\/i0.wp.com\/mundo.seashell.pt\/wp-content\/uploads\/2022\/02\/PhotoRoom_20210324_161831.jpg?resize=350%2C200&ssl=1","width":350,"height":200},"classes":[]},{"id":6199,"url":"https:\/\/mundo.seashell.pt\/?product=pano-multiusos-ag-vileda-rolo-pre-cortado","url_meta":{"origin":5522,"position":1},"title":"Pano Multiusos Ag &#8211; Vileda (rolo pr\u00e9-cortado)","date":"Fevereiro 23, 2022","format":false,"excerpt":"Multiusos Ag Arrasto m\u00e1ximo com grande suavidade Limpeza a seco, h\u00famida ou molhada, de todo tipo de superf\u00edcies, especialmente aquelas com muita sujidade solta,e em geral, em todos os lugares onde \u00e9 necess\u00e1ria alta capacidade de absor\u00e7\u00e3o (8,4 vezes o seu peso), facilidade de escorrer e velocidade .Rolo de 4\u2026","rel":"","context":"Similar post","img":{"alt_text":"","src":"https:\/\/i0.wp.com\/mundo.seashell.pt\/wp-content\/uploads\/2022\/02\/Iberica-Multiusos-Ag-carouselImage_PhotoRoom_20210418_122930.jpg?resize=350%2C200&ssl=1","width":350,"height":200},"classes":[]},{"id":5526,"url":"https:\/\/mundo.seashell.pt\/?product=rolo-auto-corte-renovagreen-210-2fl-6rolosx120mt","url_meta":{"origin":5522,"position":2},"title":"Rolo Auto-Corte Renova Green Folha Dupla (6 Rolos x 120m)","date":"Fevereiro 23, 2022","format":false,"excerpt":"Os rolos Renovagreen s\u00e3o indicados para dispensadores de corte autom\u00e1tico, ideais para casas de banho com muito movimento. Economize tempo e reduza o desperd\u00edcio.","rel":"","context":"Similar post","img":{"alt_text":"","src":"https:\/\/i0.wp.com\/mundo.seashell.pt\/wp-content\/uploads\/2022\/02\/200068895_________T_Mao_Renovagreen_210_120m_2F_6r_br_CA_PhotoRoom_20210411_161400.jpg?resize=350%2C200&ssl=1","width":350,"height":200},"classes":[]},{"id":6197,"url":"https:\/\/mundo.seashell.pt\/?product=pano-absorvente-ag-vileda-em-rolo","url_meta":{"origin":5522,"position":3},"title":"Pano Absorvente Ag &#8211; Vileda (em rolo)","date":"Fevereiro 23, 2022","format":false,"excerpt":"Absorvente Ag M\u00e1xima absor\u00e7\u00e3o e durabilidade Produzido em tela n\u00e3o tecida. Composto por diferentes materiais, fibras de Algod\u00e3o, Viscose e Poli\u00e9ster. O seu desenho confere-lhe uma imagem atractiva e profissional.Apresentado em formato de rolo de 4 metros para uso profissional. \u00c1rea de aplica\u00e7\u00e3o: E...","rel":"","context":"Similar post","img":{"alt_text":"","src":"https:\/\/i0.wp.com\/mundo.seashell.pt\/wp-content\/uploads\/2022\/02\/Iberica-Absorbente-Ag-carouselImage_PhotoRoom_20210418_123501.jpg?resize=350%2C200&ssl=1","width":350,"height":200},"classes":[]},{"id":6195,"url":"https:\/\/mundo.seashell.pt\/?product=pano-universal-ag-vileda","url_meta":{"origin":5522,"position":4},"title":"Pano Universal Ag &#8211; Vileda (Rolo de 8 metros)","date":"Fevereiro 23, 2022","format":false,"excerpt":"Multiusos Ag Resist\u00eancia e alto rendimento para a limpeza profissional intensiva Pano em tela n\u00e3o tecida com tecnologia Neutrex, produzido com componentes tradicionais de alta durabilidade e impregnado com cloreto de prata, oferece grande resist\u00eancia qu\u00edmica e forte atividade antibacteriana ao eliminar bact\u00e9rias por contacto...","rel":"","context":"Similar post","img":{"alt_text":"","src":"https:\/\/i0.wp.com\/mundo.seashell.pt\/wp-content\/uploads\/2022\/02\/Bayeta-Universal-Ag_PhotoRoom_20210418_123740.jpg?resize=350%2C200&ssl=1","width":350,"height":200},"classes":[]},{"id":6207,"url":"https:\/\/mundo.seashell.pt\/?product=pano-micronsolo-vileda-em-rolo","url_meta":{"origin":5522,"position":5},"title":"Pano MicronSolo &#8211; Vileda (em rolo)","date":"Fevereiro 23, 2022","format":false,"excerpt":"MicronSolo Rolo Pano de microfibra descart\u00e1vel pr\u00e1tico onde a higiene \u00e9 cr\u00edtica Pano de microfibra descart\u00e1vel com desempenho de limpeza superior combinado com fibras de viscose para excelente absor\u00e7\u00e3o. MicronSolo \u00e9 a solu\u00e7\u00e3o ideal quando se precisa de um pano descart\u00e1vel ,necess\u00e1rio em ambientes com alto n\u00edvel de hi...","rel":"","context":"Similar post","img":{"alt_text":"","src":"https:\/\/i0.wp.com\/mundo.seashell.pt\/wp-content\/uploads\/2022\/02\/MicronSolo-Roll-Main-ClonedDuringMediaCleanUp012-carouselImage_PhotoRoom_20210418_123421.jpg?resize=350%2C200&ssl=1","width":350,"height":200},"classes":[]}],"_links":{"self":[{"href":"https:\/\/mundo.seashell.pt\/index.php?rest_route=\/wp\/v2\/product\/5522","targetHints":{"allow":["GET"]}}],"collection":[{"href":"https:\/\/mundo.seashell.pt\/index.php?rest_route=\/wp\/v2\/product"}],"about":[{"href":"https:\/\/mundo.seashell.pt\/index.php?rest_route=\/wp\/v2\/types\/product"}],"wp:featuredmedia":[{"embeddable":true,"href":"https:\/\/mundo.seashell.pt\/index.php?rest_route=\/wp\/v2\/media\/5523"}],"wp:attachment":[{"href":"https:\/\/mundo.seashell.pt\/index.php?rest_route=%2Fwp%2Fv2%2Fmedia&parent=5522"}],"wp:term":[{"taxonomy":"product_cat","embeddable":true,"href":"https:\/\/mundo.seashell.pt\/index.php?rest_route=%2Fwp%2Fv2%2Fproduct_cat&post=5522"},{"taxonomy":"product_tag","embeddable":true,"href":"https:\/\/mundo.seashell.pt\/index.php?rest_route=%2Fwp%2Fv2%2Fproduct_tag&post=5522"}],"curies":[{"name":"wp","href":"https:\/\/api.w.org\/{rel}","templated":true}]}}