{"id":5520,"date":"2022-02-23T11:30:18","date_gmt":"2022-02-23T11:30:18","guid":{"rendered":"https:\/\/mundo.seashell.pt\/?post_type=product&#038;p=5520"},"modified":"2022-02-23T11:30:21","modified_gmt":"2022-02-23T11:30:21","slug":"toalha-mao-barril-zeta-renovagreen-2fl-6rx96mt","status":"publish","type":"product","link":"https:\/\/mundo.seashell.pt\/?product=toalha-mao-barril-zeta-renovagreen-2fl-6rx96mt","title":{"rendered":"Toalha de M\u00e3o Barril \/ Zeta Renova Green Folha Dupla (6 Rolos x 96m)"},"content":{"rendered":"<p>Toalha de m\u00e3os Zeta \/ Barril&nbsp;<\/p>\n<p>Para sistema de extrac\u00e7\u00e3o central \/ desenrolamento vertical \/ barril \/ zeta&nbsp;<\/p>\n<p>Folha dupla&nbsp;de papel gofrado<\/p>\n<p>Embalagens com 6 rolos de 96 metros.<\/p>\n","protected":false},"excerpt":{"rendered":"<p>Toalha de m\u00e3os Zeta \/ Barril para sistema de extrac\u00e7\u00e3o central \/ desenrolamento vertical<\/p>\n","protected":false},"featured_media":5521,"template":"","meta":{"spay_email":""},"product_cat":[15],"product_tag":[],"class_list":{"0":"post-5520","1":"product","2":"type-product","3":"status-publish","4":"has-post-thumbnail","6":"product_cat-sem-categoria","8":"first","9":"instock","10":"taxable","11":"shipping-taxable","12":"purchasable","13":"product-type-simple"},"acf":[],"jetpack-related-posts":[{"id":5532,"url":"https:\/\/mundo.seashell.pt\/?product=rolo-zeta-eco-joker-azul-6rx90mt","url_meta":{"origin":5520,"position":0},"title":"Rolo Zeta Eco Joker Azul","date":"Fevereiro 23, 2022","format":false,"excerpt":"Rolo Zeta\/Mecha\/Chamin\u00e9","rel":"","context":"Similar post","img":{"alt_text":"","src":"https:\/\/i0.wp.com\/mundo.seashell.pt\/wp-content\/uploads\/2022\/02\/joker_azul__zeta.jpg?resize=350%2C200&ssl=1","width":350,"height":200},"classes":[]},{"id":5530,"url":"https:\/\/mundo.seashell.pt\/?product=rolo-zeta-joker-gold-l-6rx90mt","url_meta":{"origin":5520,"position":1},"title":"Rolo Zeta Joker Gold L+ (6Rx90Mt)","date":"Fevereiro 23, 2022","format":false,"excerpt":"Rolo Zeta\/Mecha\/Chamin\u00e9","rel":"","context":"Similar post","img":{"alt_text":"","src":"https:\/\/i0.wp.com\/mundo.seashell.pt\/wp-content\/uploads\/2022\/02\/joker_autocortante_gold_.jpg?resize=350%2C200&ssl=1","width":350,"height":200},"classes":[]},{"id":5534,"url":"https:\/\/mundo.seashell.pt\/?product=rolo-mini-zeta-pasta-liso-2fl-joker-12rx56mt","url_meta":{"origin":5520,"position":2},"title":"Rolo Mini Zeta Joker Pasta Liso (12 Rolos)","date":"Fevereiro 23, 2022","format":false,"excerpt":"Rolo Mini Zeta\/Mecha\/Chamin\u00e9","rel":"","context":"Similar post","img":{"alt_text":"","src":"https:\/\/i0.wp.com\/mundo.seashell.pt\/wp-content\/uploads\/2022\/02\/joker_mini_zeta_12.jpg?resize=350%2C200&ssl=1","width":350,"height":200},"classes":[]},{"id":5414,"url":"https:\/\/mundo.seashell.pt\/?product=suporte-renova12-toalhas-de-mao-autom-branco","url_meta":{"origin":5520,"position":3},"title":"Suporte Renova para Toalhas de M\u00e3o em Rolo Auto Corte","date":"Fevereiro 23, 2022","format":false,"excerpt":"Suporte Renova para Toalhas de M\u00e3o em Rolo Auto Corte Semi-Autom\u00e1tico Branco","rel":"","context":"Similar post","img":{"alt_text":"","src":"https:\/\/i0.wp.com\/mundo.seashell.pt\/wp-content\/uploads\/2022\/02\/toalheiro_ma_os_autocorte.jpg?resize=350%2C200&ssl=1","width":350,"height":200},"classes":[]},{"id":5542,"url":"https:\/\/mundo.seashell.pt\/?product=toalha-de-maos-renovagreen-zz-22x215-2fl30mx180f","url_meta":{"origin":5520,"position":4},"title":"Toalhas de M\u00e3o Renova Green Zig-Zag Folha Dupla (30 Ma\u00e7os x 180 Folhas)","date":"Fevereiro 23, 2022","format":false,"excerpt":"Toalhas de m\u00e3o dobradas em C, para distribui\u00e7\u00e3o folha-\u00e0-folha, com elevada capacidade de absor\u00e7\u00e3o e resist\u00eancia. Papel branco de folha dupla. Produto certificado com o r\u00f3tulo ecol\u00f3gico da Uni\u00e3o Europeia","rel":"","context":"Similar post","img":{"alt_text":"","src":"https:\/\/i0.wp.com\/mundo.seashell.pt\/wp-content\/uploads\/2022\/02\/renova_zigzag_30x180.jpg?resize=350%2C200&ssl=1","width":350,"height":200},"classes":[]},{"id":5412,"url":"https:\/\/mundo.seashell.pt\/?product=suporte-para-rolo-zeta-hci","url_meta":{"origin":5520,"position":5},"title":"Suporte Para Rolo Zeta HCI","date":"Fevereiro 23, 2022","format":false,"excerpt":"Suporte para Zeta\/Chamin\u00e9\/Mecha","rel":"","context":"Similar post","img":{"alt_text":"","src":"https:\/\/i0.wp.com\/mundo.seashell.pt\/wp-content\/uploads\/2022\/02\/suporte_zeta.png?resize=350%2C200&ssl=1","width":350,"height":200},"classes":[]}],"_links":{"self":[{"href":"https:\/\/mundo.seashell.pt\/index.php?rest_route=\/wp\/v2\/product\/5520","targetHints":{"allow":["GET"]}}],"collection":[{"href":"https:\/\/mundo.seashell.pt\/index.php?rest_route=\/wp\/v2\/product"}],"about":[{"href":"https:\/\/mundo.seashell.pt\/index.php?rest_route=\/wp\/v2\/types\/product"}],"wp:featuredmedia":[{"embeddable":true,"href":"https:\/\/mundo.seashell.pt\/index.php?rest_route=\/wp\/v2\/media\/5521"}],"wp:attachment":[{"href":"https:\/\/mundo.seashell.pt\/index.php?rest_route=%2Fwp%2Fv2%2Fmedia&parent=5520"}],"wp:term":[{"taxonomy":"product_cat","embeddable":true,"href":"https:\/\/mundo.seashell.pt\/index.php?rest_route=%2Fwp%2Fv2%2Fproduct_cat&post=5520"},{"taxonomy":"product_tag","embeddable":true,"href":"https:\/\/mundo.seashell.pt\/index.php?rest_route=%2Fwp%2Fv2%2Fproduct_tag&post=5520"}],"curies":[{"name":"wp","href":"https:\/\/api.w.org\/{rel}","templated":true}]}}