{"id":5516,"date":"2022-02-23T11:29:59","date_gmt":"2022-02-23T11:29:59","guid":{"rendered":"https:\/\/mundo.seashell.pt\/?post_type=product&#038;p=5516"},"modified":"2022-02-23T11:30:01","modified_gmt":"2022-02-23T11:30:01","slug":"papel-higienico-domestico-folha-dupla-13m-joker-12rolos","status":"publish","type":"product","link":"https:\/\/mundo.seashell.pt\/?product=papel-higienico-domestico-folha-dupla-13m-joker-12rolos","title":{"rendered":"Papel Higi\u00e9nico Folha Dupla 13m Joker (12 rolos)"},"content":{"rendered":"<p>Rolos de papel higi\u00e9nico com um relevo gofrado laminado de identidade pr\u00f3pria apresentam um elevado grau de suavidade.&nbsp;<\/p>\n<p><strong>Caracter\u00edsticas:<\/strong><\/p>\n<ul>\n<li>Papel Higi\u00e9nico 100% celulose pura<\/li>\n<li>Folha dupla&nbsp;<\/li>\n<li>Comprimento: 13 metros<\/li>\n<li>110 servi\u00e7os por rolo<\/li>\n<li>Papel higi\u00e9nico mais econ\u00f3mico por rolo.<\/li>\n<li><strong>Vendido ao Pack de 12 Rolos<\/strong><br \/>&nbsp;<\/li>\n<\/ul>\n<p><strong>Embalagem completa cont\u00eam 9 packs de 12 rolos&nbsp;<\/strong><\/p>\n","protected":false},"excerpt":{"rendered":"<p>Papel Higi\u00e9nico 100% celulose pura, de folha dupla com 12 rolos por embalagem com cerca de 13 metros por rolo.<\/p>\n","protected":false},"featured_media":5517,"template":"","meta":{"spay_email":""},"product_cat":[15],"product_tag":[],"class_list":{"0":"post-5516","1":"product","2":"type-product","3":"status-publish","4":"has-post-thumbnail","6":"product_cat-sem-categoria","8":"first","9":"instock","10":"taxable","11":"shipping-taxable","12":"purchasable","13":"product-type-simple"},"acf":[],"jetpack-related-posts":[{"id":5512,"url":"https:\/\/mundo.seashell.pt\/?product=papel-higienico-jumbo-renovagreen-2fl-12rx180mtrs","url_meta":{"origin":5516,"position":0},"title":"Papel Higi\u00e9nico Jumbo Maxi Renova Green Folha Dupla (12 Rolos x 180m)","date":"Fevereiro 23, 2022","format":false,"excerpt":"O Papel Higi\u00e9nico Renova Green Jumbo possui uma sensa\u00e7\u00e3o extra suave, proporcionando um cuidado delicado e m\u00e1ximo conforto.","rel":"","context":"Similar post","img":{"alt_text":"","src":"https:\/\/i0.wp.com\/mundo.seashell.pt\/wp-content\/uploads\/2022\/02\/200045770_________Pap_Hig_Jumbo_Renovagreen_180m_2fl_12r_PhotoRoom_20210411_161534.jpg?resize=350%2C200&ssl=1","width":350,"height":200},"classes":[]},{"id":5510,"url":"https:\/\/mundo.seashell.pt\/?product=papel-hig-jumbo-renovagreen-2fl-12rx90mtrs","url_meta":{"origin":5516,"position":1},"title":"Papel Higi\u00e9nico Jumbo Renova Green Folha Dupla (12 Rolos x 90m)","date":"Fevereiro 23, 2022","format":false,"excerpt":"Este papel higi\u00e9nico apresenta-se com diferentes suportes f\u00e1ceis de instalar, especialmente concebidos para se integrarem em qualquer tipo de decora\u00e7\u00e3o.","rel":"","context":"Similar post","img":{"alt_text":"","src":"https:\/\/i0.wp.com\/mundo.seashell.pt\/wp-content\/uploads\/2022\/02\/0002077_renovagreen-jumbo-90m_600x600_PhotoRoom_20210411_161404.jpg?resize=350%2C200&ssl=1","width":350,"height":200},"classes":[]},{"id":5514,"url":"https:\/\/mundo.seashell.pt\/?product=papel-hig-renovagreen-175-domestico-163mt-2fl-96rolos","url_meta":{"origin":5516,"position":2},"title":"Papel Higi\u00e9nico Folha Dupla 16m Renova Green (24 rolos)","date":"Fevereiro 23, 2022","format":false,"excerpt":"Papel tissue branco com certificado com o R\u00f3tulo Ecol\u00f3gico da Uni\u00e3o Europeia.","rel":"","context":"Similar post","img":{"alt_text":"","src":"https:\/\/i0.wp.com\/mundo.seashell.pt\/wp-content\/uploads\/2022\/02\/goods_02_436158_PhotoRoom_20210413_163347.jpg?resize=350%2C200&ssl=1","width":350,"height":200},"classes":[]},{"id":5534,"url":"https:\/\/mundo.seashell.pt\/?product=rolo-mini-zeta-pasta-liso-2fl-joker-12rx56mt","url_meta":{"origin":5516,"position":3},"title":"Rolo Mini Zeta Joker Pasta Liso (12 Rolos)","date":"Fevereiro 23, 2022","format":false,"excerpt":"Rolo Mini Zeta\/Mecha\/Chamin\u00e9","rel":"","context":"Similar post","img":{"alt_text":"","src":"https:\/\/i0.wp.com\/mundo.seashell.pt\/wp-content\/uploads\/2022\/02\/joker_mini_zeta_12.jpg?resize=350%2C200&ssl=1","width":350,"height":200},"classes":[]},{"id":5496,"url":"https:\/\/mundo.seashell.pt\/?product=guardanapos-33x33-2fl-joker-30mx100f","url_meta":{"origin":5516,"position":4},"title":"Guardanapos 33&#215;33 2FL JOKER (30Mx100F)","date":"Fevereiro 23, 2022","format":false,"excerpt":"Guardanapos 33x33 2FL JOKER","rel":"","context":"Similar post","img":{"alt_text":"","src":"https:\/\/i0.wp.com\/mundo.seashell.pt\/wp-content\/uploads\/2022\/02\/guardanapos_joker_33x33_detail.jpg?resize=350%2C200&ssl=1","width":350,"height":200},"classes":[]},{"id":6123,"url":"https:\/\/mundo.seashell.pt\/?product=dispensador-de-papel-higienico-com-extracao-central-abs","url_meta":{"origin":5516,"position":5},"title":"Dispensador de Papel Higi\u00e9nico com Extra\u00e7\u00e3o Central  Eco-Luxe ABS","date":"Fevereiro 23, 2022","format":false,"excerpt":"Design, qualidade e funcionalidade. Estas s\u00e3o as tr\u00eas caracter\u00edsticas principais do dispensador central de papel higi\u00e9nico da nova linha ECO-LUXE. A distribui\u00e7\u00e3o folha a folha do papel evita a contamina\u00e7\u00e3o cruzada dos usu\u00e1rios, mantendo o restante do rolo protegido dentro do distribuidor. Uma caracter\u00edstica de vital import\u00e2ncia para a ...","rel":"","context":"Similar post","img":{"alt_text":"","src":"https:\/\/i0.wp.com\/mundo.seashell.pt\/wp-content\/uploads\/2022\/02\/dispensador-de-papel-higienico-dispensacion-central-eco-luxe-blanco_9312041_xxl_PhotoRoom_20210411_120841.jpg?resize=350%2C200&ssl=1","width":350,"height":200},"classes":[]}],"_links":{"self":[{"href":"https:\/\/mundo.seashell.pt\/index.php?rest_route=\/wp\/v2\/product\/5516","targetHints":{"allow":["GET"]}}],"collection":[{"href":"https:\/\/mundo.seashell.pt\/index.php?rest_route=\/wp\/v2\/product"}],"about":[{"href":"https:\/\/mundo.seashell.pt\/index.php?rest_route=\/wp\/v2\/types\/product"}],"wp:featuredmedia":[{"embeddable":true,"href":"https:\/\/mundo.seashell.pt\/index.php?rest_route=\/wp\/v2\/media\/5517"}],"wp:attachment":[{"href":"https:\/\/mundo.seashell.pt\/index.php?rest_route=%2Fwp%2Fv2%2Fmedia&parent=5516"}],"wp:term":[{"taxonomy":"product_cat","embeddable":true,"href":"https:\/\/mundo.seashell.pt\/index.php?rest_route=%2Fwp%2Fv2%2Fproduct_cat&post=5516"},{"taxonomy":"product_tag","embeddable":true,"href":"https:\/\/mundo.seashell.pt\/index.php?rest_route=%2Fwp%2Fv2%2Fproduct_tag&post=5516"}],"curies":[{"name":"wp","href":"https:\/\/api.w.org\/{rel}","templated":true}]}}