{"id":5514,"date":"2022-02-23T11:29:57","date_gmt":"2022-02-23T11:29:57","guid":{"rendered":"https:\/\/mundo.seashell.pt\/?post_type=product&#038;p=5514"},"modified":"2022-02-23T11:29:59","modified_gmt":"2022-02-23T11:29:59","slug":"papel-hig-renovagreen-175-domestico-163mt-2fl-96rolos","status":"publish","type":"product","link":"https:\/\/mundo.seashell.pt\/?product=papel-hig-renovagreen-175-domestico-163mt-2fl-96rolos","title":{"rendered":"Papel Higi\u00e9nico Folha Dupla 16m Renova Green (24 rolos)"},"content":{"rendered":"<p>Papel tissue branco com certificado com o R\u00f3tulo Ecol\u00f3gico da Uni\u00e3o Europeia.<\/p>\n<p>&#8211; Papel branco folha dupla<\/p>\n<p>&#8211; Rolos de 16,5 mts comprimento por 9,2 cm de largura<\/p>\n<p>&#8211;&nbsp;Di\u00e2metro dos Rolos de 100mm<\/p>\n<p>&#8211;<strong> Vendido em&nbsp;Pack de 24 rolo<\/strong>s&nbsp;<\/p>\n<p><strong>Embalagem completa: 4 packs x 24 rolos (96 rolos por saco)<\/strong><\/p>\n","protected":false},"excerpt":{"rendered":"<p>Papel tissue branco com certificado com o R\u00f3tulo Ecol\u00f3gico da Uni\u00e3o Europeia.<\/p>\n","protected":false},"featured_media":5515,"template":"","meta":{"spay_email":""},"product_cat":[15],"product_tag":[],"class_list":{"0":"post-5514","1":"product","2":"type-product","3":"status-publish","4":"has-post-thumbnail","6":"product_cat-sem-categoria","8":"first","9":"instock","10":"taxable","11":"shipping-taxable","12":"purchasable","13":"product-type-simple"},"acf":[],"jetpack-related-posts":[{"id":5510,"url":"https:\/\/mundo.seashell.pt\/?product=papel-hig-jumbo-renovagreen-2fl-12rx90mtrs","url_meta":{"origin":5514,"position":0},"title":"Papel Higi\u00e9nico Jumbo Renova Green Folha Dupla (12 Rolos x 90m)","date":"Fevereiro 23, 2022","format":false,"excerpt":"Este papel higi\u00e9nico apresenta-se com diferentes suportes f\u00e1ceis de instalar, especialmente concebidos para se integrarem em qualquer tipo de decora\u00e7\u00e3o.","rel":"","context":"Similar post","img":{"alt_text":"","src":"https:\/\/i0.wp.com\/mundo.seashell.pt\/wp-content\/uploads\/2022\/02\/0002077_renovagreen-jumbo-90m_600x600_PhotoRoom_20210411_161404.jpg?resize=350%2C200&ssl=1","width":350,"height":200},"classes":[]},{"id":5542,"url":"https:\/\/mundo.seashell.pt\/?product=toalha-de-maos-renovagreen-zz-22x215-2fl30mx180f","url_meta":{"origin":5514,"position":1},"title":"Toalhas de M\u00e3o Renova Green Zig-Zag Folha Dupla (30 Ma\u00e7os x 180 Folhas)","date":"Fevereiro 23, 2022","format":false,"excerpt":"Toalhas de m\u00e3o dobradas em C, para distribui\u00e7\u00e3o folha-\u00e0-folha, com elevada capacidade de absor\u00e7\u00e3o e resist\u00eancia. Papel branco de folha dupla. Produto certificado com o r\u00f3tulo ecol\u00f3gico da Uni\u00e3o Europeia","rel":"","context":"Similar post","img":{"alt_text":"","src":"https:\/\/i0.wp.com\/mundo.seashell.pt\/wp-content\/uploads\/2022\/02\/renova_zigzag_30x180.jpg?resize=350%2C200&ssl=1","width":350,"height":200},"classes":[]},{"id":5512,"url":"https:\/\/mundo.seashell.pt\/?product=papel-higienico-jumbo-renovagreen-2fl-12rx180mtrs","url_meta":{"origin":5514,"position":2},"title":"Papel Higi\u00e9nico Jumbo Maxi Renova Green Folha Dupla (12 Rolos x 180m)","date":"Fevereiro 23, 2022","format":false,"excerpt":"O Papel Higi\u00e9nico Renova Green Jumbo possui uma sensa\u00e7\u00e3o extra suave, proporcionando um cuidado delicado e m\u00e1ximo conforto.","rel":"","context":"Similar post","img":{"alt_text":"","src":"https:\/\/i0.wp.com\/mundo.seashell.pt\/wp-content\/uploads\/2022\/02\/200045770_________Pap_Hig_Jumbo_Renovagreen_180m_2fl_12r_PhotoRoom_20210411_161534.jpg?resize=350%2C200&ssl=1","width":350,"height":200},"classes":[]},{"id":5528,"url":"https:\/\/mundo.seashell.pt\/?product=rolo-marquesa-renovagreen-600-2fl-4rlx110mt","url_meta":{"origin":5514,"position":3},"title":"Rolo Marquesa Renova Green Folha Dupla (4 Rolos x 110m)","date":"Fevereiro 23, 2022","format":false,"excerpt":"Os rolos de marquesa Renovagreen asseguram uma primeira barreira protetora contra contamina\u00e7\u00f5es enquanto proporcionam duplo conforto na utiliza\u00e7\u00e3o. Adequado para cl\u00ednicas, consult\u00f3rios, sal\u00f5es de beleza, spas e centros de sa\u00fade e bem-estar.","rel":"","context":"Similar post","img":{"alt_text":"","src":"https:\/\/i0.wp.com\/mundo.seashell.pt\/wp-content\/uploads\/2022\/02\/200000180_________R._Marquesa_600_110m_1fl_4rls_PhotoRoom_20210411_161411.jpg?resize=350%2C200&ssl=1","width":350,"height":200},"classes":[]},{"id":5530,"url":"https:\/\/mundo.seashell.pt\/?product=rolo-zeta-joker-gold-l-6rx90mt","url_meta":{"origin":5514,"position":4},"title":"Rolo Zeta Joker Gold L+ (6Rx90Mt)","date":"Fevereiro 23, 2022","format":false,"excerpt":"Rolo Zeta\/Mecha\/Chamin\u00e9","rel":"","context":"Similar post","img":{"alt_text":"","src":"https:\/\/i0.wp.com\/mundo.seashell.pt\/wp-content\/uploads\/2022\/02\/joker_autocortante_gold_.jpg?resize=350%2C200&ssl=1","width":350,"height":200},"classes":[]},{"id":5482,"url":"https:\/\/mundo.seashell.pt\/?product=guard-renova-blk-tipo-a-2fl-33x33-27mx100f","url_meta":{"origin":5514,"position":5},"title":"Guardanapos Renova Black 2 Folhas 33x33cm","date":"Fevereiro 23, 2022","format":false,"excerpt":"Guardanapos brancos de papel tissue de folha dupla, suave, absorvente e resistente. \ufeff","rel":"","context":"Similar post","img":{"alt_text":"","src":"https:\/\/i0.wp.com\/mundo.seashell.pt\/wp-content\/uploads\/2022\/02\/200063789_________Guard__Renova_BLK_Tipo_G_X18_Branco_PhotoRoom_20210411_161350.jpg?resize=350%2C200&ssl=1","width":350,"height":200},"classes":[]}],"_links":{"self":[{"href":"https:\/\/mundo.seashell.pt\/index.php?rest_route=\/wp\/v2\/product\/5514","targetHints":{"allow":["GET"]}}],"collection":[{"href":"https:\/\/mundo.seashell.pt\/index.php?rest_route=\/wp\/v2\/product"}],"about":[{"href":"https:\/\/mundo.seashell.pt\/index.php?rest_route=\/wp\/v2\/types\/product"}],"wp:featuredmedia":[{"embeddable":true,"href":"https:\/\/mundo.seashell.pt\/index.php?rest_route=\/wp\/v2\/media\/5515"}],"wp:attachment":[{"href":"https:\/\/mundo.seashell.pt\/index.php?rest_route=%2Fwp%2Fv2%2Fmedia&parent=5514"}],"wp:term":[{"taxonomy":"product_cat","embeddable":true,"href":"https:\/\/mundo.seashell.pt\/index.php?rest_route=%2Fwp%2Fv2%2Fproduct_cat&post=5514"},{"taxonomy":"product_tag","embeddable":true,"href":"https:\/\/mundo.seashell.pt\/index.php?rest_route=%2Fwp%2Fv2%2Fproduct_tag&post=5514"}],"curies":[{"name":"wp","href":"https:\/\/api.w.org\/{rel}","templated":true}]}}