{"id":5510,"date":"2022-02-23T11:29:53","date_gmt":"2022-02-23T11:29:53","guid":{"rendered":"https:\/\/mundo.seashell.pt\/?post_type=product&#038;p=5510"},"modified":"2022-02-23T11:29:55","modified_gmt":"2022-02-23T11:29:55","slug":"papel-hig-jumbo-renovagreen-2fl-12rx90mtrs","status":"publish","type":"product","link":"https:\/\/mundo.seashell.pt\/?product=papel-hig-jumbo-renovagreen-2fl-12rx90mtrs","title":{"rendered":"Papel Higi\u00e9nico Jumbo Renova Green Folha Dupla (12 Rolos x 90m)"},"content":{"rendered":"<p>Papel tissue branco, 100% reciclado, certificado com o <strong>R\u00f3tulo Ecol\u00f3gico da Uni\u00e3o Europeia.<\/strong><\/p>\n<p>Este papel higi\u00e9nico apresenta-se com diferentes suportes f\u00e1ceis de instalar, especialmente concebidos para se integrarem em qualquer tipo de decora\u00e7\u00e3o.<\/p>\n<p><strong>Carater\u00edsticas:&nbsp;&nbsp;<\/strong><\/p>\n<ul>\n<li>Papel branco<\/li>\n<li>Folha dupla<\/li>\n<li>Comprimento:&nbsp;90m<\/li>\n<li>450 servi\u00e7os<\/li>\n<li>Di\u00e2metro interno: 60mm<\/li>\n<li>Di\u00e2metro externo: 175mm<\/li>\n<li><strong>Vendido ao pack de&nbsp;12 rolos&nbsp;<\/strong><\/li>\n<\/ul>\n","protected":false},"excerpt":{"rendered":"<p>Este papel higi\u00e9nico apresenta-se com diferentes suportes f\u00e1ceis de instalar, especialmente concebidos para se integrarem em qualquer tipo de decora\u00e7\u00e3o.<\/p>\n","protected":false},"featured_media":5511,"template":"","meta":{"spay_email":""},"product_cat":[15],"product_tag":[],"class_list":{"0":"post-5510","1":"product","2":"type-product","3":"status-publish","4":"has-post-thumbnail","6":"product_cat-sem-categoria","8":"first","9":"instock","10":"taxable","11":"shipping-taxable","12":"purchasable","13":"product-type-simple"},"acf":[],"jetpack-related-posts":[{"id":5512,"url":"https:\/\/mundo.seashell.pt\/?product=papel-higienico-jumbo-renovagreen-2fl-12rx180mtrs","url_meta":{"origin":5510,"position":0},"title":"Papel Higi\u00e9nico Jumbo Maxi Renova Green Folha Dupla (12 Rolos x 180m)","date":"Fevereiro 23, 2022","format":false,"excerpt":"O Papel Higi\u00e9nico Renova Green Jumbo possui uma sensa\u00e7\u00e3o extra suave, proporcionando um cuidado delicado e m\u00e1ximo conforto.","rel":"","context":"Similar post","img":{"alt_text":"","src":"https:\/\/i0.wp.com\/mundo.seashell.pt\/wp-content\/uploads\/2022\/02\/200045770_________Pap_Hig_Jumbo_Renovagreen_180m_2fl_12r_PhotoRoom_20210411_161534.jpg?resize=350%2C200&ssl=1","width":350,"height":200},"classes":[]},{"id":5406,"url":"https:\/\/mundo.seashell.pt\/?product=suporte-para-jumbo","url_meta":{"origin":5510,"position":1},"title":"Suporte para Papel Higi\u00e9nico Jumbo","date":"Fevereiro 23, 2022","format":false,"excerpt":"Suporte para Papel Higi\u00e9nico Jumbo","rel":"","context":"Similar post","img":{"alt_text":"","src":"https:\/\/i0.wp.com\/mundo.seashell.pt\/wp-content\/uploads\/2022\/02\/PORTA-ROLOS-JUMBO.png?resize=350%2C200&ssl=1","width":350,"height":200},"classes":[]},{"id":5516,"url":"https:\/\/mundo.seashell.pt\/?product=papel-higienico-domestico-folha-dupla-13m-joker-12rolos","url_meta":{"origin":5510,"position":2},"title":"Papel Higi\u00e9nico Folha Dupla 13m Joker (12 rolos)","date":"Fevereiro 23, 2022","format":false,"excerpt":"Papel Higi\u00e9nico 100% celulose pura, de folha dupla com 12 rolos por embalagem com cerca de 13 metros por rolo.","rel":"","context":"Similar post","img":{"alt_text":"","src":"https:\/\/i0.wp.com\/mundo.seashell.pt\/wp-content\/uploads\/2022\/02\/papel_13m_joker_PhotoRoom_20210413_153744.jpg?resize=350%2C200&ssl=1","width":350,"height":200},"classes":[]},{"id":6135,"url":"https:\/\/mundo.seashell.pt\/?product=dispensador-de-papel-higienico-folha-a-folha-elegance","url_meta":{"origin":5510,"position":3},"title":"Dispensador Papel Higi\u00e9nico Folha-a-Folha Elegance ABS","date":"Fevereiro 23, 2022","format":false,"excerpt":"Dispensador de papel higi\u00e9nico em zig-zag, feito de ABS, torna-o um dispensador compacto e robusto com caracter\u00edsticas antivandalismo. Ideal para instala\u00e7\u00f5es sanit\u00e1rias com tr\u00e1fego intenso.","rel":"","context":"Similar post","img":{"alt_text":"","src":"https:\/\/i0.wp.com\/mundo.seashell.pt\/wp-content\/uploads\/2022\/02\/dispensador-de-papel-higienico-interplegado-en-z-abs-color-blanco_5571162_xxl_PhotoRoom_20210411_120748.jpg?resize=350%2C200&ssl=1","width":350,"height":200},"classes":[]},{"id":5404,"url":"https:\/\/mundo.seashell.pt\/?product=suporte-para-higienico-folha-a-folha","url_meta":{"origin":5510,"position":4},"title":"Suporte para Higi\u00e9nico Folha a Folha","date":"Fevereiro 23, 2022","format":false,"excerpt":"Para papel higi\u00e9nico folha a folha","rel":"","context":"Similar post","img":{"alt_text":"","src":"https:\/\/i0.wp.com\/mundo.seashell.pt\/wp-content\/uploads\/2022\/02\/suporte_folha_a_folha.png?resize=350%2C200&ssl=1","width":350,"height":200},"classes":[]},{"id":6137,"url":"https:\/\/mundo.seashell.pt\/?product=dispensador-de-papel-higienico-jumbo-elegance","url_meta":{"origin":5510,"position":5},"title":"Dispensador de Papel Higi\u00e9nico Jumbo Elegance","date":"Fevereiro 23, 2022","format":false,"excerpt":"O dispensador de papel higi\u00e9nico de tamanho jumbo acomoda rolos de papel de at\u00e9 210 mm de largura por 220 mm de di\u00e2metro, com uma c\u00e2nula de di\u00e2metro m\u00e1ximo de 45 mm.","rel":"","context":"Similar post","img":{"alt_text":"","src":"https:\/\/i0.wp.com\/mundo.seashell.pt\/wp-content\/uploads\/2022\/02\/dispensador-de-papel-higienico-abs-blanco_5571168_xxl_PhotoRoom_20210411_121024.jpg?resize=350%2C200&ssl=1","width":350,"height":200},"classes":[]}],"_links":{"self":[{"href":"https:\/\/mundo.seashell.pt\/index.php?rest_route=\/wp\/v2\/product\/5510","targetHints":{"allow":["GET"]}}],"collection":[{"href":"https:\/\/mundo.seashell.pt\/index.php?rest_route=\/wp\/v2\/product"}],"about":[{"href":"https:\/\/mundo.seashell.pt\/index.php?rest_route=\/wp\/v2\/types\/product"}],"wp:featuredmedia":[{"embeddable":true,"href":"https:\/\/mundo.seashell.pt\/index.php?rest_route=\/wp\/v2\/media\/5511"}],"wp:attachment":[{"href":"https:\/\/mundo.seashell.pt\/index.php?rest_route=%2Fwp%2Fv2%2Fmedia&parent=5510"}],"wp:term":[{"taxonomy":"product_cat","embeddable":true,"href":"https:\/\/mundo.seashell.pt\/index.php?rest_route=%2Fwp%2Fv2%2Fproduct_cat&post=5510"},{"taxonomy":"product_tag","embeddable":true,"href":"https:\/\/mundo.seashell.pt\/index.php?rest_route=%2Fwp%2Fv2%2Fproduct_tag&post=5510"}],"curies":[{"name":"wp","href":"https:\/\/api.w.org\/{rel}","templated":true}]}}