{"id":5500,"date":"2022-02-23T11:29:43","date_gmt":"2022-02-23T11:29:43","guid":{"rendered":"https:\/\/mundo.seashell.pt\/?post_type=product&#038;p=5500"},"modified":"2022-02-23T11:29:45","modified_gmt":"2022-02-23T11:29:45","slug":"guardanapos-40x40-ppp-joker-24mx50f","status":"publish","type":"product","link":"https:\/\/mundo.seashell.pt\/?product=guardanapos-40x40-ppp-joker-24mx50f","title":{"rendered":"Guardanapos 40&#215;40 PPP JOKER (24Mx50F)"},"content":{"rendered":"<p>Os guardanapos de refei\u00e7\u00e3o apresentam boa qualidade da mat\u00e9ria prima e elevado grau de suavidade e absor\u00e7\u00e3o tornando este produto com caracter\u00edsticas \u00fanicas de higiene no momento da degusta\u00e7\u00e3o de cada refei\u00e7\u00e3o.<\/p>\n<p><strong>Caracter\u00edsticas:<\/strong><\/p>\n<ul>\n<li>Guardanapo Ponto-A-Ponto<\/li>\n<li>Cor: Branco<\/li>\n<li>Relevo: Sanefa.<\/li>\n<li>Qualidade do papel: RH Celulose virgem.<\/li>\n<li>N\u00ba Folhas: Dupla (2 folhas).<\/li>\n<li>Medida: 40cm x 40cm. ( \u00b1 5% ).<strong><br \/><\/strong><\/li>\n<li><strong>Vendido ao Ma\u00e7o de 50 Guardanapos<\/strong><\/li>\n<\/ul>\n<p><strong>Caixa completa contem 24 ma\u00e7os x 50 Guardanapos<\/strong><\/p>\n<ul><\/ul>\n","protected":false},"excerpt":{"rendered":"<p>Guardanapos 40&#215;40 PPP JOKER<\/p>\n","protected":false},"featured_media":5501,"template":"","meta":{"spay_email":""},"product_cat":[15],"product_tag":[],"class_list":{"0":"post-5500","1":"product","2":"type-product","3":"status-publish","4":"has-post-thumbnail","6":"product_cat-sem-categoria","8":"first","9":"instock","10":"taxable","11":"shipping-taxable","12":"purchasable","13":"product-type-simple"},"acf":[],"jetpack-related-posts":[{"id":5506,"url":"https:\/\/mundo.seashell.pt\/?product=guardanapos-40x40-ppp-joker-24mx50f-preto","url_meta":{"origin":5500,"position":0},"title":"Guardanapos 40&#215;40 PPP JOKER (24Mx50F) Preto","date":"Fevereiro 23, 2022","format":false,"excerpt":"Guardanapos 40x40 PPP JOKER Preto","rel":"","context":"Similar post","img":{"alt_text":"","src":"https:\/\/i0.wp.com\/mundo.seashell.pt\/wp-content\/uploads\/2022\/02\/guardanapos_joker_40x40_pretos_detail.jpg?resize=350%2C200&ssl=1","width":350,"height":200},"classes":[]},{"id":5508,"url":"https:\/\/mundo.seashell.pt\/?product=guardanapos-40x40-ppp-joker-24mx50f-amarelo","url_meta":{"origin":5500,"position":1},"title":"Guardanapos 40&#215;40 PPP JOKER (24Mx50F) Amarelo","date":"Fevereiro 23, 2022","format":false,"excerpt":"Guardanapos 40x40 PPP JOKER Amarelo","rel":"","context":"Similar post","img":{"alt_text":"","src":"https:\/\/i0.wp.com\/mundo.seashell.pt\/wp-content\/uploads\/2022\/02\/guardanapos_joker_40x40_amarelos_detail.jpg?resize=350%2C200&ssl=1","width":350,"height":200},"classes":[]},{"id":5502,"url":"https:\/\/mundo.seashell.pt\/?product=guardanapos-40x40-ppp-joker-24mx50f-bordeaux","url_meta":{"origin":5500,"position":2},"title":"Guardanapos 40&#215;40 PPP JOKER (24Mx50F) Bordeaux","date":"Fevereiro 23, 2022","format":false,"excerpt":"Guardanapos 40x40 PPP JOKER (24Mx50F) Bordeaux","rel":"","context":"Similar post","img":{"alt_text":"","src":"https:\/\/i0.wp.com\/mundo.seashell.pt\/wp-content\/uploads\/2022\/02\/guardanapos_joker_40x40_bordeaux_detail.jpg?resize=350%2C200&ssl=1","width":350,"height":200},"classes":[]},{"id":5504,"url":"https:\/\/mundo.seashell.pt\/?product=guardanapos-40x40-ppp-joker-24mx50f-azul","url_meta":{"origin":5500,"position":3},"title":"Guardanapos 40&#215;40 PPP JOKER (24Mx50F) Azul","date":"Fevereiro 23, 2022","format":false,"excerpt":"Guardanapos 40x40 PPP JOKER (24Mx50F) Azul","rel":"","context":"Similar post","img":{"alt_text":"","src":"https:\/\/i0.wp.com\/mundo.seashell.pt\/wp-content\/uploads\/2022\/02\/guardanapos_joker_40x40_azuis_detail.jpg?resize=350%2C200&ssl=1","width":350,"height":200},"classes":[]},{"id":5496,"url":"https:\/\/mundo.seashell.pt\/?product=guardanapos-33x33-2fl-joker-30mx100f","url_meta":{"origin":5500,"position":4},"title":"Guardanapos 33&#215;33 2FL JOKER (30Mx100F)","date":"Fevereiro 23, 2022","format":false,"excerpt":"Guardanapos 33x33 2FL JOKER","rel":"","context":"Similar post","img":{"alt_text":"","src":"https:\/\/i0.wp.com\/mundo.seashell.pt\/wp-content\/uploads\/2022\/02\/guardanapos_joker_33x33_detail.jpg?resize=350%2C200&ssl=1","width":350,"height":200},"classes":[]},{"id":5498,"url":"https:\/\/mundo.seashell.pt\/?product=guardanapos-33x33-1fl-joker-30mx100f","url_meta":{"origin":5500,"position":5},"title":"Guardanapos 33&#215;33 1FL JOKER (30Mx100F)","date":"Fevereiro 23, 2022","format":false,"excerpt":"Guardanapos 33x33 1FL JOKER","rel":"","context":"Similar post","img":{"alt_text":"","src":"https:\/\/i0.wp.com\/mundo.seashell.pt\/wp-content\/uploads\/2022\/02\/joker-33x33_PhotoRoom_20210515_123830.jpg?resize=350%2C200&ssl=1","width":350,"height":200},"classes":[]}],"_links":{"self":[{"href":"https:\/\/mundo.seashell.pt\/index.php?rest_route=\/wp\/v2\/product\/5500","targetHints":{"allow":["GET"]}}],"collection":[{"href":"https:\/\/mundo.seashell.pt\/index.php?rest_route=\/wp\/v2\/product"}],"about":[{"href":"https:\/\/mundo.seashell.pt\/index.php?rest_route=\/wp\/v2\/types\/product"}],"wp:featuredmedia":[{"embeddable":true,"href":"https:\/\/mundo.seashell.pt\/index.php?rest_route=\/wp\/v2\/media\/5501"}],"wp:attachment":[{"href":"https:\/\/mundo.seashell.pt\/index.php?rest_route=%2Fwp%2Fv2%2Fmedia&parent=5500"}],"wp:term":[{"taxonomy":"product_cat","embeddable":true,"href":"https:\/\/mundo.seashell.pt\/index.php?rest_route=%2Fwp%2Fv2%2Fproduct_cat&post=5500"},{"taxonomy":"product_tag","embeddable":true,"href":"https:\/\/mundo.seashell.pt\/index.php?rest_route=%2Fwp%2Fv2%2Fproduct_tag&post=5500"}],"curies":[{"name":"wp","href":"https:\/\/api.w.org\/{rel}","templated":true}]}}