{"id":5498,"date":"2022-02-23T11:29:40","date_gmt":"2022-02-23T11:29:40","guid":{"rendered":"https:\/\/mundo.seashell.pt\/?post_type=product&#038;p=5498"},"modified":"2022-02-23T11:29:43","modified_gmt":"2022-02-23T11:29:43","slug":"guardanapos-33x33-1fl-joker-30mx100f","status":"publish","type":"product","link":"https:\/\/mundo.seashell.pt\/?product=guardanapos-33x33-1fl-joker-30mx100f","title":{"rendered":"Guardanapos 33&#215;33 1FL JOKER (30Mx100F)"},"content":{"rendered":"<p>Os guardanapos de refei\u00e7\u00e3o apresentam boa qualidade da mat\u00e9ria prima e elevado grau de suavidade e absor\u00e7\u00e3o tornando este produto com caracter\u00edsticas \u00fanicas de higiene no momento da degusta\u00e7\u00e3o de cada refei\u00e7\u00e3o.&nbsp;<\/p>\n<p><strong>Caracter\u00edsticas:<\/strong><\/p>\n<ul>\n<li>Folha Simples<\/li>\n<li>Gofrado<\/li>\n<li>Qualidade do Papel: RH Celulose Virgem<\/li>\n<li>Cor: Branco<\/li>\n<li><strong>Vendido ao ma\u00e7o de 100 guardanapos<\/strong><\/li>\n<\/ul>\n<p><strong>Caixa completa contem 30 ma\u00e7os x 100 Guardanapos<\/strong><\/p>\n","protected":false},"excerpt":{"rendered":"<p>Guardanapos 33&#215;33 1FL JOKER<\/p>\n","protected":false},"featured_media":5499,"template":"","meta":{"spay_email":""},"product_cat":[15],"product_tag":[],"class_list":{"0":"post-5498","1":"product","2":"type-product","3":"status-publish","4":"has-post-thumbnail","6":"product_cat-sem-categoria","8":"first","9":"instock","10":"taxable","11":"shipping-taxable","12":"purchasable","13":"product-type-simple"},"acf":[],"jetpack-related-posts":[{"id":5492,"url":"https:\/\/mundo.seashell.pt\/?product=guardanapos-22x22-1fl-joker-30mx100f","url_meta":{"origin":5498,"position":0},"title":"Guardanapos 22&#215;22 1FL JOKER (30Mx100F)","date":"Fevereiro 23, 2022","format":false,"excerpt":"Guardanapos de Bar 22x22 1FL","rel":"","context":"Similar post","img":{"alt_text":"","src":"https:\/\/i0.wp.com\/mundo.seashell.pt\/wp-content\/uploads\/2022\/02\/joker_22x22_1f_PhotoRoom_20210515_123823.jpg?resize=350%2C200&ssl=1","width":350,"height":200},"classes":[]},{"id":5496,"url":"https:\/\/mundo.seashell.pt\/?product=guardanapos-33x33-2fl-joker-30mx100f","url_meta":{"origin":5498,"position":1},"title":"Guardanapos 33&#215;33 2FL JOKER (30Mx100F)","date":"Fevereiro 23, 2022","format":false,"excerpt":"Guardanapos 33x33 2FL JOKER","rel":"","context":"Similar post","img":{"alt_text":"","src":"https:\/\/i0.wp.com\/mundo.seashell.pt\/wp-content\/uploads\/2022\/02\/guardanapos_joker_33x33_detail.jpg?resize=350%2C200&ssl=1","width":350,"height":200},"classes":[]},{"id":5500,"url":"https:\/\/mundo.seashell.pt\/?product=guardanapos-40x40-ppp-joker-24mx50f","url_meta":{"origin":5498,"position":2},"title":"Guardanapos 40&#215;40 PPP JOKER (24Mx50F)","date":"Fevereiro 23, 2022","format":false,"excerpt":"Guardanapos 40x40 PPP JOKER","rel":"","context":"Similar post","img":{"alt_text":"","src":"https:\/\/i0.wp.com\/mundo.seashell.pt\/wp-content\/uploads\/2022\/02\/guardanapos_joker_40x40_detail.jpg?resize=350%2C200&ssl=1","width":350,"height":200},"classes":[]},{"id":5506,"url":"https:\/\/mundo.seashell.pt\/?product=guardanapos-40x40-ppp-joker-24mx50f-preto","url_meta":{"origin":5498,"position":3},"title":"Guardanapos 40&#215;40 PPP JOKER (24Mx50F) Preto","date":"Fevereiro 23, 2022","format":false,"excerpt":"Guardanapos 40x40 PPP JOKER Preto","rel":"","context":"Similar post","img":{"alt_text":"","src":"https:\/\/i0.wp.com\/mundo.seashell.pt\/wp-content\/uploads\/2022\/02\/guardanapos_joker_40x40_pretos_detail.jpg?resize=350%2C200&ssl=1","width":350,"height":200},"classes":[]},{"id":5508,"url":"https:\/\/mundo.seashell.pt\/?product=guardanapos-40x40-ppp-joker-24mx50f-amarelo","url_meta":{"origin":5498,"position":4},"title":"Guardanapos 40&#215;40 PPP JOKER (24Mx50F) Amarelo","date":"Fevereiro 23, 2022","format":false,"excerpt":"Guardanapos 40x40 PPP JOKER Amarelo","rel":"","context":"Similar post","img":{"alt_text":"","src":"https:\/\/i0.wp.com\/mundo.seashell.pt\/wp-content\/uploads\/2022\/02\/guardanapos_joker_40x40_amarelos_detail.jpg?resize=350%2C200&ssl=1","width":350,"height":200},"classes":[]},{"id":5502,"url":"https:\/\/mundo.seashell.pt\/?product=guardanapos-40x40-ppp-joker-24mx50f-bordeaux","url_meta":{"origin":5498,"position":5},"title":"Guardanapos 40&#215;40 PPP JOKER (24Mx50F) Bordeaux","date":"Fevereiro 23, 2022","format":false,"excerpt":"Guardanapos 40x40 PPP JOKER (24Mx50F) Bordeaux","rel":"","context":"Similar post","img":{"alt_text":"","src":"https:\/\/i0.wp.com\/mundo.seashell.pt\/wp-content\/uploads\/2022\/02\/guardanapos_joker_40x40_bordeaux_detail.jpg?resize=350%2C200&ssl=1","width":350,"height":200},"classes":[]}],"_links":{"self":[{"href":"https:\/\/mundo.seashell.pt\/index.php?rest_route=\/wp\/v2\/product\/5498","targetHints":{"allow":["GET"]}}],"collection":[{"href":"https:\/\/mundo.seashell.pt\/index.php?rest_route=\/wp\/v2\/product"}],"about":[{"href":"https:\/\/mundo.seashell.pt\/index.php?rest_route=\/wp\/v2\/types\/product"}],"wp:featuredmedia":[{"embeddable":true,"href":"https:\/\/mundo.seashell.pt\/index.php?rest_route=\/wp\/v2\/media\/5499"}],"wp:attachment":[{"href":"https:\/\/mundo.seashell.pt\/index.php?rest_route=%2Fwp%2Fv2%2Fmedia&parent=5498"}],"wp:term":[{"taxonomy":"product_cat","embeddable":true,"href":"https:\/\/mundo.seashell.pt\/index.php?rest_route=%2Fwp%2Fv2%2Fproduct_cat&post=5498"},{"taxonomy":"product_tag","embeddable":true,"href":"https:\/\/mundo.seashell.pt\/index.php?rest_route=%2Fwp%2Fv2%2Fproduct_tag&post=5498"}],"curies":[{"name":"wp","href":"https:\/\/api.w.org\/{rel}","templated":true}]}}