{"id":5486,"date":"2022-02-23T11:29:15","date_gmt":"2022-02-23T11:29:15","guid":{"rendered":"https:\/\/mundo.seashell.pt\/?post_type=product&#038;p=5486"},"modified":"2022-02-23T11:29:17","modified_gmt":"2022-02-23T11:29:17","slug":"rolo-cozinha-renova-ole-2rlx24emb","status":"publish","type":"product","link":"https:\/\/mundo.seashell.pt\/?product=rolo-cozinha-renova-ole-2rlx24emb","title":{"rendered":"Rolo Cozinha Renova Ol\u00e9 (2 Rolos)"},"content":{"rendered":"<p>Rolos de Cozinha&nbsp;de folha dupla, suave, absorvente e resistente.<\/p>\n<p>A multifuncionalidade aliada \u00e0 qualidade.<\/p>\n<ul>\n<li>Folha dupla<\/li>\n<li>Super Absorvente<\/li>\n<li>Extra Resistente<\/li>\n<li>Vendido ao pack de 2 rolos<\/li>\n<\/ul>\n<p>Embalagem Completa cont\u00e9m 24 packs x 2 rolos<\/p>\n","protected":false},"excerpt":{"rendered":"<p>Rolos de Cozinha de folha dupla, suave, absorvente e resistente.<\/p>\n","protected":false},"featured_media":5487,"template":"","meta":{"spay_email":""},"product_cat":[15],"product_tag":[],"class_list":{"0":"post-5486","1":"product","2":"type-product","3":"status-publish","4":"has-post-thumbnail","6":"product_cat-sem-categoria","8":"first","9":"instock","10":"taxable","11":"shipping-taxable","12":"purchasable","13":"product-type-simple"},"acf":[],"jetpack-related-posts":[{"id":5482,"url":"https:\/\/mundo.seashell.pt\/?product=guard-renova-blk-tipo-a-2fl-33x33-27mx100f","url_meta":{"origin":5486,"position":0},"title":"Guardanapos Renova Black 2 Folhas 33x33cm","date":"Fevereiro 23, 2022","format":false,"excerpt":"Guardanapos brancos de papel tissue de folha dupla, suave, absorvente e resistente. \ufeff","rel":"","context":"Similar post","img":{"alt_text":"","src":"https:\/\/i0.wp.com\/mundo.seashell.pt\/wp-content\/uploads\/2022\/02\/200063789_________Guard__Renova_BLK_Tipo_G_X18_Branco_PhotoRoom_20210411_161350.jpg?resize=350%2C200&ssl=1","width":350,"height":200},"classes":[]},{"id":5484,"url":"https:\/\/mundo.seashell.pt\/?product=guard-renova-blk-tipo-g-2fl-40x40-18mx75f","url_meta":{"origin":5486,"position":1},"title":"Guardanapos Renova Black 2 Folhas 40x40cm","date":"Fevereiro 23, 2022","format":false,"excerpt":"Guardanapos brancos de papel tissue de folha dupla, suave, absorvente e resistente.","rel":"","context":"Similar post","img":{"alt_text":"","src":"https:\/\/i0.wp.com\/mundo.seashell.pt\/wp-content\/uploads\/2022\/02\/guardanaposrenovablk_PhotoRoom_20210413_160318.jpg?resize=350%2C200&ssl=1","width":350,"height":200},"classes":[]},{"id":5524,"url":"https:\/\/mundo.seashell.pt\/?product=rolo-industrialmultiusos-azul-2fl-renovagreen-225-2rlx450mt","url_meta":{"origin":5486,"position":2},"title":"Rolo Industrial Azul Renova Green Folha Dupla (2 Rolos x 450m)","date":"Fevereiro 23, 2022","format":false,"excerpt":"Papel suave e resistente com grande capacidade de absor\u00e7\u00e3o. Rolo multiuso para uso profissional.","rel":"","context":"Similar post","img":{"alt_text":"","src":"https:\/\/i0.wp.com\/mundo.seashell.pt\/wp-content\/uploads\/2022\/02\/PhotoRoom_20210324_161831.jpg?resize=350%2C200&ssl=1","width":350,"height":200},"classes":[]},{"id":5522,"url":"https:\/\/mundo.seashell.pt\/?product=rolo-industrial-multiusos-2fl-renovagreen-225-2rlx350mt","url_meta":{"origin":5486,"position":3},"title":"Rolo Industrial Renova Green Folha Dupla (2 Rolos x 350m)","date":"Fevereiro 23, 2022","format":false,"excerpt":"Papel suave e resistente com grande capacidade de absor\u00e7\u00e3o. Rolo multiuso, fabricado a partir de fibras que j\u00e1 gozaram uma vida anterior, ideal para uso profissional.","rel":"","context":"Similar post","img":{"alt_text":"","src":"https:\/\/i0.wp.com\/mundo.seashell.pt\/wp-content\/uploads\/2022\/02\/200046896_________Rolos_Mult__Renovagreen_225_350m_2F_2r_PhotoRoom_20210411_161413.jpg?resize=350%2C200&ssl=1","width":350,"height":200},"classes":[]},{"id":5478,"url":"https:\/\/mundo.seashell.pt\/?product=guard-renova-blk-tipo-b90-2fl-23x23-36mx90f","url_meta":{"origin":5486,"position":4},"title":"Guardanapos Renova Black 2 Folhas 23x23cm","date":"Fevereiro 23, 2022","format":false,"excerpt":"Guardanapos especialmente vocacionados para caf\u00e9s, restaurantes e cantinas.","rel":"","context":"Similar post","img":{"alt_text":"","src":"https:\/\/i0.wp.com\/mundo.seashell.pt\/wp-content\/uploads\/2022\/02\/goods_02_436158_PhotoRoom_20210411_162530.jpg?resize=350%2C200&ssl=1","width":350,"height":200},"classes":[]},{"id":5476,"url":"https:\/\/mundo.seashell.pt\/?product=guard-renovagreen-tipo-b90-1fl-23x23-36mx90f","url_meta":{"origin":5486,"position":5},"title":"Guardanapos Renova Green Folha Simples 23x23cm","date":"Fevereiro 23, 2022","format":false,"excerpt":"Guardanapos brancos de papel tissue de folha simples, suave, absorvente e resistente.\ufeff\ufeff","rel":"","context":"Similar post","img":{"alt_text":"","src":"https:\/\/i0.wp.com\/mundo.seashell.pt\/wp-content\/uploads\/2022\/02\/grardanapos_1_folha_23x23_PhotoRoom_20210411_161516.jpg?resize=350%2C200&ssl=1","width":350,"height":200},"classes":[]}],"_links":{"self":[{"href":"https:\/\/mundo.seashell.pt\/index.php?rest_route=\/wp\/v2\/product\/5486","targetHints":{"allow":["GET"]}}],"collection":[{"href":"https:\/\/mundo.seashell.pt\/index.php?rest_route=\/wp\/v2\/product"}],"about":[{"href":"https:\/\/mundo.seashell.pt\/index.php?rest_route=\/wp\/v2\/types\/product"}],"wp:featuredmedia":[{"embeddable":true,"href":"https:\/\/mundo.seashell.pt\/index.php?rest_route=\/wp\/v2\/media\/5487"}],"wp:attachment":[{"href":"https:\/\/mundo.seashell.pt\/index.php?rest_route=%2Fwp%2Fv2%2Fmedia&parent=5486"}],"wp:term":[{"taxonomy":"product_cat","embeddable":true,"href":"https:\/\/mundo.seashell.pt\/index.php?rest_route=%2Fwp%2Fv2%2Fproduct_cat&post=5486"},{"taxonomy":"product_tag","embeddable":true,"href":"https:\/\/mundo.seashell.pt\/index.php?rest_route=%2Fwp%2Fv2%2Fproduct_tag&post=5486"}],"curies":[{"name":"wp","href":"https:\/\/api.w.org\/{rel}","templated":true}]}}