{"id":5474,"date":"2022-02-23T11:28:49","date_gmt":"2022-02-23T11:28:49","guid":{"rendered":"https:\/\/mundo.seashell.pt\/?post_type=product&#038;p=5474"},"modified":"2022-02-23T11:28:51","modified_gmt":"2022-02-23T11:28:51","slug":"papel-vegetal-50x75-500f","status":"publish","type":"product","link":"https:\/\/mundo.seashell.pt\/?product=papel-vegetal-50x75-500f","title":{"rendered":"Papel Vegetal 50&#215;75 (500F)"},"content":{"rendered":"<ul>\n<li>Tipo de Papel: Vegetal<\/li>\n<li>Dimens\u00e3o: 50x75cm<\/li>\n<li>Folha Simples<\/li>\n<li>35 gramas\/folha<\/li>\n<\/ul>\n<p>Embalagem:&nbsp;500 Folhas<\/p>\n","protected":false},"excerpt":{"rendered":"<p>Resma Papel Vegetal <\/p>\n","protected":false},"featured_media":5475,"template":"","meta":{"spay_email":""},"product_cat":[15],"product_tag":[],"class_list":{"0":"post-5474","1":"product","2":"type-product","3":"status-publish","4":"has-post-thumbnail","6":"product_cat-sem-categoria","8":"first","9":"instock","10":"taxable","11":"shipping-taxable","12":"purchasable","13":"product-type-simple"},"acf":[],"jetpack-related-posts":[{"id":7148,"url":"https:\/\/mundo.seashell.pt\/?product=bayeco-papel-vegetal-8m","url_meta":{"origin":5474,"position":0},"title":"Bayeco Papel Vegetal &#8211; 8m","date":"Fevereiro 23, 2022","format":false,"excerpt":"Bayeco Papel Vegetal - 8m Antiaderente dos dois lados. Extremamente resistente a altas temperaturas.Descri\u00e7\u00e3o: O papel vegetal da Bayeco apresenta uma antiader\u00eancia em ambos os lados o que possibilita fazer cozinhardos menos gordurosos, \u00e9 extremamente resistente podendo ser utilizado at\u00e9 uma temperatura de 220\u00ba.Este...","rel":"","context":"Similar post","img":{"alt_text":"","src":"https:\/\/i0.wp.com\/mundo.seashell.pt\/wp-content\/uploads\/2022\/02\/bayeco-papel-horno-hojas-380-mm-20-hojas.jpeg?resize=350%2C200&ssl=1","width":350,"height":200},"classes":[]},{"id":5552,"url":"https:\/\/mundo.seashell.pt\/?product=toalha-de-mesa-70x70-220f","url_meta":{"origin":5474,"position":1},"title":"Toalha de Mesa 70&#215;70 (220F)","date":"Fevereiro 23, 2022","format":false,"excerpt":"Toalha de Mesa\u00a0Dimens\u00e3o: 70x70cmFolha SimplesQualidade do Papel: Ecol\u00f3gico37 gramasCor: BrancoResma: 220 folhas","rel":"","context":"Similar post","img":{"alt_text":"","src":"https:\/\/i0.wp.com\/mundo.seashell.pt\/wp-content\/uploads\/2022\/02\/Toalha_de_Mesa_70x70__220F__PhotoRoom_20210413_153815.jpg?resize=350%2C200&ssl=1","width":350,"height":200},"classes":[]},{"id":5554,"url":"https:\/\/mundo.seashell.pt\/?product=toalha-de-mesa-80x80-220f","url_meta":{"origin":5474,"position":2},"title":"Toalha de Mesa 80&#215;80 (220F)","date":"Fevereiro 23, 2022","format":false,"excerpt":"Toalha de MesaDimens\u00e3o: 80x80cmFolha SimplesQualidade do Papel: Ecol\u00f3gico37 gramasCor: BrancoResma: 220 folhas","rel":"","context":"Similar post","img":{"alt_text":"","src":"https:\/\/i0.wp.com\/mundo.seashell.pt\/wp-content\/uploads\/2022\/02\/Toalha_de_Mesa_70x70__220F__PhotoRoom_20210413_153815-1.jpg?resize=350%2C200&ssl=1","width":350,"height":200},"classes":[]},{"id":5550,"url":"https:\/\/mundo.seashell.pt\/?product=toalhete-mesa-30x45-1000f","url_meta":{"origin":5474,"position":3},"title":"Toalhete Mesa 30&#215;45 (1000F)","date":"Fevereiro 23, 2022","format":false,"excerpt":"Toalhete Mesa IndividualDimens\u00e3o: 30x45cmFolha SimplesQualidade do Papel: Ecol\u00f3gico37 gramasCor: BrancoResma: 1000 folhas","rel":"","context":"Similar post","img":{"alt_text":"","src":"https:\/\/i0.wp.com\/mundo.seashell.pt\/wp-content\/uploads\/2022\/02\/Toalhete_Mesa_30x45__1000F__PhotoRoom_20210413_153807.jpg?resize=350%2C200&ssl=1","width":350,"height":200},"classes":[]},{"id":5516,"url":"https:\/\/mundo.seashell.pt\/?product=papel-higienico-domestico-folha-dupla-13m-joker-12rolos","url_meta":{"origin":5474,"position":4},"title":"Papel Higi\u00e9nico Folha Dupla 13m Joker (12 rolos)","date":"Fevereiro 23, 2022","format":false,"excerpt":"Papel Higi\u00e9nico 100% celulose pura, de folha dupla com 12 rolos por embalagem com cerca de 13 metros por rolo.","rel":"","context":"Similar post","img":{"alt_text":"","src":"https:\/\/i0.wp.com\/mundo.seashell.pt\/wp-content\/uploads\/2022\/02\/papel_13m_joker_PhotoRoom_20210413_153744.jpg?resize=350%2C200&ssl=1","width":350,"height":200},"classes":[]},{"id":7130,"url":"https:\/\/mundo.seashell.pt\/?product=raid-papel-anti-tracas-4-un","url_meta":{"origin":5474,"position":5},"title":"Raid Papel Anti-tra\u00e7as 4 un","date":"Fevereiro 23, 2022","format":false,"excerpt":"Proteja a sua fam\u00edlia. Aproveite cada momento.Descri\u00e7\u00e3o: Raid\u00ae papel Anti-Tra\u00e7as protege as roupas e tecidos da a\u00e7\u00e3o destruidora das tra\u00e7as em arm\u00e1rios, roupeiros e gavetas. A efic\u00e1cia do ingrediente ativo anti-tra\u00e7as mant\u00e9m a prote\u00e7\u00e3o durante 3 meses, ao mesmo tempo que liberta uma agrad\u00e1vel fragr\u00e2ncia floral. N\u00e3o mancha ...","rel":"","context":"Similar post","img":{"alt_text":"","src":"https:\/\/i0.wp.com\/mundo.seashell.pt\/wp-content\/uploads\/2022\/02\/681629.png?resize=350%2C200&ssl=1","width":350,"height":200},"classes":[]}],"_links":{"self":[{"href":"https:\/\/mundo.seashell.pt\/index.php?rest_route=\/wp\/v2\/product\/5474","targetHints":{"allow":["GET"]}}],"collection":[{"href":"https:\/\/mundo.seashell.pt\/index.php?rest_route=\/wp\/v2\/product"}],"about":[{"href":"https:\/\/mundo.seashell.pt\/index.php?rest_route=\/wp\/v2\/types\/product"}],"wp:featuredmedia":[{"embeddable":true,"href":"https:\/\/mundo.seashell.pt\/index.php?rest_route=\/wp\/v2\/media\/5475"}],"wp:attachment":[{"href":"https:\/\/mundo.seashell.pt\/index.php?rest_route=%2Fwp%2Fv2%2Fmedia&parent=5474"}],"wp:term":[{"taxonomy":"product_cat","embeddable":true,"href":"https:\/\/mundo.seashell.pt\/index.php?rest_route=%2Fwp%2Fv2%2Fproduct_cat&post=5474"},{"taxonomy":"product_tag","embeddable":true,"href":"https:\/\/mundo.seashell.pt\/index.php?rest_route=%2Fwp%2Fv2%2Fproduct_tag&post=5474"}],"curies":[{"name":"wp","href":"https:\/\/api.w.org\/{rel}","templated":true}]}}