{"id":5472,"date":"2022-02-23T11:28:47","date_gmt":"2022-02-23T11:28:47","guid":{"rendered":"https:\/\/mundo.seashell.pt\/?post_type=product&#038;p=5472"},"modified":"2022-02-23T11:28:49","modified_gmt":"2022-02-23T11:28:49","slug":"luvas-nitrilo-l-1x100","status":"publish","type":"product","link":"https:\/\/mundo.seashell.pt\/?product=luvas-nitrilo-l-1x100","title":{"rendered":"Luvas Nitrilo L (1&#215;100)"},"content":{"rendered":"<ul>\n<li>Luvas Nitrilo Azul sem p\u00f3.<\/li>\n<li>N\u00e3o Est\u00e9ril.<\/li>\n<li>Uso \u00danico<\/li>\n<li>Isentas de Latex Natural<\/li>\n<li>Variam, desde o manuseio de alimentos at\u00e9 a higiene de limpeza.<\/li>\n<\/ul>\n<ul><\/ul>\n<p><strong>Embalagem: 100 Luvas<\/strong><\/p>\n<p><strong>&#8211; Dispon\u00edvel em caixa com 10 embalagens de 100 unidades cada. <br \/><\/strong><\/p><\/p>\n","protected":false},"excerpt":{"rendered":"<p>Luvas Nitrilo Azuis sem p\u00f3<\/p>\n","protected":false},"featured_media":5473,"template":"","meta":{"spay_email":""},"product_cat":[15],"product_tag":[],"class_list":{"0":"post-5472","1":"product","2":"type-product","3":"status-publish","4":"has-post-thumbnail","6":"product_cat-sem-categoria","8":"first","9":"instock","10":"taxable","11":"shipping-taxable","12":"purchasable","13":"product-type-simple"},"acf":[],"jetpack-related-posts":[{"id":6151,"url":"https:\/\/mundo.seashell.pt\/?product=luvas-litetuff","url_meta":{"origin":5472,"position":0},"title":"Luvas LiteTuff","date":"Fevereiro 23, 2022","format":false,"excerpt":"Apresentado numa caixa dispensadora Oferecem uma excelente prote\u00e7\u00e3o em todas as tarefas de limpeza que exigem mudan\u00e7as regulares nas luvas por raz\u00f5es de higiene. Ideal para uso em servi\u00e7os sanit\u00e1rios, manuten\u00e7\u00e3o geral em edif\u00edcios, bem como para manipula\u00e7\u00e3o de alimentos no canal HoReCa. LiteTuff combina uma sensibilidade muito boa co...","rel":"","context":"Similar post","img":{"alt_text":"","src":"https:\/\/i0.wp.com\/mundo.seashell.pt\/wp-content\/uploads\/2022\/02\/07-gloves-09-gloves-litetuff-portrait_PhotoRoom_20210418_123438.jpg?resize=350%2C200&ssl=1","width":350,"height":200},"classes":[]},{"id":6147,"url":"https:\/\/mundo.seashell.pt\/?product=luvas-universais","url_meta":{"origin":5472,"position":1},"title":"Luvas Universais","date":"Fevereiro 23, 2022","format":false,"excerpt":"Grande resist\u00eancia Ideal para as tarefas de limpeza mais exigentes, com grande resist\u00eancia e durabilidade. Composi\u00e7\u00e3o 100% nitr\u00edlica, oferece grande flexibilidade, sensibilidade e conforto devido ao seu forro interior de algod\u00e3o.Tem tratamento bactericida e s\u00e3o certificados com o selo CE da categoria III...","rel":"","context":"Similar post","img":{"alt_text":"","src":"https:\/\/i0.wp.com\/mundo.seashell.pt\/wp-content\/uploads\/2022\/02\/07-gloves-05-gloves-universal-portrait_PhotoRoom_20210418_123030.jpg?resize=350%2C200&ssl=1","width":350,"height":200},"classes":[]},{"id":5470,"url":"https:\/\/mundo.seashell.pt\/?product=luvas-descartaveis-100-unid","url_meta":{"origin":5472,"position":2},"title":"Luvas Descart\u00e1veis (100 unid)","date":"Fevereiro 23, 2022","format":false,"excerpt":"Luvas descart\u00e1veis polietileno tipo palha\u00e7o.","rel":"","context":"Similar post","img":{"alt_text":"","src":"https:\/\/i0.wp.com\/mundo.seashell.pt\/wp-content\/uploads\/2022\/02\/AIG6936906_PhotoRoom_20210509_175317.jpg?resize=350%2C200&ssl=1","width":350,"height":200},"classes":[]},{"id":6153,"url":"https:\/\/mundo.seashell.pt\/?product=luvas-ultrassensiveis","url_meta":{"origin":5472,"position":3},"title":"Luvas Ultrassens\u00edveis","date":"Fevereiro 23, 2022","format":false,"excerpt":"100% l\u00e1tex natural Projetado para ser usado em tarefas que necessitam da prote\u00e7\u00e3o das m\u00e3os e simultaneamente grande sensibilidade para a manipula\u00e7\u00e3o de objetos, ferramentas ou equipamentos. Luva de l\u00e1tex natural e neopreno com tratamento externo. N\u00e3o t\u00eam forro interno para oferecer um toque mais sens\u00edvel e pr\u00f3ximo ao da\u2026","rel":"","context":"Similar post","img":{"alt_text":"","src":"https:\/\/i0.wp.com\/mundo.seashell.pt\/wp-content\/uploads\/2022\/02\/07-gloves-06-gloves-lightweight-portrait_PhotoRoom_20210418_123257.jpg?resize=350%2C200&ssl=1","width":350,"height":200},"classes":[]},{"id":7244,"url":"https:\/\/mundo.seashell.pt\/?product=luvas-latex-flocados-amarelo-m-1par","url_meta":{"origin":5472,"position":4},"title":"Luvas Latex FLOCADOS Amarelo (M) (1Par)","date":"Fevereiro 23, 2022","format":false,"excerpt":"Luvas Latex FLOCADOS Amarelo - 1Par Tamanho M Luva de l\u00e1tex reutiliz\u00e1vel plus flocado.","rel":"","context":"Similar post","img":{"alt_text":"","src":"https:\/\/i0.wp.com\/mundo.seashell.pt\/wp-content\/uploads\/2022\/02\/cuatrogasa-guante-flocado-amarillo-latex-plus-1.jpeg?resize=350%2C200&ssl=1","width":350,"height":200},"classes":[]},{"id":7246,"url":"https:\/\/mundo.seashell.pt\/?product=luvas-latex-flocados-amarelo-l-1par","url_meta":{"origin":5472,"position":5},"title":"Luvas Latex FLOCADOS Amarelo (L) (1Par)","date":"Fevereiro 23, 2022","format":false,"excerpt":"Luvas Latex FLOCADOS Amarelo - 1Par Tamanho M Luva de l\u00e1tex reutiliz\u00e1vel plus flocado.","rel":"","context":"Similar post","img":{"alt_text":"","src":"https:\/\/i0.wp.com\/mundo.seashell.pt\/wp-content\/uploads\/2022\/02\/cuatrogasa-guante-flocado-amarillo-latex-plus-2.jpeg?resize=350%2C200&ssl=1","width":350,"height":200},"classes":[]}],"_links":{"self":[{"href":"https:\/\/mundo.seashell.pt\/index.php?rest_route=\/wp\/v2\/product\/5472","targetHints":{"allow":["GET"]}}],"collection":[{"href":"https:\/\/mundo.seashell.pt\/index.php?rest_route=\/wp\/v2\/product"}],"about":[{"href":"https:\/\/mundo.seashell.pt\/index.php?rest_route=\/wp\/v2\/types\/product"}],"wp:featuredmedia":[{"embeddable":true,"href":"https:\/\/mundo.seashell.pt\/index.php?rest_route=\/wp\/v2\/media\/5473"}],"wp:attachment":[{"href":"https:\/\/mundo.seashell.pt\/index.php?rest_route=%2Fwp%2Fv2%2Fmedia&parent=5472"}],"wp:term":[{"taxonomy":"product_cat","embeddable":true,"href":"https:\/\/mundo.seashell.pt\/index.php?rest_route=%2Fwp%2Fv2%2Fproduct_cat&post=5472"},{"taxonomy":"product_tag","embeddable":true,"href":"https:\/\/mundo.seashell.pt\/index.php?rest_route=%2Fwp%2Fv2%2Fproduct_tag&post=5472"}],"curies":[{"name":"wp","href":"https:\/\/api.w.org\/{rel}","templated":true}]}}