{"id":5470,"date":"2022-02-23T11:28:45","date_gmt":"2022-02-23T11:28:45","guid":{"rendered":"https:\/\/mundo.seashell.pt\/?post_type=product&#038;p=5470"},"modified":"2022-02-23T11:28:47","modified_gmt":"2022-02-23T11:28:47","slug":"luvas-descartaveis-100-unid","status":"publish","type":"product","link":"https:\/\/mundo.seashell.pt\/?product=luvas-descartaveis-100-unid","title":{"rendered":"Luvas Descart\u00e1veis (100 unid)"},"content":{"rendered":"<p>Luvas descart\u00e1veis polietileno tipo palha\u00e7o. Ideais para servi\u00e7os de combust\u00edveis, frutarias, mercados, restaurante e cantinas.&nbsp;<\/p>\n<p><strong>Embalagem: 100 unidades&nbsp;<\/strong><\/p>\n<p>Luva n\u00e3o esterilizada fabricada com polietileno baixa densidade neutro.<\/p>\n<p>&#8211; Ligeiramente gofrado<\/p>\n<p>&#8211; Tamanho \u00fanico<\/p>\n<p>&#8211; Transparente<\/p>\n<p>&#8211; Apto para o contacto com alimentos<\/p>\n<p>&#8211;&nbsp;Dispon\u00edvel em caixa com 10 embalagens de 100 unidades cada.&nbsp;<strong><br \/><\/strong><\/p>\n","protected":false},"excerpt":{"rendered":"<p>Luvas descart\u00e1veis polietileno tipo palha\u00e7o. <\/p>\n","protected":false},"featured_media":5471,"template":"","meta":{"spay_email":""},"product_cat":[15],"product_tag":[],"class_list":{"0":"post-5470","1":"product","2":"type-product","3":"status-publish","4":"has-post-thumbnail","6":"product_cat-sem-categoria","8":"first","9":"instock","10":"taxable","11":"shipping-taxable","12":"purchasable","13":"product-type-simple"},"acf":[],"jetpack-related-posts":[{"id":5468,"url":"https:\/\/mundo.seashell.pt\/?product=aventais-descartaveis-100-unid","url_meta":{"origin":5470,"position":0},"title":"Aventais Descart\u00e1veis (100 unid)","date":"Fevereiro 23, 2022","format":false,"excerpt":"Aventais Descart\u00e1veis (100 unid)","rel":"","context":"Similar post","img":{"alt_text":"","src":"https:\/\/i0.wp.com\/mundo.seashell.pt\/wp-content\/uploads\/2022\/02\/aventais_PhotoRoom_20210509_175234.jpg?resize=350%2C200&ssl=1","width":350,"height":200},"classes":[]},{"id":5472,"url":"https:\/\/mundo.seashell.pt\/?product=luvas-nitrilo-l-1x100","url_meta":{"origin":5470,"position":1},"title":"Luvas Nitrilo L (1&#215;100)","date":"Fevereiro 23, 2022","format":false,"excerpt":"Luvas Nitrilo Azuis sem p\u00f3","rel":"","context":"Similar post","img":{"alt_text":"","src":"https:\/\/i0.wp.com\/mundo.seashell.pt\/wp-content\/uploads\/2022\/02\/5ebd1a1ebd3db85ccd22eba0-large_PhotoRoom_20210509_175225.jpg?resize=350%2C200&ssl=1","width":350,"height":200},"classes":[]},{"id":6151,"url":"https:\/\/mundo.seashell.pt\/?product=luvas-litetuff","url_meta":{"origin":5470,"position":2},"title":"Luvas LiteTuff","date":"Fevereiro 23, 2022","format":false,"excerpt":"Apresentado numa caixa dispensadora Oferecem uma excelente prote\u00e7\u00e3o em todas as tarefas de limpeza que exigem mudan\u00e7as regulares nas luvas por raz\u00f5es de higiene. Ideal para uso em servi\u00e7os sanit\u00e1rios, manuten\u00e7\u00e3o geral em edif\u00edcios, bem como para manipula\u00e7\u00e3o de alimentos no canal HoReCa. LiteTuff combina uma sensibilidade muito boa co...","rel":"","context":"Similar post","img":{"alt_text":"","src":"https:\/\/i0.wp.com\/mundo.seashell.pt\/wp-content\/uploads\/2022\/02\/07-gloves-09-gloves-litetuff-portrait_PhotoRoom_20210418_123438.jpg?resize=350%2C200&ssl=1","width":350,"height":200},"classes":[]},{"id":5568,"url":"https:\/\/mundo.seashell.pt\/?product=saco-lixo-bd-10-kg","url_meta":{"origin":5470,"position":3},"title":"Sacos de Lixo BD Industriais (10 Kg)","date":"Fevereiro 23, 2022","format":false,"excerpt":"Sacos do lixo resistentes, feitos com polietileno de baixa densidade. 100% Reciclados\ufeff Sacos Rolo Lixo Industrial de 80 micras.","rel":"","context":"Similar post","img":{"alt_text":"","src":"https:\/\/i0.wp.com\/mundo.seashell.pt\/wp-content\/uploads\/2022\/02\/goods_02_436158_PhotoRoom_20210326_095147.jpg?resize=350%2C200&ssl=1","width":350,"height":200},"classes":[]},{"id":7142,"url":"https:\/\/mundo.seashell.pt\/?product=sacos-de-alcas-as-cores","url_meta":{"origin":5470,"position":4},"title":"Sacos de Al\u00e7as \u00e0s Cores","date":"Fevereiro 23, 2022","format":false,"excerpt":"Sacos de Al\u00e7as \u00e0s Cores Sacos com al\u00e7a feitos em polietileno de alta densidade, cor disponivel atualmente em produ\u00e7\u00e3o. Espessura superior a 50 microns","rel":"","context":"Similar post","img":{"alt_text":"","src":"https:\/\/i0.wp.com\/mundo.seashell.pt\/wp-content\/uploads\/2022\/02\/sacos-ad-alca-cor.png?resize=350%2C200&ssl=1","width":350,"height":200},"classes":[]},{"id":5574,"url":"https:\/\/mundo.seashell.pt\/?product=sacos-bd-kg","url_meta":{"origin":5470,"position":5},"title":"Sacos Transparentes BD ao Kg","date":"Fevereiro 23, 2022","format":false,"excerpt":"Sacos em polietileno de baixa densidade cristal, aptos para uso alimentar. Utilizado na industria, talhos, charcutarias, fruta, etc.\ufeff\ufeff","rel":"","context":"Similar post","img":{"alt_text":"","src":"https:\/\/i0.wp.com\/mundo.seashell.pt\/wp-content\/uploads\/2022\/02\/sacos-ad-rolo-kg_PhotoRoom_20210509_175231-1.jpg?resize=350%2C200&ssl=1","width":350,"height":200},"classes":[]}],"_links":{"self":[{"href":"https:\/\/mundo.seashell.pt\/index.php?rest_route=\/wp\/v2\/product\/5470","targetHints":{"allow":["GET"]}}],"collection":[{"href":"https:\/\/mundo.seashell.pt\/index.php?rest_route=\/wp\/v2\/product"}],"about":[{"href":"https:\/\/mundo.seashell.pt\/index.php?rest_route=\/wp\/v2\/types\/product"}],"wp:featuredmedia":[{"embeddable":true,"href":"https:\/\/mundo.seashell.pt\/index.php?rest_route=\/wp\/v2\/media\/5471"}],"wp:attachment":[{"href":"https:\/\/mundo.seashell.pt\/index.php?rest_route=%2Fwp%2Fv2%2Fmedia&parent=5470"}],"wp:term":[{"taxonomy":"product_cat","embeddable":true,"href":"https:\/\/mundo.seashell.pt\/index.php?rest_route=%2Fwp%2Fv2%2Fproduct_cat&post=5470"},{"taxonomy":"product_tag","embeddable":true,"href":"https:\/\/mundo.seashell.pt\/index.php?rest_route=%2Fwp%2Fv2%2Fproduct_tag&post=5470"}],"curies":[{"name":"wp","href":"https:\/\/api.w.org\/{rel}","templated":true}]}}