{"id":5468,"date":"2022-02-23T11:28:43","date_gmt":"2022-02-23T11:28:43","guid":{"rendered":"https:\/\/mundo.seashell.pt\/?post_type=product&#038;p=5468"},"modified":"2022-02-23T11:28:45","modified_gmt":"2022-02-23T11:28:45","slug":"aventais-descartaveis-100-unid","status":"publish","type":"product","link":"https:\/\/mundo.seashell.pt\/?product=aventais-descartaveis-100-unid","title":{"rendered":"Aventais Descart\u00e1veis (100 unid)"},"content":{"rendered":"<p>Fabricado com polietileno de baixa densidade de cor branca.<\/p>\n<p> Protege a roupa do utilizador, uso habitual na industria alimentar.<\/p>\n<p>Dimens\u00f5es: 80 x 120 cm<\/p>\n<p>Dispon\u00edvel em caixa com 5 embalagens de 100 unidades cada. <\/p>\n","protected":false},"excerpt":{"rendered":"<p>Aventais Descart\u00e1veis (100 unid)<\/p>\n","protected":false},"featured_media":5469,"template":"","meta":{"spay_email":""},"product_cat":[15],"product_tag":[],"class_list":{"0":"post-5468","1":"product","2":"type-product","3":"status-publish","4":"has-post-thumbnail","6":"product_cat-sem-categoria","8":"first","9":"instock","10":"taxable","11":"shipping-taxable","12":"purchasable","13":"product-type-simple"},"acf":[],"jetpack-related-posts":[{"id":5470,"url":"https:\/\/mundo.seashell.pt\/?product=luvas-descartaveis-100-unid","url_meta":{"origin":5468,"position":0},"title":"Luvas Descart\u00e1veis (100 unid)","date":"Fevereiro 23, 2022","format":false,"excerpt":"Luvas descart\u00e1veis polietileno tipo palha\u00e7o.","rel":"","context":"Similar post","img":{"alt_text":"","src":"https:\/\/i0.wp.com\/mundo.seashell.pt\/wp-content\/uploads\/2022\/02\/AIG6936906_PhotoRoom_20210509_175317.jpg?resize=350%2C200&ssl=1","width":350,"height":200},"classes":[]},{"id":6179,"url":"https:\/\/mundo.seashell.pt\/?product=pano-microroll","url_meta":{"origin":5468,"position":1},"title":"Pano MicroRoll","date":"Fevereiro 23, 2022","format":false,"excerpt":"MicroRoll O poder 100% da microfibra Nada limpa t\u00e3o profundo quanto microfibras. Elimina graxa e impress\u00f5es digitais sem esfregar. Como? As microfibras ultrafinas literalmente retiram a sujeira da superf\u00edcie.Voc\u00ea economiza tempo e dinheiro, especialmente porque voc\u00ea pode fazer o trabalho com um m\u00ednimo de produtos qu\u00edmico...","rel":"","context":"Similar post","img":{"alt_text":"","src":"https:\/\/i0.wp.com\/mundo.seashell.pt\/wp-content\/uploads\/2022\/02\/01-wiping-01-microfibre-cloths-08-microroll-microroll-detail-580x435_PhotoRoom_20210418_123129.jpg?resize=350%2C200&ssl=1","width":350,"height":200},"classes":[]},{"id":6209,"url":"https:\/\/mundo.seashell.pt\/?product=pano-micronsolo-vileda-100-panos","url_meta":{"origin":5468,"position":2},"title":"Pano MicronSolo &#8211; Vileda (100 panos)","date":"Fevereiro 23, 2022","format":false,"excerpt":"MicronSolo Alta absor\u00e7\u00e3o e rendimento de limpeza O MicronSolo \u00e9 o nosso pano de microfibra descart\u00e1vel com um rendimento de limpeza superior e uma excelente capacidade de absor\u00e7\u00e3o. Comparado com os panos descart\u00e1veis comuns, a limpeza com o pano MicronSolo \u00e9 mais f\u00e1cil e evita infe\u00e7\u00f5es em zonas higienicament...","rel":"","context":"Similar post","img":{"alt_text":"","src":"https:\/\/i0.wp.com\/mundo.seashell.pt\/wp-content\/uploads\/2022\/02\/Micron-Solo-Main-ClonedDuringMediaCleanUp012-carouselImage_PhotoRoom_20210418_122813.jpg?resize=350%2C200&ssl=1","width":350,"height":200},"classes":[]},{"id":7002,"url":"https:\/\/mundo.seashell.pt\/?product=gillette-blue-6-laminas-descartaveis","url_meta":{"origin":5468,"position":3},"title":"Gillette Blue 6 L\u00e2minas Descart\u00e1veis","date":"Fevereiro 23, 2022","format":false,"excerpt":"Gillette, a op\u00e7\u00e3o ao seu alcance para um barbear impec\u00e1vel.Descri\u00e7\u00e3o: Com a m\u00e1quina de barbear descart\u00e1vel Gillette Blue II est\u00e1 na sua m\u00e3o um barbear excecional. Cont\u00e9m duas l\u00e2minas duplas finas para proporcionar um barbear confort\u00e1vel a qualquer homem. Tipo de produto: L\u00e2mina Descart\u00e1velBenef\u00edcios:","rel":"","context":"Similar post","img":{"alt_text":"","src":"https:\/\/i0.wp.com\/mundo.seashell.pt\/wp-content\/uploads\/2022\/02\/transferir__6_.jpeg?resize=350%2C200&ssl=1","width":350,"height":200},"classes":[]},{"id":6996,"url":"https:\/\/mundo.seashell.pt\/?product=gillette-mach-3-start-4-recargas","url_meta":{"origin":5468,"position":4},"title":"Gillette Mach 3 Start 4 Recargas","date":"Fevereiro 23, 2022","format":false,"excerpt":"As recargas de l\u00e2minas para m\u00e1quina de barbear Gillette Mach3 Turbo para homem foram concebidas para um barbear cl\u00e1ssico e preciso, no qual pode confiar. Com tr\u00eas l\u00e2minas mais resistentes do que o a\u00e7o que se mant\u00eam afiadas durante mais tempo (vs. Sensor3). Todas as recargas de l\u00e2minas Mach3 adaptam-se\u2026","rel":"","context":"Similar post","img":{"alt_text":"","src":"https:\/\/i0.wp.com\/mundo.seashell.pt\/wp-content\/uploads\/2022\/02\/transferir__4_.jpeg?resize=350%2C200&ssl=1","width":350,"height":200},"classes":[]},{"id":6207,"url":"https:\/\/mundo.seashell.pt\/?product=pano-micronsolo-vileda-em-rolo","url_meta":{"origin":5468,"position":5},"title":"Pano MicronSolo &#8211; Vileda (em rolo)","date":"Fevereiro 23, 2022","format":false,"excerpt":"MicronSolo Rolo Pano de microfibra descart\u00e1vel pr\u00e1tico onde a higiene \u00e9 cr\u00edtica Pano de microfibra descart\u00e1vel com desempenho de limpeza superior combinado com fibras de viscose para excelente absor\u00e7\u00e3o. MicronSolo \u00e9 a solu\u00e7\u00e3o ideal quando se precisa de um pano descart\u00e1vel ,necess\u00e1rio em ambientes com alto n\u00edvel de hi...","rel":"","context":"Similar post","img":{"alt_text":"","src":"https:\/\/i0.wp.com\/mundo.seashell.pt\/wp-content\/uploads\/2022\/02\/MicronSolo-Roll-Main-ClonedDuringMediaCleanUp012-carouselImage_PhotoRoom_20210418_123421.jpg?resize=350%2C200&ssl=1","width":350,"height":200},"classes":[]}],"_links":{"self":[{"href":"https:\/\/mundo.seashell.pt\/index.php?rest_route=\/wp\/v2\/product\/5468","targetHints":{"allow":["GET"]}}],"collection":[{"href":"https:\/\/mundo.seashell.pt\/index.php?rest_route=\/wp\/v2\/product"}],"about":[{"href":"https:\/\/mundo.seashell.pt\/index.php?rest_route=\/wp\/v2\/types\/product"}],"wp:featuredmedia":[{"embeddable":true,"href":"https:\/\/mundo.seashell.pt\/index.php?rest_route=\/wp\/v2\/media\/5469"}],"wp:attachment":[{"href":"https:\/\/mundo.seashell.pt\/index.php?rest_route=%2Fwp%2Fv2%2Fmedia&parent=5468"}],"wp:term":[{"taxonomy":"product_cat","embeddable":true,"href":"https:\/\/mundo.seashell.pt\/index.php?rest_route=%2Fwp%2Fv2%2Fproduct_cat&post=5468"},{"taxonomy":"product_tag","embeddable":true,"href":"https:\/\/mundo.seashell.pt\/index.php?rest_route=%2Fwp%2Fv2%2Fproduct_tag&post=5468"}],"curies":[{"name":"wp","href":"https:\/\/api.w.org\/{rel}","templated":true}]}}