{"id":5466,"date":"2022-02-23T11:28:41","date_gmt":"2022-02-23T11:28:41","guid":{"rendered":"https:\/\/mundo.seashell.pt\/?post_type=product&#038;p=5466"},"modified":"2022-02-23T11:28:43","modified_gmt":"2022-02-23T11:28:43","slug":"bomba-dosificadora-para-garrafao-5l","status":"publish","type":"product","link":"https:\/\/mundo.seashell.pt\/?product=bomba-dosificadora-para-garrafao-5l","title":{"rendered":"Bomba Doseadora para Garraf\u00e3o de 5l"},"content":{"rendered":"<p>Bomba manual para montar nas tanques de 5 litros da gama Sutter Professional para a distribui\u00e7\u00e3o de doses de 30 ml de produto qu\u00edmico.<\/p>\n","protected":false},"excerpt":{"rendered":"<p>Bomba manual para montar nas tanques de 5 litros da gama Sutter Professional para a distribui\u00e7\u00e3o de doses de 30 ml de produto qu\u00edmico.<\/p>\n","protected":false},"featured_media":5467,"template":"","meta":{"spay_email":""},"product_cat":[15],"product_tag":[],"class_list":{"0":"post-5466","1":"product","2":"type-product","3":"status-publish","4":"has-post-thumbnail","6":"product_cat-sem-categoria","8":"first","9":"instock","10":"taxable","11":"shipping-taxable","12":"purchasable","13":"product-type-simple"},"acf":[],"jetpack-related-posts":[{"id":5820,"url":"https:\/\/mundo.seashell.pt\/?product=stain-active-5kg-lavandaria-automaticamanual","url_meta":{"origin":5466,"position":0},"title":"Aditivo Tira-N\u00f3doas Stain Active &#8211; Lavandaria Autom\u00e1tica\/Manual","date":"Fevereiro 23, 2022","format":false,"excerpt":"AditivoTira-N\u00f3doas Para Lavagem Manual e Autom\u00e1tica de Tecidos Brancos ou de Cor com um branqueamento e a\u00e7\u00e3o neutralizante do mau cheiro de qualidade superior.","rel":"","context":"Similar post","img":{"alt_text":"","src":"https:\/\/i0.wp.com\/mundo.seashell.pt\/wp-content\/uploads\/2022\/02\/stain_active.jpg?resize=350%2C200&ssl=1","width":350,"height":200},"classes":[]},{"id":5784,"url":"https:\/\/mundo.seashell.pt\/?product=enzy-extra-5-kg-lavandaria-automaticamanual","url_meta":{"origin":5466,"position":1},"title":"Detergente Enzy Extra &#8211; Lavandaria Autom\u00e1tica\/Manual","date":"Fevereiro 23, 2022","format":false,"excerpt":"Detergente completo enzim\u00e1tico para lavagem manual e autom\u00e1tica de tecidos","rel":"","context":"Similar post","img":{"alt_text":"","src":"https:\/\/i0.wp.com\/mundo.seashell.pt\/wp-content\/uploads\/2022\/02\/enzy_extra.jpg?resize=350%2C200&ssl=1","width":350,"height":200},"classes":[]},{"id":5738,"url":"https:\/\/mundo.seashell.pt\/?product=soft-power-caps-5kg-lavandaria-automaticamanual","url_meta":{"origin":5466,"position":2},"title":"Amaciador Soft Power Caps &#8211; Lavandaria Autom\u00e1tica\/Manual","date":"Fevereiro 23, 2022","format":false,"excerpt":"Amaciador concentrado altamente perfumado para lavagem da roupa tecnologia patenteada com microc\u00e1psulas","rel":"","context":"Similar post","img":{"alt_text":"","src":"https:\/\/i0.wp.com\/mundo.seashell.pt\/wp-content\/uploads\/2022\/02\/soft_power_caps.jpg?resize=350%2C200&ssl=1","width":350,"height":200},"classes":[]},{"id":5782,"url":"https:\/\/mundo.seashell.pt\/?product=clean-active-20-kg-lavandaria-automaticamanual","url_meta":{"origin":5466,"position":3},"title":"Detergente Clean Active &#8211; Lavandaria Autom\u00e1tica\/Manual","date":"Fevereiro 23, 2022","format":false,"excerpt":"Detergente perfumado para lavagem manual e autom\u00e1tica da roupa com efeito poderoso de lavagem para todos os tipos de sujidade e de tecido.","rel":"","context":"Similar post","img":{"alt_text":"","src":"https:\/\/i0.wp.com\/mundo.seashell.pt\/wp-content\/uploads\/2022\/02\/clean_active.jpg?resize=350%2C200&ssl=1","width":350,"height":200},"classes":[]},{"id":5740,"url":"https:\/\/mundo.seashell.pt\/?product=soft-power-caps-eco-20kg","url_meta":{"origin":5466,"position":4},"title":"Amaciador Soft Power Caps Eco 20Kg","date":"Fevereiro 23, 2022","format":false,"excerpt":"Amaciador concentrado altamente perfumado para lavagem da roupa. Tecnologia patenteada com perfume microencapsulado.","rel":"","context":"Similar post","img":{"alt_text":"","src":"https:\/\/i0.wp.com\/mundo.seashell.pt\/wp-content\/uploads\/2022\/02\/soft_power_caps_eco.jpg?resize=350%2C200&ssl=1","width":350,"height":200},"classes":[]},{"id":5720,"url":"https:\/\/mundo.seashell.pt\/?product=cleanox-5kg","url_meta":{"origin":5466,"position":5},"title":"Higienizante Cleanox 5Kg","date":"Fevereiro 23, 2022","format":false,"excerpt":"Detergente higienizante concentrado \u00e0 base de per\u00f3xido de hidrog\u00eanio adequado para todas as superf\u00edcies lav\u00e1veis","rel":"","context":"Similar post","img":{"alt_text":"","src":"https:\/\/i0.wp.com\/mundo.seashell.pt\/wp-content\/uploads\/2022\/02\/cleanox.jpg?resize=350%2C200&ssl=1","width":350,"height":200},"classes":[]}],"_links":{"self":[{"href":"https:\/\/mundo.seashell.pt\/index.php?rest_route=\/wp\/v2\/product\/5466","targetHints":{"allow":["GET"]}}],"collection":[{"href":"https:\/\/mundo.seashell.pt\/index.php?rest_route=\/wp\/v2\/product"}],"about":[{"href":"https:\/\/mundo.seashell.pt\/index.php?rest_route=\/wp\/v2\/types\/product"}],"wp:featuredmedia":[{"embeddable":true,"href":"https:\/\/mundo.seashell.pt\/index.php?rest_route=\/wp\/v2\/media\/5467"}],"wp:attachment":[{"href":"https:\/\/mundo.seashell.pt\/index.php?rest_route=%2Fwp%2Fv2%2Fmedia&parent=5466"}],"wp:term":[{"taxonomy":"product_cat","embeddable":true,"href":"https:\/\/mundo.seashell.pt\/index.php?rest_route=%2Fwp%2Fv2%2Fproduct_cat&post=5466"},{"taxonomy":"product_tag","embeddable":true,"href":"https:\/\/mundo.seashell.pt\/index.php?rest_route=%2Fwp%2Fv2%2Fproduct_tag&post=5466"}],"curies":[{"name":"wp","href":"https:\/\/api.w.org\/{rel}","templated":true}]}}