{"id":5462,"date":"2022-02-23T11:28:37","date_gmt":"2022-02-23T11:28:37","guid":{"rendered":"https:\/\/mundo.seashell.pt\/?post_type=product&#038;p=5462"},"modified":"2022-02-23T11:28:39","modified_gmt":"2022-02-23T11:28:39","slug":"molas-de-plastico-para-roupa-36","status":"publish","type":"product","link":"https:\/\/mundo.seashell.pt\/?product=molas-de-plastico-para-roupa-36","title":{"rendered":"Molas de Pl\u00e1stico para Roupa (36 unidades)"},"content":{"rendered":"<p>Molas convencionais de pl\u00e1stico em embalagem de 36 unidades.<\/p>\n","protected":false},"excerpt":{"rendered":"<p>Molas convencionais de pl\u00e1stico em embalagem de 36 unidades.<\/p>\n","protected":false},"featured_media":5463,"template":"","meta":{"spay_email":""},"product_cat":[15],"product_tag":[],"class_list":{"0":"post-5462","1":"product","2":"type-product","3":"status-publish","4":"has-post-thumbnail","6":"product_cat-sem-categoria","8":"first","9":"instock","10":"taxable","11":"shipping-taxable","12":"purchasable","13":"product-type-simple"},"acf":[],"jetpack-related-posts":[{"id":6279,"url":"https:\/\/mundo.seashell.pt\/?product=cif-toalhitas-multiusos-36-unidades","url_meta":{"origin":5462,"position":0},"title":"CIF Toalhitas Multiusos &#8211; 36 unidades","date":"Fevereiro 23, 2022","format":false,"excerpt":"Cif toalhitas limpam e desengorduram numa s\u00f3 passagem. S\u00e3o adequadas para v\u00e1rios tipos de superf\u00edcies, tais como lava-loi\u00e7a, fog\u00e3o, chuveiro, frigor\u00edfico, caixas, casa de banho e cozinha.Benef\u00edcios: - Toalhitas 100% biodegrad\u00e1veis;- Limpeza numa s\u00f3 passagem;- Efic\u00e1cia e conveni\u00eancia. Conselhos de utiliza\u00e7\u00e3o:","rel":"","context":"Similar post","img":{"alt_text":"","src":"https:\/\/i0.wp.com\/mundo.seashell.pt\/wp-content\/uploads\/2022\/02\/CIF_Toalhitas_Desinfetantes_36_Pcs_8710522939734.png?resize=350%2C200&ssl=1","width":350,"height":200},"classes":[]},{"id":6277,"url":"https:\/\/mundo.seashell.pt\/?product=sanytol-toalhitas-multiusos-36-unidades","url_meta":{"origin":5462,"position":1},"title":"Sanytol Toalhitas Multiusos &#8211; 36 unidades","date":"Fevereiro 23, 2022","format":false,"excerpt":"Toalhitas Desinfetantes Multiusos \u2013 Eucalipto Pr\u00e1ticas e eficazes, as toalhitas desinfetantes multiusos SANYTOL limpam e desinfetam todas as superf\u00edcies numa s\u00f3 passagem! Ideais para a limpeza di\u00e1ria, deixar\u00e3o a sua casa com um cheiro a limpeza. CARACTER\u00cdSTICAS Elimina 99,9% de bact\u00e9rias, fungos, v\u00edrus H1N1 ...","rel":"","context":"Similar post","img":{"alt_text":"","src":"https:\/\/i0.wp.com\/mundo.seashell.pt\/wp-content\/uploads\/2022\/02\/SANYTOL_TOALHITAS_DESINFECTANTES_MULTIUSOS_36u_8411660000224.png?resize=350%2C200&ssl=1","width":350,"height":200},"classes":[]},{"id":7148,"url":"https:\/\/mundo.seashell.pt\/?product=bayeco-papel-vegetal-8m","url_meta":{"origin":5462,"position":2},"title":"Bayeco Papel Vegetal &#8211; 8m","date":"Fevereiro 23, 2022","format":false,"excerpt":"Bayeco Papel Vegetal - 8m Antiaderente dos dois lados. Extremamente resistente a altas temperaturas.Descri\u00e7\u00e3o: O papel vegetal da Bayeco apresenta uma antiader\u00eancia em ambos os lados o que possibilita fazer cozinhardos menos gordurosos, \u00e9 extremamente resistente podendo ser utilizado at\u00e9 uma temperatura de 220\u00ba.Este...","rel":"","context":"Similar post","img":{"alt_text":"","src":"https:\/\/i0.wp.com\/mundo.seashell.pt\/wp-content\/uploads\/2022\/02\/bayeco-papel-horno-hojas-380-mm-20-hojas.jpeg?resize=350%2C200&ssl=1","width":350,"height":200},"classes":[]},{"id":7060,"url":"https:\/\/mundo.seashell.pt\/?product=splendor-impermeabilizador-spray-incolor-200ml","url_meta":{"origin":5462,"position":3},"title":"Splendor Impermeabilizador Spray Incolor 200ml","date":"Fevereiro 23, 2022","format":false,"excerpt":"Splendor Impermeabilizador Spray Incolor 200ml Fun\u00e7\u00e3oImpermeabiliza todo o tipo de peles. Modo de Utiliza\u00e7\u00e3oEm sapatos usados, escovar bem antes de aplicar o impermeabilizador. Em sapatos novos, aplicar diretamente o produto. Agitar a embalagem antes de usar. Vaporizar uniformemente. Dei...","rel":"","context":"Similar post","img":{"alt_text":"","src":"https:\/\/i0.wp.com\/mundo.seashell.pt\/wp-content\/uploads\/2022\/02\/285641_g.jpeg?resize=350%2C200&ssl=1","width":350,"height":200},"classes":[]},{"id":6339,"url":"https:\/\/mundo.seashell.pt\/?product=ajax-lava-tudo-madeiras-1l","url_meta":{"origin":5462,"position":4},"title":"Ajax Lava tudo Madeiras 1L","date":"Fevereiro 23, 2022","format":false,"excerpt":"Ajax Lava tudo Madeiras 1L Ajax lava tudo multisuperf\u00edcies para uso dom\u00e9stico, com uma nova f\u00f3rmula mais eficaz e a pensar no nosso planeta. Mantenha a sua casa com as superf\u00edcies de madeira higienicamente limpas com Ajax am\u00eandoa multiusos. Tipo de produto: Cuidado do Ch\u00e3o Notas\/Frag\u00e2ncia: Am\u00eandoaB...","rel":"","context":"Similar post","img":{"alt_text":"","src":"https:\/\/i0.wp.com\/mundo.seashell.pt\/wp-content\/uploads\/2022\/02\/Ajax_Lava_Tudo_MADEIRAS_1lt_8718951332713.png?resize=350%2C200&ssl=1","width":350,"height":200},"classes":[]},{"id":5598,"url":"https:\/\/mundo.seashell.pt\/?product=copo-plastico-transparente-200cc-100-unid","url_meta":{"origin":5462,"position":5},"title":"Copo Pl\u00e1stico Transparente 200cc &#8211; 100 Unid","date":"Fevereiro 23, 2022","format":false,"excerpt":"200cc 100 unidades","rel":"","context":"Similar post","img":{"alt_text":"","src":"https:\/\/i0.wp.com\/mundo.seashell.pt\/wp-content\/uploads\/2022\/02\/copo_transparente_200cc_PhotoRoom_20210509_175320.jpg?resize=350%2C200&ssl=1","width":350,"height":200},"classes":[]}],"_links":{"self":[{"href":"https:\/\/mundo.seashell.pt\/index.php?rest_route=\/wp\/v2\/product\/5462","targetHints":{"allow":["GET"]}}],"collection":[{"href":"https:\/\/mundo.seashell.pt\/index.php?rest_route=\/wp\/v2\/product"}],"about":[{"href":"https:\/\/mundo.seashell.pt\/index.php?rest_route=\/wp\/v2\/types\/product"}],"wp:featuredmedia":[{"embeddable":true,"href":"https:\/\/mundo.seashell.pt\/index.php?rest_route=\/wp\/v2\/media\/5463"}],"wp:attachment":[{"href":"https:\/\/mundo.seashell.pt\/index.php?rest_route=%2Fwp%2Fv2%2Fmedia&parent=5462"}],"wp:term":[{"taxonomy":"product_cat","embeddable":true,"href":"https:\/\/mundo.seashell.pt\/index.php?rest_route=%2Fwp%2Fv2%2Fproduct_cat&post=5462"},{"taxonomy":"product_tag","embeddable":true,"href":"https:\/\/mundo.seashell.pt\/index.php?rest_route=%2Fwp%2Fv2%2Fproduct_tag&post=5462"}],"curies":[{"name":"wp","href":"https:\/\/api.w.org\/{rel}","templated":true}]}}