{"id":5460,"date":"2022-02-23T11:28:35","date_gmt":"2022-02-23T11:28:35","guid":{"rendered":"https:\/\/mundo.seashell.pt\/?post_type=product&#038;p=5460"},"modified":"2022-02-23T11:28:37","modified_gmt":"2022-02-23T11:28:37","slug":"estendal-plastico-20m-branco","status":"publish","type":"product","link":"https:\/\/mundo.seashell.pt\/?product=estendal-plastico-20m-branco","title":{"rendered":"Estendal Pl\u00e1stico 20M &#8211; Branco"},"content":{"rendered":"<p>Estendal de pl\u00e1stico com 20 metros de espa\u00e7o para estender roupa.<\/p>\n<p>N\u00e3o enferruja.&nbsp;<\/p>\n","protected":false},"excerpt":{"rendered":"<p>Estendal de pl\u00e1stico com 20 metros de espa\u00e7o para estender roupa.<\/p>\n","protected":false},"featured_media":5461,"template":"","meta":{"spay_email":""},"product_cat":[15],"product_tag":[],"class_list":{"0":"post-5460","1":"product","2":"type-product","3":"status-publish","4":"has-post-thumbnail","6":"product_cat-sem-categoria","8":"first","9":"instock","10":"taxable","11":"shipping-taxable","12":"purchasable","13":"product-type-simple"},"acf":[],"jetpack-related-posts":[{"id":5462,"url":"https:\/\/mundo.seashell.pt\/?product=molas-de-plastico-para-roupa-36","url_meta":{"origin":5460,"position":0},"title":"Molas de Pl\u00e1stico para Roupa (36 unidades)","date":"Fevereiro 23, 2022","format":false,"excerpt":"Molas convencionais de pl\u00e1stico em embalagem de 36 unidades.","rel":"","context":"Similar post","img":{"alt_text":"","src":"https:\/\/i0.wp.com\/mundo.seashell.pt\/wp-content\/uploads\/2022\/02\/Captura_de_ecra__2021-03-06__a_s_11.05.50_PhotoRoom_20210408_113709.jpg?resize=350%2C200&ssl=1","width":350,"height":200},"classes":[]},{"id":6680,"url":"https:\/\/mundo.seashell.pt\/?product=iberai-tinte-40o","url_meta":{"origin":5460,"position":1},"title":"Iberai Tinte 40\u00ba","date":"Fevereiro 23, 2022","format":false,"excerpt":"A solu\u00e7\u00e3o para tingir e personalizar todos os seus tecidos e roupas em algod\u00e3o, linho, seda e viscose \u00e0 m\u00e3o ou na m\u00e1quina de lavar a 40\u00b0C. Tipo de produto: Auxiliar de Lavagem da RoupaBenef\u00edcios: - Solu\u00e7\u00e3o pr\u00e1tica e f\u00e1cil para tingir roupa. Conselhos de utiliza\u00e7\u00e3o: Tingir \u00e0 m\u00e1quina:","rel":"","context":"Similar post","img":{"alt_text":"","src":"https:\/\/i0.wp.com\/mundo.seashell.pt\/wp-content\/uploads\/2022\/02\/IBE_RIA_TINTO_PRETO_A_40_C_2x10g___50g_8411660211217.png?resize=350%2C200&ssl=1","width":350,"height":200},"classes":[]},{"id":7028,"url":"https:\/\/mundo.seashell.pt\/?product=comfort-saquetas-perfumadas-para-armario-3un","url_meta":{"origin":5460,"position":2},"title":"Comfort Saquetas Perfumadas para Arm\u00e1rio 3un","date":"Fevereiro 23, 2022","format":false,"excerpt":"Com as saquetas perfumadas de Comfort, pode sentir durante mais tempo a fragr\u00e2ncia delicada e deliciosa dos amaciadores de roupa Comfort. Liberta gradualmente o seu aroma durante 6 semanas, para que a sua roupa fique maravilhosamente fresca como se tivesse sido acabada de lavar. Benef\u00edcios: - Fragr\u00e2ncia fresca e duradoura;...","rel":"","context":"Similar post","img":{"alt_text":"","src":"https:\/\/i0.wp.com\/mundo.seashell.pt\/wp-content\/uploads\/2022\/02\/COMFORT_SAQUETAS_PERFUMADAS_AZUL_-_3SAQ_5601068010953.jpeg?resize=350%2C200&ssl=1","width":350,"height":200},"classes":[]},{"id":6599,"url":"https:\/\/mundo.seashell.pt\/?product=vernel-amaciador-de-roupa-57-doses","url_meta":{"origin":5460,"position":3},"title":"Vernel Amaciador de Roupa 57 doses","date":"Fevereiro 23, 2022","format":false,"excerpt":"A gama de Vernel oferece amaciadores concentrados enriquecidos com refinados \u00f3leos relaxantes e aromas sedutores que proporcionam uma sensa\u00e7\u00e3o de bem-estar. Para al\u00e9m de deixar a roupa incrivelmente suave, a f\u00f3rmula de Frangipani Fascinante cont\u00e9m uma fragr\u00e2ncia \u00fanica que deixa a sua roupa perfumada at\u00e9 200 dias. Estimule os seus\u2026","rel":"","context":"Similar post","img":{"alt_text":"","src":"https:\/\/i0.wp.com\/mundo.seashell.pt\/wp-content\/uploads\/2022\/02\/VERNEL_AT_VIOLETA_57_1L31_8UD_57D_8410436283113.png?resize=350%2C200&ssl=1","width":350,"height":200},"classes":[]},{"id":7126,"url":"https:\/\/mundo.seashell.pt\/?product=raid-anti-tracas-2-un","url_meta":{"origin":5460,"position":4},"title":"Raid Anti-tra\u00e7as 2 un","date":"Fevereiro 23, 2022","format":false,"excerpt":"Proteja a sua fam\u00edlia. Aproveite cada momento.Descri\u00e7\u00e3o: Raid\u00ae Anti-Tra\u00e7as lavanda fresca protege as roupas e tecidos contra as tra\u00e7as, durante uma esta\u00e7\u00e3o. A ess\u00eancia de lavanda perfuma agradavelmente arm\u00e1rios, roupeiros e gavetas. Notas\/Frag\u00e2ncia: LavandaConselhos de utiliza\u00e7\u00e3o: Retire por...","rel":"","context":"Similar post","img":{"alt_text":"","src":"https:\/\/i0.wp.com\/mundo.seashell.pt\/wp-content\/uploads\/2022\/02\/5820655-frente.jpeg?resize=350%2C200&ssl=1","width":350,"height":200},"classes":[]},{"id":6585,"url":"https:\/\/mundo.seashell.pt\/?product=persil-42-capsulas","url_meta":{"origin":5460,"position":5},"title":"Persil 42 C\u00e1psulas","date":"Fevereiro 23, 2022","format":false,"excerpt":"ra\u00e7as \u00e0 sua tecnologia exclusiva com dois compartimentos, Persil Duo Caps combina um tira n\u00f3doas ativo, para remover at\u00e9 as n\u00f3doas mais resistentes, com a f\u00f3rmula de luminosidade Persil, para um brilho radiante \u2013 tudo num s\u00f3 produto! Para uma lavagem completa de uma forma mais simples: basta colocar a\u2026","rel":"","context":"Similar post","img":{"alt_text":"","src":"https:\/\/i0.wp.com\/mundo.seashell.pt\/wp-content\/uploads\/2022\/02\/PERSIL_UNIVERSAL_POWERCAPS_42D_42D_8410436399531.png?resize=350%2C200&ssl=1","width":350,"height":200},"classes":[]}],"_links":{"self":[{"href":"https:\/\/mundo.seashell.pt\/index.php?rest_route=\/wp\/v2\/product\/5460","targetHints":{"allow":["GET"]}}],"collection":[{"href":"https:\/\/mundo.seashell.pt\/index.php?rest_route=\/wp\/v2\/product"}],"about":[{"href":"https:\/\/mundo.seashell.pt\/index.php?rest_route=\/wp\/v2\/types\/product"}],"wp:featuredmedia":[{"embeddable":true,"href":"https:\/\/mundo.seashell.pt\/index.php?rest_route=\/wp\/v2\/media\/5461"}],"wp:attachment":[{"href":"https:\/\/mundo.seashell.pt\/index.php?rest_route=%2Fwp%2Fv2%2Fmedia&parent=5460"}],"wp:term":[{"taxonomy":"product_cat","embeddable":true,"href":"https:\/\/mundo.seashell.pt\/index.php?rest_route=%2Fwp%2Fv2%2Fproduct_cat&post=5460"},{"taxonomy":"product_tag","embeddable":true,"href":"https:\/\/mundo.seashell.pt\/index.php?rest_route=%2Fwp%2Fv2%2Fproduct_tag&post=5460"}],"curies":[{"name":"wp","href":"https:\/\/api.w.org\/{rel}","templated":true}]}}