{"id":5458,"date":"2022-02-23T11:28:33","date_gmt":"2022-02-23T11:28:33","guid":{"rendered":"https:\/\/mundo.seashell.pt\/?post_type=product&#038;p=5458"},"modified":"2022-02-23T11:28:35","modified_gmt":"2022-02-23T11:28:35","slug":"panos-amarelos-36x40-1x5","status":"publish","type":"product","link":"https:\/\/mundo.seashell.pt\/?product=panos-amarelos-36x40-1x5","title":{"rendered":"Panos Amarelos 36&#215;40 (1&#215;5)"},"content":{"rendered":"<p><strong>Caracter\u00edsticas:<\/strong><\/p>\n<ul>\n<li>Pano multiusos amarelo para a limpeza de diversas superf\u00edcies.<\/li>\n<li>Pano ultra suave em amarelo<\/li>\n<li>Eficaz em diversos tipos de superf\u00edcies<\/li>\n<li>Dimens\u00f5es: 38 x 40 cm<\/li>\n<\/ul>\n<p><strong>Embalagem: 5 unidades<\/strong><\/p><\/p>\n","protected":false},"excerpt":{"rendered":"<p>Pano Multiusos Amarelo<\/p>\n","protected":false},"featured_media":5459,"template":"","meta":{"spay_email":""},"product_cat":[15],"product_tag":[],"class_list":{"0":"post-5458","1":"product","2":"type-product","3":"status-publish","4":"has-post-thumbnail","6":"product_cat-sem-categoria","8":"first","9":"instock","10":"taxable","11":"shipping-taxable","12":"purchasable","13":"product-type-simple"},"acf":[],"jetpack-related-posts":[{"id":6175,"url":"https:\/\/mundo.seashell.pt\/?product=pano-micronquick-5-panos","url_meta":{"origin":5458,"position":0},"title":"Pano MicronQuick (5 panos)","date":"Fevereiro 23, 2022","format":false,"excerpt":"MicronQuick Um rendimento de limpeza superior todos os dias Com o pano MicronQuick, que pode ser lavado na m\u00e1quina, pode economizar tempo na limpeza di\u00e1ria. O nosso pano MicronQuick est\u00e1 feito de microfibras patenteadas, alcan\u00e7ando um desempenho de limpeza superior mesmo em estruturas microsc\u00f3picas. ...","rel":"","context":"Similar post","img":{"alt_text":"","src":"https:\/\/i0.wp.com\/mundo.seashell.pt\/wp-content\/uploads\/2022\/02\/01-wiping-01-microfibre-cloths-12-micron-quick-micronquick-portrait-580x550_PhotoRoom_20210418_123240.jpg?resize=350%2C200&ssl=1","width":350,"height":200},"classes":[]},{"id":7252,"url":"https:\/\/mundo.seashell.pt\/?product=bayeco-microfibras-30x03cm-3-panos","url_meta":{"origin":5458,"position":1},"title":"Bayeco Microfibras 30x03cm 3 Panos","date":"Fevereiro 23, 2022","format":false,"excerpt":"O pacote de panos multiusos Bayeco inclui tr\u00eas panos 100% microfibras adequados para a limpeza de todos os tipos de superf\u00edcies. Com os panos multiusos Bayeco pode remover facilmente a gordura teimosa de qualquer superf\u00edcie da sua casa. O material torna estes panos altamente absorventes e deixa um acabamento perfeito\u2026","rel":"","context":"Similar post","img":{"alt_text":"","src":"https:\/\/i0.wp.com\/mundo.seashell.pt\/wp-content\/uploads\/2022\/02\/bayeco_panos.jpeg?resize=350%2C200&ssl=1","width":350,"height":200},"classes":[]},{"id":6191,"url":"https:\/\/mundo.seashell.pt\/?product=pano-wipro-ag-vileda-20-panos","url_meta":{"origin":5458,"position":2},"title":"Pano WiPro Ag &#8211; Vileda (20 panos)","date":"Fevereiro 23, 2022","format":false,"excerpt":"WiPro Ag Pano de tecido n\u00e3o tecido multiusos com efeito antibacteriano O Wipro produzido em tela n\u00e3o tecida, muito absorvente, com uma elevada efic\u00e1cia de limpeza, removendo mesmo sujidade ressequida. \u00c9 um pano de grande durabilidade e de f\u00e1cil lavagem preparado para as exig\u00eancias da limpeza profissional moderna. O pano\u2026","rel":"","context":"Similar post","img":{"alt_text":"","src":"https:\/\/i0.wp.com\/mundo.seashell.pt\/wp-content\/uploads\/2022\/02\/01-wiping-04-latex-coated-cloths-06-wipro-antibac-portrait_PhotoRoom_20210418_123521.jpg?resize=350%2C200&ssl=1","width":350,"height":200},"classes":[]},{"id":5434,"url":"https:\/\/mundo.seashell.pt\/?product=panos-microfibras-30x40-6-cores","url_meta":{"origin":5458,"position":3},"title":"Panos Microfibras 30x40cm (Embalagem de 12 Panos com 6 cores diferentes)","date":"Fevereiro 23, 2022","format":false,"excerpt":"Panos 100% microfibras, multiusos, ideais para quem pretende uma limpeza perfeita a seco ou molhado sem necessitar de produtos qu\u00edmicos, permitindo um acabamento perfeito.","rel":"","context":"Similar post","img":{"alt_text":"","src":"https:\/\/i0.wp.com\/mundo.seashell.pt\/wp-content\/uploads\/2022\/02\/Captura_de_ecra__2021-03-06__a_s_11.11.39_PhotoRoom_20210408_113522.jpg?resize=350%2C200&ssl=1","width":350,"height":200},"classes":[]},{"id":6185,"url":"https:\/\/mundo.seashell.pt\/?product=pano-microtuff-base-5-panos","url_meta":{"origin":5458,"position":4},"title":"Pano MicroTuff Base (5 panos)","date":"Fevereiro 23, 2022","format":false,"excerpt":"MicroTuff Base Pano tecido de microfibras multiuso Pano de microfibra tecida volumosa e com alta capacidade de coleta de sujidade. O MicroTuff Base fornece o excelente rendimento de limpeza das microfibras, o que torna a limpeza um trabalho r\u00e1pido e f\u00e1cil. Higiene e Seguran\u00e7aCom o sistema de codif...","rel":"","context":"Similar post","img":{"alt_text":"","src":"https:\/\/i0.wp.com\/mundo.seashell.pt\/wp-content\/uploads\/2022\/02\/01-wiping-01-microfibre-cloths-06-microtuff-plus-portrait_PhotoRoom_20210418_122910-1.jpg?resize=350%2C200&ssl=1","width":350,"height":200},"classes":[]},{"id":6199,"url":"https:\/\/mundo.seashell.pt\/?product=pano-multiusos-ag-vileda-rolo-pre-cortado","url_meta":{"origin":5458,"position":5},"title":"Pano Multiusos Ag &#8211; Vileda (rolo pr\u00e9-cortado)","date":"Fevereiro 23, 2022","format":false,"excerpt":"Multiusos Ag Arrasto m\u00e1ximo com grande suavidade Limpeza a seco, h\u00famida ou molhada, de todo tipo de superf\u00edcies, especialmente aquelas com muita sujidade solta,e em geral, em todos os lugares onde \u00e9 necess\u00e1ria alta capacidade de absor\u00e7\u00e3o (8,4 vezes o seu peso), facilidade de escorrer e velocidade .Rolo de 4\u2026","rel":"","context":"Similar post","img":{"alt_text":"","src":"https:\/\/i0.wp.com\/mundo.seashell.pt\/wp-content\/uploads\/2022\/02\/Iberica-Multiusos-Ag-carouselImage_PhotoRoom_20210418_122930.jpg?resize=350%2C200&ssl=1","width":350,"height":200},"classes":[]}],"_links":{"self":[{"href":"https:\/\/mundo.seashell.pt\/index.php?rest_route=\/wp\/v2\/product\/5458","targetHints":{"allow":["GET"]}}],"collection":[{"href":"https:\/\/mundo.seashell.pt\/index.php?rest_route=\/wp\/v2\/product"}],"about":[{"href":"https:\/\/mundo.seashell.pt\/index.php?rest_route=\/wp\/v2\/types\/product"}],"wp:featuredmedia":[{"embeddable":true,"href":"https:\/\/mundo.seashell.pt\/index.php?rest_route=\/wp\/v2\/media\/5459"}],"wp:attachment":[{"href":"https:\/\/mundo.seashell.pt\/index.php?rest_route=%2Fwp%2Fv2%2Fmedia&parent=5458"}],"wp:term":[{"taxonomy":"product_cat","embeddable":true,"href":"https:\/\/mundo.seashell.pt\/index.php?rest_route=%2Fwp%2Fv2%2Fproduct_cat&post=5458"},{"taxonomy":"product_tag","embeddable":true,"href":"https:\/\/mundo.seashell.pt\/index.php?rest_route=%2Fwp%2Fv2%2Fproduct_tag&post=5458"}],"curies":[{"name":"wp","href":"https:\/\/api.w.org\/{rel}","templated":true}]}}