{"id":5456,"date":"2022-02-23T11:28:27","date_gmt":"2022-02-23T11:28:27","guid":{"rendered":"https:\/\/mundo.seashell.pt\/?post_type=product&#038;p=5456"},"modified":"2022-02-23T11:28:31","modified_gmt":"2022-02-23T11:28:31","slug":"pano-ultra-suave-38x40-amarelo","status":"publish","type":"product","link":"https:\/\/mundo.seashell.pt\/?product=pano-ultra-suave-38x40-amarelo","title":{"rendered":"Pano Amarelo Ultra Suave 38x40cm (2 unidades)"},"content":{"rendered":"<p>Panos Amarelos ultra suaves, em conjunto de 2 unidades.&nbsp;<\/p>\n<ul>\n<li>Mais resistente<\/li>\n<li>Lav\u00e1vel na m\u00e1quina<\/li>\n<li>Ultra absorvente<\/li>\n<li>M\u00e1xima secagem<\/li>\n<\/ul>\n","protected":false},"excerpt":{"rendered":"<p>Panos Amarelos ultra suaves, em conjunto de 2 unidades. <\/p>\n","protected":false},"featured_media":5457,"template":"","meta":{"spay_email":""},"product_cat":[15],"product_tag":[],"class_list":{"0":"post-5456","1":"product","2":"type-product","3":"status-publish","4":"has-post-thumbnail","6":"product_cat-sem-categoria","8":"first","9":"instock","10":"taxable","11":"shipping-taxable","12":"purchasable","13":"product-type-simple"},"acf":[],"jetpack-related-posts":[{"id":5458,"url":"https:\/\/mundo.seashell.pt\/?product=panos-amarelos-36x40-1x5","url_meta":{"origin":5456,"position":0},"title":"Panos Amarelos 36&#215;40 (1&#215;5)","date":"Fevereiro 23, 2022","format":false,"excerpt":"Pano Multiusos Amarelo","rel":"","context":"Similar post","img":{"alt_text":"","src":"https:\/\/i0.wp.com\/mundo.seashell.pt\/wp-content\/uploads\/2022\/02\/panos_amarelos.jpg?resize=350%2C200&ssl=1","width":350,"height":200},"classes":[]},{"id":6409,"url":"https:\/\/mundo.seashell.pt\/?product=cif-ultra-desengordurante-05l","url_meta":{"origin":5456,"position":1},"title":"CIF Ultra Desengordurante 500ml","date":"Fevereiro 23, 2022","format":false,"excerpt":"ra\u00e7as \u00e0 sua f\u00f3rmula exclusiva multi active system, Cif ultra desengordurante, com agentes de limpeza, garante uma a\u00e7\u00e3o poderosa a desengordurar mesmo sobre as gorduras mais dif\u00edceis. Conta ainda com uma agrad\u00e1vel frag\u00e2ncia de sab\u00e3o de Marselha.Benef\u00edcios: - Ultra poderoso a remover a gordura;- Indicado para uso dentro e fo...","rel":"","context":"Similar post","img":{"alt_text":"","src":"https:\/\/i0.wp.com\/mundo.seashell.pt\/wp-content\/uploads\/2022\/02\/CIF_SPRAY_ULTRA_DESENGORDURANTE_-_500ml_8710908796128.png?resize=350%2C200&ssl=1","width":350,"height":200},"classes":[]},{"id":5852,"url":"https:\/\/mundo.seashell.pt\/?product=stark-loica-ultra-5l-loica-manual","url_meta":{"origin":5456,"position":2},"title":"Stark Loi\u00e7a Ultra 5L &#8211; Loi\u00e7a Manual","date":"Fevereiro 23, 2022","format":false,"excerpt":"Detergente l\u00edquido ultra concentrado para lavagem manual de loi\u00e7a","rel":"","context":"Similar post","img":{"alt_text":"","src":"https:\/\/i0.wp.com\/mundo.seashell.pt\/wp-content\/uploads\/2022\/02\/Stark_Loic_a_Ultra_PhotoRoom_20210402_103136.jpg?resize=350%2C200&ssl=1","width":350,"height":200},"classes":[]},{"id":5860,"url":"https:\/\/mundo.seashell.pt\/?product=fun-loica-concentrado-500ml-verde","url_meta":{"origin":5456,"position":3},"title":"Fun Loi\u00e7a Ultra Concentrado 500ML Verde","date":"Fevereiro 23, 2022","format":false,"excerpt":"Detergente l\u00edquido ultra concentrado para lavagem manual de loi\u00e7a.","rel":"","context":"Similar post","img":{"alt_text":"","src":"https:\/\/i0.wp.com\/mundo.seashell.pt\/wp-content\/uploads\/2022\/02\/Fun_Loic_a_Ultra_500mL_PhotoRoom_20210402_103029.jpg?resize=350%2C200&ssl=1","width":350,"height":200},"classes":[]},{"id":6103,"url":"https:\/\/mundo.seashell.pt\/?product=restroom-10lt","url_meta":{"origin":5456,"position":4},"title":"Detergente Desincrustante Restroom 10Lt","date":"Fevereiro 23, 2022","format":false,"excerpt":"Detergente desincrustante para casas de banho ultra-concentrado","rel":"","context":"Similar post","img":{"alt_text":"","src":"https:\/\/i0.wp.com\/mundo.seashell.pt\/wp-content\/uploads\/2022\/02\/rest_room.jpg?resize=350%2C200&ssl=1","width":350,"height":200},"classes":[]},{"id":6293,"url":"https:\/\/mundo.seashell.pt\/?product=sonasol-brilhante-multisuperficies-11l","url_meta":{"origin":5456,"position":5},"title":"Sonasol Brilhante Multisuperficies 1,1l","date":"Fevereiro 23, 2022","format":false,"excerpt":"Consiga 100% mais brilho instant\u00e2neo desde a primeira passagem, com Sonasol. Sonasol brilhante universal \u00e9 o lava tudo ideal para a limpeza de todas as superf\u00edcies lav\u00e1veis, como azulejos ou m\u00e1rmores. Garante uma secagem ultra r\u00e1pida para uma limpeza brilhante numa s\u00f3 passagem. Gra\u00e7as \u00e0 sua f\u00f3rmula inovadora, proporciona uma\u2026","rel":"","context":"Similar post","img":{"alt_text":"","src":"https:\/\/i0.wp.com\/mundo.seashell.pt\/wp-content\/uploads\/2022\/02\/SONASOL_BRILHANTE_UNIVERSAL_1L10_8410436242295.png?resize=350%2C200&ssl=1","width":350,"height":200},"classes":[]}],"_links":{"self":[{"href":"https:\/\/mundo.seashell.pt\/index.php?rest_route=\/wp\/v2\/product\/5456","targetHints":{"allow":["GET"]}}],"collection":[{"href":"https:\/\/mundo.seashell.pt\/index.php?rest_route=\/wp\/v2\/product"}],"about":[{"href":"https:\/\/mundo.seashell.pt\/index.php?rest_route=\/wp\/v2\/types\/product"}],"wp:featuredmedia":[{"embeddable":true,"href":"https:\/\/mundo.seashell.pt\/index.php?rest_route=\/wp\/v2\/media\/5457"}],"wp:attachment":[{"href":"https:\/\/mundo.seashell.pt\/index.php?rest_route=%2Fwp%2Fv2%2Fmedia&parent=5456"}],"wp:term":[{"taxonomy":"product_cat","embeddable":true,"href":"https:\/\/mundo.seashell.pt\/index.php?rest_route=%2Fwp%2Fv2%2Fproduct_cat&post=5456"},{"taxonomy":"product_tag","embeddable":true,"href":"https:\/\/mundo.seashell.pt\/index.php?rest_route=%2Fwp%2Fv2%2Fproduct_tag&post=5456"}],"curies":[{"name":"wp","href":"https:\/\/api.w.org\/{rel}","templated":true}]}}