{"id":5454,"date":"2022-02-23T11:28:24","date_gmt":"2022-02-23T11:28:24","guid":{"rendered":"https:\/\/mundo.seashell.pt\/?post_type=product&#038;p=5454"},"modified":"2022-02-23T11:28:27","modified_gmt":"2022-02-23T11:28:27","slug":"escova-lavadeira-em-s","status":"publish","type":"product","link":"https:\/\/mundo.seashell.pt\/?product=escova-lavadeira-em-s","title":{"rendered":"Escova Lavadeira em S"},"content":{"rendered":"<p>Escova para lavandaria, para escovar tapetes ou outros materiais e&nbsp;tecidos.<\/p>\n","protected":false},"excerpt":{"rendered":"<p>Escova para lavandaria, para escovar tapetes ou outros materiais e tecidos.<\/p>\n","protected":false},"featured_media":5455,"template":"","meta":{"spay_email":""},"product_cat":[15],"product_tag":[],"class_list":{"0":"post-5454","1":"product","2":"type-product","3":"status-publish","4":"has-post-thumbnail","6":"product_cat-sem-categoria","8":"first","9":"instock","10":"taxable","11":"shipping-taxable","12":"purchasable","13":"product-type-simple"},"acf":[],"jetpack-related-posts":[{"id":5832,"url":"https:\/\/mundo.seashell.pt\/?product=kit-oxipur-action-4x500ml","url_meta":{"origin":5454,"position":0},"title":"Kit Oxipur Action 4x500Ml &#8211; Tira N\u00f3doas","date":"Fevereiro 23, 2022","format":false,"excerpt":"Kit completo de tira-n\u00f3doas e agentes de pr\u00e9-tratamento espec\u00edfico para todos os tipos de n\u00f3doas.","rel":"","context":"Similar post","img":{"alt_text":"","src":"https:\/\/i0.wp.com\/mundo.seashell.pt\/wp-content\/uploads\/2022\/02\/oxipur_kit.jpg?resize=350%2C200&ssl=1","width":350,"height":200},"classes":[]},{"id":6633,"url":"https:\/\/mundo.seashell.pt\/?product=iberia-espuma-tira-nodoas-a-seco-02l","url_meta":{"origin":5454,"position":1},"title":"Ib\u00e9ria Espuma Tira-Nodoas a Seco 200ml","date":"Fevereiro 23, 2022","format":false,"excerpt":"Iberia tira n\u00f3doas a seco \u00e9 um pr\u00e1tico spray que elimina n\u00f3doas dif\u00edceis da roupa sem necessitar de \u00e1gua. Tipo de produto: Tira N\u00f3doasBenef\u00edcios: - Solu\u00e7\u00e3o pr\u00e1tica, r\u00e1pida e f\u00e1cil de usar no momento em que mais precisa;- Escova de limpeza incorporada para resultados fant\u00e1sticos sem danificar os tecidos e\u2026","rel":"","context":"Similar post","img":{"alt_text":"","src":"https:\/\/i0.wp.com\/mundo.seashell.pt\/wp-content\/uploads\/2022\/02\/IBE_RIA_REVOLUTION_TIRA_NO_DOAS_SEC_200ml_8411660211118.png?resize=350%2C200&ssl=1","width":350,"height":200},"classes":[]},{"id":5828,"url":"https:\/\/mundo.seashell.pt\/?product=rust-action-500ml-tira-nodoas","url_meta":{"origin":5454,"position":2},"title":"Rust Action 500ML &#8211; Tira-N\u00f3doas","date":"Fevereiro 23, 2022","format":false,"excerpt":"Tira-n\u00f3doas e agente de pr\u00e9-tratamento de tecidos para a remo\u00e7\u00e3o de manchas de ferrugem","rel":"","context":"Similar post","img":{"alt_text":"","src":"https:\/\/i0.wp.com\/mundo.seashell.pt\/wp-content\/uploads\/2022\/02\/rust_action.jpg?resize=350%2C200&ssl=1","width":350,"height":200},"classes":[]},{"id":5824,"url":"https:\/\/mundo.seashell.pt\/?product=deg-action-500ml-tira-nodoas","url_meta":{"origin":5454,"position":3},"title":"Deg Action 500ML &#8211; Tira-N\u00f3doas","date":"Fevereiro 23, 2022","format":false,"excerpt":"Tira-n\u00f3doas e agente de pr\u00e9-tratamento de tecidos para a remo\u00e7\u00e3o de n\u00f3doas de gordura.","rel":"","context":"Similar post","img":{"alt_text":"","src":"https:\/\/i0.wp.com\/mundo.seashell.pt\/wp-content\/uploads\/2022\/02\/deg_action.jpg?resize=350%2C200&ssl=1","width":350,"height":200},"classes":[]},{"id":5830,"url":"https:\/\/mundo.seashell.pt\/?product=stain-action-500ml-tira-nodoas","url_meta":{"origin":5454,"position":4},"title":"Stain Action 500ML &#8211; Tira-N\u00f3doas","date":"Fevereiro 23, 2022","format":false,"excerpt":"Tira-n\u00f3doas e agente de pr\u00e9-tratamento de tecidos para a remo\u00e7\u00e3o de manchas de cor branque\u00e1veis como caf\u00e9, fruta, erva e cola.","rel":"","context":"Similar post","img":{"alt_text":"","src":"https:\/\/i0.wp.com\/mundo.seashell.pt\/wp-content\/uploads\/2022\/02\/stain_action_.jpg?resize=350%2C200&ssl=1","width":350,"height":200},"classes":[]},{"id":5826,"url":"https:\/\/mundo.seashell.pt\/?product=multi-action-500ml-tira-nodoas","url_meta":{"origin":5454,"position":5},"title":"Multi Action 500ML &#8211; Tira-N\u00f3doas","date":"Fevereiro 23, 2022","format":false,"excerpt":"Tira-n\u00f3doas e agente de pr\u00e9-tratamento de n\u00f3doas para a remo\u00e7\u00e3o de manchas de cor dif\u00edcil tal como maquilhagem, tinta ou batom.","rel":"","context":"Similar post","img":{"alt_text":"","src":"https:\/\/i0.wp.com\/mundo.seashell.pt\/wp-content\/uploads\/2022\/02\/multi_action.jpg?resize=350%2C200&ssl=1","width":350,"height":200},"classes":[]}],"_links":{"self":[{"href":"https:\/\/mundo.seashell.pt\/index.php?rest_route=\/wp\/v2\/product\/5454","targetHints":{"allow":["GET"]}}],"collection":[{"href":"https:\/\/mundo.seashell.pt\/index.php?rest_route=\/wp\/v2\/product"}],"about":[{"href":"https:\/\/mundo.seashell.pt\/index.php?rest_route=\/wp\/v2\/types\/product"}],"wp:featuredmedia":[{"embeddable":true,"href":"https:\/\/mundo.seashell.pt\/index.php?rest_route=\/wp\/v2\/media\/5455"}],"wp:attachment":[{"href":"https:\/\/mundo.seashell.pt\/index.php?rest_route=%2Fwp%2Fv2%2Fmedia&parent=5454"}],"wp:term":[{"taxonomy":"product_cat","embeddable":true,"href":"https:\/\/mundo.seashell.pt\/index.php?rest_route=%2Fwp%2Fv2%2Fproduct_cat&post=5454"},{"taxonomy":"product_tag","embeddable":true,"href":"https:\/\/mundo.seashell.pt\/index.php?rest_route=%2Fwp%2Fv2%2Fproduct_tag&post=5454"}],"curies":[{"name":"wp","href":"https:\/\/api.w.org\/{rel}","templated":true}]}}