{"id":5452,"date":"2022-02-23T11:28:21","date_gmt":"2022-02-23T11:28:21","guid":{"rendered":"https:\/\/mundo.seashell.pt\/?post_type=product&#038;p=5452"},"modified":"2022-02-23T11:28:23","modified_gmt":"2022-02-23T11:28:23","slug":"escova-para-ladrilho","status":"publish","type":"product","link":"https:\/\/mundo.seashell.pt\/?product=escova-para-ladrilho","title":{"rendered":"Escova para Ladrilho"},"content":{"rendered":"<p>Escova apropriada para escovar ladrilho ou outros pavimentos. A sua pega em madeira \u00e9 naturalmente imune \u00e0 corros\u00e3o provocada por produtos de limpeza de pavimentos agressivos.<\/p>\n<p>Econ\u00f3mica e eficaz.&nbsp;<\/p>\n","protected":false},"excerpt":{"rendered":"<p>Escova apropriada para escovar ladrilho ou outros pavimentos. A sua pega em madeira \u00e9 naturalmente imune \u00e0 corros\u00e3o provocada por produtos de limpeza de pavimentos agressivos.<\/p>\n","protected":false},"featured_media":5453,"template":"","meta":{"spay_email":""},"product_cat":[15],"product_tag":[],"class_list":{"0":"post-5452","1":"product","2":"type-product","3":"status-publish","4":"has-post-thumbnail","6":"product_cat-sem-categoria","8":"first","9":"instock","10":"taxable","11":"shipping-taxable","12":"purchasable","13":"product-type-simple"},"acf":[],"jetpack-related-posts":[{"id":6267,"url":"https:\/\/mundo.seashell.pt\/?product=sanytol-superficies-12l","url_meta":{"origin":5452,"position":0},"title":"Sanytol Superf\u00edcies 1,2l","date":"Fevereiro 23, 2022","format":false,"excerpt":"Limpador Desinfetante Pavimentos & Superf\u00edcies \u2013 Eucalipto DESCRI\u00c7\u00c3O Mantenha sua casa saud\u00e1vel com o SANYTOL limpador desinfetante para pavimentos e superf\u00edcies! Elimina a sujidade e desinfeta completamente sem esfor\u00e7o. Quando dilu\u00eddo, \u00e9 ideal para a limpeza de pavimentos e \u00e1reas grandes, como portas ou ladrilhos. Em...","rel":"","context":"Similar post","img":{"alt_text":"","src":"https:\/\/i0.wp.com\/mundo.seashell.pt\/wp-content\/uploads\/2022\/02\/SANYTOL_DESINFECTANTE_PAVIMENTOS_E_SUPERFI_CIES_1_2l_8411135670198.png?resize=350%2C200&ssl=1","width":350,"height":200},"classes":[]},{"id":5929,"url":"https:\/\/mundo.seashell.pt\/?product=solim-pavitex-s-5kg","url_meta":{"origin":5452,"position":1},"title":"Solim Pavitex S 5Kg","date":"Fevereiro 23, 2022","format":false,"excerpt":"Detergente alcalino para limpeza de pavimentos.","rel":"","context":"Similar post","img":{"alt_text":"","src":"https:\/\/i0.wp.com\/mundo.seashell.pt\/wp-content\/uploads\/2022\/02\/Solim_PAVITEX_S_PhotoRoom_20210402_103628.jpg?resize=350%2C200&ssl=1","width":350,"height":200},"classes":[]},{"id":6056,"url":"https:\/\/mundo.seashell.pt\/?product=lactic-500ml","url_meta":{"origin":5452,"position":2},"title":"Desinfetante Lactic 500Ml","date":"Fevereiro 23, 2022","format":false,"excerpt":"Desinfetante multiusos pronto para usar para todas as superf\u00edcies duras lav\u00e1veis: pavimentos, mobili\u00e1rio, bancadas de trabalho, instala\u00e7\u00f5es sanit\u00e1rias e caixotes do lixo","rel":"","context":"Similar post","img":{"alt_text":"","src":"https:\/\/i0.wp.com\/mundo.seashell.pt\/wp-content\/uploads\/2022\/02\/lactic.jpg?resize=350%2C200&ssl=1","width":350,"height":200},"classes":[]},{"id":5948,"url":"https:\/\/mundo.seashell.pt\/?product=lindet-5kg","url_meta":{"origin":5452,"position":3},"title":"Detergente Lindet 5Kg","date":"Fevereiro 23, 2022","format":false,"excerpt":"Detergente \u00e0 base de sab\u00e3o natural de \u00f3leo de linha\u00e7a e de coco especificamente formulado para a limpeza e manuten\u00e7\u00e3o de superf\u00edcies de cer\u00e2mica microporosa e de madeira natural.","rel":"","context":"Similar post","img":{"alt_text":"","src":"https:\/\/i0.wp.com\/mundo.seashell.pt\/wp-content\/uploads\/2022\/02\/lindet.jpg?resize=350%2C200&ssl=1","width":350,"height":200},"classes":[]},{"id":6894,"url":"https:\/\/mundo.seashell.pt\/?product=colgate-escova-premier-white-1un","url_meta":{"origin":5452,"position":4},"title":"Colgate Escova Premier White 1un","date":"Fevereiro 23, 2022","format":false,"excerpt":"Escova de Dentes ManualBenef\u00edcios: - Limpa os dentes: Filamentos com extremidade de limpeza desenhados para alcan\u00e7ar e limpar eficazmente os dentes de tr\u00e1s;- Remove as manchas superficiais: Os filamentos circulares ajudam a remover as manchas e a revelar a brancura natural dos dentes.- Refresca o h\u00e1lito: com Limpa l\u00edng...","rel":"","context":"Similar post","img":{"alt_text":"","src":"https:\/\/i0.wp.com\/mundo.seashell.pt\/wp-content\/uploads\/2022\/02\/Colgate_Escova_PREMIER_WHITE_8714789733487.png?resize=350%2C200&ssl=1","width":350,"height":200},"classes":[]},{"id":5806,"url":"https:\/\/mundo.seashell.pt\/?product=solim-tapex-5l","url_meta":{"origin":5452,"position":5},"title":"Solim Tapex 5L","date":"Fevereiro 23, 2022","format":false,"excerpt":"Limpeza de alcatifas e estofos, uma combina\u00e7\u00e3o l\u00edquida de tensioactivos com espuma controlada, o que facilita a lavagem.","rel":"","context":"Similar post","img":{"alt_text":"","src":"https:\/\/i0.wp.com\/mundo.seashell.pt\/wp-content\/uploads\/2022\/02\/Solim_Tapex_PhotoRoom_20210402_103633.jpg?resize=350%2C200&ssl=1","width":350,"height":200},"classes":[]}],"_links":{"self":[{"href":"https:\/\/mundo.seashell.pt\/index.php?rest_route=\/wp\/v2\/product\/5452","targetHints":{"allow":["GET"]}}],"collection":[{"href":"https:\/\/mundo.seashell.pt\/index.php?rest_route=\/wp\/v2\/product"}],"about":[{"href":"https:\/\/mundo.seashell.pt\/index.php?rest_route=\/wp\/v2\/types\/product"}],"wp:featuredmedia":[{"embeddable":true,"href":"https:\/\/mundo.seashell.pt\/index.php?rest_route=\/wp\/v2\/media\/5453"}],"wp:attachment":[{"href":"https:\/\/mundo.seashell.pt\/index.php?rest_route=%2Fwp%2Fv2%2Fmedia&parent=5452"}],"wp:term":[{"taxonomy":"product_cat","embeddable":true,"href":"https:\/\/mundo.seashell.pt\/index.php?rest_route=%2Fwp%2Fv2%2Fproduct_cat&post=5452"},{"taxonomy":"product_tag","embeddable":true,"href":"https:\/\/mundo.seashell.pt\/index.php?rest_route=%2Fwp%2Fv2%2Fproduct_tag&post=5452"}],"curies":[{"name":"wp","href":"https:\/\/api.w.org\/{rel}","templated":true}]}}