{"id":5450,"date":"2022-02-23T11:28:19","date_gmt":"2022-02-23T11:28:19","guid":{"rendered":"https:\/\/mundo.seashell.pt\/?post_type=product&#038;p=5450"},"modified":"2022-02-23T11:28:21","modified_gmt":"2022-02-23T11:28:21","slug":"conjunto-pa-espanador","status":"publish","type":"product","link":"https:\/\/mundo.seashell.pt\/?product=conjunto-pa-espanador","title":{"rendered":"Conjunto P\u00e1 + Espanador"},"content":{"rendered":"<p>P\u00e1 do Lixo com Espanador.<\/p>\n<p>\u00d3tima para apanhar p\u00f3 e migalhas de superf\u00edcies como sof\u00e1s, mesas, bancadas, etc&#8230;&nbsp;<\/p>\n<p>Pr\u00e1tica e econ\u00f3mica.<\/p>\n","protected":false},"excerpt":{"rendered":"<p>P\u00e1 do Lixo com Espanador. \ufeff\u00d3tima para apanhar p\u00f3 e migalhas de superf\u00edcies como sof\u00e1s, mesas, bancadas, etc&#8230; <\/p>\n","protected":false},"featured_media":5451,"template":"","meta":{"spay_email":""},"product_cat":[15],"product_tag":[],"class_list":{"0":"post-5450","1":"product","2":"type-product","3":"status-publish","4":"has-post-thumbnail","6":"product_cat-sem-categoria","8":"first","9":"instock","10":"taxable","11":"shipping-taxable","12":"purchasable","13":"product-type-simple"},"acf":[],"jetpack-related-posts":[{"id":7234,"url":"https:\/\/mundo.seashell.pt\/?product=swiffer-espanador-1-un","url_meta":{"origin":5450,"position":0},"title":"Swiffer Espanador 1 un","date":"Fevereiro 23, 2022","format":false,"excerpt":"Swiffer Espanador 1 un Kit Swiffer Duster com uma al\u00e7a ergon\u00f4mica confort\u00e1vel e 5 panos de p\u00f3 reutiliz\u00e1veis. Cada \u00edm\u00e3 de poeira com milhares de fibras macias e flex\u00edveis \u00e9 equipado com a tecnologia de coleta de poeira. As fibras s\u00e3o facilmente cobertas, atraem poeira como um \u00edm\u00e3 e a\u2026","rel":"","context":"Similar post","img":{"alt_text":"","src":"https:\/\/i0.wp.com\/mundo.seashell.pt\/wp-content\/uploads\/2022\/02\/swiffer_espanador.jpeg?resize=350%2C200&ssl=1","width":350,"height":200},"classes":[]},{"id":5708,"url":"https:\/\/mundo.seashell.pt\/?product=spolvero-500ml","url_meta":{"origin":5450,"position":1},"title":"Anti-Est\u00e1tico Multisuperf\u00edcies Spolvero 500ml","date":"Fevereiro 23, 2022","format":false,"excerpt":"Spray espec\u00edfico para remover o p\u00f3 de todas as superf\u00edcies, como superf\u00edcies modernas, interiores de autom\u00f3veis, etc.","rel":"","context":"Similar post","img":{"alt_text":"","src":"https:\/\/i0.wp.com\/mundo.seashell.pt\/wp-content\/uploads\/2022\/02\/spolvero.jpg?resize=350%2C200&ssl=1","width":350,"height":200},"classes":[]},{"id":7120,"url":"https:\/\/mundo.seashell.pt\/?product=baygon-fita-apanha-moscas-4-un","url_meta":{"origin":5450,"position":2},"title":"Baygon Fita Apanha Moscas 4 Un","date":"Fevereiro 23, 2022","format":false,"excerpt":"Proteja a sua fam\u00edlia. Aproveite cada momento.Descri\u00e7\u00e3o: Apanha moscas sem inseticida, at\u00e9 6 semanas de efic\u00e1cia. Conselhos de utiliza\u00e7\u00e3o: Aque\u00e7a o tubo nas m\u00e3os para ficar \u00e0 temperatura ambiente. Retire a tampa de cart\u00e3o e extraia a tira, usando a fita colorida, rodando ligeiramente. Suspenda a tira, usando o ...","rel":"","context":"Similar post","img":{"alt_text":"","src":"https:\/\/i0.wp.com\/mundo.seashell.pt\/wp-content\/uploads\/2022\/02\/4383019-frente.jpeg?resize=350%2C200&ssl=1","width":350,"height":200},"classes":[]},{"id":7118,"url":"https:\/\/mundo.seashell.pt\/?product=agisol-fita-spanha-moscas-4-un","url_meta":{"origin":5450,"position":3},"title":"Agisol Fita Spanha Moscas 4 Un","date":"Fevereiro 23, 2022","format":false,"excerpt":"Fita adesiva em rolo, sem inseticida, para controlo de moscas. Proteja a sua fam\u00edlia. Aproveite cada momento.Descri\u00e7\u00e3o: Apanha moscas sem inseticida, at\u00e9 6 semanas de efic\u00e1cia. Conselhos de utiliza\u00e7\u00e3o: Aque\u00e7a o tubo nas m\u00e3os para ficar \u00e0 temperatura ambiente. Retire a tampa de cart\u00e3o e extraia a tira, us...","rel":"","context":"Similar post","img":{"alt_text":"","src":"https:\/\/i0.wp.com\/mundo.seashell.pt\/wp-content\/uploads\/2022\/02\/transferir__20_.jpeg?resize=350%2C200&ssl=1","width":350,"height":200},"classes":[]},{"id":5430,"url":"https:\/\/mundo.seashell.pt\/?product=pa-do-lixo-com-cabo","url_meta":{"origin":5450,"position":4},"title":"P\u00e1 do lixo com Cabo","date":"Fevereiro 23, 2022","format":false,"excerpt":"P\u00e1 do lixo com cabo de 80 cms, ideal para a remo\u00e7\u00e3o de res\u00edduos sem esfor\u00e7ar as costas.","rel":"","context":"Similar post","img":{"alt_text":"","src":"https:\/\/i0.wp.com\/mundo.seashell.pt\/wp-content\/uploads\/2022\/02\/Captura_de_ecra__2021-03-06__a_s_11.09.08_PhotoRoom_20210408_113659.jpg?resize=350%2C200&ssl=1","width":350,"height":200},"classes":[]},{"id":5428,"url":"https:\/\/mundo.seashell.pt\/?product=pa-do-lixo-com-borracha-com-cabo","url_meta":{"origin":5450,"position":5},"title":"P\u00e1 do Lixo com Cabo e Borracha","date":"Fevereiro 23, 2022","format":false,"excerpt":"P\u00e1 do lixo com cabo de 80 cms, \ufeffideal para a remo\u00e7\u00e3o de res\u00edduos sem esfor\u00e7ar as costas.","rel":"","context":"Similar post","img":{"alt_text":"","src":"https:\/\/i0.wp.com\/mundo.seashell.pt\/wp-content\/uploads\/2022\/02\/Captura_de_ecra__2021-03-06__a_s_11.08.26_PhotoRoom_20210408_113548.jpg?resize=350%2C200&ssl=1","width":350,"height":200},"classes":[]}],"_links":{"self":[{"href":"https:\/\/mundo.seashell.pt\/index.php?rest_route=\/wp\/v2\/product\/5450","targetHints":{"allow":["GET"]}}],"collection":[{"href":"https:\/\/mundo.seashell.pt\/index.php?rest_route=\/wp\/v2\/product"}],"about":[{"href":"https:\/\/mundo.seashell.pt\/index.php?rest_route=\/wp\/v2\/types\/product"}],"wp:featuredmedia":[{"embeddable":true,"href":"https:\/\/mundo.seashell.pt\/index.php?rest_route=\/wp\/v2\/media\/5451"}],"wp:attachment":[{"href":"https:\/\/mundo.seashell.pt\/index.php?rest_route=%2Fwp%2Fv2%2Fmedia&parent=5450"}],"wp:term":[{"taxonomy":"product_cat","embeddable":true,"href":"https:\/\/mundo.seashell.pt\/index.php?rest_route=%2Fwp%2Fv2%2Fproduct_cat&post=5450"},{"taxonomy":"product_tag","embeddable":true,"href":"https:\/\/mundo.seashell.pt\/index.php?rest_route=%2Fwp%2Fv2%2Fproduct_tag&post=5450"}],"curies":[{"name":"wp","href":"https:\/\/api.w.org\/{rel}","templated":true}]}}