{"id":5448,"date":"2022-02-23T11:28:17","date_gmt":"2022-02-23T11:28:17","guid":{"rendered":"https:\/\/mundo.seashell.pt\/?post_type=product&#038;p=5448"},"modified":"2022-02-23T11:28:19","modified_gmt":"2022-02-23T11:28:19","slug":"esfregao-verde-em-rolo-6mx13cm","status":"publish","type":"product","link":"https:\/\/mundo.seashell.pt\/?product=esfregao-verde-em-rolo-6mx13cm","title":{"rendered":"Esfreg\u00e3o Verde em Rolo 6m x 13cm"},"content":{"rendered":"<p>Rolo de esfreg\u00e3o verde para uma limpeza di\u00e1ria da maioria dos utens\u00edlios de cozinha e equipamentos.<\/p>\n<p>Rolo de esfreg\u00e3o de fibra de longa dura\u00e7\u00e3o gra\u00e7as \u00e0s part\u00edculas abrasivas distribu\u00eddas ao longo de toda a fibra.<\/p>\n<ul>\n<li>6 metros de comprimento&nbsp;por 13cm<\/li>\n<li>pr\u00e9-cortado<\/li>\n<li>para limpeza de utens\u00edlios de cozinha e equipamentos<\/li>\n<\/ul>\n","protected":false},"excerpt":{"rendered":"<p>Rolo de esfreg\u00e3o verde para uma limpeza di\u00e1ria da maioria dos utens\u00edlios de cozinha e equipamentos.<\/p>\n","protected":false},"featured_media":5449,"template":"","meta":{"spay_email":""},"product_cat":[15],"product_tag":[],"class_list":{"0":"post-5448","1":"product","2":"type-product","3":"status-publish","4":"has-post-thumbnail","6":"product_cat-sem-categoria","8":"first","9":"instock","10":"taxable","11":"shipping-taxable","12":"purchasable","13":"product-type-simple"},"acf":[],"jetpack-related-posts":[{"id":6225,"url":"https:\/\/mundo.seashell.pt\/?product=esfregao-verde-em-rolo-vileda-6-metros","url_meta":{"origin":5448,"position":0},"title":"Esfreg\u00e3o Verde em Rolo &#8211; Vileda (6 metros)","date":"Fevereiro 23, 2022","format":false,"excerpt":"Esfreg\u00e3o Verde. Muitos esfreg\u00f5es parecem iguais no exterior, mas se escolher a Vileda, perceber\u00e1 rapidamente a diferen\u00e7a, tanto em termos de qualidade como de resultado final. Os esfreg\u00f5es de baixa qualidade desgastam-se rapidamente quando a camada superior de fibras abrasivas se desgasta, deixando um esfreg\u00e3o que requer mais tempo e\u2026","rel":"","context":"Similar post","img":{"alt_text":"","src":"https:\/\/i0.wp.com\/mundo.seashell.pt\/wp-content\/uploads\/2022\/02\/02-scouring-02-handpads-04-handpad-super-scourers-scene_PhotoRoom_20210418_123417-1.jpg?resize=350%2C200&ssl=1","width":350,"height":200},"classes":[]},{"id":6223,"url":"https:\/\/mundo.seashell.pt\/?product=esfregao-verde-cortado-vileda-10-unidades","url_meta":{"origin":5448,"position":1},"title":"Esfreg\u00e3o Verde Cortado &#8211; Vileda (10 unidades)","date":"Fevereiro 23, 2022","format":false,"excerpt":"Esfreg\u00e3o Verde Muitos esfreg\u00f5es parecem iguais no exterior, mas se escolher a Vileda, perceber\u00e1 rapidamente a diferen\u00e7a, tanto em termos de qualidade como de resultado final. Os esfreg\u00f5es de baixa qualidade desgastam-se rapidamente quando a camada superior de fibras abrasivas se desgasta, deixando um esfreg\u00e3o que requer mais tempo e\u2026","rel":"","context":"Similar post","img":{"alt_text":"","src":"https:\/\/i0.wp.com\/mundo.seashell.pt\/wp-content\/uploads\/2022\/02\/02-scouring-02-handpads-04-handpad-super-scourers-scene_PhotoRoom_20210418_123417.jpg?resize=350%2C200&ssl=1","width":350,"height":200},"classes":[]},{"id":5446,"url":"https:\/\/mundo.seashell.pt\/?product=esfregao-preto-em-rolo-6mx13cm","url_meta":{"origin":5448,"position":2},"title":"Esfreg\u00e3o Preto em Rolo 6m x 13cm","date":"Fevereiro 23, 2022","format":false,"excerpt":"Rolo de esfreg\u00e3o preto\ufeff para uma limpeza mais agressiva contra gorduras carbonizadas ou outras incrusta\u00e7\u00f5es.","rel":"","context":"Similar post","img":{"alt_text":"","src":"https:\/\/i0.wp.com\/mundo.seashell.pt\/wp-content\/uploads\/2022\/02\/Captura_de_ecra__2021-03-06__a_s_11.18.40_PhotoRoom_20210408_113703.jpg?resize=350%2C200&ssl=1","width":350,"height":200},"classes":[]},{"id":6221,"url":"https:\/\/mundo.seashell.pt\/?product=esfregao-verde-vileda-10-unidades","url_meta":{"origin":5448,"position":3},"title":"Esfreg\u00e3o Verde &#8211; Vileda (10 unidades)","date":"Fevereiro 23, 2022","format":false,"excerpt":"Esfreg\u00e3o Verde com esponja. Esfreg\u00f5es de alta qualidade, para todos os tipos de limpeza. Muitos esfreg\u00f5es s\u00e3o parecidos por fora, mas se voc\u00ea escolher Vileda, perceber\u00e1 rapidamente a diferen\u00e7a, tanto em termos de qualidade quanto de resultado final.","rel":"","context":"Similar post","img":{"alt_text":"","src":"https:\/\/i0.wp.com\/mundo.seashell.pt\/wp-content\/uploads\/2022\/02\/Esfregao_vileda.jpg?resize=350%2C200&ssl=1","width":350,"height":200},"classes":[]},{"id":6227,"url":"https:\/\/mundo.seashell.pt\/?product=esfregao-powerinox-vileda-4-unidades","url_meta":{"origin":5448,"position":4},"title":"Esfreg\u00e3o PowerInox &#8211; Vileda (4 unidades)","date":"Fevereiro 23, 2022","format":false,"excerpt":"PowerInox Pack4 Esfreg\u00e3o higi\u00e9nico para a sujidade mais dif\u00edcil na cozinha Almofada de a\u00e7o inoxid\u00e1vel de longa dura\u00e7\u00e3o para eliminar sujidades incrustadas na cozinha. Absorvente e f\u00e1cil de escorrer. Ideal para cozinhas de hot\u00e9is, restaurantes e cantinas, que necessitam de um alto grau de higiene, alto rendimento e dur...","rel":"","context":"Similar post","img":{"alt_text":"","src":"https:\/\/i0.wp.com\/mundo.seashell.pt\/wp-content\/uploads\/2022\/02\/powerinox-6_PhotoRoom_20210418_123543.jpg?resize=350%2C200&ssl=1","width":350,"height":200},"classes":[]},{"id":6215,"url":"https:\/\/mundo.seashell.pt\/?product=salva-unhas-verde-vileda-caixa-de-10","url_meta":{"origin":5448,"position":5},"title":"Salva Unhas Verde &#8211; Vileda (caixa de 10)","date":"Fevereiro 23, 2022","format":false,"excerpt":"Sua al\u00e7a de espuma \u00e9 macia para as m\u00e3os, proporciona uma boa ader\u00eancia e melhora a ergonomia. \u00c9 o aliado perfeito para o seu esfreg\u00e3o verde para uma limpeza moderada.","rel":"","context":"Similar post","img":{"alt_text":"","src":"https:\/\/i0.wp.com\/mundo.seashell.pt\/wp-content\/uploads\/2022\/02\/02-scouring-03-high-foam-backed-scourers-04-high-foam-backed-scourer-strong-strong-detail-02-580x550_PhotoRoom_20210418_123013.jpg?resize=350%2C200&ssl=1","width":350,"height":200},"classes":[]}],"_links":{"self":[{"href":"https:\/\/mundo.seashell.pt\/index.php?rest_route=\/wp\/v2\/product\/5448","targetHints":{"allow":["GET"]}}],"collection":[{"href":"https:\/\/mundo.seashell.pt\/index.php?rest_route=\/wp\/v2\/product"}],"about":[{"href":"https:\/\/mundo.seashell.pt\/index.php?rest_route=\/wp\/v2\/types\/product"}],"wp:featuredmedia":[{"embeddable":true,"href":"https:\/\/mundo.seashell.pt\/index.php?rest_route=\/wp\/v2\/media\/5449"}],"wp:attachment":[{"href":"https:\/\/mundo.seashell.pt\/index.php?rest_route=%2Fwp%2Fv2%2Fmedia&parent=5448"}],"wp:term":[{"taxonomy":"product_cat","embeddable":true,"href":"https:\/\/mundo.seashell.pt\/index.php?rest_route=%2Fwp%2Fv2%2Fproduct_cat&post=5448"},{"taxonomy":"product_tag","embeddable":true,"href":"https:\/\/mundo.seashell.pt\/index.php?rest_route=%2Fwp%2Fv2%2Fproduct_tag&post=5448"}],"curies":[{"name":"wp","href":"https:\/\/api.w.org\/{rel}","templated":true}]}}