{"id":5444,"date":"2022-02-23T11:28:13","date_gmt":"2022-02-23T11:28:13","guid":{"rendered":"https:\/\/mundo.seashell.pt\/?post_type=product&#038;p=5444"},"modified":"2022-02-23T11:28:15","modified_gmt":"2022-02-23T11:28:15","slug":"conjunto-sanitario-light","status":"publish","type":"product","link":"https:\/\/mundo.seashell.pt\/?product=conjunto-sanitario-light","title":{"rendered":"Conjunto Sanit\u00e1rio Light"},"content":{"rendered":"<p>Pia\u00e7aba em pl\u00e1stico branco.&nbsp;<\/p>\n<p>Pr\u00e1tico e econ\u00f3mico.&nbsp;<\/p>\n","protected":false},"excerpt":{"rendered":"<p>Pia\u00e7aba em pl\u00e1stico branco. Pr\u00e1tico e econ\u00f3mico. <\/p>\n","protected":false},"featured_media":5445,"template":"","meta":{"spay_email":""},"product_cat":[15],"product_tag":[],"class_list":{"0":"post-5444","1":"product","2":"type-product","3":"status-publish","4":"has-post-thumbnail","6":"product_cat-sem-categoria","8":"first","9":"instock","10":"taxable","11":"shipping-taxable","12":"purchasable","13":"product-type-simple"},"acf":[],"jetpack-related-posts":[{"id":5460,"url":"https:\/\/mundo.seashell.pt\/?product=estendal-plastico-20m-branco","url_meta":{"origin":5444,"position":0},"title":"Estendal Pl\u00e1stico 20M &#8211; Branco","date":"Fevereiro 23, 2022","format":false,"excerpt":"Estendal de pl\u00e1stico com 20 metros de espa\u00e7o para estender roupa.","rel":"","context":"Similar post","img":{"alt_text":"","src":"https:\/\/i0.wp.com\/mundo.seashell.pt\/wp-content\/uploads\/2022\/02\/Captura_de_ecra__2021-03-06__a_s_11.05.13_PhotoRoom_20210408_113650.jpg?resize=350%2C200&ssl=1","width":350,"height":200},"classes":[]},{"id":6251,"url":"https:\/\/mundo.seashell.pt\/?product=sanytol-multiusos-750ml-1","url_meta":{"origin":5444,"position":1},"title":"Sanytol Multiusos 750ml","date":"Fevereiro 23, 2022","format":false,"excerpt":"Limpador Desinfetante Multiusos \u2013 Eucalipto Mantenha a sua casa saud\u00e1vel com o Desinfetante Multiusos. Pr\u00e1tico e sem lix\u00edvia, limpa todas as superf\u00edcies da casa. Ideal para remover a sujidade do dia a dia e desinfetar tudo numa s\u00f3 passagem. CARACTER\u00cdSTICAS Elimina 99,9% de bact\u00e9rias, fungos, v\u00edru...","rel":"","context":"Similar post","img":{"alt_text":"","src":"https:\/\/i0.wp.com\/mundo.seashell.pt\/wp-content\/uploads\/2022\/02\/SANYTOL_DESINFETANTE_MULTIUSOS_750_ML_8411660670236.png?resize=350%2C200&ssl=1","width":350,"height":200},"classes":[]},{"id":5596,"url":"https:\/\/mundo.seashell.pt\/?product=copo-plastico-branco-80cc-cafe-100-unid","url_meta":{"origin":5444,"position":2},"title":"Copo Pl\u00e1stico Branco 80cc &#8211; Caf\u00e9 -100 Unid","date":"Fevereiro 23, 2022","format":false,"excerpt":"80cc 100 unidades","rel":"","context":"Similar post","img":{"alt_text":"","src":"https:\/\/i0.wp.com\/mundo.seashell.pt\/wp-content\/uploads\/2022\/02\/copo_cafe__branco_PhotoRoom_20210509_175340.jpg?resize=350%2C200&ssl=1","width":350,"height":200},"classes":[]},{"id":6249,"url":"https:\/\/mundo.seashell.pt\/?product=sanytol-multiusos-toranja-750ml","url_meta":{"origin":5444,"position":3},"title":"Sanytol Multiusos Toranja 750ml","date":"Fevereiro 23, 2022","format":false,"excerpt":"Limpador Desinfetante Multiusos \u2013 Eucalipto Mantenha a sua casa saud\u00e1vel com o Desinfetante Multiusos. Pr\u00e1tico e sem lix\u00edvia, limpa todas as superf\u00edcies da casa. Ideal para remover a sujidade do dia a dia e desinfetar tudo numa s\u00f3 passagem. CARACTER\u00cdSTICAS Elimina 99,9% de bact\u00e9rias, fungos, v\u00edru...","rel":"","context":"Similar post","img":{"alt_text":"","src":"https:\/\/i0.wp.com\/mundo.seashell.pt\/wp-content\/uploads\/2022\/02\/SANYTOL_DESINFETANTE_MULTIUSOS_TORANJA_750_ML_8411660000217.png?resize=350%2C200&ssl=1","width":350,"height":200},"classes":[]},{"id":5610,"url":"https:\/\/mundo.seashell.pt\/?product=solux-pns-5l","url_meta":{"origin":5444,"position":4},"title":"Abrilhantador de Pneus &#8211; Solux PNS 5L","date":"Fevereiro 23, 2022","format":false,"excerpt":"O Solux PNS \u00e9 um produto l\u00edquido de cor branca com \u00f3ptimas propriedades de limpeza e abrilhantamento de pl\u00e1sticos e madeira.","rel":"","context":"Similar post","img":{"alt_text":"","src":"https:\/\/i0.wp.com\/mundo.seashell.pt\/wp-content\/uploads\/2022\/02\/Solux_PNS_PhotoRoom_20210402_103244.jpg?resize=350%2C200&ssl=1","width":350,"height":200},"classes":[]},{"id":6565,"url":"https:\/\/mundo.seashell.pt\/?product=persil-sabao-azul-e-branco-70-doses","url_meta":{"origin":5444,"position":5},"title":"Persil Sab\u00e3o Azul e Branco 70 Doses","date":"Fevereiro 23, 2022","format":false,"excerpt":"Desde sempre existiu algo nas nossas casas para nos ajudar na remo\u00e7\u00e3o de n\u00f3doas. Quem nunca utilizou o tradicional sab\u00e3o azul e branco para eliminar uma n\u00f3doa dificil? Persil oferece-lhe agora o poder do sab\u00e3o azul e branco, numa forma moderna e econ\u00f3mica. Tipo de produto: Detergente P\u00f3 Notas\/Fragr\u00e2ncia: Sab\u00e3o\u2026","rel":"","context":"Similar post","img":{"alt_text":"","src":"https:\/\/i0.wp.com\/mundo.seashell.pt\/wp-content\/uploads\/2022\/02\/PERSIL_SABA_O_AZUL___BRANCO_PO__70D_8410436294690.png?resize=350%2C200&ssl=1","width":350,"height":200},"classes":[]}],"_links":{"self":[{"href":"https:\/\/mundo.seashell.pt\/index.php?rest_route=\/wp\/v2\/product\/5444","targetHints":{"allow":["GET"]}}],"collection":[{"href":"https:\/\/mundo.seashell.pt\/index.php?rest_route=\/wp\/v2\/product"}],"about":[{"href":"https:\/\/mundo.seashell.pt\/index.php?rest_route=\/wp\/v2\/types\/product"}],"wp:featuredmedia":[{"embeddable":true,"href":"https:\/\/mundo.seashell.pt\/index.php?rest_route=\/wp\/v2\/media\/5445"}],"wp:attachment":[{"href":"https:\/\/mundo.seashell.pt\/index.php?rest_route=%2Fwp%2Fv2%2Fmedia&parent=5444"}],"wp:term":[{"taxonomy":"product_cat","embeddable":true,"href":"https:\/\/mundo.seashell.pt\/index.php?rest_route=%2Fwp%2Fv2%2Fproduct_cat&post=5444"},{"taxonomy":"product_tag","embeddable":true,"href":"https:\/\/mundo.seashell.pt\/index.php?rest_route=%2Fwp%2Fv2%2Fproduct_tag&post=5444"}],"curies":[{"name":"wp","href":"https:\/\/api.w.org\/{rel}","templated":true}]}}