{"id":5442,"date":"2022-02-23T11:28:11","date_gmt":"2022-02-23T11:28:11","guid":{"rendered":"https:\/\/mundo.seashell.pt\/?post_type=product&#038;p=5442"},"modified":"2022-02-23T11:28:13","modified_gmt":"2022-02-23T11:28:13","slug":"esfregao-salva-unhas","status":"publish","type":"product","link":"https:\/\/mundo.seashell.pt\/?product=esfregao-salva-unhas","title":{"rendered":"Esfreg\u00e3o Salva Unhas (5 unidades)"},"content":{"rendered":"<p>Esfreg\u00e3o salva unhas para lavagem de loi\u00e7a.<\/p>\n","protected":false},"excerpt":{"rendered":"<p>Esfreg\u00e3o salva unhas para lavagem de loi\u00e7a.<\/p>\n","protected":false},"featured_media":5443,"template":"","meta":{"spay_email":""},"product_cat":[15],"product_tag":[],"class_list":{"0":"post-5442","1":"product","2":"type-product","3":"status-publish","4":"has-post-thumbnail","6":"product_cat-sem-categoria","8":"first","9":"instock","10":"taxable","11":"shipping-taxable","12":"purchasable","13":"product-type-simple"},"acf":[],"jetpack-related-posts":[{"id":6215,"url":"https:\/\/mundo.seashell.pt\/?product=salva-unhas-verde-vileda-caixa-de-10","url_meta":{"origin":5442,"position":0},"title":"Salva Unhas Verde &#8211; Vileda (caixa de 10)","date":"Fevereiro 23, 2022","format":false,"excerpt":"Sua al\u00e7a de espuma \u00e9 macia para as m\u00e3os, proporciona uma boa ader\u00eancia e melhora a ergonomia. \u00c9 o aliado perfeito para o seu esfreg\u00e3o verde para uma limpeza moderada.","rel":"","context":"Similar post","img":{"alt_text":"","src":"https:\/\/i0.wp.com\/mundo.seashell.pt\/wp-content\/uploads\/2022\/02\/02-scouring-03-high-foam-backed-scourers-04-high-foam-backed-scourer-strong-strong-detail-02-580x550_PhotoRoom_20210418_123013.jpg?resize=350%2C200&ssl=1","width":350,"height":200},"classes":[]},{"id":6213,"url":"https:\/\/mundo.seashell.pt\/?product=salva-unhas-preto-vileda-caixa-de-10","url_meta":{"origin":5442,"position":1},"title":"Salva Unhas Preto &#8211; Vileda (caixa de 10)","date":"Fevereiro 23, 2022","format":false,"excerpt":"Salva-unhas Preto Limpeza com alta abras\u00e3o A espuma \u00e9 macia para as m\u00e3os, proporciona uma boa ader\u00eancia e melhora a ergonomia. \u00c9 o aliado perfeito para o seu esfreg\u00e3o preto para uma limpeza mais agressiva.Benef\u00edcios do produto Esfreg\u00e3o abrasivo preto de alto desempenho com al\u00e7a de espuma de f\u00e1cil ader\u00eanc...","rel":"","context":"Similar post","img":{"alt_text":"","src":"https:\/\/i0.wp.com\/mundo.seashell.pt\/wp-content\/uploads\/2022\/02\/02-scouring-03-high-foam-backed-scourers-03-high-foam-backed-scourer-heavy-duty-heavy-duty-detail-02-580x550_PhotoRoom_20210418_123155.jpg?resize=350%2C200&ssl=1","width":350,"height":200},"classes":[]},{"id":6217,"url":"https:\/\/mundo.seashell.pt\/?product=salva-unhas-azul-vileda-caixa-de-10","url_meta":{"origin":5442,"position":2},"title":"Salva Unhas Azul &#8211; Vileda (caixa de 10)","date":"Fevereiro 23, 2022","format":false,"excerpt":"Estrutura macia e azul, mais eficaz na remo\u00e7\u00e3o de marcas do que esponjas brancas, mas ainda lisa para superf\u00edcies","rel":"","context":"Similar post","img":{"alt_text":"","src":"https:\/\/i0.wp.com\/mundo.seashell.pt\/wp-content\/uploads\/2022\/02\/02-scouring-03-high-foam-backed-scourers-02-high-foam-backed-scourer-soft-portrait_PhotoRoom_20210418_123400.jpg?resize=350%2C200&ssl=1","width":350,"height":200},"classes":[]},{"id":5850,"url":"https:\/\/mundo.seashell.pt\/?product=stark-loica-sensitiv-5l-loica-manual","url_meta":{"origin":5442,"position":3},"title":"Stark Loi\u00e7a Sensitiv 5L &#8211; Loi\u00e7a Manual","date":"Fevereiro 23, 2022","format":false,"excerpt":"Detergente l\u00edquido concentrado para lavagem manual de loi\u00e7a","rel":"","context":"Similar post","img":{"alt_text":"","src":"https:\/\/i0.wp.com\/mundo.seashell.pt\/wp-content\/uploads\/2022\/02\/Stark_Loic_a_Sensitive_PhotoRoom_20210402_103522.jpg?resize=350%2C200&ssl=1","width":350,"height":200},"classes":[]},{"id":5846,"url":"https:\/\/mundo.seashell.pt\/?product=solim-loica-amarelo-5l-loica-manual","url_meta":{"origin":5442,"position":4},"title":"Solim Loi\u00e7a Amarelo &#8211; Loi\u00e7a Manual","date":"Fevereiro 23, 2022","format":false,"excerpt":"Detergente l\u00edquido concentrado para lavagem manual de loi\u00e7a","rel":"","context":"Similar post","img":{"alt_text":"","src":"https:\/\/i0.wp.com\/mundo.seashell.pt\/wp-content\/uploads\/2022\/02\/SOLIM_LOIC_A_PhotoRoom_20210402_103629.jpg?resize=350%2C200&ssl=1","width":350,"height":200},"classes":[]},{"id":5852,"url":"https:\/\/mundo.seashell.pt\/?product=stark-loica-ultra-5l-loica-manual","url_meta":{"origin":5442,"position":5},"title":"Stark Loi\u00e7a Ultra 5L &#8211; Loi\u00e7a Manual","date":"Fevereiro 23, 2022","format":false,"excerpt":"Detergente l\u00edquido ultra concentrado para lavagem manual de loi\u00e7a","rel":"","context":"Similar post","img":{"alt_text":"","src":"https:\/\/i0.wp.com\/mundo.seashell.pt\/wp-content\/uploads\/2022\/02\/Stark_Loic_a_Ultra_PhotoRoom_20210402_103136.jpg?resize=350%2C200&ssl=1","width":350,"height":200},"classes":[]}],"_links":{"self":[{"href":"https:\/\/mundo.seashell.pt\/index.php?rest_route=\/wp\/v2\/product\/5442","targetHints":{"allow":["GET"]}}],"collection":[{"href":"https:\/\/mundo.seashell.pt\/index.php?rest_route=\/wp\/v2\/product"}],"about":[{"href":"https:\/\/mundo.seashell.pt\/index.php?rest_route=\/wp\/v2\/types\/product"}],"wp:featuredmedia":[{"embeddable":true,"href":"https:\/\/mundo.seashell.pt\/index.php?rest_route=\/wp\/v2\/media\/5443"}],"wp:attachment":[{"href":"https:\/\/mundo.seashell.pt\/index.php?rest_route=%2Fwp%2Fv2%2Fmedia&parent=5442"}],"wp:term":[{"taxonomy":"product_cat","embeddable":true,"href":"https:\/\/mundo.seashell.pt\/index.php?rest_route=%2Fwp%2Fv2%2Fproduct_cat&post=5442"},{"taxonomy":"product_tag","embeddable":true,"href":"https:\/\/mundo.seashell.pt\/index.php?rest_route=%2Fwp%2Fv2%2Fproduct_tag&post=5442"}],"curies":[{"name":"wp","href":"https:\/\/api.w.org\/{rel}","templated":true}]}}