{"id":5436,"date":"2022-02-23T11:27:48","date_gmt":"2022-02-23T11:27:48","guid":{"rendered":"https:\/\/mundo.seashell.pt\/?post_type=product&#038;p=5436"},"modified":"2022-02-23T11:27:50","modified_gmt":"2022-02-23T11:27:50","slug":"vassoura-espalmada-despontada-especial-com-cabo-metal","status":"publish","type":"product","link":"https:\/\/mundo.seashell.pt\/?product=vassoura-espalmada-despontada-especial-com-cabo-metal","title":{"rendered":"Vassoura Espalmada Despontada Especial com Cabo de Metal"},"content":{"rendered":"<p>Vassoura espalmada despontada com cabo met\u00e1lico de 1,10m.<\/p>\n<p>Final despontado, pr\u00f3prio para varredura de material fino.<\/p>\n","protected":false},"excerpt":{"rendered":"<p>Vassoura espalmada despontada especial com cabo met\u00e1lico de 1,10m.<\/p>\n","protected":false},"featured_media":5437,"template":"","meta":{"spay_email":""},"product_cat":[15],"product_tag":[],"class_list":{"0":"post-5436","1":"product","2":"type-product","3":"status-publish","4":"has-post-thumbnail","6":"product_cat-sem-categoria","8":"first","9":"instock","10":"taxable","11":"shipping-taxable","12":"purchasable","13":"product-type-simple"},"acf":[],"jetpack-related-posts":[{"id":5438,"url":"https:\/\/mundo.seashell.pt\/?product=vassoura-espalmada-cores-extra-com-cabo-metal","url_meta":{"origin":5436,"position":0},"title":"Vassoura Espalmada Cores Extra com Cabo Metal","date":"Fevereiro 23, 2022","format":false,"excerpt":"Vassoura espalmada com cabo met\u00e1lico de 1,10m.","rel":"","context":"Similar post","img":{"alt_text":"","src":"https:\/\/i0.wp.com\/mundo.seashell.pt\/wp-content\/uploads\/2022\/02\/Captura_de_ecra__2021-03-06__a_s_11.37.31_PhotoRoom_20210408_113630.jpg?resize=350%2C200&ssl=1","width":350,"height":200},"classes":[]},{"id":5432,"url":"https:\/\/mundo.seashell.pt\/?product=cabo-metalico-140-cm","url_meta":{"origin":5436,"position":1},"title":"Cabo Metalico 1.40 M","date":"Fevereiro 23, 2022","format":false,"excerpt":"Cabo met\u00e1lico plastificado, com 1,40m que pode ser usado em esfregonas ou vassouras da marca Fapil.","rel":"","context":"Similar post","img":{"alt_text":"","src":"https:\/\/i0.wp.com\/mundo.seashell.pt\/wp-content\/uploads\/2022\/02\/Captura_de_ecra__2021-03-06__a_s_11.10.08_PhotoRoom_20210408_113750.jpg?resize=350%2C200&ssl=1","width":350,"height":200},"classes":[]},{"id":7240,"url":"https:\/\/mundo.seashell.pt\/?product=fapil-mopa-de-45cm-ccabo-metalico","url_meta":{"origin":5436,"position":2},"title":"FAPIL Mopa de 45Cm C\/Cabo Met\u00e1lico","date":"Fevereiro 23, 2022","format":false,"excerpt":"FAPIL Mopa de 45Cm C\/Cabo Met\u00e1lico","rel":"","context":"Similar post","img":{"alt_text":"","src":"https:\/\/i0.wp.com\/mundo.seashell.pt\/wp-content\/uploads\/2022\/02\/b0133.11.jpg?resize=350%2C200&ssl=1","width":350,"height":200},"classes":[]},{"id":5440,"url":"https:\/\/mundo.seashell.pt\/?product=recarga-vassoura-pluma-28","url_meta":{"origin":5436,"position":3},"title":"Recarga Vassoura Pluma 28","date":"Fevereiro 23, 2022","format":false,"excerpt":"Recarga Vassoura Pluma 28","rel":"","context":"Similar post","img":{"alt_text":"","src":"https:\/\/i0.wp.com\/mundo.seashell.pt\/wp-content\/uploads\/2022\/02\/recarga_28.jpg?resize=350%2C200&ssl=1","width":350,"height":200},"classes":[]},{"id":7238,"url":"https:\/\/mundo.seashell.pt\/?product=swiffer-recargas-de-mopa-20-uniades","url_meta":{"origin":5436,"position":4},"title":"Swiffer Recargas de Mopa 20 uniades","date":"Fevereiro 23, 2022","format":false,"excerpt":"Swiffer Recargas de Mopa 20 uniades A mopa Swiffer atrai e ret\u00e9m 2X mais p\u00f3 que uma vassoura","rel":"","context":"Similar post","img":{"alt_text":"","src":"https:\/\/i0.wp.com\/mundo.seashell.pt\/wp-content\/uploads\/2022\/02\/00128031200026____2__600x600.jpeg?resize=350%2C200&ssl=1","width":350,"height":200},"classes":[]},{"id":5430,"url":"https:\/\/mundo.seashell.pt\/?product=pa-do-lixo-com-cabo","url_meta":{"origin":5436,"position":5},"title":"P\u00e1 do lixo com Cabo","date":"Fevereiro 23, 2022","format":false,"excerpt":"P\u00e1 do lixo com cabo de 80 cms, ideal para a remo\u00e7\u00e3o de res\u00edduos sem esfor\u00e7ar as costas.","rel":"","context":"Similar post","img":{"alt_text":"","src":"https:\/\/i0.wp.com\/mundo.seashell.pt\/wp-content\/uploads\/2022\/02\/Captura_de_ecra__2021-03-06__a_s_11.09.08_PhotoRoom_20210408_113659.jpg?resize=350%2C200&ssl=1","width":350,"height":200},"classes":[]}],"_links":{"self":[{"href":"https:\/\/mundo.seashell.pt\/index.php?rest_route=\/wp\/v2\/product\/5436","targetHints":{"allow":["GET"]}}],"collection":[{"href":"https:\/\/mundo.seashell.pt\/index.php?rest_route=\/wp\/v2\/product"}],"about":[{"href":"https:\/\/mundo.seashell.pt\/index.php?rest_route=\/wp\/v2\/types\/product"}],"wp:featuredmedia":[{"embeddable":true,"href":"https:\/\/mundo.seashell.pt\/index.php?rest_route=\/wp\/v2\/media\/5437"}],"wp:attachment":[{"href":"https:\/\/mundo.seashell.pt\/index.php?rest_route=%2Fwp%2Fv2%2Fmedia&parent=5436"}],"wp:term":[{"taxonomy":"product_cat","embeddable":true,"href":"https:\/\/mundo.seashell.pt\/index.php?rest_route=%2Fwp%2Fv2%2Fproduct_cat&post=5436"},{"taxonomy":"product_tag","embeddable":true,"href":"https:\/\/mundo.seashell.pt\/index.php?rest_route=%2Fwp%2Fv2%2Fproduct_tag&post=5436"}],"curies":[{"name":"wp","href":"https:\/\/api.w.org\/{rel}","templated":true}]}}