{"id":5430,"date":"2022-02-23T11:27:41","date_gmt":"2022-02-23T11:27:41","guid":{"rendered":"https:\/\/mundo.seashell.pt\/?post_type=product&#038;p=5430"},"modified":"2022-02-23T11:27:43","modified_gmt":"2022-02-23T11:27:43","slug":"pa-do-lixo-com-cabo","status":"publish","type":"product","link":"https:\/\/mundo.seashell.pt\/?product=pa-do-lixo-com-cabo","title":{"rendered":"P\u00e1 do lixo com Cabo"},"content":{"rendered":"<p>P\u00e1 do lixo com cabo de 80 cms, ideal para a remo\u00e7\u00e3o de res\u00edduos sem esfor\u00e7ar as costas.<\/p>\n<p>P\u00e1 para o lixo com cabo met\u00e1lico em cinzento<\/p>\n<p>Material resistente<\/p>\n<p>Ideal para as rotinas de limpeza di\u00e1rias<\/p>\n","protected":false},"excerpt":{"rendered":"<p>P\u00e1 do lixo com cabo de 80 cms, ideal para a remo\u00e7\u00e3o de res\u00edduos sem esfor\u00e7ar as costas.<\/p>\n","protected":false},"featured_media":5431,"template":"","meta":{"spay_email":""},"product_cat":[15],"product_tag":[],"class_list":{"0":"post-5430","1":"product","2":"type-product","3":"status-publish","4":"has-post-thumbnail","6":"product_cat-sem-categoria","8":"first","9":"instock","10":"taxable","11":"shipping-taxable","12":"purchasable","13":"product-type-simple"},"acf":[],"jetpack-related-posts":[{"id":5428,"url":"https:\/\/mundo.seashell.pt\/?product=pa-do-lixo-com-borracha-com-cabo","url_meta":{"origin":5430,"position":0},"title":"P\u00e1 do Lixo com Cabo e Borracha","date":"Fevereiro 23, 2022","format":false,"excerpt":"P\u00e1 do lixo com cabo de 80 cms, \ufeffideal para a remo\u00e7\u00e3o de res\u00edduos sem esfor\u00e7ar as costas.","rel":"","context":"Similar post","img":{"alt_text":"","src":"https:\/\/i0.wp.com\/mundo.seashell.pt\/wp-content\/uploads\/2022\/02\/Captura_de_ecra__2021-03-06__a_s_11.08.26_PhotoRoom_20210408_113548.jpg?resize=350%2C200&ssl=1","width":350,"height":200},"classes":[]},{"id":5450,"url":"https:\/\/mundo.seashell.pt\/?product=conjunto-pa-espanador","url_meta":{"origin":5430,"position":1},"title":"Conjunto P\u00e1 + Espanador","date":"Fevereiro 23, 2022","format":false,"excerpt":"P\u00e1 do Lixo com Espanador. \ufeff\u00d3tima para apanhar p\u00f3 e migalhas de superf\u00edcies como sof\u00e1s, mesas, bancadas, etc...","rel":"","context":"Similar post","img":{"alt_text":"","src":"https:\/\/i0.wp.com\/mundo.seashell.pt\/wp-content\/uploads\/2022\/02\/Captura_de_ecra__2021-03-06__a_s_11.09.21_PhotoRoom_20210408_113632.jpg?resize=350%2C200&ssl=1","width":350,"height":200},"classes":[]},{"id":5568,"url":"https:\/\/mundo.seashell.pt\/?product=saco-lixo-bd-10-kg","url_meta":{"origin":5430,"position":2},"title":"Sacos de Lixo BD Industriais (10 Kg)","date":"Fevereiro 23, 2022","format":false,"excerpt":"Sacos do lixo resistentes, feitos com polietileno de baixa densidade. 100% Reciclados\ufeff Sacos Rolo Lixo Industrial de 80 micras.","rel":"","context":"Similar post","img":{"alt_text":"","src":"https:\/\/i0.wp.com\/mundo.seashell.pt\/wp-content\/uploads\/2022\/02\/goods_02_436158_PhotoRoom_20210326_095147.jpg?resize=350%2C200&ssl=1","width":350,"height":200},"classes":[]},{"id":5698,"url":"https:\/\/mundo.seashell.pt\/?product=alkadet-24kg","url_meta":{"origin":5430,"position":3},"title":"Desengordurante Superativo Alkadet 24Kg","date":"Fevereiro 23, 2022","format":false,"excerpt":"Detergente altamente desengordurante para todos os tipos de res\u00edduo gorduroso na aus\u00eancia de corantes e fragr\u00e2ncias.","rel":"","context":"Similar post","img":{"alt_text":"","src":"https:\/\/i0.wp.com\/mundo.seashell.pt\/wp-content\/uploads\/2022\/02\/PhotoRoom_20210325_092132.jpg?resize=350%2C200&ssl=1","width":350,"height":200},"classes":[]},{"id":5980,"url":"https:\/\/mundo.seashell.pt\/?product=acid-power-5-kg","url_meta":{"origin":5430,"position":4},"title":"Desincrustante Acid Power 5 Kg","date":"Fevereiro 23, 2022","format":false,"excerpt":"Detergente \u00e1cido superativo para a remo\u00e7\u00e3o de incrusta\u00e7\u00f5es calc\u00e1rias, cimento, res\u00edduos de alvaiade, efloresc\u00eancias salinas e ferrugem de superf\u00edcies resistentes aos \u00e1cidos.","rel":"","context":"Similar post","img":{"alt_text":"","src":"https:\/\/i0.wp.com\/mundo.seashell.pt\/wp-content\/uploads\/2022\/02\/acid_power.jpg?resize=350%2C200&ssl=1","width":350,"height":200},"classes":[]},{"id":6269,"url":"https:\/\/mundo.seashell.pt\/?product=cif-lava-tudo-desinfetante-11l","url_meta":{"origin":5430,"position":5},"title":"CIF Lava-Tudo Desinfetante 1,1l","date":"Fevereiro 23, 2022","format":false,"excerpt":"Cif lava tudo desinfetante extra remo\u00e7\u00e3o de res\u00edduos. \u00c9 ideal para remover a gordura e a sujidade, dando um brilho \u00fanico \u00e0s superf\u00edcies.Benef\u00edcios: - Extra higiene;- Secagem r\u00e1pida;- Sem enxaguar. Conselhos de utiliza\u00e7\u00e3o: Coloque uma tampa em 5 litros de \u00e1gua. N\u00e3o necessita de enxaguar. Para usar puro, ...","rel":"","context":"Similar post","img":{"alt_text":"","src":"https:\/\/i0.wp.com\/mundo.seashell.pt\/wp-content\/uploads\/2022\/02\/CIF_LI_QUIDO_DESINFETANTE_-_1_1L_8000630739259.jpeg?resize=350%2C200&ssl=1","width":350,"height":200},"classes":[]}],"_links":{"self":[{"href":"https:\/\/mundo.seashell.pt\/index.php?rest_route=\/wp\/v2\/product\/5430","targetHints":{"allow":["GET"]}}],"collection":[{"href":"https:\/\/mundo.seashell.pt\/index.php?rest_route=\/wp\/v2\/product"}],"about":[{"href":"https:\/\/mundo.seashell.pt\/index.php?rest_route=\/wp\/v2\/types\/product"}],"wp:featuredmedia":[{"embeddable":true,"href":"https:\/\/mundo.seashell.pt\/index.php?rest_route=\/wp\/v2\/media\/5431"}],"wp:attachment":[{"href":"https:\/\/mundo.seashell.pt\/index.php?rest_route=%2Fwp%2Fv2%2Fmedia&parent=5430"}],"wp:term":[{"taxonomy":"product_cat","embeddable":true,"href":"https:\/\/mundo.seashell.pt\/index.php?rest_route=%2Fwp%2Fv2%2Fproduct_cat&post=5430"},{"taxonomy":"product_tag","embeddable":true,"href":"https:\/\/mundo.seashell.pt\/index.php?rest_route=%2Fwp%2Fv2%2Fproduct_tag&post=5430"}],"curies":[{"name":"wp","href":"https:\/\/api.w.org\/{rel}","templated":true}]}}