{"id":5428,"date":"2022-02-23T11:27:39","date_gmt":"2022-02-23T11:27:39","guid":{"rendered":"https:\/\/mundo.seashell.pt\/?post_type=product&#038;p=5428"},"modified":"2022-02-23T11:27:41","modified_gmt":"2022-02-23T11:27:41","slug":"pa-do-lixo-com-borracha-com-cabo","status":"publish","type":"product","link":"https:\/\/mundo.seashell.pt\/?product=pa-do-lixo-com-borracha-com-cabo","title":{"rendered":"P\u00e1 do Lixo com Cabo e Borracha"},"content":{"rendered":"<p>P\u00e1 do lixo com borracha na ponta e&nbsp;cabo de 80 cms,&nbsp;ideal para a remo\u00e7\u00e3o de res\u00edduos sem esfor\u00e7ar as costas.<\/p>\n<p>P\u00e1 para o lixo vermelha com cabo met\u00e1lico em cinzento<\/p>\n<p>Material resistente<\/p>\n<p>Ideal para as rotinas de limpeza di\u00e1rias<\/p>\n","protected":false},"excerpt":{"rendered":"<p>P\u00e1 do lixo com cabo de 80 cms, \ufeffideal para a remo\u00e7\u00e3o de res\u00edduos sem esfor\u00e7ar as costas.<\/p>\n","protected":false},"featured_media":5429,"template":"","meta":{"spay_email":""},"product_cat":[15],"product_tag":[],"class_list":{"0":"post-5428","1":"product","2":"type-product","3":"status-publish","4":"has-post-thumbnail","6":"product_cat-sem-categoria","8":"first","9":"instock","10":"taxable","11":"shipping-taxable","12":"purchasable","13":"product-type-simple"},"acf":[],"jetpack-related-posts":[{"id":5430,"url":"https:\/\/mundo.seashell.pt\/?product=pa-do-lixo-com-cabo","url_meta":{"origin":5428,"position":0},"title":"P\u00e1 do lixo com Cabo","date":"Fevereiro 23, 2022","format":false,"excerpt":"P\u00e1 do lixo com cabo de 80 cms, ideal para a remo\u00e7\u00e3o de res\u00edduos sem esfor\u00e7ar as costas.","rel":"","context":"Similar post","img":{"alt_text":"","src":"https:\/\/i0.wp.com\/mundo.seashell.pt\/wp-content\/uploads\/2022\/02\/Captura_de_ecra__2021-03-06__a_s_11.09.08_PhotoRoom_20210408_113659.jpg?resize=350%2C200&ssl=1","width":350,"height":200},"classes":[]},{"id":5450,"url":"https:\/\/mundo.seashell.pt\/?product=conjunto-pa-espanador","url_meta":{"origin":5428,"position":1},"title":"Conjunto P\u00e1 + Espanador","date":"Fevereiro 23, 2022","format":false,"excerpt":"P\u00e1 do Lixo com Espanador. \ufeff\u00d3tima para apanhar p\u00f3 e migalhas de superf\u00edcies como sof\u00e1s, mesas, bancadas, etc...","rel":"","context":"Similar post","img":{"alt_text":"","src":"https:\/\/i0.wp.com\/mundo.seashell.pt\/wp-content\/uploads\/2022\/02\/Captura_de_ecra__2021-03-06__a_s_11.09.21_PhotoRoom_20210408_113632.jpg?resize=350%2C200&ssl=1","width":350,"height":200},"classes":[]},{"id":6169,"url":"https:\/\/mundo.seashell.pt\/?product=baldes-com-pedais-hera-vileda","url_meta":{"origin":5428,"position":2},"title":"Baldes com Pedais Hera &#8211; Vileda","date":"Fevereiro 23, 2022","format":false,"excerpt":"Hera Abertura com pedal em conformidade com o HACCP A gama de baldes com pedais da Hera est\u00e1 em conformidade com as recomenda\u00e7\u00f5es HACCP para opera\u00e7\u00e3o\" m\u00e3os-livres \", o que os torna ideais para uso numa variedade de aplica\u00e7\u00f5es. A tampa de fecho lento \u00e9 ideal para uso em ambientes\u2026","rel":"","context":"Similar post","img":{"alt_text":"","src":"https:\/\/i0.wp.com\/mundo.seashell.pt\/wp-content\/uploads\/2022\/02\/10-waste-management-02-pedal-bins-01-hera-portrait-Hera-35l-range-580x550_PhotoRoom_20210418_123552.jpg?resize=350%2C200&ssl=1","width":350,"height":200},"classes":[]},{"id":6165,"url":"https:\/\/mundo.seashell.pt\/?product=sistema-de-contentores-metalicos-geo-vileda","url_meta":{"origin":5428,"position":3},"title":"Sistema de Contentores Met\u00e1licos Geo &#8211; Vileda","date":"Fevereiro 23, 2022","format":false,"excerpt":"GEOSistema de reciclagem de apar\u00eancia met\u00e1lica. A gama inovadora e duradoura de contentores met\u00e1licos Geo \u00e9 o centro do seu sistema de recolha e reciclagem de res\u00edduos. A tecnologia de \" materiais combinados \" proporciona a durabilidade e o desempenho do pl\u00e1stico (f\u00e1cil de limpar, \u00e0 prova de ferrugem e\u2026","rel":"","context":"Similar post","img":{"alt_text":"","src":"https:\/\/i0.wp.com\/mundo.seashell.pt\/wp-content\/uploads\/2022\/02\/10-waste-management-03-recycling-bins-01-geo-portrait_PhotoRoom_20210418_123406.jpg?resize=350%2C200&ssl=1","width":350,"height":200},"classes":[]},{"id":5568,"url":"https:\/\/mundo.seashell.pt\/?product=saco-lixo-bd-10-kg","url_meta":{"origin":5428,"position":4},"title":"Sacos de Lixo BD Industriais (10 Kg)","date":"Fevereiro 23, 2022","format":false,"excerpt":"Sacos do lixo resistentes, feitos com polietileno de baixa densidade. 100% Reciclados\ufeff Sacos Rolo Lixo Industrial de 80 micras.","rel":"","context":"Similar post","img":{"alt_text":"","src":"https:\/\/i0.wp.com\/mundo.seashell.pt\/wp-content\/uploads\/2022\/02\/goods_02_436158_PhotoRoom_20210326_095147.jpg?resize=350%2C200&ssl=1","width":350,"height":200},"classes":[]},{"id":5698,"url":"https:\/\/mundo.seashell.pt\/?product=alkadet-24kg","url_meta":{"origin":5428,"position":5},"title":"Desengordurante Superativo Alkadet 24Kg","date":"Fevereiro 23, 2022","format":false,"excerpt":"Detergente altamente desengordurante para todos os tipos de res\u00edduo gorduroso na aus\u00eancia de corantes e fragr\u00e2ncias.","rel":"","context":"Similar post","img":{"alt_text":"","src":"https:\/\/i0.wp.com\/mundo.seashell.pt\/wp-content\/uploads\/2022\/02\/PhotoRoom_20210325_092132.jpg?resize=350%2C200&ssl=1","width":350,"height":200},"classes":[]}],"_links":{"self":[{"href":"https:\/\/mundo.seashell.pt\/index.php?rest_route=\/wp\/v2\/product\/5428","targetHints":{"allow":["GET"]}}],"collection":[{"href":"https:\/\/mundo.seashell.pt\/index.php?rest_route=\/wp\/v2\/product"}],"about":[{"href":"https:\/\/mundo.seashell.pt\/index.php?rest_route=\/wp\/v2\/types\/product"}],"wp:featuredmedia":[{"embeddable":true,"href":"https:\/\/mundo.seashell.pt\/index.php?rest_route=\/wp\/v2\/media\/5429"}],"wp:attachment":[{"href":"https:\/\/mundo.seashell.pt\/index.php?rest_route=%2Fwp%2Fv2%2Fmedia&parent=5428"}],"wp:term":[{"taxonomy":"product_cat","embeddable":true,"href":"https:\/\/mundo.seashell.pt\/index.php?rest_route=%2Fwp%2Fv2%2Fproduct_cat&post=5428"},{"taxonomy":"product_tag","embeddable":true,"href":"https:\/\/mundo.seashell.pt\/index.php?rest_route=%2Fwp%2Fv2%2Fproduct_tag&post=5428"}],"curies":[{"name":"wp","href":"https:\/\/api.w.org\/{rel}","templated":true}]}}