{"id":5426,"date":"2022-02-23T11:27:37","date_gmt":"2022-02-23T11:27:37","guid":{"rendered":"https:\/\/mundo.seashell.pt\/?post_type=product&#038;p=5426"},"modified":"2022-02-23T11:27:39","modified_gmt":"2022-02-23T11:27:39","slug":"recarga-esfregona-microfibra-colors-170gr","status":"publish","type":"product","link":"https:\/\/mundo.seashell.pt\/?product=recarga-esfregona-microfibra-colors-170gr","title":{"rendered":"Recarga Esfregona Microfibra Colors 170gr"},"content":{"rendered":"<p>Esfregona profissional em microfibra com grande poder de absor\u00e7\u00e3o e de limpeza.<\/p>\n<p>A Esfregona profissional em microfibra \u00e9 at\u00e9&nbsp;10 vezes mais absorvente de que uma esfregona tradicional de algod\u00e3o.<\/p>\n<ul>\n<li>Deixa o pavimento quase seco.<\/li>\n<li>N\u00e3o deixa pelos.<\/li>\n<li>F\u00e1cil de espremer.<\/li>\n<li>Fabricado em Portugal.<\/li>\n<\/ul>\n","protected":false},"excerpt":{"rendered":"<p>A Esfregona profissional em microfibra \u00e9 at\u00e9 10 vezes mais absorvente de que uma esfregona tradicional de algod\u00e3o.<\/p>\n","protected":false},"featured_media":5427,"template":"","meta":{"spay_email":""},"product_cat":[15],"product_tag":[],"class_list":{"0":"post-5426","1":"product","2":"type-product","3":"status-publish","4":"has-post-thumbnail","6":"product_cat-sem-categoria","8":"first","9":"instock","10":"taxable","11":"shipping-taxable","12":"purchasable","13":"product-type-simple"},"acf":[],"jetpack-related-posts":[{"id":5424,"url":"https:\/\/mundo.seashell.pt\/?product=recarga-esfregona-236gr","url_meta":{"origin":5426,"position":0},"title":"Recarga de Esfregona 236 gramas","date":"Fevereiro 23, 2022","format":false,"excerpt":"Recarga de esfregona profissional de algod\u00e3o com 236 gramas.","rel":"","context":"Similar post","img":{"alt_text":"","src":"https:\/\/i0.wp.com\/mundo.seashell.pt\/wp-content\/uploads\/2022\/02\/esfregona_236_PhotoRoom_20210408_113721.jpg?resize=350%2C200&ssl=1","width":350,"height":200},"classes":[]},{"id":5720,"url":"https:\/\/mundo.seashell.pt\/?product=cleanox-5kg","url_meta":{"origin":5426,"position":1},"title":"Higienizante Cleanox 5Kg","date":"Fevereiro 23, 2022","format":false,"excerpt":"Detergente higienizante concentrado \u00e0 base de per\u00f3xido de hidrog\u00eanio adequado para todas as superf\u00edcies lav\u00e1veis","rel":"","context":"Similar post","img":{"alt_text":"","src":"https:\/\/i0.wp.com\/mundo.seashell.pt\/wp-content\/uploads\/2022\/02\/cleanox.jpg?resize=350%2C200&ssl=1","width":350,"height":200},"classes":[]},{"id":5422,"url":"https:\/\/mundo.seashell.pt\/?product=balde-de-esfregona-espremedor-eliptico-15lt","url_meta":{"origin":5426,"position":2},"title":"Balde de Esfregona + Espremedor El\u00edptico 15Lt","date":"Fevereiro 23, 2022","format":false,"excerpt":"Balde de limpeza com espremedor el\u00edptico com capacidade de 15 litros, espreme facilmente a sua esfregona, ajudando a secar o seu ch\u00e3o mais rapidamente!","rel":"","context":"Similar post","img":{"alt_text":"","src":"https:\/\/i0.wp.com\/mundo.seashell.pt\/wp-content\/uploads\/2022\/02\/Captura_de_ecra__2021-03-06__a_s_11.09.28_PhotoRoom_20210408_113807.jpg?resize=350%2C200&ssl=1","width":350,"height":200},"classes":[]},{"id":5420,"url":"https:\/\/mundo.seashell.pt\/?product=balde-de-esfregona-15lt-espremedor-reciclado","url_meta":{"origin":5426,"position":3},"title":"Balde de Esfregona Reciclado de 15 litros + Espremedor","date":"Fevereiro 23, 2022","format":false,"excerpt":"Balde de 15 litros de capacidade, feito com pl\u00e1stico reciclado, com espremedor.","rel":"","context":"Similar post","img":{"alt_text":"","src":"https:\/\/i0.wp.com\/mundo.seashell.pt\/wp-content\/uploads\/2022\/02\/Captura_de_ecra__2021-03-06__a_s_11.09.50_PhotoRoom_20210408_113534.jpg?resize=350%2C200&ssl=1","width":350,"height":200},"classes":[]},{"id":6012,"url":"https:\/\/mundo.seashell.pt\/?product=ravviva-5kg","url_meta":{"origin":5426,"position":4},"title":"Lava e Encera Ravviva 5Kg","date":"Fevereiro 23, 2022","format":false,"excerpt":"Detergente de polimento, liberta no pavimento uma fina pel\u00edcula auto brilhante a fim de reparar a velha camada de cera ou dar uma ligeira prote\u00e7\u00e3o nos pavimentos n\u00e3o tratados.","rel":"","context":"Similar post","img":{"alt_text":"","src":"https:\/\/i0.wp.com\/mundo.seashell.pt\/wp-content\/uploads\/2022\/02\/ravviva.jpg?resize=350%2C200&ssl=1","width":350,"height":200},"classes":[]},{"id":5923,"url":"https:\/\/mundo.seashell.pt\/?product=top-shine-marron-5kg","url_meta":{"origin":5426,"position":5},"title":"Cera Top Shine Marron 5Kg","date":"Fevereiro 23, 2022","format":false,"excerpt":"Cera acr\u00edlica auto brilhante para pavimentos em madeira e corti\u00e7a.","rel":"","context":"Similar post","img":{"alt_text":"","src":"https:\/\/i0.wp.com\/mundo.seashell.pt\/wp-content\/uploads\/2022\/02\/top_shine_marron.jpg?resize=350%2C200&ssl=1","width":350,"height":200},"classes":[]}],"_links":{"self":[{"href":"https:\/\/mundo.seashell.pt\/index.php?rest_route=\/wp\/v2\/product\/5426","targetHints":{"allow":["GET"]}}],"collection":[{"href":"https:\/\/mundo.seashell.pt\/index.php?rest_route=\/wp\/v2\/product"}],"about":[{"href":"https:\/\/mundo.seashell.pt\/index.php?rest_route=\/wp\/v2\/types\/product"}],"wp:featuredmedia":[{"embeddable":true,"href":"https:\/\/mundo.seashell.pt\/index.php?rest_route=\/wp\/v2\/media\/5427"}],"wp:attachment":[{"href":"https:\/\/mundo.seashell.pt\/index.php?rest_route=%2Fwp%2Fv2%2Fmedia&parent=5426"}],"wp:term":[{"taxonomy":"product_cat","embeddable":true,"href":"https:\/\/mundo.seashell.pt\/index.php?rest_route=%2Fwp%2Fv2%2Fproduct_cat&post=5426"},{"taxonomy":"product_tag","embeddable":true,"href":"https:\/\/mundo.seashell.pt\/index.php?rest_route=%2Fwp%2Fv2%2Fproduct_tag&post=5426"}],"curies":[{"name":"wp","href":"https:\/\/api.w.org\/{rel}","templated":true}]}}