{"id":5424,"date":"2022-02-23T11:27:35","date_gmt":"2022-02-23T11:27:35","guid":{"rendered":"https:\/\/mundo.seashell.pt\/?post_type=product&#038;p=5424"},"modified":"2022-02-23T11:27:37","modified_gmt":"2022-02-23T11:27:37","slug":"recarga-esfregona-236gr","status":"publish","type":"product","link":"https:\/\/mundo.seashell.pt\/?product=recarga-esfregona-236gr","title":{"rendered":"Recarga de Esfregona 236 gramas"},"content":{"rendered":"<p>Recarga de esfregona profissional de algod\u00e3o com 236 gramas.<\/p>\n","protected":false},"excerpt":{"rendered":"<p>Recarga de esfregona profissional de algod\u00e3o com 236 gramas.<\/p>\n","protected":false},"featured_media":5425,"template":"","meta":{"spay_email":""},"product_cat":[15],"product_tag":[],"class_list":{"0":"post-5424","1":"product","2":"type-product","3":"status-publish","4":"has-post-thumbnail","6":"product_cat-sem-categoria","8":"first","9":"instock","10":"taxable","11":"shipping-taxable","12":"purchasable","13":"product-type-simple"},"acf":[],"jetpack-related-posts":[{"id":5426,"url":"https:\/\/mundo.seashell.pt\/?product=recarga-esfregona-microfibra-colors-170gr","url_meta":{"origin":5424,"position":0},"title":"Recarga Esfregona Microfibra Colors 170gr","date":"Fevereiro 23, 2022","format":false,"excerpt":"A Esfregona profissional em microfibra \u00e9 at\u00e9 10 vezes mais absorvente de que uma esfregona tradicional de algod\u00e3o.","rel":"","context":"Similar post","img":{"alt_text":"","src":"https:\/\/i0.wp.com\/mundo.seashell.pt\/wp-content\/uploads\/2022\/02\/microfibras_esfregona_PhotoRoom_20210408_113525.jpg?resize=350%2C200&ssl=1","width":350,"height":200},"classes":[]},{"id":5923,"url":"https:\/\/mundo.seashell.pt\/?product=top-shine-marron-5kg","url_meta":{"origin":5424,"position":1},"title":"Cera Top Shine Marron 5Kg","date":"Fevereiro 23, 2022","format":false,"excerpt":"Cera acr\u00edlica auto brilhante para pavimentos em madeira e corti\u00e7a.","rel":"","context":"Similar post","img":{"alt_text":"","src":"https:\/\/i0.wp.com\/mundo.seashell.pt\/wp-content\/uploads\/2022\/02\/top_shine_marron.jpg?resize=350%2C200&ssl=1","width":350,"height":200},"classes":[]},{"id":5917,"url":"https:\/\/mundo.seashell.pt\/?product=unisplend-5kg","url_meta":{"origin":5424,"position":2},"title":"Cera Acr\u00edlica Unisplend 5Kg","date":"Fevereiro 23, 2022","format":false,"excerpt":"Emuls\u00e3o formulada com uma alta concentra\u00e7\u00e3o de pol\u00edmeros acr\u00edlicos, ceras e resinas.","rel":"","context":"Similar post","img":{"alt_text":"","src":"https:\/\/i0.wp.com\/mundo.seashell.pt\/wp-content\/uploads\/2022\/02\/unisplend.jpg?resize=350%2C200&ssl=1","width":350,"height":200},"classes":[]},{"id":5422,"url":"https:\/\/mundo.seashell.pt\/?product=balde-de-esfregona-espremedor-eliptico-15lt","url_meta":{"origin":5424,"position":3},"title":"Balde de Esfregona + Espremedor El\u00edptico 15Lt","date":"Fevereiro 23, 2022","format":false,"excerpt":"Balde de limpeza com espremedor el\u00edptico com capacidade de 15 litros, espreme facilmente a sua esfregona, ajudando a secar o seu ch\u00e3o mais rapidamente!","rel":"","context":"Similar post","img":{"alt_text":"","src":"https:\/\/i0.wp.com\/mundo.seashell.pt\/wp-content\/uploads\/2022\/02\/Captura_de_ecra__2021-03-06__a_s_11.09.28_PhotoRoom_20210408_113807.jpg?resize=350%2C200&ssl=1","width":350,"height":200},"classes":[]},{"id":5420,"url":"https:\/\/mundo.seashell.pt\/?product=balde-de-esfregona-15lt-espremedor-reciclado","url_meta":{"origin":5424,"position":4},"title":"Balde de Esfregona Reciclado de 15 litros + Espremedor","date":"Fevereiro 23, 2022","format":false,"excerpt":"Balde de 15 litros de capacidade, feito com pl\u00e1stico reciclado, com espremedor.","rel":"","context":"Similar post","img":{"alt_text":"","src":"https:\/\/i0.wp.com\/mundo.seashell.pt\/wp-content\/uploads\/2022\/02\/Captura_de_ecra__2021-03-06__a_s_11.09.50_PhotoRoom_20210408_113534.jpg?resize=350%2C200&ssl=1","width":350,"height":200},"classes":[]},{"id":6012,"url":"https:\/\/mundo.seashell.pt\/?product=ravviva-5kg","url_meta":{"origin":5424,"position":5},"title":"Lava e Encera Ravviva 5Kg","date":"Fevereiro 23, 2022","format":false,"excerpt":"Detergente de polimento, liberta no pavimento uma fina pel\u00edcula auto brilhante a fim de reparar a velha camada de cera ou dar uma ligeira prote\u00e7\u00e3o nos pavimentos n\u00e3o tratados.","rel":"","context":"Similar post","img":{"alt_text":"","src":"https:\/\/i0.wp.com\/mundo.seashell.pt\/wp-content\/uploads\/2022\/02\/ravviva.jpg?resize=350%2C200&ssl=1","width":350,"height":200},"classes":[]}],"_links":{"self":[{"href":"https:\/\/mundo.seashell.pt\/index.php?rest_route=\/wp\/v2\/product\/5424","targetHints":{"allow":["GET"]}}],"collection":[{"href":"https:\/\/mundo.seashell.pt\/index.php?rest_route=\/wp\/v2\/product"}],"about":[{"href":"https:\/\/mundo.seashell.pt\/index.php?rest_route=\/wp\/v2\/types\/product"}],"wp:featuredmedia":[{"embeddable":true,"href":"https:\/\/mundo.seashell.pt\/index.php?rest_route=\/wp\/v2\/media\/5425"}],"wp:attachment":[{"href":"https:\/\/mundo.seashell.pt\/index.php?rest_route=%2Fwp%2Fv2%2Fmedia&parent=5424"}],"wp:term":[{"taxonomy":"product_cat","embeddable":true,"href":"https:\/\/mundo.seashell.pt\/index.php?rest_route=%2Fwp%2Fv2%2Fproduct_cat&post=5424"},{"taxonomy":"product_tag","embeddable":true,"href":"https:\/\/mundo.seashell.pt\/index.php?rest_route=%2Fwp%2Fv2%2Fproduct_tag&post=5424"}],"curies":[{"name":"wp","href":"https:\/\/api.w.org\/{rel}","templated":true}]}}