{"id":5422,"date":"2022-02-23T11:27:33","date_gmt":"2022-02-23T11:27:33","guid":{"rendered":"https:\/\/mundo.seashell.pt\/?post_type=product&#038;p=5422"},"modified":"2022-02-23T11:27:34","modified_gmt":"2022-02-23T11:27:34","slug":"balde-de-esfregona-espremedor-eliptico-15lt","status":"publish","type":"product","link":"https:\/\/mundo.seashell.pt\/?product=balde-de-esfregona-espremedor-eliptico-15lt","title":{"rendered":"Balde de Esfregona + Espremedor El\u00edptico 15Lt"},"content":{"rendered":"<p>Balde de limpeza com espremedor el\u00edptico com capacidade de 15&nbsp;litros, espreme facilmente a sua esfregona, ajudando a secar o seu ch\u00e3o mais rapidamente!<\/p>\n<p>Para reduzir o esfor\u00e7o necess\u00e1rio \u00e0&nbsp;tarefa de limpeza do ch\u00e3o, \u00e9 aconselh\u00e1vel um balde equilibrado, com um espremedor de esfregona que lhe permita efetuar o seu trabalho sem esfor\u00e7o.<\/p>\n<p>Caracter\u00edsticas:<\/p>\n<ul>\n<li>100% Reutiliz\u00e1veis 100% Recicl\u00e1veis.<\/li>\n<li>Capacidade: 15 litros.<\/li>\n<li>Fabricado em Portugal.<\/li>\n<\/ul>\n","protected":false},"excerpt":{"rendered":"<p>Balde de limpeza com espremedor el\u00edptico com capacidade de 15 litros, espreme facilmente a sua esfregona, ajudando a secar o seu ch\u00e3o mais rapidamente!<\/p>\n","protected":false},"featured_media":5423,"template":"","meta":{"spay_email":""},"product_cat":[15],"product_tag":[],"class_list":{"0":"post-5422","1":"product","2":"type-product","3":"status-publish","4":"has-post-thumbnail","6":"product_cat-sem-categoria","8":"first","9":"instock","10":"taxable","11":"shipping-taxable","12":"purchasable","13":"product-type-simple"},"acf":[],"jetpack-related-posts":[{"id":5420,"url":"https:\/\/mundo.seashell.pt\/?product=balde-de-esfregona-15lt-espremedor-reciclado","url_meta":{"origin":5422,"position":0},"title":"Balde de Esfregona Reciclado de 15 litros + Espremedor","date":"Fevereiro 23, 2022","format":false,"excerpt":"Balde de 15 litros de capacidade, feito com pl\u00e1stico reciclado, com espremedor.","rel":"","context":"Similar post","img":{"alt_text":"","src":"https:\/\/i0.wp.com\/mundo.seashell.pt\/wp-content\/uploads\/2022\/02\/Captura_de_ecra__2021-03-06__a_s_11.09.50_PhotoRoom_20210408_113534.jpg?resize=350%2C200&ssl=1","width":350,"height":200},"classes":[]},{"id":5426,"url":"https:\/\/mundo.seashell.pt\/?product=recarga-esfregona-microfibra-colors-170gr","url_meta":{"origin":5422,"position":1},"title":"Recarga Esfregona Microfibra Colors 170gr","date":"Fevereiro 23, 2022","format":false,"excerpt":"A Esfregona profissional em microfibra \u00e9 at\u00e9 10 vezes mais absorvente de que uma esfregona tradicional de algod\u00e3o.","rel":"","context":"Similar post","img":{"alt_text":"","src":"https:\/\/i0.wp.com\/mundo.seashell.pt\/wp-content\/uploads\/2022\/02\/microfibras_esfregona_PhotoRoom_20210408_113525.jpg?resize=350%2C200&ssl=1","width":350,"height":200},"classes":[]},{"id":5720,"url":"https:\/\/mundo.seashell.pt\/?product=cleanox-5kg","url_meta":{"origin":5422,"position":2},"title":"Higienizante Cleanox 5Kg","date":"Fevereiro 23, 2022","format":false,"excerpt":"Detergente higienizante concentrado \u00e0 base de per\u00f3xido de hidrog\u00eanio adequado para todas as superf\u00edcies lav\u00e1veis","rel":"","context":"Similar post","img":{"alt_text":"","src":"https:\/\/i0.wp.com\/mundo.seashell.pt\/wp-content\/uploads\/2022\/02\/cleanox.jpg?resize=350%2C200&ssl=1","width":350,"height":200},"classes":[]},{"id":5988,"url":"https:\/\/mundo.seashell.pt\/?product=stripp-83-5kg","url_meta":{"origin":5422,"position":3},"title":"Decapante Stripp 83 5Kg","date":"Fevereiro 23, 2022","format":false,"excerpt":"Detergente decapante super-r\u00e1pido para a remo\u00e7\u00e3o de camadas de cera acr\u00edlica metalizada. Requer enxaguamento.","rel":"","context":"Similar post","img":{"alt_text":"","src":"https:\/\/i0.wp.com\/mundo.seashell.pt\/wp-content\/uploads\/2022\/02\/stripp_83.jpg?resize=350%2C200&ssl=1","width":350,"height":200},"classes":[]},{"id":5986,"url":"https:\/\/mundo.seashell.pt\/?product=straik-nr-5kg","url_meta":{"origin":5422,"position":4},"title":"Decapante Straik N.R. 5Kg","date":"Fevereiro 23, 2022","format":false,"excerpt":"Decapante sem enxaguamento com um elevado poder solubilizante para uma r\u00e1pida remo\u00e7\u00e3o das camadas de cera acr\u00edlica metalizada.","rel":"","context":"Similar post","img":{"alt_text":"","src":"https:\/\/i0.wp.com\/mundo.seashell.pt\/wp-content\/uploads\/2022\/02\/straik_n.r..jpg?resize=350%2C200&ssl=1","width":350,"height":200},"classes":[]},{"id":5984,"url":"https:\/\/mundo.seashell.pt\/?product=linostripp-5lt","url_meta":{"origin":5422,"position":5},"title":"Decapante Linostripp 5Lt","date":"Fevereiro 23, 2022","format":false,"excerpt":"Decapante espec\u00edfico para lin\u00f3leo com um alto conte\u00fado de solventes hidrossol\u00favel para a remo\u00e7\u00e3o das camadas de cera acr\u00edlica metalizada.","rel":"","context":"Similar post","img":{"alt_text":"","src":"https:\/\/i0.wp.com\/mundo.seashell.pt\/wp-content\/uploads\/2022\/02\/linostripp.jpg?resize=350%2C200&ssl=1","width":350,"height":200},"classes":[]}],"_links":{"self":[{"href":"https:\/\/mundo.seashell.pt\/index.php?rest_route=\/wp\/v2\/product\/5422","targetHints":{"allow":["GET"]}}],"collection":[{"href":"https:\/\/mundo.seashell.pt\/index.php?rest_route=\/wp\/v2\/product"}],"about":[{"href":"https:\/\/mundo.seashell.pt\/index.php?rest_route=\/wp\/v2\/types\/product"}],"wp:featuredmedia":[{"embeddable":true,"href":"https:\/\/mundo.seashell.pt\/index.php?rest_route=\/wp\/v2\/media\/5423"}],"wp:attachment":[{"href":"https:\/\/mundo.seashell.pt\/index.php?rest_route=%2Fwp%2Fv2%2Fmedia&parent=5422"}],"wp:term":[{"taxonomy":"product_cat","embeddable":true,"href":"https:\/\/mundo.seashell.pt\/index.php?rest_route=%2Fwp%2Fv2%2Fproduct_cat&post=5422"},{"taxonomy":"product_tag","embeddable":true,"href":"https:\/\/mundo.seashell.pt\/index.php?rest_route=%2Fwp%2Fv2%2Fproduct_tag&post=5422"}],"curies":[{"name":"wp","href":"https:\/\/api.w.org\/{rel}","templated":true}]}}