{"id":5420,"date":"2022-02-23T11:27:31","date_gmt":"2022-02-23T11:27:31","guid":{"rendered":"https:\/\/mundo.seashell.pt\/?post_type=product&#038;p=5420"},"modified":"2022-02-23T11:27:33","modified_gmt":"2022-02-23T11:27:33","slug":"balde-de-esfregona-15lt-espremedor-reciclado","status":"publish","type":"product","link":"https:\/\/mundo.seashell.pt\/?product=balde-de-esfregona-15lt-espremedor-reciclado","title":{"rendered":"Balde de Esfregona Reciclado de 15 litros + Espremedor"},"content":{"rendered":"<p>Balde de limpeza com espremedor e&nbsp;capacidade de 15 litros, espreme facilmente a sua esfregona, ajudando a secar o seu ch\u00e3o mais rapidamente!<\/p>\n<p>Para reduzir o esfor\u00e7o necess\u00e1rio \u00e0 tarefa de limpeza do ch\u00e3o, \u00e9 aconselh\u00e1vel um balde equilibrado, com um espremedor de esfregona que lhe permita efetuar o seu trabalho sem esfor\u00e7o.<\/p>\n<p>Caracter\u00edsticas:<\/p>\n<ul>\n<li>100% Feito com Materiais Reciclados,&nbsp;100% Reutiliz\u00e1vel, 100% Recicl\u00e1vel.<\/li>\n<li>Capacidade: 15 litros.<\/li>\n<li>Fabricado em Portugal.<\/li>\n<\/ul>\n<p>Devido \u00e0 sua manufactura com materiais reciclados, a cor do balde poder\u00e1 variar conforme o lote.&nbsp;<\/p>\n","protected":false},"excerpt":{"rendered":"<p>Balde de 15 litros de capacidade, feito com pl\u00e1stico reciclado, com espremedor. <\/p>\n","protected":false},"featured_media":5421,"template":"","meta":{"spay_email":""},"product_cat":[15],"product_tag":[],"class_list":{"0":"post-5420","1":"product","2":"type-product","3":"status-publish","4":"has-post-thumbnail","6":"product_cat-sem-categoria","8":"first","9":"instock","10":"taxable","11":"shipping-taxable","12":"purchasable","13":"product-type-simple"},"acf":[],"jetpack-related-posts":[{"id":5422,"url":"https:\/\/mundo.seashell.pt\/?product=balde-de-esfregona-espremedor-eliptico-15lt","url_meta":{"origin":5420,"position":0},"title":"Balde de Esfregona + Espremedor El\u00edptico 15Lt","date":"Fevereiro 23, 2022","format":false,"excerpt":"Balde de limpeza com espremedor el\u00edptico com capacidade de 15 litros, espreme facilmente a sua esfregona, ajudando a secar o seu ch\u00e3o mais rapidamente!","rel":"","context":"Similar post","img":{"alt_text":"","src":"https:\/\/i0.wp.com\/mundo.seashell.pt\/wp-content\/uploads\/2022\/02\/Captura_de_ecra__2021-03-06__a_s_11.09.28_PhotoRoom_20210408_113807.jpg?resize=350%2C200&ssl=1","width":350,"height":200},"classes":[]},{"id":6339,"url":"https:\/\/mundo.seashell.pt\/?product=ajax-lava-tudo-madeiras-1l","url_meta":{"origin":5420,"position":1},"title":"Ajax Lava tudo Madeiras 1L","date":"Fevereiro 23, 2022","format":false,"excerpt":"Ajax Lava tudo Madeiras 1L Ajax lava tudo multisuperf\u00edcies para uso dom\u00e9stico, com uma nova f\u00f3rmula mais eficaz e a pensar no nosso planeta. Mantenha a sua casa com as superf\u00edcies de madeira higienicamente limpas com Ajax am\u00eandoa multiusos. Tipo de produto: Cuidado do Ch\u00e3o Notas\/Frag\u00e2ncia: Am\u00eandoaB...","rel":"","context":"Similar post","img":{"alt_text":"","src":"https:\/\/i0.wp.com\/mundo.seashell.pt\/wp-content\/uploads\/2022\/02\/Ajax_Lava_Tudo_MADEIRAS_1lt_8718951332713.png?resize=350%2C200&ssl=1","width":350,"height":200},"classes":[]},{"id":6299,"url":"https:\/\/mundo.seashell.pt\/?product=ajax-lava-tudo-festa-das-flores-1l","url_meta":{"origin":5420,"position":2},"title":"Ajax Lava-Tudo Festa das Flores 1l","date":"Fevereiro 23, 2022","format":false,"excerpt":"Ajax ajuda na limpeza da casa. Deixa as suas superf\u00edcies limpas e brilhantes facilmente! Ajax lava tudo multisuperf\u00edcies para uso dom\u00e9stico, com uma nova f\u00f3rmula mais eficaz e a pensar no nosso planeta. Adicione agrad\u00e1veis aromas florais a todas as superf\u00edcies brilhantes com o lava tudo multisuperf\u00edcies Ajax festa de\u2026","rel":"","context":"Similar post","img":{"alt_text":"","src":"https:\/\/i0.wp.com\/mundo.seashell.pt\/wp-content\/uploads\/2022\/02\/Ajax_Festa_Flores_Floral_1_litro_8718951337688.png?resize=350%2C200&ssl=1","width":350,"height":200},"classes":[]},{"id":5720,"url":"https:\/\/mundo.seashell.pt\/?product=cleanox-5kg","url_meta":{"origin":5420,"position":3},"title":"Higienizante Cleanox 5Kg","date":"Fevereiro 23, 2022","format":false,"excerpt":"Detergente higienizante concentrado \u00e0 base de per\u00f3xido de hidrog\u00eanio adequado para todas as superf\u00edcies lav\u00e1veis","rel":"","context":"Similar post","img":{"alt_text":"","src":"https:\/\/i0.wp.com\/mundo.seashell.pt\/wp-content\/uploads\/2022\/02\/cleanox.jpg?resize=350%2C200&ssl=1","width":350,"height":200},"classes":[]},{"id":6319,"url":"https:\/\/mundo.seashell.pt\/?product=domestos-lixivia-espessa-075l","url_meta":{"origin":5420,"position":4},"title":"Domestos Lix\u00edvia Espessa 750ml","date":"Fevereiro 23, 2022","format":false,"excerpt":"Domestos lix\u00edvia espessa foi desenvolvida para garantir um prote\u00e7\u00e3o mais duradoura contra os germes, juntamente com um a\u00e7\u00e3o de limpeza profunda. Tipo de produto: Lix\u00edvia Gel Benef\u00edcios: - Desinfecta, limpa e d\u00e1 frescura;- Prote\u00e7\u00e3o e elimina\u00e7\u00e3o mais duradoura de germes;- Remo\u00e7\u00e3o de manchas. Conse...","rel":"","context":"Similar post","img":{"alt_text":"","src":"https:\/\/i0.wp.com\/mundo.seashell.pt\/wp-content\/uploads\/2022\/02\/DOMESTOS_LIXI_VIA_ESPESSA_-_750ml_8410437001082.png?resize=350%2C200&ssl=1","width":350,"height":200},"classes":[]},{"id":5988,"url":"https:\/\/mundo.seashell.pt\/?product=stripp-83-5kg","url_meta":{"origin":5420,"position":5},"title":"Decapante Stripp 83 5Kg","date":"Fevereiro 23, 2022","format":false,"excerpt":"Detergente decapante super-r\u00e1pido para a remo\u00e7\u00e3o de camadas de cera acr\u00edlica metalizada. Requer enxaguamento.","rel":"","context":"Similar post","img":{"alt_text":"","src":"https:\/\/i0.wp.com\/mundo.seashell.pt\/wp-content\/uploads\/2022\/02\/stripp_83.jpg?resize=350%2C200&ssl=1","width":350,"height":200},"classes":[]}],"_links":{"self":[{"href":"https:\/\/mundo.seashell.pt\/index.php?rest_route=\/wp\/v2\/product\/5420","targetHints":{"allow":["GET"]}}],"collection":[{"href":"https:\/\/mundo.seashell.pt\/index.php?rest_route=\/wp\/v2\/product"}],"about":[{"href":"https:\/\/mundo.seashell.pt\/index.php?rest_route=\/wp\/v2\/types\/product"}],"wp:featuredmedia":[{"embeddable":true,"href":"https:\/\/mundo.seashell.pt\/index.php?rest_route=\/wp\/v2\/media\/5421"}],"wp:attachment":[{"href":"https:\/\/mundo.seashell.pt\/index.php?rest_route=%2Fwp%2Fv2%2Fmedia&parent=5420"}],"wp:term":[{"taxonomy":"product_cat","embeddable":true,"href":"https:\/\/mundo.seashell.pt\/index.php?rest_route=%2Fwp%2Fv2%2Fproduct_cat&post=5420"},{"taxonomy":"product_tag","embeddable":true,"href":"https:\/\/mundo.seashell.pt\/index.php?rest_route=%2Fwp%2Fv2%2Fproduct_tag&post=5420"}],"curies":[{"name":"wp","href":"https:\/\/api.w.org\/{rel}","templated":true}]}}