{"id":5418,"date":"2022-02-23T11:27:29","date_gmt":"2022-02-23T11:27:29","guid":{"rendered":"https:\/\/mundo.seashell.pt\/?post_type=product&#038;p=5418"},"modified":"2022-02-23T11:27:30","modified_gmt":"2022-02-23T11:27:30","slug":"suporte-p-auto-corte-universal","status":"publish","type":"product","link":"https:\/\/mundo.seashell.pt\/?product=suporte-p-auto-corte-universal","title":{"rendered":"Suporte para Rolo Auto-Corte Universal"},"content":{"rendered":"<p>Suporte para Rolo&nbsp;Auto-Corte Universal<\/p>\n<p>Dispensador em pl\u00e1stico para toalhas de m\u00e3os em rolo com auto corte.<\/p>\n<p> Extremamente fi\u00e1vel e de f\u00e1cil utiliza\u00e7\u00e3o.<\/p>\n","protected":false},"excerpt":{"rendered":"<p>Suporte para Rolo Auto-Corte Universal<\/p>\n","protected":false},"featured_media":5419,"template":"","meta":{"spay_email":""},"product_cat":[15],"product_tag":[],"class_list":{"0":"post-5418","1":"product","2":"type-product","3":"status-publish","4":"has-post-thumbnail","6":"product_cat-sem-categoria","8":"first","9":"instock","10":"taxable","11":"shipping-taxable","12":"purchasable","13":"product-type-simple"},"acf":[],"jetpack-related-posts":[{"id":5540,"url":"https:\/\/mundo.seashell.pt\/?product=rolo-auto-corte-gold-joker-6rolosx100mt","url_meta":{"origin":5418,"position":0},"title":"Rolo Auto Corte Gold+ Joker (6 Rolos)","date":"Fevereiro 23, 2022","format":false,"excerpt":"Rolo Autocortante","rel":"","context":"Similar post","img":{"alt_text":"","src":"https:\/\/i0.wp.com\/mundo.seashell.pt\/wp-content\/uploads\/2022\/02\/joker_autocortante_gold_-1.jpg?resize=350%2C200&ssl=1","width":350,"height":200},"classes":[]},{"id":5414,"url":"https:\/\/mundo.seashell.pt\/?product=suporte-renova12-toalhas-de-mao-autom-branco","url_meta":{"origin":5418,"position":1},"title":"Suporte Renova para Toalhas de M\u00e3o em Rolo Auto Corte","date":"Fevereiro 23, 2022","format":false,"excerpt":"Suporte Renova para Toalhas de M\u00e3o em Rolo Auto Corte Semi-Autom\u00e1tico Branco","rel":"","context":"Similar post","img":{"alt_text":"","src":"https:\/\/i0.wp.com\/mundo.seashell.pt\/wp-content\/uploads\/2022\/02\/toalheiro_ma_os_autocorte.jpg?resize=350%2C200&ssl=1","width":350,"height":200},"classes":[]},{"id":5416,"url":"https:\/\/mundo.seashell.pt\/?product=suporte-renova-toalhas-de-mao-integra","url_meta":{"origin":5418,"position":2},"title":"Suporte Renova Toalhas de M\u00e3o em Rolo Auto Corte Integra","date":"Fevereiro 23, 2022","format":false,"excerpt":"Suporte Renova para Toalhas de M\u00e3o em Rolo Auto Corte","rel":"","context":"Similar post","img":{"alt_text":"","src":"https:\/\/i0.wp.com\/mundo.seashell.pt\/wp-content\/uploads\/2022\/02\/toalheiro_integra.jpg?resize=350%2C200&ssl=1","width":350,"height":200},"classes":[]},{"id":5526,"url":"https:\/\/mundo.seashell.pt\/?product=rolo-auto-corte-renovagreen-210-2fl-6rolosx120mt","url_meta":{"origin":5418,"position":3},"title":"Rolo Auto-Corte Renova Green Folha Dupla (6 Rolos x 120m)","date":"Fevereiro 23, 2022","format":false,"excerpt":"Os rolos Renovagreen s\u00e3o indicados para dispensadores de corte autom\u00e1tico, ideais para casas de banho com muito movimento. Economize tempo e reduza o desperd\u00edcio.","rel":"","context":"Similar post","img":{"alt_text":"","src":"https:\/\/i0.wp.com\/mundo.seashell.pt\/wp-content\/uploads\/2022\/02\/200068895_________T_Mao_Renovagreen_210_120m_2F_6r_br_CA_PhotoRoom_20210411_161400.jpg?resize=350%2C200&ssl=1","width":350,"height":200},"classes":[]},{"id":6195,"url":"https:\/\/mundo.seashell.pt\/?product=pano-universal-ag-vileda","url_meta":{"origin":5418,"position":4},"title":"Pano Universal Ag &#8211; Vileda (Rolo de 8 metros)","date":"Fevereiro 23, 2022","format":false,"excerpt":"Multiusos Ag Resist\u00eancia e alto rendimento para a limpeza profissional intensiva Pano em tela n\u00e3o tecida com tecnologia Neutrex, produzido com componentes tradicionais de alta durabilidade e impregnado com cloreto de prata, oferece grande resist\u00eancia qu\u00edmica e forte atividade antibacteriana ao eliminar bact\u00e9rias por contacto...","rel":"","context":"Similar post","img":{"alt_text":"","src":"https:\/\/i0.wp.com\/mundo.seashell.pt\/wp-content\/uploads\/2022\/02\/Bayeta-Universal-Ag_PhotoRoom_20210418_123740.jpg?resize=350%2C200&ssl=1","width":350,"height":200},"classes":[]},{"id":6571,"url":"https:\/\/mundo.seashell.pt\/?product=hansaplast-banda-universal-1m-x-6cm","url_meta":{"origin":5418,"position":5},"title":"Hansaplast Banda Universal 1m x 6cm","date":"Fevereiro 23, 2022","format":false,"excerpt":"Os pensos Hansaplast Universal s\u00e3o adequados para a cobertura e prote\u00e7\u00e3o de todos os tipos de feridas mais pequenas. Os pensos Hansaplast bloqueiam contra sujidade e bact\u00e9rias. O material \u00e9 respir\u00e1vel e resistente \u00e0 \u00e1gua. A compressa n\u00e3o aderente protege e amortece a ferida. A forte adesividade garante que o\u2026","rel":"","context":"Similar post","img":{"alt_text":"","src":"https:\/\/i0.wp.com\/mundo.seashell.pt\/wp-content\/uploads\/2022\/02\/Hansaplast_Banda_Universal_10_bandas_adesivas_1m_x_6cm_4005800174902.png?resize=350%2C200&ssl=1","width":350,"height":200},"classes":[]}],"_links":{"self":[{"href":"https:\/\/mundo.seashell.pt\/index.php?rest_route=\/wp\/v2\/product\/5418","targetHints":{"allow":["GET"]}}],"collection":[{"href":"https:\/\/mundo.seashell.pt\/index.php?rest_route=\/wp\/v2\/product"}],"about":[{"href":"https:\/\/mundo.seashell.pt\/index.php?rest_route=\/wp\/v2\/types\/product"}],"wp:featuredmedia":[{"embeddable":true,"href":"https:\/\/mundo.seashell.pt\/index.php?rest_route=\/wp\/v2\/media\/5419"}],"wp:attachment":[{"href":"https:\/\/mundo.seashell.pt\/index.php?rest_route=%2Fwp%2Fv2%2Fmedia&parent=5418"}],"wp:term":[{"taxonomy":"product_cat","embeddable":true,"href":"https:\/\/mundo.seashell.pt\/index.php?rest_route=%2Fwp%2Fv2%2Fproduct_cat&post=5418"},{"taxonomy":"product_tag","embeddable":true,"href":"https:\/\/mundo.seashell.pt\/index.php?rest_route=%2Fwp%2Fv2%2Fproduct_tag&post=5418"}],"curies":[{"name":"wp","href":"https:\/\/api.w.org\/{rel}","templated":true}]}}