{"id":5416,"date":"2022-02-23T11:27:15","date_gmt":"2022-02-23T11:27:15","guid":{"rendered":"https:\/\/mundo.seashell.pt\/?post_type=product&#038;p=5416"},"modified":"2022-02-23T11:27:15","modified_gmt":"2022-02-23T11:27:15","slug":"suporte-renova-toalhas-de-mao-integra","status":"publish","type":"product","link":"https:\/\/mundo.seashell.pt\/?product=suporte-renova-toalhas-de-mao-integra","title":{"rendered":"Suporte Renova Toalhas de M\u00e3o em Rolo Auto Corte Integra"},"content":{"rendered":"<p>Suporte Renova para Toalhas de M\u00e3o em Rolo Auto Corte<\/p>\n<\/p>\n<p><\/p>\n","protected":false},"excerpt":{"rendered":"<p>Suporte Renova para Toalhas de M\u00e3o em Rolo Auto Corte<\/p>\n","protected":false},"featured_media":5417,"template":"","meta":{"spay_email":""},"product_cat":[15],"product_tag":[],"class_list":{"0":"post-5416","1":"product","2":"type-product","3":"status-publish","4":"has-post-thumbnail","6":"product_cat-sem-categoria","8":"first","9":"instock","10":"taxable","11":"shipping-taxable","12":"purchasable","13":"product-type-simple"},"acf":[],"jetpack-related-posts":[{"id":5414,"url":"https:\/\/mundo.seashell.pt\/?product=suporte-renova12-toalhas-de-mao-autom-branco","url_meta":{"origin":5416,"position":0},"title":"Suporte Renova para Toalhas de M\u00e3o em Rolo Auto Corte","date":"Fevereiro 23, 2022","format":false,"excerpt":"Suporte Renova para Toalhas de M\u00e3o em Rolo Auto Corte Semi-Autom\u00e1tico Branco","rel":"","context":"Similar post","img":{"alt_text":"","src":"https:\/\/i0.wp.com\/mundo.seashell.pt\/wp-content\/uploads\/2022\/02\/toalheiro_ma_os_autocorte.jpg?resize=350%2C200&ssl=1","width":350,"height":200},"classes":[]},{"id":5418,"url":"https:\/\/mundo.seashell.pt\/?product=suporte-p-auto-corte-universal","url_meta":{"origin":5416,"position":1},"title":"Suporte para Rolo Auto-Corte Universal","date":"Fevereiro 23, 2022","format":false,"excerpt":"Suporte para Rolo Auto-Corte Universal","rel":"","context":"Similar post","img":{"alt_text":"","src":"https:\/\/i0.wp.com\/mundo.seashell.pt\/wp-content\/uploads\/2022\/02\/DISPENSADOR-AUTOCORTANTE.png?resize=350%2C200&ssl=1","width":350,"height":200},"classes":[]},{"id":5520,"url":"https:\/\/mundo.seashell.pt\/?product=toalha-mao-barril-zeta-renovagreen-2fl-6rx96mt","url_meta":{"origin":5416,"position":2},"title":"Toalha de M\u00e3o Barril \/ Zeta Renova Green Folha Dupla (6 Rolos x 96m)","date":"Fevereiro 23, 2022","format":false,"excerpt":"Toalha de m\u00e3os Zeta \/ Barril para sistema de extrac\u00e7\u00e3o central \/ desenrolamento vertical","rel":"","context":"Similar post","img":{"alt_text":"","src":"https:\/\/i0.wp.com\/mundo.seashell.pt\/wp-content\/uploads\/2022\/02\/toalha_de_ma_o_renova_6x96m.jpg?resize=350%2C200&ssl=1","width":350,"height":200},"classes":[]},{"id":5526,"url":"https:\/\/mundo.seashell.pt\/?product=rolo-auto-corte-renovagreen-210-2fl-6rolosx120mt","url_meta":{"origin":5416,"position":3},"title":"Rolo Auto-Corte Renova Green Folha Dupla (6 Rolos x 120m)","date":"Fevereiro 23, 2022","format":false,"excerpt":"Os rolos Renovagreen s\u00e3o indicados para dispensadores de corte autom\u00e1tico, ideais para casas de banho com muito movimento. Economize tempo e reduza o desperd\u00edcio.","rel":"","context":"Similar post","img":{"alt_text":"","src":"https:\/\/i0.wp.com\/mundo.seashell.pt\/wp-content\/uploads\/2022\/02\/200068895_________T_Mao_Renovagreen_210_120m_2F_6r_br_CA_PhotoRoom_20210411_161400.jpg?resize=350%2C200&ssl=1","width":350,"height":200},"classes":[]},{"id":5542,"url":"https:\/\/mundo.seashell.pt\/?product=toalha-de-maos-renovagreen-zz-22x215-2fl30mx180f","url_meta":{"origin":5416,"position":4},"title":"Toalhas de M\u00e3o Renova Green Zig-Zag Folha Dupla (30 Ma\u00e7os x 180 Folhas)","date":"Fevereiro 23, 2022","format":false,"excerpt":"Toalhas de m\u00e3o dobradas em C, para distribui\u00e7\u00e3o folha-\u00e0-folha, com elevada capacidade de absor\u00e7\u00e3o e resist\u00eancia. Papel branco de folha dupla. Produto certificado com o r\u00f3tulo ecol\u00f3gico da Uni\u00e3o Europeia","rel":"","context":"Similar post","img":{"alt_text":"","src":"https:\/\/i0.wp.com\/mundo.seashell.pt\/wp-content\/uploads\/2022\/02\/renova_zigzag_30x180.jpg?resize=350%2C200&ssl=1","width":350,"height":200},"classes":[]},{"id":5540,"url":"https:\/\/mundo.seashell.pt\/?product=rolo-auto-corte-gold-joker-6rolosx100mt","url_meta":{"origin":5416,"position":5},"title":"Rolo Auto Corte Gold+ Joker (6 Rolos)","date":"Fevereiro 23, 2022","format":false,"excerpt":"Rolo Autocortante","rel":"","context":"Similar post","img":{"alt_text":"","src":"https:\/\/i0.wp.com\/mundo.seashell.pt\/wp-content\/uploads\/2022\/02\/joker_autocortante_gold_-1.jpg?resize=350%2C200&ssl=1","width":350,"height":200},"classes":[]}],"_links":{"self":[{"href":"https:\/\/mundo.seashell.pt\/index.php?rest_route=\/wp\/v2\/product\/5416","targetHints":{"allow":["GET"]}}],"collection":[{"href":"https:\/\/mundo.seashell.pt\/index.php?rest_route=\/wp\/v2\/product"}],"about":[{"href":"https:\/\/mundo.seashell.pt\/index.php?rest_route=\/wp\/v2\/types\/product"}],"wp:featuredmedia":[{"embeddable":true,"href":"https:\/\/mundo.seashell.pt\/index.php?rest_route=\/wp\/v2\/media\/5417"}],"wp:attachment":[{"href":"https:\/\/mundo.seashell.pt\/index.php?rest_route=%2Fwp%2Fv2%2Fmedia&parent=5416"}],"wp:term":[{"taxonomy":"product_cat","embeddable":true,"href":"https:\/\/mundo.seashell.pt\/index.php?rest_route=%2Fwp%2Fv2%2Fproduct_cat&post=5416"},{"taxonomy":"product_tag","embeddable":true,"href":"https:\/\/mundo.seashell.pt\/index.php?rest_route=%2Fwp%2Fv2%2Fproduct_tag&post=5416"}],"curies":[{"name":"wp","href":"https:\/\/api.w.org\/{rel}","templated":true}]}}