{"id":5412,"date":"2022-02-23T11:27:13","date_gmt":"2022-02-23T11:27:13","guid":{"rendered":"https:\/\/mundo.seashell.pt\/?post_type=product&#038;p=5412"},"modified":"2022-02-23T11:27:14","modified_gmt":"2022-02-23T11:27:14","slug":"suporte-para-rolo-zeta-hci","status":"publish","type":"product","link":"https:\/\/mundo.seashell.pt\/?product=suporte-para-rolo-zeta-hci","title":{"rendered":"Suporte Para Rolo Zeta HCI"},"content":{"rendered":"<p>Suporte Para Rolo Zeta HCI<\/p>\n<ul>\n<li>Dispensador cont\u00ednuo de extra\u00e7\u00e3o central<\/li>\n<li>Fabricado em ABS branco de alta qualidade e resist\u00eancia<\/li>\n<li>Integrado \u00e0 linha econ\u00f3mica inteligente &#8220;Low Cost&#8221;, fechadura de chave e frente totalmente dobr\u00e1vel para f\u00e1cil carregamento de papel<\/li>\n<li>O rolo \u00e9&nbsp;colocado, uma vez que o mandril \u00e9 removido do interior<\/li>\n<li>F\u00e1cil manuten\u00e7\u00e3o, limpeza e longa vida \u00fatil<\/li>\n<li>Indicado para estabelecimentos de alta rota\u00e7\u00e3o<\/li>\n<li>Especialmente recomendado para hot\u00e9is, restaurantes, bares, oficinas, f\u00e1bricas, hospitais, cl\u00ednicas, laborat\u00f3rios<\/li>\n<li>Visualizador de controle de carga de papel.<\/li>\n<\/ul>\n","protected":false},"excerpt":{"rendered":"<p>Suporte para Zeta\/Chamin\u00e9\/Mecha<\/p>\n","protected":false},"featured_media":5413,"template":"","meta":{"spay_email":""},"product_cat":[15],"product_tag":[],"class_list":{"0":"post-5412","1":"product","2":"type-product","3":"status-publish","4":"has-post-thumbnail","6":"product_cat-sem-categoria","8":"first","9":"instock","10":"taxable","11":"shipping-taxable","12":"purchasable","13":"product-type-simple"},"acf":[],"jetpack-related-posts":[{"id":5532,"url":"https:\/\/mundo.seashell.pt\/?product=rolo-zeta-eco-joker-azul-6rx90mt","url_meta":{"origin":5412,"position":0},"title":"Rolo Zeta Eco Joker Azul","date":"Fevereiro 23, 2022","format":false,"excerpt":"Rolo Zeta\/Mecha\/Chamin\u00e9","rel":"","context":"Similar post","img":{"alt_text":"","src":"https:\/\/i0.wp.com\/mundo.seashell.pt\/wp-content\/uploads\/2022\/02\/joker_azul__zeta.jpg?resize=350%2C200&ssl=1","width":350,"height":200},"classes":[]},{"id":5530,"url":"https:\/\/mundo.seashell.pt\/?product=rolo-zeta-joker-gold-l-6rx90mt","url_meta":{"origin":5412,"position":1},"title":"Rolo Zeta Joker Gold L+ (6Rx90Mt)","date":"Fevereiro 23, 2022","format":false,"excerpt":"Rolo Zeta\/Mecha\/Chamin\u00e9","rel":"","context":"Similar post","img":{"alt_text":"","src":"https:\/\/i0.wp.com\/mundo.seashell.pt\/wp-content\/uploads\/2022\/02\/joker_autocortante_gold_.jpg?resize=350%2C200&ssl=1","width":350,"height":200},"classes":[]},{"id":5534,"url":"https:\/\/mundo.seashell.pt\/?product=rolo-mini-zeta-pasta-liso-2fl-joker-12rx56mt","url_meta":{"origin":5412,"position":2},"title":"Rolo Mini Zeta Joker Pasta Liso (12 Rolos)","date":"Fevereiro 23, 2022","format":false,"excerpt":"Rolo Mini Zeta\/Mecha\/Chamin\u00e9","rel":"","context":"Similar post","img":{"alt_text":"","src":"https:\/\/i0.wp.com\/mundo.seashell.pt\/wp-content\/uploads\/2022\/02\/joker_mini_zeta_12.jpg?resize=350%2C200&ssl=1","width":350,"height":200},"classes":[]},{"id":5520,"url":"https:\/\/mundo.seashell.pt\/?product=toalha-mao-barril-zeta-renovagreen-2fl-6rx96mt","url_meta":{"origin":5412,"position":3},"title":"Toalha de M\u00e3o Barril \/ Zeta Renova Green Folha Dupla (6 Rolos x 96m)","date":"Fevereiro 23, 2022","format":false,"excerpt":"Toalha de m\u00e3os Zeta \/ Barril para sistema de extrac\u00e7\u00e3o central \/ desenrolamento vertical","rel":"","context":"Similar post","img":{"alt_text":"","src":"https:\/\/i0.wp.com\/mundo.seashell.pt\/wp-content\/uploads\/2022\/02\/toalha_de_ma_o_renova_6x96m.jpg?resize=350%2C200&ssl=1","width":350,"height":200},"classes":[]},{"id":5406,"url":"https:\/\/mundo.seashell.pt\/?product=suporte-para-jumbo","url_meta":{"origin":5412,"position":4},"title":"Suporte para Papel Higi\u00e9nico Jumbo","date":"Fevereiro 23, 2022","format":false,"excerpt":"Suporte para Papel Higi\u00e9nico Jumbo","rel":"","context":"Similar post","img":{"alt_text":"","src":"https:\/\/i0.wp.com\/mundo.seashell.pt\/wp-content\/uploads\/2022\/02\/PORTA-ROLOS-JUMBO.png?resize=350%2C200&ssl=1","width":350,"height":200},"classes":[]},{"id":5410,"url":"https:\/\/mundo.seashell.pt\/?product=suporte-para-rolo-industrial-chao","url_meta":{"origin":5412,"position":5},"title":"Suporte Para Rolo Industrial Trip\u00e9 \/ Ch\u00e3o","date":"Fevereiro 23, 2022","format":false,"excerpt":"Dispensador de Rolo Industrial de papel (m\u00e1x. 500 mts.) Trip\u00e9 \/ Ch\u00e3o","rel":"","context":"Similar post","img":{"alt_text":"","src":"https:\/\/i0.wp.com\/mundo.seashell.pt\/wp-content\/uploads\/2022\/02\/Porta-Bobine-Tripe_.png?resize=350%2C200&ssl=1","width":350,"height":200},"classes":[]}],"_links":{"self":[{"href":"https:\/\/mundo.seashell.pt\/index.php?rest_route=\/wp\/v2\/product\/5412","targetHints":{"allow":["GET"]}}],"collection":[{"href":"https:\/\/mundo.seashell.pt\/index.php?rest_route=\/wp\/v2\/product"}],"about":[{"href":"https:\/\/mundo.seashell.pt\/index.php?rest_route=\/wp\/v2\/types\/product"}],"wp:featuredmedia":[{"embeddable":true,"href":"https:\/\/mundo.seashell.pt\/index.php?rest_route=\/wp\/v2\/media\/5413"}],"wp:attachment":[{"href":"https:\/\/mundo.seashell.pt\/index.php?rest_route=%2Fwp%2Fv2%2Fmedia&parent=5412"}],"wp:term":[{"taxonomy":"product_cat","embeddable":true,"href":"https:\/\/mundo.seashell.pt\/index.php?rest_route=%2Fwp%2Fv2%2Fproduct_cat&post=5412"},{"taxonomy":"product_tag","embeddable":true,"href":"https:\/\/mundo.seashell.pt\/index.php?rest_route=%2Fwp%2Fv2%2Fproduct_tag&post=5412"}],"curies":[{"name":"wp","href":"https:\/\/api.w.org\/{rel}","templated":true}]}}