{"id":5410,"date":"2022-02-23T11:27:11","date_gmt":"2022-02-23T11:27:11","guid":{"rendered":"https:\/\/mundo.seashell.pt\/?post_type=product&#038;p=5410"},"modified":"2022-02-23T11:27:13","modified_gmt":"2022-02-23T11:27:13","slug":"suporte-para-rolo-industrial-chao","status":"publish","type":"product","link":"https:\/\/mundo.seashell.pt\/?product=suporte-para-rolo-industrial-chao","title":{"rendered":"Suporte Para Rolo Industrial Trip\u00e9 \/ Ch\u00e3o"},"content":{"rendered":"<p>Caracter\u00edsticas:&nbsp;<\/p>\n<ul>\n<li>Dispensador de Rolo Industrial de papel (m\u00e1x. 500 mts.)<\/li>\n<li>Chassis de tubo de acero de 20 mm. de di\u00e2metro.<\/li>\n<li>Com pintura electroest\u00e1tica poli\u00e9ster.<\/li>\n<li>Serra met\u00e1lica integrada pintada em Poli\u00e9ster.<\/li>\n<li>Grande robustez e larga dura\u00e7\u00e3o.<\/li>\n<li>Preparada e desenhada para apoiar-se no ch\u00e3o.<\/li>\n<li>Aceita rolos at\u00e9 500 mts.<\/li>\n<li>Aceita mandaril de 60\/70 mm. de di\u00e2metro.<\/li>\n<li>M\u00ednimo espa\u00e7o e f\u00e1cil coloca\u00e7\u00e3o.<\/li>\n<li>Desenhado para usos industriais e de grande consumo de papel.<\/li>\n<li>Pensada para restaura\u00e7\u00e3o (cozinhas) e industria.<\/li>\n<li>Indicado para espa\u00e7os de consumo continuado de papel&nbsp;<\/li>\n<\/ul>\n","protected":false},"excerpt":{"rendered":"<p>Dispensador de Rolo Industrial de papel (m\u00e1x. 500 mts.) Trip\u00e9 \/ Ch\u00e3o<\/p>\n","protected":false},"featured_media":5411,"template":"","meta":{"spay_email":""},"product_cat":[15],"product_tag":[],"class_list":{"0":"post-5410","1":"product","2":"type-product","3":"status-publish","4":"has-post-thumbnail","6":"product_cat-sem-categoria","8":"first","9":"instock","10":"taxable","11":"shipping-taxable","12":"purchasable","13":"product-type-simple"},"acf":[],"jetpack-related-posts":[{"id":5408,"url":"https:\/\/mundo.seashell.pt\/?product=suporte-para-rolo-industrial-paredebancada","url_meta":{"origin":5410,"position":0},"title":"Suporte Para Rolo Industrial Parede","date":"Fevereiro 23, 2022","format":false,"excerpt":"Dispensador de Rolo Industrial","rel":"","context":"Similar post","img":{"alt_text":"","src":"https:\/\/i0.wp.com\/mundo.seashell.pt\/wp-content\/uploads\/2022\/02\/suporte_industrial.jpg?resize=350%2C200&ssl=1","width":350,"height":200},"classes":[]},{"id":6117,"url":"https:\/\/mundo.seashell.pt\/?product=dispensador-de-papel-higienico-maxi-jumbo","url_meta":{"origin":5410,"position":1},"title":"Dispensador de Papel Higi\u00e9nico Maxi Jumbo Eco-Luxe","date":"Fevereiro 23, 2022","format":false,"excerpt":"O distribuidor de papel higi\u00eanico de tamanho maxi jumbo pode conter rolos de papel de at\u00e9 110 mm de largura por 270 mm de di\u00e2metro, com uma c\u00e2nula de di\u00e2metro m\u00e1ximo de 56 mm.","rel":"","context":"Similar post","img":{"alt_text":"","src":"https:\/\/i0.wp.com\/mundo.seashell.pt\/wp-content\/uploads\/2022\/02\/dispensador-de-papel-higienico-jumbo-abs-eco-luxe-blanco_9312221_xxl_PhotoRoom_20210411_120744-1.jpg?resize=350%2C200&ssl=1","width":350,"height":200},"classes":[]},{"id":6115,"url":"https:\/\/mundo.seashell.pt\/?product=dispensador-de-papel-higienico-jumbo","url_meta":{"origin":5410,"position":2},"title":"Dispensador de Papel Higi\u00e9nico Jumbo Eco-Luxe","date":"Fevereiro 23, 2022","format":false,"excerpt":"O dispensador de papel higi\u00e9nico de tamanho jumbo acomoda rolos de papel de at\u00e9 210 mm de largura por 220 mm de di\u00e2metro, com uma c\u00e2nula de di\u00e2metro m\u00e1ximo de 45 mm.","rel":"","context":"Similar post","img":{"alt_text":"","src":"https:\/\/i0.wp.com\/mundo.seashell.pt\/wp-content\/uploads\/2022\/02\/dispensador-de-papel-higienico-jumbo-abs-eco-luxe-blanco_9312221_xxl_PhotoRoom_20210411_120744.jpg?resize=350%2C200&ssl=1","width":350,"height":200},"classes":[]},{"id":5406,"url":"https:\/\/mundo.seashell.pt\/?product=suporte-para-jumbo","url_meta":{"origin":5410,"position":3},"title":"Suporte para Papel Higi\u00e9nico Jumbo","date":"Fevereiro 23, 2022","format":false,"excerpt":"Suporte para Papel Higi\u00e9nico Jumbo","rel":"","context":"Similar post","img":{"alt_text":"","src":"https:\/\/i0.wp.com\/mundo.seashell.pt\/wp-content\/uploads\/2022\/02\/PORTA-ROLOS-JUMBO.png?resize=350%2C200&ssl=1","width":350,"height":200},"classes":[]},{"id":6127,"url":"https:\/\/mundo.seashell.pt\/?product=dispensador-de-papel-em-mecha-com-estrangulador-abs","url_meta":{"origin":5410,"position":4},"title":"Dispensador de Papel em Mecha com Estrangulador Eco-Luxe ABS","date":"Fevereiro 23, 2022","format":false,"excerpt":"Design, qualidade e funcionalidade. Estas s\u00e3o as tr\u00eas principais caracter\u00edsticas do dispensador de mechas da nova linha ECO-LUXE. O dispensador de papel em mecha \u00e9 um dos dispositivos mais amplamente utilizados para lavar e secar as m\u00e3os, por exemplo, em cozinhas profissionais, cl\u00ednicas m\u00e9dicas, odontol\u00f3gicas e de fisioterapia. A remo\u00e7...","rel":"","context":"Similar post","img":{"alt_text":"","src":"https:\/\/i0.wp.com\/mundo.seashell.pt\/wp-content\/uploads\/2022\/02\/dispensador-de-papel-toalla-abs-eco-luxe-negro_9300473_xxl_PhotoRoom_20210411_120905-1.jpg?resize=350%2C200&ssl=1","width":350,"height":200},"classes":[]},{"id":6125,"url":"https:\/\/mundo.seashell.pt\/?product=dispensador-de-papel-em-mecha-abs","url_meta":{"origin":5410,"position":5},"title":"Dispensador de Papel em Mecha Eco-Luxe ABS","date":"Fevereiro 23, 2022","format":false,"excerpt":"Design, qualidade e funcionalidade. Estas s\u00e3o as tr\u00eas principais caracter\u00edsticas do dispensador de mechas da nova linha ECO-LUXE. O dispensador de papel em mecha \u00e9 um dos dispositivos mais amplamente utilizados para lavar e secar as m\u00e3os, por exemplo, em cozinhas profissionais, cl\u00ednicas m\u00e9dicas, odontol\u00f3gicas e de fisioterapia. A remo\u00e7...","rel":"","context":"Similar post","img":{"alt_text":"","src":"https:\/\/i0.wp.com\/mundo.seashell.pt\/wp-content\/uploads\/2022\/02\/dispensador-de-papel-toalla-abs-eco-luxe-negro_9300473_xxl_PhotoRoom_20210411_120905.jpg?resize=350%2C200&ssl=1","width":350,"height":200},"classes":[]}],"_links":{"self":[{"href":"https:\/\/mundo.seashell.pt\/index.php?rest_route=\/wp\/v2\/product\/5410","targetHints":{"allow":["GET"]}}],"collection":[{"href":"https:\/\/mundo.seashell.pt\/index.php?rest_route=\/wp\/v2\/product"}],"about":[{"href":"https:\/\/mundo.seashell.pt\/index.php?rest_route=\/wp\/v2\/types\/product"}],"wp:featuredmedia":[{"embeddable":true,"href":"https:\/\/mundo.seashell.pt\/index.php?rest_route=\/wp\/v2\/media\/5411"}],"wp:attachment":[{"href":"https:\/\/mundo.seashell.pt\/index.php?rest_route=%2Fwp%2Fv2%2Fmedia&parent=5410"}],"wp:term":[{"taxonomy":"product_cat","embeddable":true,"href":"https:\/\/mundo.seashell.pt\/index.php?rest_route=%2Fwp%2Fv2%2Fproduct_cat&post=5410"},{"taxonomy":"product_tag","embeddable":true,"href":"https:\/\/mundo.seashell.pt\/index.php?rest_route=%2Fwp%2Fv2%2Fproduct_tag&post=5410"}],"curies":[{"name":"wp","href":"https:\/\/api.w.org\/{rel}","templated":true}]}}