{"id":5406,"date":"2022-02-23T11:27:09","date_gmt":"2022-02-23T11:27:09","guid":{"rendered":"https:\/\/mundo.seashell.pt\/?post_type=product&#038;p=5406"},"modified":"2022-02-23T11:27:10","modified_gmt":"2022-02-23T11:27:10","slug":"suporte-para-jumbo","status":"publish","type":"product","link":"https:\/\/mundo.seashell.pt\/?product=suporte-para-jumbo","title":{"rendered":"Suporte para Papel Higi\u00e9nico Jumbo"},"content":{"rendered":"<p>Caracter\u00edsticas:&nbsp;<\/p>\n<ul>\n<li>Dispensador de papel de rolo &#8220;Low Cost&#8221; econ\u00f4mico.<\/li>\n<li>Feito de ABS branco de alta qualidade.<\/li>\n<li>Bloqueio com chave e visor de controle de carga.<\/li>\n<li>Suportes rolo at\u00e9 300 mts. Com di\u00e2metro m\u00e1ximo&nbsp;de 220 mm.<\/li>\n<li>Para rolos com mandril de 45 mm.<\/li>\n<li>Limpeza f\u00e1cil e substitui\u00e7\u00e3o do rolo.<\/li>\n<li>Robusto&nbsp;e duradouro.<\/li>\n<li>Abertura de balan\u00e7o frontal.<\/li>\n<li>Design moderno facilmente integrado em qualquer instala\u00e7\u00e3o e decora\u00e7\u00e3o.<\/li>\n<li>Indicado para estabelecimentos de m\u00e9dia\/alta rota\u00e7\u00e3o.<\/li>\n<li>Recomendado para comunidades p\u00fablicas e W.C.<\/li>\n<\/ul>\n","protected":false},"excerpt":{"rendered":"<p>Suporte para Papel Higi\u00e9nico Jumbo<\/p>\n","protected":false},"featured_media":5407,"template":"","meta":{"spay_email":""},"product_cat":[15],"product_tag":[],"class_list":{"0":"post-5406","1":"product","2":"type-product","3":"status-publish","4":"has-post-thumbnail","6":"product_cat-sem-categoria","8":"first","9":"instock","10":"taxable","11":"shipping-taxable","12":"purchasable","13":"product-type-simple"},"acf":[],"jetpack-related-posts":[{"id":5512,"url":"https:\/\/mundo.seashell.pt\/?product=papel-higienico-jumbo-renovagreen-2fl-12rx180mtrs","url_meta":{"origin":5406,"position":0},"title":"Papel Higi\u00e9nico Jumbo Maxi Renova Green Folha Dupla (12 Rolos x 180m)","date":"Fevereiro 23, 2022","format":false,"excerpt":"O Papel Higi\u00e9nico Renova Green Jumbo possui uma sensa\u00e7\u00e3o extra suave, proporcionando um cuidado delicado e m\u00e1ximo conforto.","rel":"","context":"Similar post","img":{"alt_text":"","src":"https:\/\/i0.wp.com\/mundo.seashell.pt\/wp-content\/uploads\/2022\/02\/200045770_________Pap_Hig_Jumbo_Renovagreen_180m_2fl_12r_PhotoRoom_20210411_161534.jpg?resize=350%2C200&ssl=1","width":350,"height":200},"classes":[]},{"id":5510,"url":"https:\/\/mundo.seashell.pt\/?product=papel-hig-jumbo-renovagreen-2fl-12rx90mtrs","url_meta":{"origin":5406,"position":1},"title":"Papel Higi\u00e9nico Jumbo Renova Green Folha Dupla (12 Rolos x 90m)","date":"Fevereiro 23, 2022","format":false,"excerpt":"Este papel higi\u00e9nico apresenta-se com diferentes suportes f\u00e1ceis de instalar, especialmente concebidos para se integrarem em qualquer tipo de decora\u00e7\u00e3o.","rel":"","context":"Similar post","img":{"alt_text":"","src":"https:\/\/i0.wp.com\/mundo.seashell.pt\/wp-content\/uploads\/2022\/02\/0002077_renovagreen-jumbo-90m_600x600_PhotoRoom_20210411_161404.jpg?resize=350%2C200&ssl=1","width":350,"height":200},"classes":[]},{"id":6137,"url":"https:\/\/mundo.seashell.pt\/?product=dispensador-de-papel-higienico-jumbo-elegance","url_meta":{"origin":5406,"position":2},"title":"Dispensador de Papel Higi\u00e9nico Jumbo Elegance","date":"Fevereiro 23, 2022","format":false,"excerpt":"O dispensador de papel higi\u00e9nico de tamanho jumbo acomoda rolos de papel de at\u00e9 210 mm de largura por 220 mm de di\u00e2metro, com uma c\u00e2nula de di\u00e2metro m\u00e1ximo de 45 mm.","rel":"","context":"Similar post","img":{"alt_text":"","src":"https:\/\/i0.wp.com\/mundo.seashell.pt\/wp-content\/uploads\/2022\/02\/dispensador-de-papel-higienico-abs-blanco_5571168_xxl_PhotoRoom_20210411_121024.jpg?resize=350%2C200&ssl=1","width":350,"height":200},"classes":[]},{"id":6139,"url":"https:\/\/mundo.seashell.pt\/?product=dispensador-de-papel-higienico-maxi-jumbo-elegance","url_meta":{"origin":5406,"position":3},"title":"Dispensador de Papel Higi\u00e9nico Maxi Jumbo Elegance","date":"Fevereiro 23, 2022","format":false,"excerpt":"O distribuidor de papel higi\u00e9nico de tamanho maxi jumbo pode conter rolos de papel de at\u00e9 110 mm de largura por 270 mm de di\u00e2metro, com uma c\u00e2nula de di\u00e2metro m\u00e1ximo de 56 mm.","rel":"","context":"Similar post","img":{"alt_text":"","src":"https:\/\/i0.wp.com\/mundo.seashell.pt\/wp-content\/uploads\/2022\/02\/dispensador-de-papel-higienico-maxi-jumbo-abs-color-blanco_5571173_xl_PhotoRoom_20210411_120848.jpg?resize=350%2C200&ssl=1","width":350,"height":200},"classes":[]},{"id":6115,"url":"https:\/\/mundo.seashell.pt\/?product=dispensador-de-papel-higienico-jumbo","url_meta":{"origin":5406,"position":4},"title":"Dispensador de Papel Higi\u00e9nico Jumbo Eco-Luxe","date":"Fevereiro 23, 2022","format":false,"excerpt":"O dispensador de papel higi\u00e9nico de tamanho jumbo acomoda rolos de papel de at\u00e9 210 mm de largura por 220 mm de di\u00e2metro, com uma c\u00e2nula de di\u00e2metro m\u00e1ximo de 45 mm.","rel":"","context":"Similar post","img":{"alt_text":"","src":"https:\/\/i0.wp.com\/mundo.seashell.pt\/wp-content\/uploads\/2022\/02\/dispensador-de-papel-higienico-jumbo-abs-eco-luxe-blanco_9312221_xxl_PhotoRoom_20210411_120744.jpg?resize=350%2C200&ssl=1","width":350,"height":200},"classes":[]},{"id":6117,"url":"https:\/\/mundo.seashell.pt\/?product=dispensador-de-papel-higienico-maxi-jumbo","url_meta":{"origin":5406,"position":5},"title":"Dispensador de Papel Higi\u00e9nico Maxi Jumbo Eco-Luxe","date":"Fevereiro 23, 2022","format":false,"excerpt":"O distribuidor de papel higi\u00eanico de tamanho maxi jumbo pode conter rolos de papel de at\u00e9 110 mm de largura por 270 mm de di\u00e2metro, com uma c\u00e2nula de di\u00e2metro m\u00e1ximo de 56 mm.","rel":"","context":"Similar post","img":{"alt_text":"","src":"https:\/\/i0.wp.com\/mundo.seashell.pt\/wp-content\/uploads\/2022\/02\/dispensador-de-papel-higienico-jumbo-abs-eco-luxe-blanco_9312221_xxl_PhotoRoom_20210411_120744-1.jpg?resize=350%2C200&ssl=1","width":350,"height":200},"classes":[]}],"_links":{"self":[{"href":"https:\/\/mundo.seashell.pt\/index.php?rest_route=\/wp\/v2\/product\/5406","targetHints":{"allow":["GET"]}}],"collection":[{"href":"https:\/\/mundo.seashell.pt\/index.php?rest_route=\/wp\/v2\/product"}],"about":[{"href":"https:\/\/mundo.seashell.pt\/index.php?rest_route=\/wp\/v2\/types\/product"}],"wp:featuredmedia":[{"embeddable":true,"href":"https:\/\/mundo.seashell.pt\/index.php?rest_route=\/wp\/v2\/media\/5407"}],"wp:attachment":[{"href":"https:\/\/mundo.seashell.pt\/index.php?rest_route=%2Fwp%2Fv2%2Fmedia&parent=5406"}],"wp:term":[{"taxonomy":"product_cat","embeddable":true,"href":"https:\/\/mundo.seashell.pt\/index.php?rest_route=%2Fwp%2Fv2%2Fproduct_cat&post=5406"},{"taxonomy":"product_tag","embeddable":true,"href":"https:\/\/mundo.seashell.pt\/index.php?rest_route=%2Fwp%2Fv2%2Fproduct_tag&post=5406"}],"curies":[{"name":"wp","href":"https:\/\/api.w.org\/{rel}","templated":true}]}}