{"id":5404,"date":"2022-02-23T11:27:05","date_gmt":"2022-02-23T11:27:05","guid":{"rendered":"https:\/\/mundo.seashell.pt\/?post_type=product&#038;p=5404"},"modified":"2022-02-23T11:27:09","modified_gmt":"2022-02-23T11:27:09","slug":"suporte-para-higienico-folha-a-folha","status":"publish","type":"product","link":"https:\/\/mundo.seashell.pt\/?product=suporte-para-higienico-folha-a-folha","title":{"rendered":"Suporte para Higi\u00e9nico Folha a Folha"},"content":{"rendered":"<p>Caracter\u00edsticas do Dispensador:&nbsp;<\/p>\n<ul>\n<li>Formato zig-zag de distribui\u00e7\u00e3o de papel higi\u00e9nico.<\/li>\n<li>Fabricado em ABS branco de alta qualidade e resist\u00eancia.<\/li>\n<li>Bloqueie com chave, visor de carregamento e frente dobr\u00e1vel.<\/li>\n<li>Suporta at\u00e9 400 servi\u00e7os em zig-zag.<\/li>\n<li>Recarga de toalha f\u00e1cil, r\u00e1pida e f\u00e1cil.<\/li>\n<li>Economia m\u00e1xima de papel.<\/li>\n<li>Higi\u00e9nico: Previne contamina\u00e7\u00e3o por contato manual.<\/li>\n<li>Robusto e duradouro.<\/li>\n<li>F\u00e1cil manuten\u00e7\u00e3o e limpeza.<\/li>\n<li>Indicado para locais de rota\u00e7\u00e3o m\u00e9dia.<\/li>\n<li>Recomendado para comunidades p\u00fablicas e W.C.<\/li>\n<li>Dimens\u00f5es do Dispensador: 28.8x14x14cm<\/li>\n<\/ul>\n<ul><\/ul>\n","protected":false},"excerpt":{"rendered":"<p>Para papel higi\u00e9nico folha a folha<\/p>\n","protected":false},"featured_media":5405,"template":"","meta":{"spay_email":""},"product_cat":[15],"product_tag":[],"class_list":{"0":"post-5404","1":"product","2":"type-product","3":"status-publish","4":"has-post-thumbnail","6":"product_cat-sem-categoria","8":"first","9":"instock","10":"taxable","11":"shipping-taxable","12":"purchasable","13":"product-type-simple"},"acf":[],"jetpack-related-posts":[{"id":6135,"url":"https:\/\/mundo.seashell.pt\/?product=dispensador-de-papel-higienico-folha-a-folha-elegance","url_meta":{"origin":5404,"position":0},"title":"Dispensador Papel Higi\u00e9nico Folha-a-Folha Elegance ABS","date":"Fevereiro 23, 2022","format":false,"excerpt":"Dispensador de papel higi\u00e9nico em zig-zag, feito de ABS, torna-o um dispensador compacto e robusto com caracter\u00edsticas antivandalismo. Ideal para instala\u00e7\u00f5es sanit\u00e1rias com tr\u00e1fego intenso.","rel":"","context":"Similar post","img":{"alt_text":"","src":"https:\/\/i0.wp.com\/mundo.seashell.pt\/wp-content\/uploads\/2022\/02\/dispensador-de-papel-higienico-interplegado-en-z-abs-color-blanco_5571162_xxl_PhotoRoom_20210411_120748.jpg?resize=350%2C200&ssl=1","width":350,"height":200},"classes":[]},{"id":6123,"url":"https:\/\/mundo.seashell.pt\/?product=dispensador-de-papel-higienico-com-extracao-central-abs","url_meta":{"origin":5404,"position":1},"title":"Dispensador de Papel Higi\u00e9nico com Extra\u00e7\u00e3o Central  Eco-Luxe ABS","date":"Fevereiro 23, 2022","format":false,"excerpt":"Design, qualidade e funcionalidade. Estas s\u00e3o as tr\u00eas caracter\u00edsticas principais do dispensador central de papel higi\u00e9nico da nova linha ECO-LUXE. A distribui\u00e7\u00e3o folha a folha do papel evita a contamina\u00e7\u00e3o cruzada dos usu\u00e1rios, mantendo o restante do rolo protegido dentro do distribuidor. Uma caracter\u00edstica de vital import\u00e2ncia para a ...","rel":"","context":"Similar post","img":{"alt_text":"","src":"https:\/\/i0.wp.com\/mundo.seashell.pt\/wp-content\/uploads\/2022\/02\/dispensador-de-papel-higienico-dispensacion-central-eco-luxe-blanco_9312041_xxl_PhotoRoom_20210411_120841.jpg?resize=350%2C200&ssl=1","width":350,"height":200},"classes":[]},{"id":5518,"url":"https:\/\/mundo.seashell.pt\/?product=papel-higienico-folha-a-folha-gold-xl-36mx200f","url_meta":{"origin":5404,"position":2},"title":"Papel Higi\u00e9nico Folha-a-Folha Gold XL+ (36 Ma\u00e7os x 200 Folhas)","date":"Fevereiro 23, 2022","format":false,"excerpt":"Papel higi\u00e9nico folha a Folha. Folha branca de m\u00e1xima suavidade e resist\u00eancia, com textura, folha dupla.","rel":"","context":"Similar post","img":{"alt_text":"","src":"https:\/\/i0.wp.com\/mundo.seashell.pt\/wp-content\/uploads\/2022\/02\/papel_higienico_z_gold_.jpg?resize=350%2C200&ssl=1","width":350,"height":200},"classes":[]},{"id":5546,"url":"https:\/\/mundo.seashell.pt\/?product=toalha-de-mao-21x245-soft-gold-l-joker-20mx150f","url_meta":{"origin":5404,"position":3},"title":"Toalha de M\u00e3o Soft Gold L+ Joker","date":"Fevereiro 23, 2022","format":false,"excerpt":"Toalha de M\u00e3o Zig-Zag","rel":"","context":"Similar post","img":{"alt_text":"","src":"https:\/\/i0.wp.com\/mundo.seashell.pt\/wp-content\/uploads\/2022\/02\/joker_soft_gold_.jpg?resize=350%2C200&ssl=1","width":350,"height":200},"classes":[]},{"id":6127,"url":"https:\/\/mundo.seashell.pt\/?product=dispensador-de-papel-em-mecha-com-estrangulador-abs","url_meta":{"origin":5404,"position":4},"title":"Dispensador de Papel em Mecha com Estrangulador Eco-Luxe ABS","date":"Fevereiro 23, 2022","format":false,"excerpt":"Design, qualidade e funcionalidade. Estas s\u00e3o as tr\u00eas principais caracter\u00edsticas do dispensador de mechas da nova linha ECO-LUXE. O dispensador de papel em mecha \u00e9 um dos dispositivos mais amplamente utilizados para lavar e secar as m\u00e3os, por exemplo, em cozinhas profissionais, cl\u00ednicas m\u00e9dicas, odontol\u00f3gicas e de fisioterapia. A remo\u00e7...","rel":"","context":"Similar post","img":{"alt_text":"","src":"https:\/\/i0.wp.com\/mundo.seashell.pt\/wp-content\/uploads\/2022\/02\/dispensador-de-papel-toalla-abs-eco-luxe-negro_9300473_xxl_PhotoRoom_20210411_120905-1.jpg?resize=350%2C200&ssl=1","width":350,"height":200},"classes":[]},{"id":5542,"url":"https:\/\/mundo.seashell.pt\/?product=toalha-de-maos-renovagreen-zz-22x215-2fl30mx180f","url_meta":{"origin":5404,"position":5},"title":"Toalhas de M\u00e3o Renova Green Zig-Zag Folha Dupla (30 Ma\u00e7os x 180 Folhas)","date":"Fevereiro 23, 2022","format":false,"excerpt":"Toalhas de m\u00e3o dobradas em C, para distribui\u00e7\u00e3o folha-\u00e0-folha, com elevada capacidade de absor\u00e7\u00e3o e resist\u00eancia. Papel branco de folha dupla. Produto certificado com o r\u00f3tulo ecol\u00f3gico da Uni\u00e3o Europeia","rel":"","context":"Similar post","img":{"alt_text":"","src":"https:\/\/i0.wp.com\/mundo.seashell.pt\/wp-content\/uploads\/2022\/02\/renova_zigzag_30x180.jpg?resize=350%2C200&ssl=1","width":350,"height":200},"classes":[]}],"_links":{"self":[{"href":"https:\/\/mundo.seashell.pt\/index.php?rest_route=\/wp\/v2\/product\/5404","targetHints":{"allow":["GET"]}}],"collection":[{"href":"https:\/\/mundo.seashell.pt\/index.php?rest_route=\/wp\/v2\/product"}],"about":[{"href":"https:\/\/mundo.seashell.pt\/index.php?rest_route=\/wp\/v2\/types\/product"}],"wp:featuredmedia":[{"embeddable":true,"href":"https:\/\/mundo.seashell.pt\/index.php?rest_route=\/wp\/v2\/media\/5405"}],"wp:attachment":[{"href":"https:\/\/mundo.seashell.pt\/index.php?rest_route=%2Fwp%2Fv2%2Fmedia&parent=5404"}],"wp:term":[{"taxonomy":"product_cat","embeddable":true,"href":"https:\/\/mundo.seashell.pt\/index.php?rest_route=%2Fwp%2Fv2%2Fproduct_cat&post=5404"},{"taxonomy":"product_tag","embeddable":true,"href":"https:\/\/mundo.seashell.pt\/index.php?rest_route=%2Fwp%2Fv2%2Fproduct_tag&post=5404"}],"curies":[{"name":"wp","href":"https:\/\/api.w.org\/{rel}","templated":true}]}}