{"id":5402,"date":"2022-02-23T11:27:00","date_gmt":"2022-02-23T11:27:00","guid":{"rendered":"https:\/\/mundo.seashell.pt\/?post_type=product&#038;p=5402"},"modified":"2022-02-23T11:27:05","modified_gmt":"2022-02-23T11:27:05","slug":"alka-15000","status":"publish","type":"product","link":"https:\/\/mundo.seashell.pt\/?product=alka-15000","title":{"rendered":"Detergente Desengordurante Alcalino Alka 15000"},"content":{"rendered":"<h4>Detergente desengordurante alcalino para externo vag\u00f5es com antiredepositantes a elevado poder emulsionante e efeito brilhante.&nbsp;<\/h4>\n<h4><\/h4>\n<p>Indicado para exterior de comboios no sector ferrovi\u00e1rio ou metro, autocarros e cami\u00f5es.<\/p>\n<h4><\/h4>\n<h4>Dilui\u00e7\u00e3o<\/h4>\n<p>1% &#8211; 4% (100 ml &#8211; 400 ml em 10 L de \u00e1gua).<\/p>\n<h4><\/h4>\n<h4>Como usar<\/h4>\n<p>Pulverizar a solu\u00e7\u00e3o sobre a carro\u00e7aria atrav\u00e9s de sistemas espec\u00edficos ou com nebulizador. Esfregar se necess\u00e1rio e enxaguar com alta press\u00e3o ou com \u00e1gua.<\/p>\n","protected":false},"excerpt":{"rendered":"<p>Detergente desengordurante alcalino para externo vag\u00f5es com antiredepositantes a elevado poder emulsionante e efeito brilhante. Indicado para comboios, metro, autocarros e cami\u00f5es.<\/p>\n","protected":false},"featured_media":5403,"template":"","meta":{"spay_email":""},"product_cat":[15],"product_tag":[],"class_list":{"0":"post-5402","1":"product","2":"type-product","3":"status-publish","4":"has-post-thumbnail","6":"product_cat-sem-categoria","8":"first","9":"instock","10":"taxable","11":"shipping-taxable","12":"purchasable","13":"product-type-simple"},"acf":[],"jetpack-related-posts":[{"id":5684,"url":"https:\/\/mundo.seashell.pt\/?product=sf120-5kg","url_meta":{"origin":5402,"position":0},"title":"Desengordurante S.F. 120","date":"Fevereiro 23, 2022","format":false,"excerpt":"Detergente altamente desengordurante isento de corantes e fragr\u00e2ncias para uso em ambiente alimentar (HACCP).","rel":"","context":"Similar post","img":{"alt_text":"","src":"https:\/\/i0.wp.com\/mundo.seashell.pt\/wp-content\/uploads\/2022\/02\/Sf_120.jpg?resize=350%2C200&ssl=1","width":350,"height":200},"classes":[]},{"id":5666,"url":"https:\/\/mundo.seashell.pt\/?product=cleaner-2000-5kg","url_meta":{"origin":5402,"position":1},"title":"Detergente Alcalino &#8211; Cleaner 2000 5Kg","date":"Fevereiro 23, 2022","format":false,"excerpt":"F\u00f3rmula com concentra\u00e7\u00e3o elevada e com um grande efeito sequestrante espec\u00edfico sujidade de origem gordurosa mesmo em superf\u00edcies microporosas.","rel":"","context":"Similar post","img":{"alt_text":"","src":"https:\/\/i0.wp.com\/mundo.seashell.pt\/wp-content\/uploads\/2022\/02\/cleaner_2000.jpg?resize=350%2C200&ssl=1","width":350,"height":200},"classes":[]},{"id":5700,"url":"https:\/\/mundo.seashell.pt\/?product=alkafoam-super-24kg","url_meta":{"origin":5402,"position":2},"title":"Desengordurante Alcalino Alkafoam Super 24Kg","date":"Fevereiro 23, 2022","format":false,"excerpt":"Detergente desengordurante alcalino para usar com gerador de espuma em ambiente alimentar (HACCP).","rel":"","context":"Similar post","img":{"alt_text":"","src":"https:\/\/i0.wp.com\/mundo.seashell.pt\/wp-content\/uploads\/2022\/02\/alkafoam_super.jpg?resize=350%2C200&ssl=1","width":350,"height":200},"classes":[]},{"id":5702,"url":"https:\/\/mundo.seashell.pt\/?product=alkanet-plus-24kg","url_meta":{"origin":5402,"position":3},"title":"Desengordurante Alcalino Alkanet Plus 24Kg","date":"Fevereiro 23, 2022","format":false,"excerpt":"Detergente desengordurante fortemente alcalino, pode ser usado em sistemas CIP.","rel":"","context":"Similar post","img":{"alt_text":"","src":"https:\/\/i0.wp.com\/mundo.seashell.pt\/wp-content\/uploads\/2022\/02\/alkanet_plus.jpg?resize=350%2C200&ssl=1","width":350,"height":200},"classes":[]},{"id":5698,"url":"https:\/\/mundo.seashell.pt\/?product=alkadet-24kg","url_meta":{"origin":5402,"position":4},"title":"Desengordurante Superativo Alkadet 24Kg","date":"Fevereiro 23, 2022","format":false,"excerpt":"Detergente altamente desengordurante para todos os tipos de res\u00edduo gorduroso na aus\u00eancia de corantes e fragr\u00e2ncias.","rel":"","context":"Similar post","img":{"alt_text":"","src":"https:\/\/i0.wp.com\/mundo.seashell.pt\/wp-content\/uploads\/2022\/02\/PhotoRoom_20210325_092132.jpg?resize=350%2C200&ssl=1","width":350,"height":200},"classes":[]},{"id":5682,"url":"https:\/\/mundo.seashell.pt\/?product=sf110-5kg","url_meta":{"origin":5402,"position":5},"title":"Desengordurante &#8211; S.F. 110 5Kg","date":"Fevereiro 23, 2022","format":false,"excerpt":"Detergente altamente desengordurante isento de corantes e fragr\u00e2ncias para uso em ambiente alimentar (HACCP).","rel":"","context":"Similar post","img":{"alt_text":"","src":"https:\/\/i0.wp.com\/mundo.seashell.pt\/wp-content\/uploads\/2022\/02\/s.f._110.jpg?resize=350%2C200&ssl=1","width":350,"height":200},"classes":[]}],"_links":{"self":[{"href":"https:\/\/mundo.seashell.pt\/index.php?rest_route=\/wp\/v2\/product\/5402","targetHints":{"allow":["GET"]}}],"collection":[{"href":"https:\/\/mundo.seashell.pt\/index.php?rest_route=\/wp\/v2\/product"}],"about":[{"href":"https:\/\/mundo.seashell.pt\/index.php?rest_route=\/wp\/v2\/types\/product"}],"wp:featuredmedia":[{"embeddable":true,"href":"https:\/\/mundo.seashell.pt\/index.php?rest_route=\/wp\/v2\/media\/5403"}],"wp:attachment":[{"href":"https:\/\/mundo.seashell.pt\/index.php?rest_route=%2Fwp%2Fv2%2Fmedia&parent=5402"}],"wp:term":[{"taxonomy":"product_cat","embeddable":true,"href":"https:\/\/mundo.seashell.pt\/index.php?rest_route=%2Fwp%2Fv2%2Fproduct_cat&post=5402"},{"taxonomy":"product_tag","embeddable":true,"href":"https:\/\/mundo.seashell.pt\/index.php?rest_route=%2Fwp%2Fv2%2Fproduct_tag&post=5402"}],"curies":[{"name":"wp","href":"https:\/\/api.w.org\/{rel}","templated":true}]}}