{"id":5400,"date":"2022-02-23T11:26:56","date_gmt":"2022-02-23T11:26:56","guid":{"rendered":"https:\/\/mundo.seashell.pt\/?post_type=product&#038;p=5400"},"modified":"2022-02-23T11:27:00","modified_gmt":"2022-02-23T11:27:00","slug":"alka-9000-20kg","status":"publish","type":"product","link":"https:\/\/mundo.seashell.pt\/?product=alka-9000-20kg","title":{"rendered":"Detergente Alcalino Alka 9000 20kg"},"content":{"rendered":"<h4>Detergente alcalino para a lavagem qu\u00edmica de carro\u00e7arias, motores, lonas e superf\u00edcies duras em geral.<br \/><\/h4>\n<p> N\u00e3o corr\u00f3i os componentes em borracha e cromagens. Especialmente apropriado para o uso com lavadoras de alta press\u00e3o e autolavadora.<\/p>\n<h4><\/h4>\n<h4>Dilui\u00e7\u00e3o<\/h4>\n<p>1% &#8211; 10% (100 ml &#8211; 1000 ml em 10 L de \u00e1gua).<\/p>\n<h4><\/h4>\n<h4>Como usar<\/h4>\n<p>1) Utiliza\u00e7\u00e3o com m\u00e1quina de alta press\u00e3o:&nbsp;<\/p>\n<ul>\n<li>Diluir o produto em \u00e1gua consoante a sujidade a remover.&nbsp;<\/li>\n<li>Pulverizar a solu\u00e7\u00e3o de forma homog\u00e9nea sobre a superf\u00edcie e sempre de baixo para cima.&nbsp;<\/li>\n<li>Deixe actuar, esfregue se necess\u00e1rio e enxague preferencialmente com m\u00e1quina de alta press\u00e3o.&nbsp;<\/li>\n<\/ul>\n<p>2) Utiliza\u00e7\u00e3o com m\u00e1quina autolavadora:&nbsp;<\/p>\n<ul>\n<li>Diluir o produto a partir de 2% a 5% em rela\u00e7\u00e3o \u00e0 sujidade a remover.&nbsp;<\/li>\n<li>Aplique a solu\u00e7\u00e3o, deixe alguns minutos e trabalhe com disco ou escova apropriados.<\/li>\n<\/ul>\n","protected":false},"excerpt":{"rendered":"<p>Detergente alcalino para a lavagem qu\u00edmica de carro\u00e7arias, motores, lonas e superf\u00edcies duras em geral. N\u00e3o corr\u00f3i os componentes em borracha e cromagens. Especialmente apropriado para o uso com lavadoras de alta press\u00e3o e auto lavadora.<\/p>\n","protected":false},"featured_media":5401,"template":"","meta":{"spay_email":""},"product_cat":[15],"product_tag":[],"class_list":{"0":"post-5400","1":"product","2":"type-product","3":"status-publish","4":"has-post-thumbnail","6":"product_cat-sem-categoria","8":"first","9":"instock","10":"taxable","11":"shipping-taxable","12":"purchasable","13":"product-type-simple"},"acf":[],"jetpack-related-posts":[{"id":5698,"url":"https:\/\/mundo.seashell.pt\/?product=alkadet-24kg","url_meta":{"origin":5400,"position":0},"title":"Desengordurante Superativo Alkadet 24Kg","date":"Fevereiro 23, 2022","format":false,"excerpt":"Detergente altamente desengordurante para todos os tipos de res\u00edduo gorduroso na aus\u00eancia de corantes e fragr\u00e2ncias.","rel":"","context":"Similar post","img":{"alt_text":"","src":"https:\/\/i0.wp.com\/mundo.seashell.pt\/wp-content\/uploads\/2022\/02\/PhotoRoom_20210325_092132.jpg?resize=350%2C200&ssl=1","width":350,"height":200},"classes":[]},{"id":5665,"url":"https:\/\/mundo.seashell.pt\/?product=stark-des-super-2l","url_meta":{"origin":5400,"position":1},"title":"Desengordurante Concentrado &#8211; Stark Des Super 2L","date":"Fevereiro 23, 2022","format":false,"excerpt":"Detergente desengordurante l\u00edquido alcalino com um excelente desempenho na remo\u00e7\u00e3o de gorduras, \u00f3leos e outro tipo de sujidades. Produto de elevada rentabilidade e economia em uso.","rel":"","context":"Similar post","img":{"alt_text":"","src":"","width":0,"height":0},"classes":[]},{"id":5978,"url":"https:\/\/mundo.seashell.pt\/?product=acid-plus-24-kg","url_meta":{"origin":5400,"position":2},"title":"Detergente Acid Plus 24 Kg","date":"Fevereiro 23, 2022","format":false,"excerpt":"Detergente desincrustante \u00e1cido sem espuma para lavagem manual, mec\u00e2nica ou em CIP de todas as superf\u00edcies lav\u00e1veis","rel":"","context":"Similar post","img":{"alt_text":"","src":"https:\/\/i0.wp.com\/mundo.seashell.pt\/wp-content\/uploads\/2022\/02\/acidplus.jpg?resize=350%2C200&ssl=1","width":350,"height":200},"classes":[]},{"id":5402,"url":"https:\/\/mundo.seashell.pt\/?product=alka-15000","url_meta":{"origin":5400,"position":3},"title":"Detergente Desengordurante Alcalino Alka 15000","date":"Fevereiro 23, 2022","format":false,"excerpt":"Detergente desengordurante alcalino para externo vag\u00f5es com antiredepositantes a elevado poder emulsionante e efeito brilhante. Indicado para comboios, metro, autocarros e cami\u00f5es.","rel":"","context":"Similar post","img":{"alt_text":"","src":"https:\/\/i0.wp.com\/mundo.seashell.pt\/wp-content\/uploads\/2022\/02\/alka_15000.jpg?resize=350%2C200&ssl=1","width":350,"height":200},"classes":[]},{"id":5682,"url":"https:\/\/mundo.seashell.pt\/?product=sf110-5kg","url_meta":{"origin":5400,"position":4},"title":"Desengordurante &#8211; S.F. 110 5Kg","date":"Fevereiro 23, 2022","format":false,"excerpt":"Detergente altamente desengordurante isento de corantes e fragr\u00e2ncias para uso em ambiente alimentar (HACCP).","rel":"","context":"Similar post","img":{"alt_text":"","src":"https:\/\/i0.wp.com\/mundo.seashell.pt\/wp-content\/uploads\/2022\/02\/s.f._110.jpg?resize=350%2C200&ssl=1","width":350,"height":200},"classes":[]},{"id":5684,"url":"https:\/\/mundo.seashell.pt\/?product=sf120-5kg","url_meta":{"origin":5400,"position":5},"title":"Desengordurante S.F. 120","date":"Fevereiro 23, 2022","format":false,"excerpt":"Detergente altamente desengordurante isento de corantes e fragr\u00e2ncias para uso em ambiente alimentar (HACCP).","rel":"","context":"Similar post","img":{"alt_text":"","src":"https:\/\/i0.wp.com\/mundo.seashell.pt\/wp-content\/uploads\/2022\/02\/Sf_120.jpg?resize=350%2C200&ssl=1","width":350,"height":200},"classes":[]}],"_links":{"self":[{"href":"https:\/\/mundo.seashell.pt\/index.php?rest_route=\/wp\/v2\/product\/5400","targetHints":{"allow":["GET"]}}],"collection":[{"href":"https:\/\/mundo.seashell.pt\/index.php?rest_route=\/wp\/v2\/product"}],"about":[{"href":"https:\/\/mundo.seashell.pt\/index.php?rest_route=\/wp\/v2\/types\/product"}],"wp:featuredmedia":[{"embeddable":true,"href":"https:\/\/mundo.seashell.pt\/index.php?rest_route=\/wp\/v2\/media\/5401"}],"wp:attachment":[{"href":"https:\/\/mundo.seashell.pt\/index.php?rest_route=%2Fwp%2Fv2%2Fmedia&parent=5400"}],"wp:term":[{"taxonomy":"product_cat","embeddable":true,"href":"https:\/\/mundo.seashell.pt\/index.php?rest_route=%2Fwp%2Fv2%2Fproduct_cat&post=5400"},{"taxonomy":"product_tag","embeddable":true,"href":"https:\/\/mundo.seashell.pt\/index.php?rest_route=%2Fwp%2Fv2%2Fproduct_tag&post=5400"}],"curies":[{"name":"wp","href":"https:\/\/api.w.org\/{rel}","templated":true}]}}