{"id":5398,"date":"2022-02-23T11:26:39","date_gmt":"2022-02-23T11:26:39","guid":{"rendered":"https:\/\/mundo.seashell.pt\/?post_type=product&#038;p=5398"},"modified":"2022-02-23T11:26:41","modified_gmt":"2022-02-23T11:26:41","slug":"mr-fun-shampoo-auto","status":"publish","type":"product","link":"https:\/\/mundo.seashell.pt\/?product=mr-fun-shampoo-auto","title":{"rendered":"Mr Fun Shampoo Auto"},"content":{"rendered":"<h3>Mr. Fun&nbsp;Shampoo Auto&nbsp;para lavagem manual de viaturas&nbsp;<\/h3>\n<p><\/p>\n<p>Shampoo neutro, com grande capacidade desengordurante, adequado<br \/>\npara a lavagem manual do exterior de vei\u0301culos. Utiliza-se na lavagem<br \/>\nmanual de vei\u0301culos automo\u0301veis, ligeiros e pesados. O produto na\u0303o e\u0301<br \/>\nagressivo para a pintura ou pla\u0301sticos dos vei\u0301culos.\n<\/p>\n<p><strong><br \/><\/strong><\/p>\n<p><strong>CONDIC\u0327O\u0303ES DE UTILIZAC\u0327A\u0303O<br \/>\n<\/strong><\/p>\n<p>Usar uma concentrac\u0327a\u0303o de 3 a 5% (30 a 50 g\/L) em a\u0301guas ate\u0301 15\u00ba de<br \/>\ndureza.<br \/>\nNo caso de a\u0301guas mais duras aumentar levemente a concentrac\u0327a\u0303o, a<br \/>\nfim de evitar a reposic\u0327a\u0303o dos sais minerais contidos na a\u0301gua.\n<\/p>\n<p>Lavar o vei\u0301culo com a soluc\u0327a\u0303o de <strong>M<\/strong><strong>R <\/strong><strong>F<\/strong><strong>UN <\/strong><strong>S<\/strong><strong>HAMPOO <\/strong><strong>A<\/strong><strong>UTO<\/strong>, aplicando a<br \/>\nsoluc\u0327a\u0303o com uma esponja ou escova. Enxaguar posteriormente<br \/>\nutilizando jacto de a\u0301gua.<br \/>\nNa\u0303o lavar os vei\u0301culos quando estes se encontram ao Sol ou expostos a<br \/>\ntemperaturas elevadas.\n<\/p>\n<p><strong><br \/><\/strong><\/p>\n<p><strong>CARACTERISTICAS FISICO QUI\u0301MICAS<br \/>\n<\/strong><\/p>\n<p>Aspecto: Li\u0301quido viscoso&nbsp;<br \/>Cor: Amarelo<br \/>\npH 6.5<br \/>\nLeve perfume a lima\u0303o<\/p>\n","protected":false},"excerpt":{"rendered":"<p>Shampoo neutro, com grande capacidade desengordurante,  adequadopara a lavagem manual do exterior de vei\u0301culos. Utiliza-se na lavagem manual de vei\u0301culos automo\u0301veis, ligeiros e pesados. <\/p>\n","protected":false},"featured_media":5399,"template":"","meta":{"spay_email":""},"product_cat":[15],"product_tag":[],"class_list":{"0":"post-5398","1":"product","2":"type-product","3":"status-publish","4":"has-post-thumbnail","6":"product_cat-sem-categoria","8":"first","9":"instock","10":"taxable","11":"shipping-taxable","12":"purchasable","13":"product-type-simple"},"acf":[],"jetpack-related-posts":[{"id":5392,"url":"https:\/\/mundo.seashell.pt\/?product=mr-fun-shine","url_meta":{"origin":5398,"position":0},"title":"Shampoo Auto Mr Fun Shine","date":"Fevereiro 23, 2022","format":false,"excerpt":"Shampoo neutro enriquecido com cera de carnau\u0301ba, para a lavagem manual do exterior de vei\u0301culos. Utiliza-se na lavagem manual de vei\u0301culos automo\u0301veis, ligeiros e pesados.","rel":"","context":"Similar post","img":{"alt_text":"","src":"https:\/\/i0.wp.com\/mundo.seashell.pt\/wp-content\/uploads\/2022\/02\/Mr_Fun_Shampoo_Shine_1L_PhotoRoom_20210402_103310.jpg?resize=350%2C200&ssl=1","width":350,"height":200},"classes":[]},{"id":5396,"url":"https:\/\/mundo.seashell.pt\/?product=solux-auto-esp","url_meta":{"origin":5398,"position":1},"title":"Shampoo Solux Auto ESP","date":"Fevereiro 23, 2022","format":false,"excerpt":"Shampoo neutro, com grande capacidade de desengorduramento, adequado para a lavagem manual do exterior de vei\u0301culos. Utiliza-se na lavagem manual de vei\u0301culos automo\u0301veis, ligeiros e pesados.","rel":"","context":"Similar post","img":{"alt_text":"","src":"https:\/\/i0.wp.com\/mundo.seashell.pt\/wp-content\/uploads\/2022\/02\/SOLUX_AUTO_ESP_PhotoRoom_20210402_103250.jpg?resize=350%2C200&ssl=1","width":350,"height":200},"classes":[]},{"id":5394,"url":"https:\/\/mundo.seashell.pt\/?product=solux-auto-shine","url_meta":{"origin":5398,"position":2},"title":"Shampoo Solux Auto Shine","date":"Fevereiro 23, 2022","format":false,"excerpt":"APLICAC\u0327A\u0303O Shampoo com cera para lavagem exterior de viaturas PROPRIEDADES Shampoo neutro que devido a\u0300s suas caracteri\u0301sticas deixa uma protecc\u0327a\u0303o de cera acri\u0301lica nas viaturas, evitando a redeposic\u0327a\u0303o de poeiras que possam danificar. O produto na\u0303o e\u0301 agressivo para a pintura ou...","rel":"","context":"Similar post","img":{"alt_text":"","src":"https:\/\/i0.wp.com\/mundo.seashell.pt\/wp-content\/uploads\/2022\/02\/SOLUX_AUTO_SHINE_PhotoRoom_20210402_102945.jpg?resize=350%2C200&ssl=1","width":350,"height":200},"classes":[]},{"id":5874,"url":"https:\/\/mundo.seashell.pt\/?product=fun-lava-loica-5l","url_meta":{"origin":5398,"position":3},"title":"Fun Lava Loi\u00e7a 5L &#8211; Lavagem Manual","date":"Fevereiro 23, 2022","format":false,"excerpt":"Detergente l\u00edquido concentrado para lavagem manual de loi\u00e7a","rel":"","context":"Similar post","img":{"alt_text":"","src":"https:\/\/i0.wp.com\/mundo.seashell.pt\/wp-content\/uploads\/2022\/02\/Fun_Lava_Loic_a_5L_PhotoRoom_20210402_103224.jpg?resize=350%2C200&ssl=1","width":350,"height":200},"classes":[]},{"id":5854,"url":"https:\/\/mundo.seashell.pt\/?product=fun-loica-concentrado-1l-verde","url_meta":{"origin":5398,"position":4},"title":"Fun Loi\u00e7a Concentrado 1L &#8211; Loi\u00e7a Manual","date":"Fevereiro 23, 2022","format":false,"excerpt":"Detergente l\u00edquido concentrado para lavagem manual de loi\u00e7a","rel":"","context":"Similar post","img":{"alt_text":"","src":"https:\/\/i0.wp.com\/mundo.seashell.pt\/wp-content\/uploads\/2022\/02\/fun_lava_loic_a_1l.jpg?resize=350%2C200&ssl=1","width":350,"height":200},"classes":[]},{"id":5858,"url":"https:\/\/mundo.seashell.pt\/?product=fun-loica-concentrado-500ml-amarelo","url_meta":{"origin":5398,"position":5},"title":"Fun Loi\u00e7a Concentrado 500ML Amarelo","date":"Fevereiro 23, 2022","format":false,"excerpt":"Detergente l\u00edquido concentrado para lavagem manual de loi\u00e7a","rel":"","context":"Similar post","img":{"alt_text":"","src":"https:\/\/i0.wp.com\/mundo.seashell.pt\/wp-content\/uploads\/2022\/02\/Fun_Loic_a_Concentrado_Amarelo_1L_PhotoRoom_20210402_102935.jpg?resize=350%2C200&ssl=1","width":350,"height":200},"classes":[]}],"_links":{"self":[{"href":"https:\/\/mundo.seashell.pt\/index.php?rest_route=\/wp\/v2\/product\/5398","targetHints":{"allow":["GET"]}}],"collection":[{"href":"https:\/\/mundo.seashell.pt\/index.php?rest_route=\/wp\/v2\/product"}],"about":[{"href":"https:\/\/mundo.seashell.pt\/index.php?rest_route=\/wp\/v2\/types\/product"}],"wp:featuredmedia":[{"embeddable":true,"href":"https:\/\/mundo.seashell.pt\/index.php?rest_route=\/wp\/v2\/media\/5399"}],"wp:attachment":[{"href":"https:\/\/mundo.seashell.pt\/index.php?rest_route=%2Fwp%2Fv2%2Fmedia&parent=5398"}],"wp:term":[{"taxonomy":"product_cat","embeddable":true,"href":"https:\/\/mundo.seashell.pt\/index.php?rest_route=%2Fwp%2Fv2%2Fproduct_cat&post=5398"},{"taxonomy":"product_tag","embeddable":true,"href":"https:\/\/mundo.seashell.pt\/index.php?rest_route=%2Fwp%2Fv2%2Fproduct_tag&post=5398"}],"curies":[{"name":"wp","href":"https:\/\/api.w.org\/{rel}","templated":true}]}}