{"id":5390,"date":"2022-02-23T11:26:30","date_gmt":"2022-02-23T11:26:30","guid":{"rendered":"https:\/\/mundo.seashell.pt\/?post_type=product&#038;p=5390"},"modified":"2022-02-23T11:26:32","modified_gmt":"2022-02-23T11:26:32","slug":"solux-super-auto-20kg","status":"publish","type":"product","link":"https:\/\/mundo.seashell.pt\/?product=solux-super-auto-20kg","title":{"rendered":"Desengordurante Solux Super Auto 20kg"},"content":{"rendered":"<p>Desengordurante alcalino\n<\/p>\n<p><strong><br \/><\/strong><\/p>\n<p><strong>PROPRIEDADES<br \/>\n<\/strong><\/p>\n<p>E\u0301 um produto li\u0301quido incolor, medianamente alcalino.<br \/>\nTem um forte poder detergente, que lhe confere propriedades<br \/>\ndesengordurantes difi\u0301ceis de conseguir com outros compostos.<br \/>\nDevido a\u0300s suas caracteri\u0301sticas e\u0301 um produto de uso bastante diverso,<br \/>\ncomo seja:\n<\/p>\n<p>Limpeza geral de instalac\u0327o\u0303es;<br \/>\nLimpeza de contentores;<br \/>\nLimpeza de carros e contentores do lixo.<br \/>\nDesengorduramentos diversos.<br \/>\nDecapante de ceras a frio.\n<\/p>\n<p>Composto por hidro\u0301xido de so\u0301dio, glico\u0301is e tensioactivos na\u0303o io\u0301nicos de<br \/>\nsuperfi\u0301cie.\n<\/p>\n<p><strong><br \/><\/strong><\/p>\n<p><strong>CONDIC\u0327O\u0303ES DE UTILIZAC\u0327A\u0303O<br \/>\n<\/strong><\/p>\n<p>Devido a\u0300 sua aplicac\u0327a\u0303o universal podera\u0301 usar concentrac\u0327o\u0303es que<br \/>\npodera\u0303o ir de 2 a 20 %.\n<\/p>\n<p><strong><br \/><\/strong><\/p>\n<p><strong>CARACTERISTICAS FISICO QUI\u0301MICAS<br \/>\n<\/strong><\/p>\n<p>Aspecto: Produto Li\u0301quido<br \/>\nCor: azul claro<br \/>\npH 14<br \/>\nBiodegrada\u0301vel, conforme regulamento (CE) No 648\/2004 Anexo II e III<\/p>\n","protected":false},"excerpt":{"rendered":"<p>APLICAC\u0327A\u0303O<br \/>\nDesengordurante alcalino<\/p>\n<p>PROPRIEDADES<\/p>\n<p>E\u0301 um produto li\u0301quido incolor, medianamente alcalino.<br \/>\nTem um forte poder detergente, que lhe confere propriedades<br \/>\ndesengordurantes difi\u0301ceis de conseguir com outros compostos.<br \/>\nDevido a\u0300s suas caracteri\u0301sticas e\u0301 um produto d&#8230;<\/p>\n","protected":false},"featured_media":5391,"template":"","meta":{"spay_email":""},"product_cat":[15],"product_tag":[],"class_list":{"0":"post-5390","1":"product","2":"type-product","3":"status-publish","4":"has-post-thumbnail","6":"product_cat-sem-categoria","8":"first","9":"instock","10":"taxable","11":"shipping-taxable","12":"purchasable","13":"product-type-simple"},"acf":[],"jetpack-related-posts":[{"id":5388,"url":"https:\/\/mundo.seashell.pt\/?product=solux-ds","url_meta":{"origin":5390,"position":0},"title":"Desengordurante Solux DS","date":"Fevereiro 23, 2022","format":false,"excerpt":"E\u0301 um produto li\u0301quido de cor verde claro, levemente aromatizado, medianamente alcalino.Tem um forte poder detergente, que lhe confere propriedades desengordurantes difi\u0301ceis de conseguir com outros compostos.","rel":"","context":"Similar post","img":{"alt_text":"","src":"https:\/\/i0.wp.com\/mundo.seashell.pt\/wp-content\/uploads\/2022\/02\/Solux_DS_PhotoRoom_20210402_103558.jpg?resize=350%2C200&ssl=1","width":350,"height":200},"classes":[]},{"id":5665,"url":"https:\/\/mundo.seashell.pt\/?product=stark-des-super-2l","url_meta":{"origin":5390,"position":1},"title":"Desengordurante Concentrado &#8211; Stark Des Super 2L","date":"Fevereiro 23, 2022","format":false,"excerpt":"Detergente desengordurante l\u00edquido alcalino com um excelente desempenho na remo\u00e7\u00e3o de gorduras, \u00f3leos e outro tipo de sujidades. Produto de elevada rentabilidade e economia em uso.","rel":"","context":"Similar post","img":{"alt_text":"","src":"","width":0,"height":0},"classes":[]},{"id":5929,"url":"https:\/\/mundo.seashell.pt\/?product=solim-pavitex-s-5kg","url_meta":{"origin":5390,"position":2},"title":"Solim Pavitex S 5Kg","date":"Fevereiro 23, 2022","format":false,"excerpt":"Detergente alcalino para limpeza de pavimentos.","rel":"","context":"Similar post","img":{"alt_text":"","src":"https:\/\/i0.wp.com\/mundo.seashell.pt\/wp-content\/uploads\/2022\/02\/Solim_PAVITEX_S_PhotoRoom_20210402_103628.jpg?resize=350%2C200&ssl=1","width":350,"height":200},"classes":[]},{"id":5657,"url":"https:\/\/mundo.seashell.pt\/?product=solim-fogoes-5kg","url_meta":{"origin":5390,"position":3},"title":"Desengordurante Alcalino &#8211; Solim Fog\u00f5es 5Kg","date":"Fevereiro 23, 2022","format":false,"excerpt":"Desengordurante l\u00edquido com elevada alcalinidade e poder molhante. Remove todas as gorduras, mesmo as caramelizadas.","rel":"","context":"Similar post","img":{"alt_text":"","src":"https:\/\/i0.wp.com\/mundo.seashell.pt\/wp-content\/uploads\/2022\/02\/Solim_Fogo_es_PhotoRoom_20210402_103025.jpg?resize=350%2C200&ssl=1","width":350,"height":200},"classes":[]},{"id":5659,"url":"https:\/\/mundo.seashell.pt\/?product=solim-d-forte-5kg","url_meta":{"origin":5390,"position":4},"title":"Desengordurante Alcalino &#8211; Solim D-Forte 5Kg","date":"Fevereiro 23, 2022","format":false,"excerpt":"Desengordurante l\u00edquido alcalino com um excelente desempenho na remo\u00e7\u00e3o de gorduras, \u00f3leos e outro tipo de sujidades em pl\u00e1sticos, borracha, cimento e pedra.","rel":"","context":"Similar post","img":{"alt_text":"","src":"https:\/\/i0.wp.com\/mundo.seashell.pt\/wp-content\/uploads\/2022\/02\/SOLIM_D-FORTE_PhotoRoom_20210402_103423.jpg?resize=350%2C200&ssl=1","width":350,"height":200},"classes":[]},{"id":5906,"url":"https:\/\/mundo.seashell.pt\/?product=fun-tira-gorduras-500ml","url_meta":{"origin":5390,"position":5},"title":"Fun Tira Gorduras  500ML","date":"Fevereiro 23, 2022","format":false,"excerpt":"Fun Tira Gorduras desengordurante l\u00edquido alcalino","rel":"","context":"Similar post","img":{"alt_text":"","src":"https:\/\/i0.wp.com\/mundo.seashell.pt\/wp-content\/uploads\/2022\/02\/FUN_TIRA_GORDURAS_PhotoRoom_20210402_103306.jpg?resize=350%2C200&ssl=1","width":350,"height":200},"classes":[]}],"_links":{"self":[{"href":"https:\/\/mundo.seashell.pt\/index.php?rest_route=\/wp\/v2\/product\/5390","targetHints":{"allow":["GET"]}}],"collection":[{"href":"https:\/\/mundo.seashell.pt\/index.php?rest_route=\/wp\/v2\/product"}],"about":[{"href":"https:\/\/mundo.seashell.pt\/index.php?rest_route=\/wp\/v2\/types\/product"}],"wp:featuredmedia":[{"embeddable":true,"href":"https:\/\/mundo.seashell.pt\/index.php?rest_route=\/wp\/v2\/media\/5391"}],"wp:attachment":[{"href":"https:\/\/mundo.seashell.pt\/index.php?rest_route=%2Fwp%2Fv2%2Fmedia&parent=5390"}],"wp:term":[{"taxonomy":"product_cat","embeddable":true,"href":"https:\/\/mundo.seashell.pt\/index.php?rest_route=%2Fwp%2Fv2%2Fproduct_cat&post=5390"},{"taxonomy":"product_tag","embeddable":true,"href":"https:\/\/mundo.seashell.pt\/index.php?rest_route=%2Fwp%2Fv2%2Fproduct_tag&post=5390"}],"curies":[{"name":"wp","href":"https:\/\/api.w.org\/{rel}","templated":true}]}}