{"id":5388,"date":"2022-02-23T11:26:26","date_gmt":"2022-02-23T11:26:26","guid":{"rendered":"https:\/\/mundo.seashell.pt\/?post_type=product&#038;p=5388"},"modified":"2022-02-23T11:26:30","modified_gmt":"2022-02-23T11:26:30","slug":"solux-ds","status":"publish","type":"product","link":"https:\/\/mundo.seashell.pt\/?product=solux-ds","title":{"rendered":"Desengordurante Solux DS"},"content":{"rendered":"<h3>Desengordurante alcalino Solux DS<br \/><\/h3>\n<p>E\u0301 um produto li\u0301quido de cor verde claro, levemente aromatizado,<br \/>\nmedianamente alcalino.<br \/>\nTem um forte poder detergente, que lhe confere propriedades<br \/>\ndesengordurantes difi\u0301ceis de conseguir com outros compostos.\n<\/p>\n<p>Devido a\u0300s suas caracteri\u0301sticas e\u0301 um produto de uso bastante diverso,<br \/>\ncomo seja:\n<\/p>\n<ul>\n<li>Limpeza geral de instalac\u0327o\u0303es;<\/li>\n<li>Limpeza de contentores;<\/li>\n<li>Limpeza de carros e contentores do lixo;<\/li>\n<li>Desengorduramentos diversos;<\/li>\n<li>Decapante de ceras a frio.\n<\/li>\n<\/ul>\n<p>Composto por hidro\u0301xido de so\u0301dio, glico\u0301is e tensioactivos na\u0303o io\u0301nicos de<br \/>\nsuperfi\u0301cie.\n<\/p>\n<p><strong>CONDIC\u0327O\u0303ES DE UTILIZAC\u0327A\u0303O<br \/>\n<\/strong><\/p>\n<p>Devido a\u0300 sua aplicac\u0327a\u0303o universal podera\u0301 usar concentrac\u0327o\u0303es que<br \/>\npodera\u0303o ir de 2 a 20 %.\n<\/p>\n<p><strong>CARACTERISTICAS FISICO QUI\u0301MICAS<br \/>\n<\/strong><\/p>\n<p>Aspecto: Produto Li\u0301quido<br \/>\nCor: verde claro<br \/>\npH&nbsp; 14<br \/>\nBiodegrada\u0301vel, conforme regulamento (CE) No 648\/2004 Anexo II e III<\/p>\n","protected":false},"excerpt":{"rendered":"<p>E\u0301 um produto li\u0301quido de cor verde claro, levemente aromatizado, medianamente alcalino.Tem um forte poder detergente, que lhe confere propriedades desengordurantes difi\u0301ceis de conseguir com outros compostos.<\/p>\n","protected":false},"featured_media":5389,"template":"","meta":{"spay_email":""},"product_cat":[15],"product_tag":[],"class_list":{"0":"post-5388","1":"product","2":"type-product","3":"status-publish","4":"has-post-thumbnail","6":"product_cat-sem-categoria","8":"first","9":"instock","10":"taxable","11":"shipping-taxable","12":"purchasable","13":"product-type-simple"},"acf":[],"jetpack-related-posts":[{"id":5390,"url":"https:\/\/mundo.seashell.pt\/?product=solux-super-auto-20kg","url_meta":{"origin":5388,"position":0},"title":"Desengordurante Solux Super Auto 20kg","date":"Fevereiro 23, 2022","format":false,"excerpt":"APLICAC\u0327A\u0303O Desengordurante alcalino PROPRIEDADES E\u0301 um produto li\u0301quido incolor, medianamente alcalino. Tem um forte poder detergente, que lhe confere propriedades desengordurantes difi\u0301ceis de conseguir com outros compostos. Devido a\u0300s suas caracteri\u0301sticas e\u0301 um produto d...","rel":"","context":"Similar post","img":{"alt_text":"","src":"https:\/\/i0.wp.com\/mundo.seashell.pt\/wp-content\/uploads\/2022\/02\/Solux_Super_Auto_PhotoRoom_20210402_103216.jpg?resize=350%2C200&ssl=1","width":350,"height":200},"classes":[]},{"id":5665,"url":"https:\/\/mundo.seashell.pt\/?product=stark-des-super-2l","url_meta":{"origin":5388,"position":1},"title":"Desengordurante Concentrado &#8211; Stark Des Super 2L","date":"Fevereiro 23, 2022","format":false,"excerpt":"Detergente desengordurante l\u00edquido alcalino com um excelente desempenho na remo\u00e7\u00e3o de gorduras, \u00f3leos e outro tipo de sujidades. Produto de elevada rentabilidade e economia em uso.","rel":"","context":"Similar post","img":{"alt_text":"","src":"","width":0,"height":0},"classes":[]},{"id":5931,"url":"https:\/\/mundo.seashell.pt\/?product=solux-d69-5kg","url_meta":{"origin":5388,"position":2},"title":"Desengordurante Solux D69","date":"Fevereiro 23, 2022","format":false,"excerpt":"Desengordurante Solux D69","rel":"","context":"Similar post","img":{"alt_text":"","src":"https:\/\/i0.wp.com\/mundo.seashell.pt\/wp-content\/uploads\/2022\/02\/SOLUX_D69_PhotoRoom_20210402_103513.jpg?resize=350%2C200&ssl=1","width":350,"height":200},"classes":[]},{"id":5614,"url":"https:\/\/mundo.seashell.pt\/?product=solux-limpa-jantes-20kg","url_meta":{"origin":5388,"position":3},"title":"Solux Limpa Jantes 20Kg","date":"Fevereiro 23, 2022","format":false,"excerpt":"O SOLUX\u00ae LIMPA JANTES \u00e9 um produto l\u00edquido, \u00e1cido e inodoro. Tem um bom poder desengordurante e, simultaneamente, permite uma desoxida\u00e7\u00e3o homog\u00e9nea de toda a superf\u00edcie a tratar.","rel":"","context":"Similar post","img":{"alt_text":"","src":"https:\/\/i0.wp.com\/mundo.seashell.pt\/wp-content\/uploads\/2022\/02\/SOLUX_LIMPA_JANTES_PhotoRoom_20210402_103056.jpg?resize=350%2C200&ssl=1","width":350,"height":200},"classes":[]},{"id":5929,"url":"https:\/\/mundo.seashell.pt\/?product=solim-pavitex-s-5kg","url_meta":{"origin":5388,"position":4},"title":"Solim Pavitex S 5Kg","date":"Fevereiro 23, 2022","format":false,"excerpt":"Detergente alcalino para limpeza de pavimentos.","rel":"","context":"Similar post","img":{"alt_text":"","src":"https:\/\/i0.wp.com\/mundo.seashell.pt\/wp-content\/uploads\/2022\/02\/Solim_PAVITEX_S_PhotoRoom_20210402_103628.jpg?resize=350%2C200&ssl=1","width":350,"height":200},"classes":[]},{"id":5663,"url":"https:\/\/mundo.seashell.pt\/?product=solux-dm-5kg","url_meta":{"origin":5388,"position":5},"title":"Desengordurante &#8211; Solux DM 5Kg","date":"Fevereiro 23, 2022","format":false,"excerpt":"Desengordurante industrial de aplica\u00e7\u00e3o universal para todos os tipos de ind\u00fastrias.","rel":"","context":"Similar post","img":{"alt_text":"","src":"https:\/\/i0.wp.com\/mundo.seashell.pt\/wp-content\/uploads\/2022\/02\/SOLUX_DM_PhotoRoom_20210402_103221.jpg?resize=350%2C200&ssl=1","width":350,"height":200},"classes":[]}],"_links":{"self":[{"href":"https:\/\/mundo.seashell.pt\/index.php?rest_route=\/wp\/v2\/product\/5388","targetHints":{"allow":["GET"]}}],"collection":[{"href":"https:\/\/mundo.seashell.pt\/index.php?rest_route=\/wp\/v2\/product"}],"about":[{"href":"https:\/\/mundo.seashell.pt\/index.php?rest_route=\/wp\/v2\/types\/product"}],"wp:featuredmedia":[{"embeddable":true,"href":"https:\/\/mundo.seashell.pt\/index.php?rest_route=\/wp\/v2\/media\/5389"}],"wp:attachment":[{"href":"https:\/\/mundo.seashell.pt\/index.php?rest_route=%2Fwp%2Fv2%2Fmedia&parent=5388"}],"wp:term":[{"taxonomy":"product_cat","embeddable":true,"href":"https:\/\/mundo.seashell.pt\/index.php?rest_route=%2Fwp%2Fv2%2Fproduct_cat&post=5388"},{"taxonomy":"product_tag","embeddable":true,"href":"https:\/\/mundo.seashell.pt\/index.php?rest_route=%2Fwp%2Fv2%2Fproduct_tag&post=5388"}],"curies":[{"name":"wp","href":"https:\/\/api.w.org\/{rel}","templated":true}]}}