{"id":5386,"date":"2022-02-23T11:26:10","date_gmt":"2022-02-23T11:26:10","guid":{"rendered":"https:\/\/mundo.seashell.pt\/?post_type=product&#038;p=5386"},"modified":"2022-02-23T11:26:12","modified_gmt":"2022-02-23T11:26:12","slug":"solux-massa-5l","status":"publish","type":"product","link":"https:\/\/mundo.seashell.pt\/?product=solux-massa-5l","title":{"rendered":"Solux Massa 5l"},"content":{"rendered":"<p><strong>APLICAC\u0327A\u0303O<br \/>\n<\/strong><\/p>\n<p>Massa com microesferas para a lavagem das ma\u0303os\n<\/p>\n<p><strong>PROPRIEDADES<br \/>\n<\/strong><\/p>\n<p>Massa de cor castanha indicada para a lavagem de ma\u0303os muito sujas,<br \/>\ncom um forte poder de desengorduramento. Confere a\u0300 pele um certo<br \/>\nreengorduramento, evitando a desidratac\u0327a\u0303o.\n<\/p>\n<p>+ Elevada Capacidade Desengordurante&nbsp;<br \/>+ Sem solventes na composic\u0327a\u0303o<br \/>\n+ Com agentes rehidratantes da pele<br \/>\n+ Perfume agrada\u0301vel<br \/>\n<br \/>+ Com casca de avela\u0303\n<\/p>\n<p><strong>CONDIC\u0327O\u0303ES DE UTILIZAC\u0327A\u0303O<br \/>\n<\/strong><\/p>\n<p>Colocar uma pequena porc\u0327a\u0303o nas ma\u0303os e esfregar ate\u0301 que a gordura e<br \/>\nsujidade se destaque da pele.<br \/>\nLavar em seguida com bastante a\u0301gua.<br \/>\nEm casos difi\u0301ceis repetir a operac\u0327a\u0303o.\n<\/p>\n<p><strong>CARACTERISTICAS FISICO QUI\u0301MICAS<br \/>\n<\/strong><\/p>\n<p>Aspeto: massa de castanha<br \/>\nPerfumada<\/p>\n","protected":false},"excerpt":{"rendered":"<p>APLICAC\u0327A\u0303O<\/p>\n<p>Massa com microesferas para a lavagem das ma\u0303os<\/p>\n<p>PROPRIEDADES<\/p>\n<p>Massa de cor castanha indicada para a lavagem de ma\u0303os muito sujas,<br \/>\ncom um forte poder de desengorduramento. Confere a\u0300 pele um certo<br \/>\nreengorduramento, evitando a desidratac\u0327a\u0303o.<\/p>\n<p>+ Elevada Capacidade Dese&#8230;<\/p>\n","protected":false},"featured_media":5387,"template":"","meta":{"spay_email":""},"product_cat":[15],"product_tag":[],"class_list":{"0":"post-5386","1":"product","2":"type-product","3":"status-publish","4":"has-post-thumbnail","6":"product_cat-sem-categoria","8":"first","9":"instock","10":"taxable","11":"shipping-taxable","12":"purchasable","13":"product-type-simple"},"acf":[],"jetpack-related-posts":[{"id":5798,"url":"https:\/\/mundo.seashell.pt\/?product=stark-tira-nodoas-10kg","url_meta":{"origin":5386,"position":0},"title":"Stark Tira N\u00f3doas 10Kg","date":"Fevereiro 23, 2022","format":false,"excerpt":"O STARK MASSA TIRA N\u00d3DOAS \u00e9 um produto especialmente indicado para a remo\u00e7\u00e3o de sujidades e n\u00f3doas dif\u00edceis em t\u00eaxteis antes da \ufefflavagem em m\u00e1quinas autom\u00e1ticas.","rel":"","context":"Similar post","img":{"alt_text":"","src":"https:\/\/i0.wp.com\/mundo.seashell.pt\/wp-content\/uploads\/2022\/02\/STARK_TIRA_NODOAS_PhotoRoom_20210402_103037.jpg?resize=350%2C200&ssl=1","width":350,"height":200},"classes":[]},{"id":5858,"url":"https:\/\/mundo.seashell.pt\/?product=fun-loica-concentrado-500ml-amarelo","url_meta":{"origin":5386,"position":1},"title":"Fun Loi\u00e7a Concentrado 500ML Amarelo","date":"Fevereiro 23, 2022","format":false,"excerpt":"Detergente l\u00edquido concentrado para lavagem manual de loi\u00e7a","rel":"","context":"Similar post","img":{"alt_text":"","src":"https:\/\/i0.wp.com\/mundo.seashell.pt\/wp-content\/uploads\/2022\/02\/Fun_Loic_a_Concentrado_Amarelo_1L_PhotoRoom_20210402_102935.jpg?resize=350%2C200&ssl=1","width":350,"height":200},"classes":[]},{"id":5644,"url":"https:\/\/mundo.seashell.pt\/?product=blowmy-dermo-espuma-5-lts","url_meta":{"origin":5386,"position":2},"title":"Sabonete M\u00e3os &#8211; Blowmy Dermo Espuma 5 Lts","date":"Fevereiro 23, 2022","format":false,"excerpt":"Sabonete Suave M\u00e3os\u00a0 Sabonete suave para as m\u00e3os de uso di\u00e1rio em espuma. PROPRIEDADESSabonete l\u00edquido perfumado, com um \u00f3timo comportamento na lavagem de m\u00e3os. F\u00f3rmula enriquecida com glicerina que proporciona uma agrad\u00e1vel sensa\u00e7\u00e3o de suavidade na pele ap\u00f3s a sua utiliza\u00e7\u00e3o. CONDI\u00c7\u00d5ES DE UTILIZA\u00c7\u00c3OPara a lavagem das m\u00e3os, aplicar uma\u2026","rel":"","context":"Similar post","img":{"alt_text":"","src":"","width":0,"height":0},"classes":[]},{"id":5852,"url":"https:\/\/mundo.seashell.pt\/?product=stark-loica-ultra-5l-loica-manual","url_meta":{"origin":5386,"position":3},"title":"Stark Loi\u00e7a Ultra 5L &#8211; Loi\u00e7a Manual","date":"Fevereiro 23, 2022","format":false,"excerpt":"Detergente l\u00edquido ultra concentrado para lavagem manual de loi\u00e7a","rel":"","context":"Similar post","img":{"alt_text":"","src":"https:\/\/i0.wp.com\/mundo.seashell.pt\/wp-content\/uploads\/2022\/02\/Stark_Loic_a_Ultra_PhotoRoom_20210402_103136.jpg?resize=350%2C200&ssl=1","width":350,"height":200},"classes":[]},{"id":5640,"url":"https:\/\/mundo.seashell.pt\/?product=blowmy-sabonete-cremoso-5-lts","url_meta":{"origin":5386,"position":4},"title":"Blowmy Sabonete L\u00edquido","date":"Fevereiro 23, 2022","format":false,"excerpt":"Sabonete l\u00edquido cremoso e perfumado, com um \u00f3timo comportamento na lavagem de m\u00e3os.","rel":"","context":"Similar post","img":{"alt_text":"","src":"https:\/\/i0.wp.com\/mundo.seashell.pt\/wp-content\/uploads\/2022\/02\/blowmy_sabonete_liquido.jpg?resize=350%2C200&ssl=1","width":350,"height":200},"classes":[]},{"id":5634,"url":"https:\/\/mundo.seashell.pt\/?product=blowmy-gel-de-banho-scented-750ml","url_meta":{"origin":5386,"position":5},"title":"Blowmy Gel de Banho 750ml","date":"Fevereiro 23, 2022","format":false,"excerpt":"Gel de banho cremoso e perfumado","rel":"","context":"Similar post","img":{"alt_text":"","src":"https:\/\/i0.wp.com\/mundo.seashell.pt\/wp-content\/uploads\/2022\/02\/blowmy_gel_de_banho_750ml.jpg?resize=350%2C200&ssl=1","width":350,"height":200},"classes":[]}],"_links":{"self":[{"href":"https:\/\/mundo.seashell.pt\/index.php?rest_route=\/wp\/v2\/product\/5386","targetHints":{"allow":["GET"]}}],"collection":[{"href":"https:\/\/mundo.seashell.pt\/index.php?rest_route=\/wp\/v2\/product"}],"about":[{"href":"https:\/\/mundo.seashell.pt\/index.php?rest_route=\/wp\/v2\/types\/product"}],"wp:featuredmedia":[{"embeddable":true,"href":"https:\/\/mundo.seashell.pt\/index.php?rest_route=\/wp\/v2\/media\/5387"}],"wp:attachment":[{"href":"https:\/\/mundo.seashell.pt\/index.php?rest_route=%2Fwp%2Fv2%2Fmedia&parent=5386"}],"wp:term":[{"taxonomy":"product_cat","embeddable":true,"href":"https:\/\/mundo.seashell.pt\/index.php?rest_route=%2Fwp%2Fv2%2Fproduct_cat&post=5386"},{"taxonomy":"product_tag","embeddable":true,"href":"https:\/\/mundo.seashell.pt\/index.php?rest_route=%2Fwp%2Fv2%2Fproduct_tag&post=5386"}],"curies":[{"name":"wp","href":"https:\/\/api.w.org\/{rel}","templated":true}]}}