{"id":5382,"date":"2022-02-23T11:26:06","date_gmt":"2022-02-23T11:26:06","guid":{"rendered":"https:\/\/mundo.seashell.pt\/?post_type=product&#038;p=5382"},"modified":"2022-02-23T11:26:08","modified_gmt":"2022-02-23T11:26:08","slug":"mr-fun-freeze-20-5l","status":"publish","type":"product","link":"https:\/\/mundo.seashell.pt\/?product=mr-fun-freeze-20-5l","title":{"rendered":"Anticongelante Mr Fun Freeze 20 5l"},"content":{"rendered":"<p>Anticongelante e anticorrosivo para circuitos de refrigerac\u0327a\u0303o \u2013 protecc\u0327a\u0303o<br \/>\nate\u0301 -11\u00baC\n<\/p>\n<p><\/p>\n<figure style=\"max-width: 103px; float: right; width: 103px; margin-left: 10px; margin-right: 10px;\"><img loading=\"lazy\" decoding=\"async\" src=\"https:\/\/jumpseller.s3.eu-west-1.amazonaws.com\/store\/mundo-limpo\/assets\/Captura_de_ecra__2021-03-13__a_s_11.13.40.png\" data-image=\"qohsvbkjwd87\" width=\"103\" height=\"98\" style=\"width: 103px; max-width: 103px; height: 98px;\"><\/figure>\n<p>O <strong>M<\/strong><strong>R <\/strong><strong>F<\/strong><strong>UN <\/strong><strong>F<\/strong><strong>REEZE <\/strong><strong>20 <\/strong>e\u0301 um fluido refrigerante fluorescente com<br \/>\npropriedades anticongelantes e com elevado poder de transfere\u0302ncia<br \/>\nte\u0301rmica, indicado para circuitos de transfere\u0302ncia de calor em vei\u0301culos<br \/>\nautomo\u0301veis.\n<\/p>\n<p>E\u0301 composto por agentes que permitem a protecc\u0327a\u0303o contra a corrosa\u0303o<br \/>\nem todo o tipo de materiais, nomeadamente ferro, alumi\u0301nio e outras<br \/>\nligas.\n<\/p>\n<p><strong><br \/><\/strong><\/p>\n<p><strong>CONDIC\u0327O\u0303ES DE UTILIZAC\u0327A\u0303O<br \/>\n<\/strong><\/p>\n<p>Colocar o produto directamente no radiador do carro.\n<\/p>\n<p><strong><br \/><\/strong><\/p>\n<p><strong>CARACTERISTICAS FISICO QUI\u0301MICAS<br \/>\n<\/strong><\/p>\n<p>Aspecto: Li\u0301quido&nbsp;<br \/>Cor: verde<br \/>\nOdor: caracteri\u0301stico<br \/><\/p>\n","protected":false},"excerpt":{"rendered":"<p>Anticongelante e anticorrosivo para circuitos de refrigerac\u0327a\u0303o \u2013 protecc\u0327a\u0303o ate\u0301 -11\u00baC<\/p>\n","protected":false},"featured_media":5383,"template":"","meta":{"spay_email":""},"product_cat":[15],"product_tag":[],"class_list":{"0":"post-5382","1":"product","2":"type-product","3":"status-publish","4":"has-post-thumbnail","6":"product_cat-sem-categoria","8":"first","9":"instock","10":"taxable","11":"shipping-taxable","12":"purchasable","13":"product-type-simple"},"acf":[],"jetpack-related-posts":[{"id":5380,"url":"https:\/\/mundo.seashell.pt\/?product=mr-fun-freeze-30-5l-1","url_meta":{"origin":5382,"position":0},"title":"Anticongelante Mr Fun Freeze 30 5l","date":"Fevereiro 23, 2022","format":false,"excerpt":"Anticongelante e anticorrosivo para circuitos de refrigerac\u0327a\u0303o \u2013 protecc\u0327a\u0303o ate\u0301 -18\u00baC","rel":"","context":"Similar post","img":{"alt_text":"","src":"https:\/\/i0.wp.com\/mundo.seashell.pt\/wp-content\/uploads\/2022\/02\/MR_FUN_FREEZE_30_PhotoRoom_20210402_103334.jpg?resize=350%2C200&ssl=1","width":350,"height":200},"classes":[]},{"id":5378,"url":"https:\/\/mundo.seashell.pt\/?product=mr-fun-freeze-10-5l","url_meta":{"origin":5382,"position":1},"title":"Anticongelante Mr Fun Freeze 10 5l","date":"Fevereiro 23, 2022","format":false,"excerpt":"Anticongelante e anticorrosivo para circuitos de refrigerac\u0327a\u0303o \u2013 protec\u0327a\u0303o ate\u0301 -5\u00baC","rel":"","context":"Similar post","img":{"alt_text":"","src":"https:\/\/i0.wp.com\/mundo.seashell.pt\/wp-content\/uploads\/2022\/02\/MR_FUN_FREEZE_10_PhotoRoom_20210402_103406.jpg?resize=350%2C200&ssl=1","width":350,"height":200},"classes":[]},{"id":5384,"url":"https:\/\/mundo.seashell.pt\/?product=solux-fripol-e100-5l","url_meta":{"origin":5382,"position":2},"title":"Anticongelante Solux Fripol E100 5l","date":"Fevereiro 23, 2022","format":false,"excerpt":"O Solux Fripol E100 e\u0301 um fluido refrigerante de cor verde com propriedades anticongelantes e com elevado poder de transfere\u0302ncia te\u0301rmica, indicado para circuitos de transfere\u0302ncia de calor em vei\u0301culos automo\u0301veis ou centrais de geotermia.","rel":"","context":"Similar post","img":{"alt_text":"","src":"https:\/\/i0.wp.com\/mundo.seashell.pt\/wp-content\/uploads\/2022\/02\/SOLUX_FRIPOL_E100_PhotoRoom_20210402_103639.jpg?resize=350%2C200&ssl=1","width":350,"height":200},"classes":[]},{"id":5394,"url":"https:\/\/mundo.seashell.pt\/?product=solux-auto-shine","url_meta":{"origin":5382,"position":3},"title":"Shampoo Solux Auto Shine","date":"Fevereiro 23, 2022","format":false,"excerpt":"APLICAC\u0327A\u0303O Shampoo com cera para lavagem exterior de viaturas PROPRIEDADES Shampoo neutro que devido a\u0300s suas caracteri\u0301sticas deixa uma protecc\u0327a\u0303o de cera acri\u0301lica nas viaturas, evitando a redeposic\u0327a\u0303o de poeiras que possam danificar. O produto na\u0303o e\u0301 agressivo para a pintura ou...","rel":"","context":"Similar post","img":{"alt_text":"","src":"https:\/\/i0.wp.com\/mundo.seashell.pt\/wp-content\/uploads\/2022\/02\/SOLUX_AUTO_SHINE_PhotoRoom_20210402_102945.jpg?resize=350%2C200&ssl=1","width":350,"height":200},"classes":[]},{"id":5612,"url":"https:\/\/mundo.seashell.pt\/?product=solux-pn-5l","url_meta":{"origin":5382,"position":4},"title":"Abrilhantador de Pneus &#8211; Solux PN &#8211; 5L","date":"Fevereiro 23, 2022","format":false,"excerpt":"L\u00edquido formulado para conferir elevado brilho e protec\u00e7\u00e3o de todas as superf\u00edcies de borracha, especialmente pneus.","rel":"","context":"Similar post","img":{"alt_text":"","src":"https:\/\/i0.wp.com\/mundo.seashell.pt\/wp-content\/uploads\/2022\/02\/SOLUX_PN_PhotoRoom_20210402_103142.jpg?resize=350%2C200&ssl=1","width":350,"height":200},"classes":[]},{"id":5663,"url":"https:\/\/mundo.seashell.pt\/?product=solux-dm-5kg","url_meta":{"origin":5382,"position":5},"title":"Desengordurante &#8211; Solux DM 5Kg","date":"Fevereiro 23, 2022","format":false,"excerpt":"Desengordurante industrial de aplica\u00e7\u00e3o universal para todos os tipos de ind\u00fastrias.","rel":"","context":"Similar post","img":{"alt_text":"","src":"https:\/\/i0.wp.com\/mundo.seashell.pt\/wp-content\/uploads\/2022\/02\/SOLUX_DM_PhotoRoom_20210402_103221.jpg?resize=350%2C200&ssl=1","width":350,"height":200},"classes":[]}],"_links":{"self":[{"href":"https:\/\/mundo.seashell.pt\/index.php?rest_route=\/wp\/v2\/product\/5382","targetHints":{"allow":["GET"]}}],"collection":[{"href":"https:\/\/mundo.seashell.pt\/index.php?rest_route=\/wp\/v2\/product"}],"about":[{"href":"https:\/\/mundo.seashell.pt\/index.php?rest_route=\/wp\/v2\/types\/product"}],"wp:featuredmedia":[{"embeddable":true,"href":"https:\/\/mundo.seashell.pt\/index.php?rest_route=\/wp\/v2\/media\/5383"}],"wp:attachment":[{"href":"https:\/\/mundo.seashell.pt\/index.php?rest_route=%2Fwp%2Fv2%2Fmedia&parent=5382"}],"wp:term":[{"taxonomy":"product_cat","embeddable":true,"href":"https:\/\/mundo.seashell.pt\/index.php?rest_route=%2Fwp%2Fv2%2Fproduct_cat&post=5382"},{"taxonomy":"product_tag","embeddable":true,"href":"https:\/\/mundo.seashell.pt\/index.php?rest_route=%2Fwp%2Fv2%2Fproduct_tag&post=5382"}],"curies":[{"name":"wp","href":"https:\/\/api.w.org\/{rel}","templated":true}]}}