{"id":5378,"date":"2022-02-23T11:26:00","date_gmt":"2022-02-23T11:26:00","guid":{"rendered":"https:\/\/mundo.seashell.pt\/?post_type=product&#038;p=5378"},"modified":"2022-02-23T11:26:02","modified_gmt":"2022-02-23T11:26:02","slug":"mr-fun-freeze-10-5l","status":"publish","type":"product","link":"https:\/\/mundo.seashell.pt\/?product=mr-fun-freeze-10-5l","title":{"rendered":"Anticongelante Mr Fun Freeze 10 5l"},"content":{"rendered":"<p>Anticongelante e anticorrosivo para circuitos de refrigerac\u0327a\u0303o \u2013 protec\u0327a\u0303o<br \/>\nate\u0301 -5\u00baC<br \/>\n<strong><br \/><\/strong><\/p>\n<figure style=\"max-width: 100px; float: right; width: 100px; margin-left: 10px; margin-right: 10px;\"><img loading=\"lazy\" decoding=\"async\" src=\"https:\/\/jumpseller.s3.eu-west-1.amazonaws.com\/store\/mundo-limpo\/assets\/Captura_de_ecra__2021-03-13__a_s_11.13.40.png\" data-image=\"o9xlxgb2uk5y\" width=\"100\" height=\"95\" style=\"width: 100px; max-width: 100px; height: 95px;\"><\/figure>\n<p>O <strong>M<\/strong><strong>R <\/strong><strong>F<\/strong><strong>UN <\/strong><strong>F<\/strong><strong>REEZE <\/strong><strong>10 <\/strong>e\u0301 um fluido refrigerante fluorescente com<br \/>\npropriedades anticongelantes e com elevado poder de transfere\u0302ncia<br \/>\nte\u0301rmica, indicado para circuitos de transfere\u0302ncia de calor em vei\u0301culos<br \/>\nautomo\u0301veis.\n<\/p>\n<p>E\u0301 composto por agentes que permitem a protecc\u0327a\u0303o contra a corrosa\u0303o<br \/>\nem todo o tipo de materiais, nomeadamente ferro, alumi\u0301nio e outras<br \/>\nligas.\n<\/p>\n<p><strong><br \/><\/strong><\/p>\n<p><strong>CONDIC\u0327O\u0303ES DE UTILIZAC\u0327A\u0303O<br \/>\n<\/strong><\/p>\n<p>Colocar o produto directamente no radiador do carro.\n<\/p>\n<p><strong><br \/><\/strong><\/p>\n<p><strong>CARACTERISTICAS FISICO QUI\u0301MICAS<br \/>\n<\/strong><\/p>\n<p>Aspecto: Li\u0301quido&nbsp;<\/p>\n<p>Cor: fluorescente&nbsp;<\/p>\n<p>Odor: caracteri\u0301stico<\/p>\n","protected":false},"excerpt":{"rendered":"<p>Anticongelante e anticorrosivo para circuitos de refrigerac\u0327a\u0303o \u2013 protec\u0327a\u0303o ate\u0301 -5\u00baC<\/p>\n","protected":false},"featured_media":5379,"template":"","meta":{"spay_email":""},"product_cat":[15],"product_tag":[],"class_list":{"0":"post-5378","1":"product","2":"type-product","3":"status-publish","4":"has-post-thumbnail","6":"product_cat-sem-categoria","8":"first","9":"instock","10":"taxable","11":"shipping-taxable","12":"purchasable","13":"product-type-simple"},"acf":[],"jetpack-related-posts":[{"id":5380,"url":"https:\/\/mundo.seashell.pt\/?product=mr-fun-freeze-30-5l-1","url_meta":{"origin":5378,"position":0},"title":"Anticongelante Mr Fun Freeze 30 5l","date":"Fevereiro 23, 2022","format":false,"excerpt":"Anticongelante e anticorrosivo para circuitos de refrigerac\u0327a\u0303o \u2013 protecc\u0327a\u0303o ate\u0301 -18\u00baC","rel":"","context":"Similar post","img":{"alt_text":"","src":"https:\/\/i0.wp.com\/mundo.seashell.pt\/wp-content\/uploads\/2022\/02\/MR_FUN_FREEZE_30_PhotoRoom_20210402_103334.jpg?resize=350%2C200&ssl=1","width":350,"height":200},"classes":[]},{"id":5382,"url":"https:\/\/mundo.seashell.pt\/?product=mr-fun-freeze-20-5l","url_meta":{"origin":5378,"position":1},"title":"Anticongelante Mr Fun Freeze 20 5l","date":"Fevereiro 23, 2022","format":false,"excerpt":"Anticongelante e anticorrosivo para circuitos de refrigerac\u0327a\u0303o \u2013 protecc\u0327a\u0303o ate\u0301 -11\u00baC","rel":"","context":"Similar post","img":{"alt_text":"","src":"https:\/\/i0.wp.com\/mundo.seashell.pt\/wp-content\/uploads\/2022\/02\/MR_FUN_FREEZE_20_PhotoRoom_20210402_102936.jpg?resize=350%2C200&ssl=1","width":350,"height":200},"classes":[]},{"id":5384,"url":"https:\/\/mundo.seashell.pt\/?product=solux-fripol-e100-5l","url_meta":{"origin":5378,"position":2},"title":"Anticongelante Solux Fripol E100 5l","date":"Fevereiro 23, 2022","format":false,"excerpt":"O Solux Fripol E100 e\u0301 um fluido refrigerante de cor verde com propriedades anticongelantes e com elevado poder de transfere\u0302ncia te\u0301rmica, indicado para circuitos de transfere\u0302ncia de calor em vei\u0301culos automo\u0301veis ou centrais de geotermia.","rel":"","context":"Similar post","img":{"alt_text":"","src":"https:\/\/i0.wp.com\/mundo.seashell.pt\/wp-content\/uploads\/2022\/02\/SOLUX_FRIPOL_E100_PhotoRoom_20210402_103639.jpg?resize=350%2C200&ssl=1","width":350,"height":200},"classes":[]},{"id":7100,"url":"https:\/\/mundo.seashell.pt\/?product=baygon-rastejantes-c-aplicador-400ml","url_meta":{"origin":5378,"position":3},"title":"Baygon Rastejantes c\/ Aplicador 400ml","date":"Fevereiro 23, 2022","format":false,"excerpt":"Proteja a sua fam\u00edlia. Aproveite cada momento.Descri\u00e7\u00e3o: Prote\u00e7\u00e3o cont\u00ednua contra baratas e formigas at\u00e9 4 semanas em superf\u00edcies n\u00e3o porosas. Conselhos de utiliza\u00e7\u00e3o: Agite bem antes de utilizar. Mantendo a embalagem na vertical, rode o aplicador na dire\u00e7\u00e3o pretendida da superf\u00edcie a tratar e pressione o atuad...","rel":"","context":"Similar post","img":{"alt_text":"","src":"https:\/\/i0.wp.com\/mundo.seashell.pt\/wp-content\/uploads\/2022\/02\/6883731-frente.jpeg?resize=350%2C200&ssl=1","width":350,"height":200},"classes":[]},{"id":5398,"url":"https:\/\/mundo.seashell.pt\/?product=mr-fun-shampoo-auto","url_meta":{"origin":5378,"position":4},"title":"Mr Fun Shampoo Auto","date":"Fevereiro 23, 2022","format":false,"excerpt":"Shampoo neutro, com grande capacidade desengordurante, adequadopara a lavagem manual do exterior de vei\u0301culos. Utiliza-se na lavagem manual de vei\u0301culos automo\u0301veis, ligeiros e pesados.","rel":"","context":"Similar post","img":{"alt_text":"","src":"https:\/\/i0.wp.com\/mundo.seashell.pt\/wp-content\/uploads\/2022\/02\/Mr_Fun_Shampoo_Auto_PhotoRoom_20210402_102956.jpg?resize=350%2C200&ssl=1","width":350,"height":200},"classes":[]},{"id":5392,"url":"https:\/\/mundo.seashell.pt\/?product=mr-fun-shine","url_meta":{"origin":5378,"position":5},"title":"Shampoo Auto Mr Fun Shine","date":"Fevereiro 23, 2022","format":false,"excerpt":"Shampoo neutro enriquecido com cera de carnau\u0301ba, para a lavagem manual do exterior de vei\u0301culos. Utiliza-se na lavagem manual de vei\u0301culos automo\u0301veis, ligeiros e pesados.","rel":"","context":"Similar post","img":{"alt_text":"","src":"https:\/\/i0.wp.com\/mundo.seashell.pt\/wp-content\/uploads\/2022\/02\/Mr_Fun_Shampoo_Shine_1L_PhotoRoom_20210402_103310.jpg?resize=350%2C200&ssl=1","width":350,"height":200},"classes":[]}],"_links":{"self":[{"href":"https:\/\/mundo.seashell.pt\/index.php?rest_route=\/wp\/v2\/product\/5378","targetHints":{"allow":["GET"]}}],"collection":[{"href":"https:\/\/mundo.seashell.pt\/index.php?rest_route=\/wp\/v2\/product"}],"about":[{"href":"https:\/\/mundo.seashell.pt\/index.php?rest_route=\/wp\/v2\/types\/product"}],"wp:featuredmedia":[{"embeddable":true,"href":"https:\/\/mundo.seashell.pt\/index.php?rest_route=\/wp\/v2\/media\/5379"}],"wp:attachment":[{"href":"https:\/\/mundo.seashell.pt\/index.php?rest_route=%2Fwp%2Fv2%2Fmedia&parent=5378"}],"wp:term":[{"taxonomy":"product_cat","embeddable":true,"href":"https:\/\/mundo.seashell.pt\/index.php?rest_route=%2Fwp%2Fv2%2Fproduct_cat&post=5378"},{"taxonomy":"product_tag","embeddable":true,"href":"https:\/\/mundo.seashell.pt\/index.php?rest_route=%2Fwp%2Fv2%2Fproduct_tag&post=5378"}],"curies":[{"name":"wp","href":"https:\/\/api.w.org\/{rel}","templated":true}]}}