{"id":5376,"date":"2022-02-23T11:25:58","date_gmt":"2022-02-23T11:25:58","guid":{"rendered":"https:\/\/mundo.seashell.pt\/?post_type=product&#038;p=5376"},"modified":"2022-02-23T11:26:00","modified_gmt":"2022-02-23T11:26:00","slug":"pom-off-season-pearls-1lt","status":"publish","type":"product","link":"https:\/\/mundo.seashell.pt\/?product=pom-off-season-pearls-1lt","title":{"rendered":"Pom Off-Season Pearls 1lt"},"content":{"rendered":"<h3>Gel desodorizante para o ambiente<\/p>\n<\/h3>\n<ul>\n<li>Fragr\u00e2ncia de longa dura\u00e7\u00e3o<\/li>\n<li>Fragr\u00e2ncia frutas vermelhas<\/li>\n<li>Tampa &#8220;child proof&#8221; (tampa de seguran\u00e7a &#8220;\u00e0 prova de crian\u00e7as&#8221;)<\/li>\n<\/ul>\n<p><\/p>\n<h4>Descri\u00e7\u00e3o<\/h4>\n<p>P\u00e9rolas em gel, perfumadas com aroma a frutas vermelhas. Deixa o ambiente agradavelmente perfumado.<\/p>\n<h4>Dilui\u00e7\u00e3o<\/h4>\n<p>Pronto para o uso.<\/p>\n<h4>Como usar<\/h4>\n<p>Rode no sentido anti-hor\u00e1rio a tampa do recipiente para libertar o perfume no ambiente. Rode no sentido hor\u00e1rio a tampa do recipiente para n\u00e3o libertar o perfume.<\/p>\n","protected":false},"excerpt":{"rendered":"<p>P\u00e9rolas em gel, perfumadas com aroma a frutas vermelhas. Deixa o ambiente agradavelmente perfumado.<\/p>\n","protected":false},"featured_media":5377,"template":"","meta":{"spay_email":""},"product_cat":[15],"product_tag":[],"class_list":{"0":"post-5376","1":"product","2":"type-product","3":"status-publish","4":"has-post-thumbnail","6":"product_cat-sem-categoria","8":"first","9":"instock","10":"taxable","11":"shipping-taxable","12":"purchasable","13":"product-type-simple"},"acf":[],"jetpack-related-posts":[{"id":5368,"url":"https:\/\/mundo.seashell.pt\/?product=pom-essence-500ml","url_meta":{"origin":5376,"position":0},"title":"Ess\u00eancia Desodorizante Pom Essence","date":"Fevereiro 23, 2022","format":false,"excerpt":"Descri\u00e7\u00e3o Gra\u00e7as \u00e0 sua fragr\u00e2ncia \"long lasting\" e \u00e0 sua alta concentra\u00e7\u00e3o, deixa no ambiente um perfume persistente que elimina odores desagrad\u00e1veis. Perfumes intensos e aveludados com notas florais frescas, tipicamente primaveris como espinheiro-branco, l\u00edrio do vale e variedade rosa ligeiramente frutada. Um ramo de flores harmonio...","rel":"","context":"Similar post","img":{"alt_text":"","src":"https:\/\/i0.wp.com\/mundo.seashell.pt\/wp-content\/uploads\/2022\/02\/PhotoRoom_20210325_131037.jpg?resize=350%2C200&ssl=1","width":350,"height":200},"classes":[]},{"id":6611,"url":"https:\/\/mundo.seashell.pt\/?product=lenor-unstoppable-perolas-fresh-210gr","url_meta":{"origin":5376,"position":1},"title":"Lenor Unstoppable P\u00e9rolas Fresh 210gr","date":"Fevereiro 23, 2022","format":false,"excerpt":"Dispon\u00edvel em diferentes fragr\u00e2ncias, Lenor Unstoppables d\u00e1 uma frescura \u00e0 sua roupa. Com a sua explos\u00e3o de perfume que perdura, as suas roupas v\u00e3o estar sempre prontas a ser usadas com o seu perfume favorito. Unstoppables Fresh tem um aroma de frutas c\u00edtricas e fruta fresca, envolvida em notas florais.\u2026","rel":"","context":"Similar post","img":{"alt_text":"","src":"https:\/\/i0.wp.com\/mundo.seashell.pt\/wp-content\/uploads\/2022\/02\/UNSTOPPABLES_LENOR_PE_ROLAS_FRESH_140G_8001841006680.png?resize=350%2C200&ssl=1","width":350,"height":200},"classes":[]},{"id":7028,"url":"https:\/\/mundo.seashell.pt\/?product=comfort-saquetas-perfumadas-para-armario-3un","url_meta":{"origin":5376,"position":2},"title":"Comfort Saquetas Perfumadas para Arm\u00e1rio 3un","date":"Fevereiro 23, 2022","format":false,"excerpt":"Com as saquetas perfumadas de Comfort, pode sentir durante mais tempo a fragr\u00e2ncia delicada e deliciosa dos amaciadores de roupa Comfort. Liberta gradualmente o seu aroma durante 6 semanas, para que a sua roupa fique maravilhosamente fresca como se tivesse sido acabada de lavar. Benef\u00edcios: - Fragr\u00e2ncia fresca e duradoura;...","rel":"","context":"Similar post","img":{"alt_text":"","src":"https:\/\/i0.wp.com\/mundo.seashell.pt\/wp-content\/uploads\/2022\/02\/COMFORT_SAQUETAS_PERFUMADAS_AZUL_-_3SAQ_5601068010953.jpeg?resize=350%2C200&ssl=1","width":350,"height":200},"classes":[]},{"id":6599,"url":"https:\/\/mundo.seashell.pt\/?product=vernel-amaciador-de-roupa-57-doses","url_meta":{"origin":5376,"position":3},"title":"Vernel Amaciador de Roupa 57 doses","date":"Fevereiro 23, 2022","format":false,"excerpt":"A gama de Vernel oferece amaciadores concentrados enriquecidos com refinados \u00f3leos relaxantes e aromas sedutores que proporcionam uma sensa\u00e7\u00e3o de bem-estar. Para al\u00e9m de deixar a roupa incrivelmente suave, a f\u00f3rmula de Frangipani Fascinante cont\u00e9m uma fragr\u00e2ncia \u00fanica que deixa a sua roupa perfumada at\u00e9 200 dias. Estimule os seus\u2026","rel":"","context":"Similar post","img":{"alt_text":"","src":"https:\/\/i0.wp.com\/mundo.seashell.pt\/wp-content\/uploads\/2022\/02\/VERNEL_AT_VIOLETA_57_1L31_8UD_57D_8410436283113.png?resize=350%2C200&ssl=1","width":350,"height":200},"classes":[]},{"id":5742,"url":"https:\/\/mundo.seashell.pt\/?product=soft-plus-5kg-lavandaria-automaticamanual","url_meta":{"origin":5376,"position":4},"title":"Amaciador Soft Plus &#8211; Lavandaria Autom\u00e1tica\/Manual","date":"Fevereiro 23, 2022","format":false,"excerpt":"Amaciador l\u00edquido para a lavagem de roupa","rel":"","context":"Similar post","img":{"alt_text":"","src":"https:\/\/i0.wp.com\/mundo.seashell.pt\/wp-content\/uploads\/2022\/02\/soft_plus.jpg?resize=350%2C200&ssl=1","width":350,"height":200},"classes":[]},{"id":7068,"url":"https:\/\/mundo.seashell.pt\/?product=pato-discos-ativos","url_meta":{"origin":5376,"position":5},"title":"Pato Discos Ativos","date":"Fevereiro 23, 2022","format":false,"excerpt":"Preocupado com os blocos sanit\u00e1rios tradicionais que acumulam germes? Pato\u00ae Discos Activos \u00e9 a solu\u00e7\u00e3o! Com uma f\u00f3rmula \u00e0 base de gel que adere \u00e0 sanita, os discos ativos impedem a forma\u00e7\u00e3o de manchas de calc\u00e1rio e focos de germes. Basta colar um disco para manter a sanita limpa e\u2026","rel":"","context":"Similar post","img":{"alt_text":"","src":"https:\/\/i0.wp.com\/mundo.seashell.pt\/wp-content\/uploads\/2022\/02\/4905310-frente.jpeg?resize=350%2C200&ssl=1","width":350,"height":200},"classes":[]}],"_links":{"self":[{"href":"https:\/\/mundo.seashell.pt\/index.php?rest_route=\/wp\/v2\/product\/5376","targetHints":{"allow":["GET"]}}],"collection":[{"href":"https:\/\/mundo.seashell.pt\/index.php?rest_route=\/wp\/v2\/product"}],"about":[{"href":"https:\/\/mundo.seashell.pt\/index.php?rest_route=\/wp\/v2\/types\/product"}],"wp:featuredmedia":[{"embeddable":true,"href":"https:\/\/mundo.seashell.pt\/index.php?rest_route=\/wp\/v2\/media\/5377"}],"wp:attachment":[{"href":"https:\/\/mundo.seashell.pt\/index.php?rest_route=%2Fwp%2Fv2%2Fmedia&parent=5376"}],"wp:term":[{"taxonomy":"product_cat","embeddable":true,"href":"https:\/\/mundo.seashell.pt\/index.php?rest_route=%2Fwp%2Fv2%2Fproduct_cat&post=5376"},{"taxonomy":"product_tag","embeddable":true,"href":"https:\/\/mundo.seashell.pt\/index.php?rest_route=%2Fwp%2Fv2%2Fproduct_tag&post=5376"}],"curies":[{"name":"wp","href":"https:\/\/api.w.org\/{rel}","templated":true}]}}