{"id":5370,"date":"2022-02-23T11:25:36","date_gmt":"2022-02-23T11:25:36","guid":{"rendered":"https:\/\/mundo.seashell.pt\/?post_type=product&#038;p=5370"},"modified":"2022-02-23T11:25:38","modified_gmt":"2022-02-23T11:25:38","slug":"pom-refreshing-500ml","status":"publish","type":"product","link":"https:\/\/mundo.seashell.pt\/?product=pom-refreshing-500ml","title":{"rendered":"Desodorizante Pom Refreshing 500ml"},"content":{"rendered":"<p><strong>REMOVE ODORES DESODORIZANTE&nbsp;<\/strong><\/p>\n<ul>\n<li>Neutraliza os maus cheiros&nbsp;<\/li>\n<li>Perfuma delicadamente&nbsp;<\/li>\n<li>Utiliz\u00e1vel tamb\u00e9m nos tecidos<\/li>\n<\/ul>\n<h4>Descri\u00e7\u00e3o<\/h4>\n<p>F\u00f3rmula activa que age sobre a causa dos maus cheiros, tais como: cheiro de fumo, cheiros da cozinha, gaiolas, camas para animais e odores org\u00e2nicos em geral.<\/p>\n<h4>Dilui\u00e7\u00e3o<\/h4>\n<p>Pronto para o uso.<\/p>\n<h4>Como usar<\/h4>\n<p>Vaporize diretamente sobre a fonte de mau cheiro. Deixe secar. Nos tecidos, humede\u00e7a evitando molhar a fundo.<\/p>\n","protected":false},"excerpt":{"rendered":"<p>F\u00f3rmula activa que age sobre a causa dos maus cheiros, tais como: cheiro de fumo, cheiros da cozinha, gaiolas, camas para animais e odores org\u00e2nicos em geral.<\/p>\n","protected":false},"featured_media":5371,"template":"","meta":{"spay_email":""},"product_cat":[15],"product_tag":[],"class_list":{"0":"post-5370","1":"product","2":"type-product","3":"status-publish","4":"has-post-thumbnail","6":"product_cat-sem-categoria","8":"first","9":"instock","10":"taxable","11":"shipping-taxable","12":"purchasable","13":"product-type-simple"},"acf":[],"jetpack-related-posts":[{"id":7188,"url":"https:\/\/mundo.seashell.pt\/?product=extra-total-det-liquido-80-doses","url_meta":{"origin":5370,"position":0},"title":"Extra total Det. L\u00edquido 80 Doses","date":"Fevereiro 23, 2022","format":false,"excerpt":"O Xtra Total em p\u00f3\u00a0oferece-lhe m\u00faltiplos benef\u00edcios num s\u00f3 detergente. A sua f\u00f3rmula penetra no interior das fibras eliminando as n\u00f3doas e dando brilho \u00e0 sua roupa. Para al\u00e9m disso, possui um efeito neutralizador de odores que funciona como \u00edman que atrai e anula os maus cheiros, proporcionando uma frescura\u2026","rel":"","context":"Similar post","img":{"alt_text":"","src":"https:\/\/i0.wp.com\/mundo.seashell.pt\/wp-content\/uploads\/2022\/02\/transferir__28_.jpeg?resize=350%2C200&ssl=1","width":350,"height":200},"classes":[]},{"id":6543,"url":"https:\/\/mundo.seashell.pt\/?product=x-tra-det-liquido-50-doses","url_meta":{"origin":5370,"position":1},"title":"Xtra Det. L\u00edquido 50 Doses","date":"Fevereiro 23, 2022","format":false,"excerpt":"O X-tra gel oferece-lhe m\u00faltiplos benef\u00edcios num s\u00f3 detergente. A sua f\u00f3rmula penetra no interior das fibras eliminando as n\u00f3doas e dando brilho \u00e0 sua roupa. Para al\u00e9m disso, possui um efeito neutralizador de odores que funciona como \u00edman que atrai e anula os maus cheiros, proporcionando uma frescura prolongada\u2026","rel":"","context":"Similar post","img":{"alt_text":"","src":"https:\/\/i0.wp.com\/mundo.seashell.pt\/wp-content\/uploads\/2022\/02\/XTRA_UNIVERSAL_GEL__P18___50D_8410436320184.png?resize=350%2C200&ssl=1","width":350,"height":200},"classes":[]},{"id":6287,"url":"https:\/\/mundo.seashell.pt\/?product=sanytol-gel-de-maos-desinfetante-250ml","url_meta":{"origin":5370,"position":2},"title":"Sanytol Gel de M\u00e3os Desinfetante 250ml","date":"Fevereiro 23, 2022","format":false,"excerpt":"Gel de M\u00e3os Higi\u00e9nico e Desinfetante que limpa eficazmente as m\u00e3os e elimina os maus odores sem necessidade de \u00e1gua. Cont\u00e9m ch\u00e1 verde natural, que hidrata e deixa as m\u00e3os suaves. Elaborado para minimizar o risco de alergias. Proteja as suas m\u00e3os das transmiss\u00f5es limpando-as imediatamente e neutralizando os cheiros.\u2026","rel":"","context":"Similar post","img":{"alt_text":"","src":"https:\/\/i0.wp.com\/mundo.seashell.pt\/wp-content\/uploads\/2022\/02\/SANYTOL_DESINFETANTE_MA_OS_250_ML_3045206503006.png?resize=350%2C200&ssl=1","width":350,"height":200},"classes":[]},{"id":6285,"url":"https:\/\/mundo.seashell.pt\/?product=sanytol-gel-de-maos-desinfetante-75ml","url_meta":{"origin":5370,"position":3},"title":"Sanytol Gel de M\u00e3os Desinfetante 75ml","date":"Fevereiro 23, 2022","format":false,"excerpt":"Mini Gel de M\u00e3os Higi\u00e9nico e Desinfetante que limpa eficazmente as m\u00e3os e elimina os maus odores sem necessidade de \u00e1gua. Cont\u00e9m ch\u00e1 verde natural, que hidrata e deixa as m\u00e3os suaves. Elaborado para minimizar o risco de alergias. Proteja as suas m\u00e3os das transmiss\u00f5es limpando-as imediatamente e neutralizando os\u2026","rel":"","context":"Similar post","img":{"alt_text":"","src":"https:\/\/i0.wp.com\/mundo.seashell.pt\/wp-content\/uploads\/2022\/02\/SANYTOL_DESINFETANTE_MA_OS_75_ML_3045206502009.png?resize=350%2C200&ssl=1","width":350,"height":200},"classes":[]},{"id":7212,"url":"https:\/\/mundo.seashell.pt\/?product=destop-gel-express-odor-stop-1l","url_meta":{"origin":5370,"position":4},"title":"Destop Gel Express Odor Stop 1L","date":"Fevereiro 23, 2022","format":false,"excerpt":"Destop Elimina Odores 1L Destop gel Express, desentupidor poderoso com soda c\u00e1ustica. Dissolve eficazmente as mat\u00e9rias org\u00e2nicas, como cabelos e gorduras, sem perigo para as suas canaliza\u00e7\u00f5es. Ataca diretamente o entupimento em 30 minutos. Benef\u00edcios: - Sem cheiro a amon\u00edaco;- Ataca diretamente o entupimento em 5 mi...","rel":"","context":"Similar post","img":{"alt_text":"","src":"https:\/\/i0.wp.com\/mundo.seashell.pt\/wp-content\/uploads\/2022\/02\/003075051.jpeg?resize=350%2C200&ssl=1","width":350,"height":200},"classes":[]},{"id":6515,"url":"https:\/\/mundo.seashell.pt\/?product=calgon-pastilhas-mll","url_meta":{"origin":5370,"position":5},"title":"Calgon Pastilhas MLL","date":"Fevereiro 23, 2022","format":false,"excerpt":"Calgon pastilhas 3 em 1 oferece uma prote\u00e7\u00e3o incr\u00edvel contra o calc\u00e1rio gra\u00e7as \u00e0 sua a\u00e7\u00e3o neutralizante, que ajuda a proteger todas as partes vitais da sua m\u00e1quina em contacto com a \u00e1gua. Tem ainda o benef\u00edcio adicional de ajudar a manter a sua m\u00e1quina limpa e sem odores, quando\u2026","rel":"","context":"Similar post","img":{"alt_text":"","src":"https:\/\/i0.wp.com\/mundo.seashell.pt\/wp-content\/uploads\/2022\/02\/6883710-frente.jpeg?resize=350%2C200&ssl=1","width":350,"height":200},"classes":[]}],"_links":{"self":[{"href":"https:\/\/mundo.seashell.pt\/index.php?rest_route=\/wp\/v2\/product\/5370","targetHints":{"allow":["GET"]}}],"collection":[{"href":"https:\/\/mundo.seashell.pt\/index.php?rest_route=\/wp\/v2\/product"}],"about":[{"href":"https:\/\/mundo.seashell.pt\/index.php?rest_route=\/wp\/v2\/types\/product"}],"wp:featuredmedia":[{"embeddable":true,"href":"https:\/\/mundo.seashell.pt\/index.php?rest_route=\/wp\/v2\/media\/5371"}],"wp:attachment":[{"href":"https:\/\/mundo.seashell.pt\/index.php?rest_route=%2Fwp%2Fv2%2Fmedia&parent=5370"}],"wp:term":[{"taxonomy":"product_cat","embeddable":true,"href":"https:\/\/mundo.seashell.pt\/index.php?rest_route=%2Fwp%2Fv2%2Fproduct_cat&post=5370"},{"taxonomy":"product_tag","embeddable":true,"href":"https:\/\/mundo.seashell.pt\/index.php?rest_route=%2Fwp%2Fv2%2Fproduct_tag&post=5370"}],"curies":[{"name":"wp","href":"https:\/\/api.w.org\/{rel}","templated":true}]}}